{"id":147,"date":"2024-04-28T14:11:58","date_gmt":"2024-04-28T12:11:58","guid":{"rendered":"https:\/\/art-bijoux.com\/?post_type=product&#038;p=147"},"modified":"2025-04-08T13:20:02","modified_gmt":"2025-04-08T11:20:02","slug":"pendentif-verre-tiffany-unique-cathedrale-orange-vermillon","status":"publish","type":"product","link":"https:\/\/art-bijoux.com\/en\/boutique\/pendentif-verre-tiffany-unique-cathedrale-orange-vermillon\/","title":{"rendered":"Symphonie d&#8217;Oranges &#8211; Pendentif en Verre Tiffany Unique &#8211; Verre Cath\u00e9drale Orange et Vermillon"},"content":{"rendered":"<figure id=\"attachment_144\" aria-describedby=\"caption-attachment-144\" style=\"width: 219px\" class=\"wp-caption alignleft\"><img fetchpriority=\"high\" decoding=\"async\" class=\"size-medium wp-image-144\" src=\"https:\/\/art-bijoux.com\/wp-content\/uploads\/2024\/04\/2-tons-orange-219x300.webp\" alt=\"Pendentif orange clair et vermillon 2 pi\u00e8ces Tiffany\" width=\"219\" height=\"300\" srcset=\"https:\/\/art-bijoux.com\/wp-content\/uploads\/2024\/04\/2-tons-orange-219x300.webp 219w, https:\/\/art-bijoux.com\/wp-content\/uploads\/2024\/04\/2-tons-orange-600x821.webp 600w, https:\/\/art-bijoux.com\/wp-content\/uploads\/2024\/04\/2-tons-orange-748x1024.webp 748w, https:\/\/art-bijoux.com\/wp-content\/uploads\/2024\/04\/2-tons-orange-768x1051.webp 768w, https:\/\/art-bijoux.com\/wp-content\/uploads\/2024\/04\/2-tons-orange-1122x1536.webp 1122w, https:\/\/art-bijoux.com\/wp-content\/uploads\/2024\/04\/2-tons-orange.webp 1403w\" sizes=\"(max-width: 219px) 100vw, 219px\" \/><figcaption id=\"caption-attachment-144\" class=\"wp-caption-text\">Pendentif en Verre Tiffany Unique &#8211; Verre Cath\u00e9drale Orange et Vermillon<\/figcaption><\/figure>\n<p>D\u00e9couvrez l&#8217;exquise beaut\u00e9 du pendentif en verre, une pi\u00e8ce d&#8217;artisanat sobre et color\u00e9e qui allie une \u00e9l\u00e9gance intemporelle \u00e0 l&#8217;un design ing\u00e9nieux : une fois recueillies, ces 2 pi\u00e8ces ont \u00e9t\u00e9 choisies parce qu&#8217;elles s&#8217;embo\u00eetaient parfaitement. Elles ont donc \u00e9t\u00e9 modifi\u00e9es un minimum afin de retrouver leur d\u00e9coupe originelle. Chaque bijou est une \u0153uvre d&#8217;art unique, m\u00e9ticuleusement fa\u00e7onn\u00e9e \u00e0 la main \u00e0 partir de chutes de vitraux r\u00e9utilis\u00e9es, affirmant notre engagement envers la durabilit\u00e9 et la cr\u00e9ativit\u00e9.<\/p>\n<p>Ce pendentif inhabituel se compose de deux pi\u00e8ces distinctes, fa\u00e7onn\u00e9es et meul\u00e9es avec pr\u00e9cision, puis habilement serties de cuivre et soud\u00e9es \u00e0 l&#8217;\u00e9tain. L&#8217;ensemble est ensuite patin\u00e9e en cuivre antique, ajoutant une touche de caract\u00e8re et de sophistication \u00e0 l&#8217;ensemble.<\/p>\n<p>La premi\u00e8re pi\u00e8ce, en verre cath\u00e9drale orange clair semi-transparent, prend la forme d&#8217;un triangle, tandis que la seconde, en verre orange vermillon transparent, pr\u00e9sente un bord ext\u00e9rieur arrondi, \u00e9voquant une \u00e9l\u00e9gance subtile. Ces nuances de couleur et de forme cr\u00e9ent un contraste saisissant sur un v\u00eatement clair ou fonc\u00e9 et une esth\u00e9tique dynamique.<\/p>\n<p>Un anneau argent\u00e9 discret permet de passer un collier, offrant polyvalence et facilit\u00e9 d&#8217;utilisation \u00e0 cette pi\u00e8ce remarquable. Chaque d\u00e9tail de ce pendentif refl\u00e8te l&#8217;expertise artisanale et l&#8217;amour du m\u00e9tier qui le caract\u00e9risent.<\/p>\n<p><strong>Caract\u00e9ristiques :<\/strong><\/p>\n<ul>\n<li>Mat\u00e9riel : Verre cath\u00e9drale, cuivre, \u00e9tain, patine<\/li>\n<li>Style : \u00c9l\u00e9gant, sophistiqu\u00e9, pi\u00e8ce unique<\/li>\n<li>Dimensions : hauteur : 5,6cm , largeur : 3cm<\/li>\n<\/ul>\n<p>Enrichissez votre collection de bijoux avec cette cr\u00e9ation exceptionnelle qui marie l&#8217;art, l&#8217;originalit\u00e9 et la durabilit\u00e9. Commandez d\u00e8s maintenant et laissez-vous s\u00e9duire par la magie du verre et de l&#8217;artisanat qui racontent une histoire \u00e0 chaque port.<\/p>\n","protected":false},"excerpt":{"rendered":"<p>Pendentif de 2 pi\u00e8ces orange et vermillon, forme de triangle aux bords arrondis, pointe vers le bas.<\/p>\n","protected":false},"featured_media":4945,"comment_status":"open","ping_status":"closed","template":"","meta":[],"product_brand":[],"product_cat":[28],"product_tag":[36,26,27],"class_list":{"0":"post-147","1":"product","2":"type-product","3":"status-publish","4":"has-post-thumbnail","6":"product_cat-pendentif-tiffany","7":"product_tag-verre-abstrait","8":"product_tag-pendentif-verre","9":"product_tag-tiffany-verre","10":"pa_bijou-pendentif","12":"first","13":"instock","14":"purchasable","15":"product-type-simple"},"yoast_head":"<!-- This site is optimized with the Yoast SEO plugin v27.4 - https:\/\/yoast.com\/product\/yoast-seo-wordpress\/ -->\n<title>Symphonie d&#039;Oranges - Pendentif en Verre Tiffany Unique - Verre Cath\u00e9drale Orange et Vermillon - art-bijoux<\/title>\n<meta name=\"description\" content=\"Pendentif en verre cath\u00e9drale orange et colorescent vermillon. Mont\u00e9 en Tiffany. Un anneau argent\u00e9 soud\u00e9 au sommet. Patine dans des tons cuivr\u00e9s.\" \/>\n<meta name=\"robots\" content=\"index, follow, max-snippet:-1, max-image-preview:large, max-video-preview:-1\" \/>\n<link rel=\"canonical\" href=\"https:\/\/art-bijoux.com\/boutique\/pendentif-verre-tiffany-unique-cathedrale-orange-vermillon\/\" \/>\n<meta property=\"og:locale\" content=\"en_US\" \/>\n<meta property=\"og:type\" content=\"article\" \/>\n<meta property=\"og:title\" content=\"Symphonie d&#039;Oranges - Pendentif en Verre Tiffany Unique - Verre Cath\u00e9drale Orange et Vermillon - art-bijoux\" \/>\n<meta property=\"og:description\" content=\"Pendentif en verre cath\u00e9drale orange et colorescent vermillon. Mont\u00e9 en Tiffany. Un anneau argent\u00e9 soud\u00e9 au sommet. Patine dans des tons cuivr\u00e9s.\" \/>\n<meta property=\"og:url\" content=\"https:\/\/art-bijoux.com\/boutique\/pendentif-verre-tiffany-unique-cathedrale-orange-vermillon\/\" \/>\n<meta property=\"og:site_name\" content=\"art-bijoux\" \/>\n<meta property=\"article:modified_time\" content=\"2025-04-08T11:20:02+00:00\" \/>\n<meta property=\"og:image\" content=\"https:\/\/art-bijoux.com\/wp-content\/uploads\/2024\/04\/Pendentif-geometrique-dent-2-orange.jpg\" \/>\n\t<meta property=\"og:image:width\" content=\"595\" \/>\n\t<meta property=\"og:image:height\" content=\"1035\" \/>\n\t<meta property=\"og:image:type\" content=\"image\/jpeg\" \/>\n<meta name=\"twitter:card\" content=\"summary_large_image\" \/>\n<meta name=\"twitter:label1\" content=\"Est. reading time\" \/>\n\t<meta name=\"twitter:data1\" content=\"2 minutes\" \/>\n<script type=\"application\/ld+json\" class=\"yoast-schema-graph\">{\"@context\":\"https:\\\/\\\/schema.org\",\"@graph\":[{\"@type\":\"WebPage\",\"@id\":\"https:\\\/\\\/art-bijoux.com\\\/boutique\\\/pendentif-verre-tiffany-unique-cathedrale-orange-vermillon\\\/\",\"url\":\"https:\\\/\\\/art-bijoux.com\\\/boutique\\\/pendentif-verre-tiffany-unique-cathedrale-orange-vermillon\\\/\",\"name\":\"Symphonie d'Oranges - Pendentif en Verre Tiffany Unique - Verre Cath\u00e9drale Orange et Vermillon - art-bijoux\",\"isPartOf\":{\"@id\":\"https:\\\/\\\/art-bijoux.com\\\/#website\"},\"primaryImageOfPage\":{\"@id\":\"https:\\\/\\\/art-bijoux.com\\\/boutique\\\/pendentif-verre-tiffany-unique-cathedrale-orange-vermillon\\\/#primaryimage\"},\"image\":{\"@id\":\"https:\\\/\\\/art-bijoux.com\\\/boutique\\\/pendentif-verre-tiffany-unique-cathedrale-orange-vermillon\\\/#primaryimage\"},\"thumbnailUrl\":\"https:\\\/\\\/art-bijoux.com\\\/wp-content\\\/uploads\\\/2024\\\/04\\\/Pendentif-geometrique-dent-2-orange.jpg\",\"datePublished\":\"2024-04-28T12:11:58+00:00\",\"dateModified\":\"2025-04-08T11:20:02+00:00\",\"description\":\"Pendentif en verre cath\u00e9drale orange et colorescent vermillon. Mont\u00e9 en Tiffany. Un anneau argent\u00e9 soud\u00e9 au sommet. Patine dans des tons cuivr\u00e9s.\",\"breadcrumb\":{\"@id\":\"https:\\\/\\\/art-bijoux.com\\\/boutique\\\/pendentif-verre-tiffany-unique-cathedrale-orange-vermillon\\\/#breadcrumb\"},\"inLanguage\":\"en-US\",\"potentialAction\":[{\"@type\":\"ReadAction\",\"target\":[\"https:\\\/\\\/art-bijoux.com\\\/boutique\\\/pendentif-verre-tiffany-unique-cathedrale-orange-vermillon\\\/\"]}]},{\"@type\":\"ImageObject\",\"inLanguage\":\"en-US\",\"@id\":\"https:\\\/\\\/art-bijoux.com\\\/boutique\\\/pendentif-verre-tiffany-unique-cathedrale-orange-vermillon\\\/#primaryimage\",\"url\":\"https:\\\/\\\/art-bijoux.com\\\/wp-content\\\/uploads\\\/2024\\\/04\\\/Pendentif-geometrique-dent-2-orange.jpg\",\"contentUrl\":\"https:\\\/\\\/art-bijoux.com\\\/wp-content\\\/uploads\\\/2024\\\/04\\\/Pendentif-geometrique-dent-2-orange.jpg\",\"width\":595,\"height\":1035,\"caption\":\"Pendentif g\u00e9om\u00e9trique dent orange\"},{\"@type\":\"BreadcrumbList\",\"@id\":\"https:\\\/\\\/art-bijoux.com\\\/boutique\\\/pendentif-verre-tiffany-unique-cathedrale-orange-vermillon\\\/#breadcrumb\",\"itemListElement\":[{\"@type\":\"ListItem\",\"position\":1,\"name\":\"Accueil\",\"item\":\"https:\\\/\\\/art-bijoux.com\\\/en\\\/home\\\/\"},{\"@type\":\"ListItem\",\"position\":2,\"name\":\"Shop\",\"item\":\"https:\\\/\\\/art-bijoux.com\\\/en\\\/shop\\\/\"},{\"@type\":\"ListItem\",\"position\":3,\"name\":\"Symphonie d&rsquo;Oranges &#8211; Pendentif en Verre Tiffany Unique &#8211; Verre Cath\u00e9drale Orange et Vermillon\"}]},{\"@type\":\"WebSite\",\"@id\":\"https:\\\/\\\/art-bijoux.com\\\/#website\",\"url\":\"https:\\\/\\\/art-bijoux.com\\\/\",\"name\":\"art-bijoux\",\"description\":\"Osez porter \\\/ offrir un vitrail unique \u00e0 prix abordable\",\"publisher\":{\"@id\":\"https:\\\/\\\/art-bijoux.com\\\/#organization\"},\"potentialAction\":[{\"@type\":\"SearchAction\",\"target\":{\"@type\":\"EntryPoint\",\"urlTemplate\":\"https:\\\/\\\/art-bijoux.com\\\/?s={search_term_string}\"},\"query-input\":{\"@type\":\"PropertyValueSpecification\",\"valueRequired\":true,\"valueName\":\"search_term_string\"}}],\"inLanguage\":\"en-US\"},{\"@type\":\"Organization\",\"@id\":\"https:\\\/\\\/art-bijoux.com\\\/#organization\",\"name\":\"art-bijoux\",\"url\":\"https:\\\/\\\/art-bijoux.com\\\/\",\"logo\":{\"@type\":\"ImageObject\",\"inLanguage\":\"en-US\",\"@id\":\"https:\\\/\\\/art-bijoux.com\\\/#\\\/schema\\\/logo\\\/image\\\/\",\"url\":\"https:\\\/\\\/art-bijoux.com\\\/wp-content\\\/uploads\\\/2024\\\/06\\\/Art-Bijoux-Logo-Small.png\",\"contentUrl\":\"https:\\\/\\\/art-bijoux.com\\\/wp-content\\\/uploads\\\/2024\\\/06\\\/Art-Bijoux-Logo-Small.png\",\"width\":722,\"height\":137,\"caption\":\"art-bijoux\"},\"image\":{\"@id\":\"https:\\\/\\\/art-bijoux.com\\\/#\\\/schema\\\/logo\\\/image\\\/\"}}]}<\/script>\n<!-- \/ Yoast SEO plugin. -->","yoast_head_json":{"title":"Symphonie d'Oranges - Pendentif en Verre Tiffany Unique - Verre Cath\u00e9drale Orange et Vermillon - art-bijoux","description":"Pendentif en verre cath\u00e9drale orange et colorescent vermillon. Mont\u00e9 en Tiffany. Un anneau argent\u00e9 soud\u00e9 au sommet. Patine dans des tons cuivr\u00e9s.","robots":{"index":"index","follow":"follow","max-snippet":"max-snippet:-1","max-image-preview":"max-image-preview:large","max-video-preview":"max-video-preview:-1"},"canonical":"https:\/\/art-bijoux.com\/boutique\/pendentif-verre-tiffany-unique-cathedrale-orange-vermillon\/","og_locale":"en_US","og_type":"article","og_title":"Symphonie d'Oranges - Pendentif en Verre Tiffany Unique - Verre Cath\u00e9drale Orange et Vermillon - art-bijoux","og_description":"Pendentif en verre cath\u00e9drale orange et colorescent vermillon. Mont\u00e9 en Tiffany. Un anneau argent\u00e9 soud\u00e9 au sommet. Patine dans des tons cuivr\u00e9s.","og_url":"https:\/\/art-bijoux.com\/boutique\/pendentif-verre-tiffany-unique-cathedrale-orange-vermillon\/","og_site_name":"art-bijoux","article_modified_time":"2025-04-08T11:20:02+00:00","og_image":[{"width":595,"height":1035,"url":"https:\/\/art-bijoux.com\/wp-content\/uploads\/2024\/04\/Pendentif-geometrique-dent-2-orange.jpg","type":"image\/jpeg"}],"twitter_card":"summary_large_image","twitter_misc":{"Est. reading time":"2 minutes"},"schema":{"@context":"https:\/\/schema.org","@graph":[{"@type":"WebPage","@id":"https:\/\/art-bijoux.com\/boutique\/pendentif-verre-tiffany-unique-cathedrale-orange-vermillon\/","url":"https:\/\/art-bijoux.com\/boutique\/pendentif-verre-tiffany-unique-cathedrale-orange-vermillon\/","name":"Symphonie d'Oranges - Pendentif en Verre Tiffany Unique - Verre Cath\u00e9drale Orange et Vermillon - art-bijoux","isPartOf":{"@id":"https:\/\/art-bijoux.com\/#website"},"primaryImageOfPage":{"@id":"https:\/\/art-bijoux.com\/boutique\/pendentif-verre-tiffany-unique-cathedrale-orange-vermillon\/#primaryimage"},"image":{"@id":"https:\/\/art-bijoux.com\/boutique\/pendentif-verre-tiffany-unique-cathedrale-orange-vermillon\/#primaryimage"},"thumbnailUrl":"https:\/\/art-bijoux.com\/wp-content\/uploads\/2024\/04\/Pendentif-geometrique-dent-2-orange.jpg","datePublished":"2024-04-28T12:11:58+00:00","dateModified":"2025-04-08T11:20:02+00:00","description":"Pendentif en verre cath\u00e9drale orange et colorescent vermillon. Mont\u00e9 en Tiffany. Un anneau argent\u00e9 soud\u00e9 au sommet. Patine dans des tons cuivr\u00e9s.","breadcrumb":{"@id":"https:\/\/art-bijoux.com\/boutique\/pendentif-verre-tiffany-unique-cathedrale-orange-vermillon\/#breadcrumb"},"inLanguage":"en-US","potentialAction":[{"@type":"ReadAction","target":["https:\/\/art-bijoux.com\/boutique\/pendentif-verre-tiffany-unique-cathedrale-orange-vermillon\/"]}]},{"@type":"ImageObject","inLanguage":"en-US","@id":"https:\/\/art-bijoux.com\/boutique\/pendentif-verre-tiffany-unique-cathedrale-orange-vermillon\/#primaryimage","url":"https:\/\/art-bijoux.com\/wp-content\/uploads\/2024\/04\/Pendentif-geometrique-dent-2-orange.jpg","contentUrl":"https:\/\/art-bijoux.com\/wp-content\/uploads\/2024\/04\/Pendentif-geometrique-dent-2-orange.jpg","width":595,"height":1035,"caption":"Pendentif g\u00e9om\u00e9trique dent orange"},{"@type":"BreadcrumbList","@id":"https:\/\/art-bijoux.com\/boutique\/pendentif-verre-tiffany-unique-cathedrale-orange-vermillon\/#breadcrumb","itemListElement":[{"@type":"ListItem","position":1,"name":"Accueil","item":"https:\/\/art-bijoux.com\/en\/home\/"},{"@type":"ListItem","position":2,"name":"Shop","item":"https:\/\/art-bijoux.com\/en\/shop\/"},{"@type":"ListItem","position":3,"name":"Symphonie d&rsquo;Oranges &#8211; Pendentif en Verre Tiffany Unique &#8211; Verre Cath\u00e9drale Orange et Vermillon"}]},{"@type":"WebSite","@id":"https:\/\/art-bijoux.com\/#website","url":"https:\/\/art-bijoux.com\/","name":"art-bijoux","description":"Osez porter \/ offrir un vitrail unique \u00e0 prix abordable","publisher":{"@id":"https:\/\/art-bijoux.com\/#organization"},"potentialAction":[{"@type":"SearchAction","target":{"@type":"EntryPoint","urlTemplate":"https:\/\/art-bijoux.com\/?s={search_term_string}"},"query-input":{"@type":"PropertyValueSpecification","valueRequired":true,"valueName":"search_term_string"}}],"inLanguage":"en-US"},{"@type":"Organization","@id":"https:\/\/art-bijoux.com\/#organization","name":"art-bijoux","url":"https:\/\/art-bijoux.com\/","logo":{"@type":"ImageObject","inLanguage":"en-US","@id":"https:\/\/art-bijoux.com\/#\/schema\/logo\/image\/","url":"https:\/\/art-bijoux.com\/wp-content\/uploads\/2024\/06\/Art-Bijoux-Logo-Small.png","contentUrl":"https:\/\/art-bijoux.com\/wp-content\/uploads\/2024\/06\/Art-Bijoux-Logo-Small.png","width":722,"height":137,"caption":"art-bijoux"},"image":{"@id":"https:\/\/art-bijoux.com\/#\/schema\/logo\/image\/"}}]}},"_links":{"self":[{"href":"https:\/\/art-bijoux.com\/en\/wp-json\/wp\/v2\/product\/147","targetHints":{"allow":["GET"]}}],"collection":[{"href":"https:\/\/art-bijoux.com\/en\/wp-json\/wp\/v2\/product"}],"about":[{"href":"https:\/\/art-bijoux.com\/en\/wp-json\/wp\/v2\/types\/product"}],"replies":[{"embeddable":true,"href":"https:\/\/art-bijoux.com\/en\/wp-json\/wp\/v2\/comments?post=147"}],"version-history":[{"count":1,"href":"https:\/\/art-bijoux.com\/en\/wp-json\/wp\/v2\/product\/147\/revisions"}],"predecessor-version":[{"id":149,"href":"https:\/\/art-bijoux.com\/en\/wp-json\/wp\/v2\/product\/147\/revisions\/149"}],"wp:featuredmedia":[{"embeddable":true,"href":"https:\/\/art-bijoux.com\/en\/wp-json\/wp\/v2\/media\/4945"}],"wp:attachment":[{"href":"https:\/\/art-bijoux.com\/en\/wp-json\/wp\/v2\/media?parent=147"}],"wp:term":[{"taxonomy":"product_brand","embeddable":true,"href":"https:\/\/art-bijoux.com\/en\/wp-json\/wp\/v2\/product_brand?post=147"},{"taxonomy":"product_cat","embeddable":true,"href":"https:\/\/art-bijoux.com\/en\/wp-json\/wp\/v2\/product_cat?post=147"},{"taxonomy":"product_tag","embeddable":true,"href":"https:\/\/art-bijoux.com\/en\/wp-json\/wp\/v2\/product_tag?post=147"}],"curies":[{"name":"wp","href":"https:\/\/api.w.org\/{rel}","templated":true}]}}