{"id":1886,"date":"2024-05-13T11:43:31","date_gmt":"2024-05-13T09:43:31","guid":{"rendered":"https:\/\/art-bijoux.com\/?post_type=product&#038;p=1886"},"modified":"2024-05-13T15:16:48","modified_gmt":"2024-05-13T13:16:48","slug":"pendentif-en-fusing-millefiori-eclats-de-couleur-inspires-de-lart-de-murano","status":"publish","type":"product","link":"https:\/\/art-bijoux.com\/en\/boutique\/pendentif-en-fusing-millefiori-eclats-de-couleur-inspires-de-lart-de-murano\/","title":{"rendered":"Pendentif en Fusing Millefiori &#8211; \u00c9clats de Couleur Inspir\u00e9s de l&#8217;Art de Murano"},"content":{"rendered":"<figure id=\"attachment_1830\" aria-describedby=\"caption-attachment-1830\" style=\"width: 287px\" class=\"wp-caption alignleft\"><img fetchpriority=\"high\" decoding=\"async\" class=\"size-medium wp-image-1830\" src=\"https:\/\/art-bijoux.com\/wp-content\/uploads\/2024\/05\/Millefioris-2-fleurs-vertes-287x300.webp\" alt=\"Pendentif fusing compos\u00e9 de 2 millefioris verts et blancs fondus sur un trap\u00e8ze de verre orange transparent, mont\u00e9 en Tiffany avec une b\u00e9li\u00e8re argent\u00e9 soud\u00e9e \u00e0 l'arri\u00e8re\" width=\"287\" height=\"300\" srcset=\"https:\/\/art-bijoux.com\/wp-content\/uploads\/2024\/05\/Millefioris-2-fleurs-vertes-287x300.webp 287w, https:\/\/art-bijoux.com\/wp-content\/uploads\/2024\/05\/Millefioris-2-fleurs-vertes-979x1024.webp 979w, https:\/\/art-bijoux.com\/wp-content\/uploads\/2024\/05\/Millefioris-2-fleurs-vertes-768x803.webp 768w, https:\/\/art-bijoux.com\/wp-content\/uploads\/2024\/05\/Millefioris-2-fleurs-vertes-1469x1536.webp 1469w, https:\/\/art-bijoux.com\/wp-content\/uploads\/2024\/05\/Millefioris-2-fleurs-vertes-600x627.webp 600w, https:\/\/art-bijoux.com\/wp-content\/uploads\/2024\/05\/Millefioris-2-fleurs-vertes.webp 1836w\" sizes=\"(max-width: 287px) 100vw, 287px\" \/><figcaption id=\"caption-attachment-1830\" class=\"wp-caption-text\">Pendentif fusing compos\u00e9 de 2 millefioris verts et blancs fondus sur un trap\u00e8ze de verre orange transparent, mont\u00e9 en Tiffany avec une b\u00e9li\u00e8re argent\u00e9 soud\u00e9e \u00e0 l&#8217;arri\u00e8re<\/figcaption><\/figure>\n<p>Plongez dans un tourbillon de couleurs vives et de motifs enchanteurs avec ce pendentif en fusing millefiori. Petite \u0153uvre d&#8217;art en verre, il est compos\u00e9 de couches de verre fondu qui capturent la beaut\u00e9 et l&#8217;essence des millefioris, ces motifs floraux \u00e9labor\u00e9s inspir\u00e9s des c\u00e9l\u00e8bres verres de Murano en Italie.<\/p>\n<p>Je fabrique chaque pendentif m\u00e9ticuleusement \u00e0 la main, garantissant une qualit\u00e9 exceptionnelle et une attention aux d\u00e9tails impeccable. Les fleurs de verre millefioris sont soigneusement dispos\u00e9s et fondus sur un fond de verre orange transparent, qui laisse appara\u00eetre la b\u00e9li\u00e8re solidement soud\u00e9e \u00e0 l&#8217;arri\u00e8re, cr\u00e9ant des motifs floraux dynamiques et color\u00e9s qui captivent l&#8217;imagination.<\/p>\n<p>Ce pendentif, unique en son genre, dispose d&#8217;une combinaison unique de couleurs, de motifs et de formes qui le distingue des autres. Petites \u0153uvres d&#8217;art \u00e0 emporter avec vous, pour ajouter une touche de couleur et de fantaisie \u00e0 votre tenue quotidienne.<\/p>\n<p>Les pendentifs en fusing millefiori sont polyvalents et peuvent \u00eatre port\u00e9s seuls pour une touche de couleur subtile ou associ\u00e9s \u00e0 d&#8217;autres pendentifs pour cr\u00e9er un look personnalis\u00e9 et audacieux.<\/p>\n<p>Explorez notre collection de pendentifs en fusing millefiori et laissez-vous s\u00e9duire par la beaut\u00e9 vibrante et la vivacit\u00e9 de ces petites merveilles en verre. Ajoutez une touche de l&#8217;art artisanal de Murano \u00e0 votre style personnel et laissez votre individualit\u00e9 briller.<\/p>\n<p><strong>Caract\u00e9ristiques :<\/strong><\/p>\n<ul>\n<li>Mat\u00e9riau : Verre fondu (Fusing), cuivre, \u00e9tain, m\u00e9tal argent\u00e9<\/li>\n<li>Style : Millefiori<\/li>\n<li>Couleurs : Vari\u00e9es et dynamiques<\/li>\n<li>Motifs : Fleurs et motifs floraux<\/li>\n<li>Formes : Vari\u00e9es et uniques<\/li>\n<li>Fixation : B\u00e9li\u00e8re en m\u00e9tal argent\u00e9<\/li>\n<\/ul>\n<p>\u00c9levez votre style avec nos pendentifs en fusing millefiori et laissez-vous emporter par la magie des motifs floraux color\u00e9s inspir\u00e9s de l&#8217;art de Murano. Commandez d\u00e8s maintenant et ajoutez une touche de fantaisie \u00e0 votre collection de bijoux !<\/p>\n","protected":false},"excerpt":{"rendered":"<p>Pendentif fusing compos\u00e9 de 2 millefioris verts et blancs fondus sur un trap\u00e8ze de verre orange transparent, mont\u00e9 en Tiffany avec une b\u00e9li\u00e8re argent\u00e9 soud\u00e9e \u00e0 l&#8217;arri\u00e8re<\/p>\n","protected":false},"featured_media":1830,"comment_status":"open","ping_status":"closed","template":"","meta":[],"product_brand":[],"product_cat":[181,28],"product_tag":[38,65,26,27],"class_list":{"0":"post-1886","1":"product","2":"type-product","3":"status-publish","4":"has-post-thumbnail","6":"product_cat-pendentif-millefioris","7":"product_cat-pendentif-tiffany","8":"product_tag-fleur-soie-metal","9":"product_tag-millefiori-verre","10":"product_tag-pendentif-verre","11":"product_tag-tiffany-verre","12":"pa_bijou-pendentif","14":"first","15":"instock","16":"purchasable","17":"product-type-simple"},"_links":{"self":[{"href":"https:\/\/art-bijoux.com\/en\/wp-json\/wp\/v2\/product\/1886","targetHints":{"allow":["GET"]}}],"collection":[{"href":"https:\/\/art-bijoux.com\/en\/wp-json\/wp\/v2\/product"}],"about":[{"href":"https:\/\/art-bijoux.com\/en\/wp-json\/wp\/v2\/types\/product"}],"replies":[{"embeddable":true,"href":"https:\/\/art-bijoux.com\/en\/wp-json\/wp\/v2\/comments?post=1886"}],"version-history":[{"count":1,"href":"https:\/\/art-bijoux.com\/en\/wp-json\/wp\/v2\/product\/1886\/revisions"}],"predecessor-version":[{"id":1887,"href":"https:\/\/art-bijoux.com\/en\/wp-json\/wp\/v2\/product\/1886\/revisions\/1887"}],"wp:featuredmedia":[{"embeddable":true,"href":"https:\/\/art-bijoux.com\/en\/wp-json\/wp\/v2\/media\/1830"}],"wp:attachment":[{"href":"https:\/\/art-bijoux.com\/en\/wp-json\/wp\/v2\/media?parent=1886"}],"wp:term":[{"taxonomy":"product_brand","embeddable":true,"href":"https:\/\/art-bijoux.com\/en\/wp-json\/wp\/v2\/product_brand?post=1886"},{"taxonomy":"product_cat","embeddable":true,"href":"https:\/\/art-bijoux.com\/en\/wp-json\/wp\/v2\/product_cat?post=1886"},{"taxonomy":"product_tag","embeddable":true,"href":"https:\/\/art-bijoux.com\/en\/wp-json\/wp\/v2\/product_tag?post=1886"}],"curies":[{"name":"wp","href":"https:\/\/api.w.org\/{rel}","templated":true}]}}