{"id":1888,"date":"2024-05-13T12:34:01","date_gmt":"2024-05-13T10:34:01","guid":{"rendered":"https:\/\/art-bijoux.com\/?post_type=product&#038;p=1888"},"modified":"2024-05-22T17:29:39","modified_gmt":"2024-05-22T15:29:39","slug":"pendentif-trapeze-4-millefioris-vert-et-blanc-sur-fond-orange","status":"publish","type":"product","link":"https:\/\/art-bijoux.com\/en\/boutique\/pendentif-trapeze-4-millefioris-vert-et-blanc-sur-fond-orange\/","title":{"rendered":"Pendentif Trap\u00e8ze 4 Millefioris Vert et Blanc sur Fond Orange"},"content":{"rendered":"<figure id=\"attachment_1829\" aria-describedby=\"caption-attachment-1829\" style=\"width: 300px\" class=\"wp-caption alignleft\"><img fetchpriority=\"high\" decoding=\"async\" class=\"size-medium wp-image-1829\" src=\"https:\/\/art-bijoux.com\/wp-content\/uploads\/2024\/05\/Millefioris-2-fleurs-blanches-300x300.webp\" alt=\"Pendentif 4 millefioris vert et blanc sur fond orange transparent. 2 pi\u00e8ces soud\u00e9es selon la technique Tiffany\" width=\"300\" height=\"300\" srcset=\"https:\/\/art-bijoux.com\/wp-content\/uploads\/2024\/05\/Millefioris-2-fleurs-blanches-300x300.webp 300w, https:\/\/art-bijoux.com\/wp-content\/uploads\/2024\/05\/Millefioris-2-fleurs-blanches-1024x1019.webp 1024w, https:\/\/art-bijoux.com\/wp-content\/uploads\/2024\/05\/Millefioris-2-fleurs-blanches-150x150.webp 150w, https:\/\/art-bijoux.com\/wp-content\/uploads\/2024\/05\/Millefioris-2-fleurs-blanches-1536x1529.webp 1536w, https:\/\/art-bijoux.com\/wp-content\/uploads\/2024\/05\/Millefioris-2-fleurs-blanches-600x597.webp 600w, https:\/\/art-bijoux.com\/wp-content\/uploads\/2024\/05\/Millefioris-2-fleurs-blanches-100x100.webp 100w, https:\/\/art-bijoux.com\/wp-content\/uploads\/2024\/05\/Millefioris-2-fleurs-blanches.webp 1920w\" sizes=\"(max-width: 300px) 100vw, 300px\" \/><figcaption id=\"caption-attachment-1829\" class=\"wp-caption-text\">Pendentif 4 millefioris vert et blanc sur fond orange transparent. 2 pi\u00e8ces soud\u00e9es selon la technique Tiffany<\/figcaption><\/figure>\n<p>Ce pendentif, d&#8217;une forme trap\u00e9zo\u00efdale, pr\u00e9sente une caract\u00e9ristique unique : il est compos\u00e9 de quatre millefioris blancs et verts, fondus dans les quatre coins. Sur un fond orange transparent, ces millefioris offrent un contraste saisissant. La b\u00e9li\u00e8re, solidement soud\u00e9e \u00e0 l&#8217;arri\u00e8re, est visible \u00e0 travers la transparence du verre. La pi\u00e8ce a subi une cassure lors de la cuisson, et les deux morceaux ont \u00e9t\u00e9 habilement soud\u00e9s ensemble, conf\u00e9rant ainsi \u00e0 ce pendentif une singularit\u00e9 et un caract\u00e8re uniques. Mont\u00e9 selon la technique Tiffany, il est serti au cuivre et soud\u00e9 \u00e0 l&#8217;\u00e9tain et patin\u00e9 avec des nuances cuivr\u00e9es.<\/p>\n<p>Caract\u00e9ristiques :<\/p>\n<ul>\n<li>Forme : Trap\u00e8ze<\/li>\n<li>Couleurs : Blanc, vert, orange transparent<\/li>\n<li>Technique : Fusing, Tiffany<\/li>\n<li>Mat\u00e9riaux : Verre, cuivre, \u00e9tain, m\u00e9tal argent\u00e9<\/li>\n<li>Dimensions : hauteur : 4, cm\u00a0 largeur : 4cm<\/li>\n<\/ul>\n<p>&nbsp;<\/p>\n","protected":false},"excerpt":{"rendered":"<p>Pendentif 4 millefioris vert et blanc sur fond orange transparent. 2 pi\u00e8ces soud\u00e9es selon la technique Tiffany<\/p>\n","protected":false},"featured_media":1829,"comment_status":"open","ping_status":"closed","template":"","meta":[],"product_brand":[],"product_cat":[182,186,181,28],"product_tag":[38,49,65,26,27],"class_list":{"0":"post-1888","1":"product","2":"type-product","3":"status-publish","4":"has-post-thumbnail","6":"product_cat-pendentif-fusing","7":"product_cat-bijou-pendentif-fusing-tiffany","8":"product_cat-pendentif-millefioris","9":"product_cat-pendentif-tiffany","10":"product_tag-fleur-soie-metal","11":"product_tag-fusing-verre","12":"product_tag-millefiori-verre","13":"product_tag-pendentif-verre","14":"product_tag-tiffany-verre","15":"pa_bijou-pendentif","17":"first","18":"instock","19":"purchasable","20":"product-type-simple"},"_links":{"self":[{"href":"https:\/\/art-bijoux.com\/en\/wp-json\/wp\/v2\/product\/1888","targetHints":{"allow":["GET"]}}],"collection":[{"href":"https:\/\/art-bijoux.com\/en\/wp-json\/wp\/v2\/product"}],"about":[{"href":"https:\/\/art-bijoux.com\/en\/wp-json\/wp\/v2\/types\/product"}],"replies":[{"embeddable":true,"href":"https:\/\/art-bijoux.com\/en\/wp-json\/wp\/v2\/comments?post=1888"}],"version-history":[{"count":0,"href":"https:\/\/art-bijoux.com\/en\/wp-json\/wp\/v2\/product\/1888\/revisions"}],"wp:featuredmedia":[{"embeddable":true,"href":"https:\/\/art-bijoux.com\/en\/wp-json\/wp\/v2\/media\/1829"}],"wp:attachment":[{"href":"https:\/\/art-bijoux.com\/en\/wp-json\/wp\/v2\/media?parent=1888"}],"wp:term":[{"taxonomy":"product_brand","embeddable":true,"href":"https:\/\/art-bijoux.com\/en\/wp-json\/wp\/v2\/product_brand?post=1888"},{"taxonomy":"product_cat","embeddable":true,"href":"https:\/\/art-bijoux.com\/en\/wp-json\/wp\/v2\/product_cat?post=1888"},{"taxonomy":"product_tag","embeddable":true,"href":"https:\/\/art-bijoux.com\/en\/wp-json\/wp\/v2\/product_tag?post=1888"}],"curies":[{"name":"wp","href":"https:\/\/api.w.org\/{rel}","templated":true}]}}