{"id":1892,"date":"2024-05-13T13:19:52","date_gmt":"2024-05-13T11:19:52","guid":{"rendered":"https:\/\/art-bijoux.com\/?post_type=product&#038;p=1892"},"modified":"2024-05-13T15:16:29","modified_gmt":"2024-05-13T13:16:29","slug":"pendentif-carre-millefiori-orange-et-rouge-sur-fond-orange-transparent","status":"publish","type":"product","link":"https:\/\/art-bijoux.com\/en\/boutique\/pendentif-carre-millefiori-orange-et-rouge-sur-fond-orange-transparent\/","title":{"rendered":"Pendentif Carr\u00e9 Millefiori Orange et Rouge sur Fond Orange Transparent"},"content":{"rendered":"<figure id=\"attachment_1817\" aria-describedby=\"caption-attachment-1817\" style=\"width: 300px\" class=\"wp-caption alignleft\"><img fetchpriority=\"high\" decoding=\"async\" class=\"size-medium wp-image-1817\" src=\"https:\/\/art-bijoux.com\/wp-content\/uploads\/2024\/05\/4-millefioris-carre_orange-300x286.webp\" alt=\"Pendentif compos\u00e9 de 4 millefioris orange fondus sur orange transparent\" width=\"300\" height=\"286\" srcset=\"https:\/\/art-bijoux.com\/wp-content\/uploads\/2024\/05\/4-millefioris-carre_orange-300x286.webp 300w, https:\/\/art-bijoux.com\/wp-content\/uploads\/2024\/05\/4-millefioris-carre_orange-1024x975.webp 1024w, https:\/\/art-bijoux.com\/wp-content\/uploads\/2024\/05\/4-millefioris-carre_orange-768x731.webp 768w, https:\/\/art-bijoux.com\/wp-content\/uploads\/2024\/05\/4-millefioris-carre_orange-1536x1462.webp 1536w, https:\/\/art-bijoux.com\/wp-content\/uploads\/2024\/05\/4-millefioris-carre_orange-600x571.webp 600w, https:\/\/art-bijoux.com\/wp-content\/uploads\/2024\/05\/4-millefioris-carre_orange.webp 1920w\" sizes=\"(max-width: 300px) 100vw, 300px\" \/><figcaption id=\"caption-attachment-1817\" class=\"wp-caption-text\">Pendentif compos\u00e9 de 4 millefioris orange fondus sur orange transparent<\/figcaption><\/figure>\n<p>Ce pendentif captivant est un hommage \u00e9clatant \u00e0 la couleur orange. Il est constitu\u00e9 de quatre millefioris : trois millefioris orange avec un c\u0153ur l\u00e9g\u00e8rement plus fonc\u00e9, accompagn\u00e9s d&#8217;un millefiori rouge orn\u00e9 d&#8217;un c\u0153ur bleu, blanc et gris dans des nuances assorties, qui attire l&#8217;oeil. Ces millefioris sont soigneusement dispos\u00e9s sur un fond de verre orange transparent, cr\u00e9ant une harmonie saisissante et une palette de couleurs vibrantes. La forme carr\u00e9e aux angles arrondis ajoute une touche d&#8217;originalit\u00e9, tandis que la b\u00e9li\u00e8re solidement soud\u00e9e \u00e0 l&#8217;arri\u00e8re permet une suspension \u00e9l\u00e9gante.<\/p>\n<p>Caract\u00e9ristiques :<\/p>\n<ul>\n<li>Forme : Carr\u00e9 aux angles arrondis<\/li>\n<li>Couleurs : Orange, rouge, bleu, blanc, gris<\/li>\n<li>Techniques : Fusing et Tiffany<\/li>\n<li>Mat\u00e9riaux : Verre, m\u00e9tal argent\u00e9 fonc\u00e9, cuivre, \u00e9tain<\/li>\n<li>Dimensions : hauteur : 5,5 cm, largeur : 4,5 cm<\/li>\n<\/ul>\n","protected":false},"excerpt":{"rendered":"<p>Pendentif compos\u00e9 de 4 millefioris orange fondus sur orange transparent, mont\u00e9 en Tiffany<\/p>\n","protected":false},"featured_media":1817,"comment_status":"open","ping_status":"closed","template":"","meta":[],"product_brand":[],"product_cat":[181],"product_tag":[38,49,65,26,27],"class_list":{"0":"post-1892","1":"product","2":"type-product","3":"status-publish","4":"has-post-thumbnail","6":"product_cat-pendentif-millefioris","7":"product_tag-fleur-soie-metal","8":"product_tag-fusing-verre","9":"product_tag-millefiori-verre","10":"product_tag-pendentif-verre","11":"product_tag-tiffany-verre","12":"pa_bijou-pendentif","14":"first","15":"instock","16":"purchasable","17":"product-type-simple"},"yoast_head":"<!-- This site is optimized with the Yoast SEO plugin v27.3 - https:\/\/yoast.com\/product\/yoast-seo-wordpress\/ -->\n<title>Pendentif Carr\u00e9 Millefiori Orange et Rouge sur Fond Orange Transparent - art-bijoux<\/title>\n<meta name=\"robots\" content=\"index, follow, max-snippet:-1, max-image-preview:large, max-video-preview:-1\" \/>\n<link rel=\"canonical\" href=\"https:\/\/art-bijoux.com\/boutique\/pendentif-carre-millefiori-orange-et-rouge-sur-fond-orange-transparent\/\" \/>\n<meta property=\"og:locale\" content=\"en_US\" \/>\n<meta property=\"og:type\" content=\"article\" \/>\n<meta property=\"og:title\" content=\"Pendentif Carr\u00e9 Millefiori Orange et Rouge sur Fond Orange Transparent - art-bijoux\" \/>\n<meta property=\"og:description\" content=\"Pendentif compos\u00e9 de 4 millefioris orange fondus sur orange transparent, mont\u00e9 en Tiffany\" \/>\n<meta property=\"og:url\" content=\"https:\/\/art-bijoux.com\/boutique\/pendentif-carre-millefiori-orange-et-rouge-sur-fond-orange-transparent\/\" \/>\n<meta property=\"og:site_name\" content=\"art-bijoux\" \/>\n<meta property=\"article:modified_time\" content=\"2024-05-13T13:16:29+00:00\" \/>\n<meta property=\"og:image\" content=\"https:\/\/art-bijoux.com\/wp-content\/uploads\/2024\/05\/4-millefioris-carre_orange.webp\" \/>\n\t<meta property=\"og:image:width\" content=\"1920\" \/>\n\t<meta property=\"og:image:height\" content=\"1828\" \/>\n\t<meta property=\"og:image:type\" content=\"image\/webp\" \/>\n<meta name=\"twitter:card\" content=\"summary_large_image\" \/>\n<meta name=\"twitter:label1\" content=\"Est. reading time\" \/>\n\t<meta name=\"twitter:data1\" content=\"1 minute\" \/>\n<script type=\"application\/ld+json\" class=\"yoast-schema-graph\">{\"@context\":\"https:\\\/\\\/schema.org\",\"@graph\":[{\"@type\":\"WebPage\",\"@id\":\"https:\\\/\\\/art-bijoux.com\\\/boutique\\\/pendentif-carre-millefiori-orange-et-rouge-sur-fond-orange-transparent\\\/\",\"url\":\"https:\\\/\\\/art-bijoux.com\\\/boutique\\\/pendentif-carre-millefiori-orange-et-rouge-sur-fond-orange-transparent\\\/\",\"name\":\"Pendentif Carr\u00e9 Millefiori Orange et Rouge sur Fond Orange Transparent - art-bijoux\",\"isPartOf\":{\"@id\":\"https:\\\/\\\/art-bijoux.com\\\/#website\"},\"primaryImageOfPage\":{\"@id\":\"https:\\\/\\\/art-bijoux.com\\\/boutique\\\/pendentif-carre-millefiori-orange-et-rouge-sur-fond-orange-transparent\\\/#primaryimage\"},\"image\":{\"@id\":\"https:\\\/\\\/art-bijoux.com\\\/boutique\\\/pendentif-carre-millefiori-orange-et-rouge-sur-fond-orange-transparent\\\/#primaryimage\"},\"thumbnailUrl\":\"https:\\\/\\\/art-bijoux.com\\\/wp-content\\\/uploads\\\/2024\\\/05\\\/4-millefioris-carre_orange.webp\",\"datePublished\":\"2024-05-13T11:19:52+00:00\",\"dateModified\":\"2024-05-13T13:16:29+00:00\",\"breadcrumb\":{\"@id\":\"https:\\\/\\\/art-bijoux.com\\\/boutique\\\/pendentif-carre-millefiori-orange-et-rouge-sur-fond-orange-transparent\\\/#breadcrumb\"},\"inLanguage\":\"en-US\",\"potentialAction\":[{\"@type\":\"ReadAction\",\"target\":[\"https:\\\/\\\/art-bijoux.com\\\/boutique\\\/pendentif-carre-millefiori-orange-et-rouge-sur-fond-orange-transparent\\\/\"]}]},{\"@type\":\"ImageObject\",\"inLanguage\":\"en-US\",\"@id\":\"https:\\\/\\\/art-bijoux.com\\\/boutique\\\/pendentif-carre-millefiori-orange-et-rouge-sur-fond-orange-transparent\\\/#primaryimage\",\"url\":\"https:\\\/\\\/art-bijoux.com\\\/wp-content\\\/uploads\\\/2024\\\/05\\\/4-millefioris-carre_orange.webp\",\"contentUrl\":\"https:\\\/\\\/art-bijoux.com\\\/wp-content\\\/uploads\\\/2024\\\/05\\\/4-millefioris-carre_orange.webp\",\"width\":1920,\"height\":1828,\"caption\":\"Pendentif compos\u00e9 de 4 millefioris orange fondus sur orange transparent\"},{\"@type\":\"BreadcrumbList\",\"@id\":\"https:\\\/\\\/art-bijoux.com\\\/boutique\\\/pendentif-carre-millefiori-orange-et-rouge-sur-fond-orange-transparent\\\/#breadcrumb\",\"itemListElement\":[{\"@type\":\"ListItem\",\"position\":1,\"name\":\"Accueil\",\"item\":\"https:\\\/\\\/art-bijoux.com\\\/en\\\/home\\\/\"},{\"@type\":\"ListItem\",\"position\":2,\"name\":\"Shop\",\"item\":\"https:\\\/\\\/art-bijoux.com\\\/en\\\/shop\\\/\"},{\"@type\":\"ListItem\",\"position\":3,\"name\":\"Pendentif Carr\u00e9 Millefiori Orange et Rouge sur Fond Orange Transparent\"}]},{\"@type\":\"WebSite\",\"@id\":\"https:\\\/\\\/art-bijoux.com\\\/#website\",\"url\":\"https:\\\/\\\/art-bijoux.com\\\/\",\"name\":\"art-bijoux\",\"description\":\"Osez porter \\\/ offrir un vitrail unique \u00e0 prix abordable\",\"publisher\":{\"@id\":\"https:\\\/\\\/art-bijoux.com\\\/#organization\"},\"potentialAction\":[{\"@type\":\"SearchAction\",\"target\":{\"@type\":\"EntryPoint\",\"urlTemplate\":\"https:\\\/\\\/art-bijoux.com\\\/?s={search_term_string}\"},\"query-input\":{\"@type\":\"PropertyValueSpecification\",\"valueRequired\":true,\"valueName\":\"search_term_string\"}}],\"inLanguage\":\"en-US\"},{\"@type\":\"Organization\",\"@id\":\"https:\\\/\\\/art-bijoux.com\\\/#organization\",\"name\":\"art-bijoux\",\"url\":\"https:\\\/\\\/art-bijoux.com\\\/\",\"logo\":{\"@type\":\"ImageObject\",\"inLanguage\":\"en-US\",\"@id\":\"https:\\\/\\\/art-bijoux.com\\\/#\\\/schema\\\/logo\\\/image\\\/\",\"url\":\"https:\\\/\\\/art-bijoux.com\\\/wp-content\\\/uploads\\\/2024\\\/06\\\/Art-Bijoux-Logo-Small.png\",\"contentUrl\":\"https:\\\/\\\/art-bijoux.com\\\/wp-content\\\/uploads\\\/2024\\\/06\\\/Art-Bijoux-Logo-Small.png\",\"width\":722,\"height\":137,\"caption\":\"art-bijoux\"},\"image\":{\"@id\":\"https:\\\/\\\/art-bijoux.com\\\/#\\\/schema\\\/logo\\\/image\\\/\"}}]}<\/script>\n<!-- \/ Yoast SEO plugin. -->","yoast_head_json":{"title":"Pendentif Carr\u00e9 Millefiori Orange et Rouge sur Fond Orange Transparent - art-bijoux","robots":{"index":"index","follow":"follow","max-snippet":"max-snippet:-1","max-image-preview":"max-image-preview:large","max-video-preview":"max-video-preview:-1"},"canonical":"https:\/\/art-bijoux.com\/boutique\/pendentif-carre-millefiori-orange-et-rouge-sur-fond-orange-transparent\/","og_locale":"en_US","og_type":"article","og_title":"Pendentif Carr\u00e9 Millefiori Orange et Rouge sur Fond Orange Transparent - art-bijoux","og_description":"Pendentif compos\u00e9 de 4 millefioris orange fondus sur orange transparent, mont\u00e9 en Tiffany","og_url":"https:\/\/art-bijoux.com\/boutique\/pendentif-carre-millefiori-orange-et-rouge-sur-fond-orange-transparent\/","og_site_name":"art-bijoux","article_modified_time":"2024-05-13T13:16:29+00:00","og_image":[{"width":1920,"height":1828,"url":"https:\/\/art-bijoux.com\/wp-content\/uploads\/2024\/05\/4-millefioris-carre_orange.webp","type":"image\/webp"}],"twitter_card":"summary_large_image","twitter_misc":{"Est. reading time":"1 minute"},"schema":{"@context":"https:\/\/schema.org","@graph":[{"@type":"WebPage","@id":"https:\/\/art-bijoux.com\/boutique\/pendentif-carre-millefiori-orange-et-rouge-sur-fond-orange-transparent\/","url":"https:\/\/art-bijoux.com\/boutique\/pendentif-carre-millefiori-orange-et-rouge-sur-fond-orange-transparent\/","name":"Pendentif Carr\u00e9 Millefiori Orange et Rouge sur Fond Orange Transparent - art-bijoux","isPartOf":{"@id":"https:\/\/art-bijoux.com\/#website"},"primaryImageOfPage":{"@id":"https:\/\/art-bijoux.com\/boutique\/pendentif-carre-millefiori-orange-et-rouge-sur-fond-orange-transparent\/#primaryimage"},"image":{"@id":"https:\/\/art-bijoux.com\/boutique\/pendentif-carre-millefiori-orange-et-rouge-sur-fond-orange-transparent\/#primaryimage"},"thumbnailUrl":"https:\/\/art-bijoux.com\/wp-content\/uploads\/2024\/05\/4-millefioris-carre_orange.webp","datePublished":"2024-05-13T11:19:52+00:00","dateModified":"2024-05-13T13:16:29+00:00","breadcrumb":{"@id":"https:\/\/art-bijoux.com\/boutique\/pendentif-carre-millefiori-orange-et-rouge-sur-fond-orange-transparent\/#breadcrumb"},"inLanguage":"en-US","potentialAction":[{"@type":"ReadAction","target":["https:\/\/art-bijoux.com\/boutique\/pendentif-carre-millefiori-orange-et-rouge-sur-fond-orange-transparent\/"]}]},{"@type":"ImageObject","inLanguage":"en-US","@id":"https:\/\/art-bijoux.com\/boutique\/pendentif-carre-millefiori-orange-et-rouge-sur-fond-orange-transparent\/#primaryimage","url":"https:\/\/art-bijoux.com\/wp-content\/uploads\/2024\/05\/4-millefioris-carre_orange.webp","contentUrl":"https:\/\/art-bijoux.com\/wp-content\/uploads\/2024\/05\/4-millefioris-carre_orange.webp","width":1920,"height":1828,"caption":"Pendentif compos\u00e9 de 4 millefioris orange fondus sur orange transparent"},{"@type":"BreadcrumbList","@id":"https:\/\/art-bijoux.com\/boutique\/pendentif-carre-millefiori-orange-et-rouge-sur-fond-orange-transparent\/#breadcrumb","itemListElement":[{"@type":"ListItem","position":1,"name":"Accueil","item":"https:\/\/art-bijoux.com\/en\/home\/"},{"@type":"ListItem","position":2,"name":"Shop","item":"https:\/\/art-bijoux.com\/en\/shop\/"},{"@type":"ListItem","position":3,"name":"Pendentif Carr\u00e9 Millefiori Orange et Rouge sur Fond Orange Transparent"}]},{"@type":"WebSite","@id":"https:\/\/art-bijoux.com\/#website","url":"https:\/\/art-bijoux.com\/","name":"art-bijoux","description":"Osez porter \/ offrir un vitrail unique \u00e0 prix abordable","publisher":{"@id":"https:\/\/art-bijoux.com\/#organization"},"potentialAction":[{"@type":"SearchAction","target":{"@type":"EntryPoint","urlTemplate":"https:\/\/art-bijoux.com\/?s={search_term_string}"},"query-input":{"@type":"PropertyValueSpecification","valueRequired":true,"valueName":"search_term_string"}}],"inLanguage":"en-US"},{"@type":"Organization","@id":"https:\/\/art-bijoux.com\/#organization","name":"art-bijoux","url":"https:\/\/art-bijoux.com\/","logo":{"@type":"ImageObject","inLanguage":"en-US","@id":"https:\/\/art-bijoux.com\/#\/schema\/logo\/image\/","url":"https:\/\/art-bijoux.com\/wp-content\/uploads\/2024\/06\/Art-Bijoux-Logo-Small.png","contentUrl":"https:\/\/art-bijoux.com\/wp-content\/uploads\/2024\/06\/Art-Bijoux-Logo-Small.png","width":722,"height":137,"caption":"art-bijoux"},"image":{"@id":"https:\/\/art-bijoux.com\/#\/schema\/logo\/image\/"}}]}},"_links":{"self":[{"href":"https:\/\/art-bijoux.com\/en\/wp-json\/wp\/v2\/product\/1892","targetHints":{"allow":["GET"]}}],"collection":[{"href":"https:\/\/art-bijoux.com\/en\/wp-json\/wp\/v2\/product"}],"about":[{"href":"https:\/\/art-bijoux.com\/en\/wp-json\/wp\/v2\/types\/product"}],"replies":[{"embeddable":true,"href":"https:\/\/art-bijoux.com\/en\/wp-json\/wp\/v2\/comments?post=1892"}],"version-history":[{"count":0,"href":"https:\/\/art-bijoux.com\/en\/wp-json\/wp\/v2\/product\/1892\/revisions"}],"wp:featuredmedia":[{"embeddable":true,"href":"https:\/\/art-bijoux.com\/en\/wp-json\/wp\/v2\/media\/1817"}],"wp:attachment":[{"href":"https:\/\/art-bijoux.com\/en\/wp-json\/wp\/v2\/media?parent=1892"}],"wp:term":[{"taxonomy":"product_brand","embeddable":true,"href":"https:\/\/art-bijoux.com\/en\/wp-json\/wp\/v2\/product_brand?post=1892"},{"taxonomy":"product_cat","embeddable":true,"href":"https:\/\/art-bijoux.com\/en\/wp-json\/wp\/v2\/product_cat?post=1892"},{"taxonomy":"product_tag","embeddable":true,"href":"https:\/\/art-bijoux.com\/en\/wp-json\/wp\/v2\/product_tag?post=1892"}],"curies":[{"name":"wp","href":"https:\/\/api.w.org\/{rel}","templated":true}]}}