{"id":1893,"date":"2024-05-13T13:27:13","date_gmt":"2024-05-13T11:27:13","guid":{"rendered":"https:\/\/art-bijoux.com\/?post_type=product&#038;p=1893"},"modified":"2024-05-13T13:27:13","modified_gmt":"2024-05-13T11:27:13","slug":"pendentif-millefiori-jaune-sur-fond-orange-transparent","status":"publish","type":"product","link":"https:\/\/art-bijoux.com\/en\/boutique\/pendentif-millefiori-jaune-sur-fond-orange-transparent\/","title":{"rendered":"Pendentif Millefiori Jaune sur Fond Orange Transparent"},"content":{"rendered":"<figure id=\"attachment_1840\" aria-describedby=\"caption-attachment-1840\" style=\"width: 260px\" class=\"wp-caption alignleft\"><img fetchpriority=\"high\" decoding=\"async\" class=\"size-medium wp-image-1840\" src=\"https:\/\/art-bijoux.com\/wp-content\/uploads\/2024\/05\/millefioris-jaune-carre-orange-260x300.webp\" alt=\"Pendentif avec un simple millefiori jaune sur fond orange transparent, mont\u00e9 en Tiffany\" width=\"260\" height=\"300\" srcset=\"https:\/\/art-bijoux.com\/wp-content\/uploads\/2024\/05\/millefioris-jaune-carre-orange-260x300.webp 260w, https:\/\/art-bijoux.com\/wp-content\/uploads\/2024\/05\/millefioris-jaune-carre-orange-889x1024.webp 889w, https:\/\/art-bijoux.com\/wp-content\/uploads\/2024\/05\/millefioris-jaune-carre-orange-768x885.webp 768w, https:\/\/art-bijoux.com\/wp-content\/uploads\/2024\/05\/millefioris-jaune-carre-orange-1334x1536.webp 1334w, https:\/\/art-bijoux.com\/wp-content\/uploads\/2024\/05\/millefioris-jaune-carre-orange-600x691.webp 600w, https:\/\/art-bijoux.com\/wp-content\/uploads\/2024\/05\/millefioris-jaune-carre-orange.webp 1667w\" sizes=\"(max-width: 260px) 100vw, 260px\" \/><figcaption id=\"caption-attachment-1840\" class=\"wp-caption-text\">Pendentif avec un simple millefiori jaune sur fond orange transparent, mont\u00e9 en Tiffany<\/figcaption><\/figure>\n<p>Ce ravissant pendentif capture toute la beaut\u00e9 et la vivacit\u00e9 d&#8217;une petite fleur jaune d\u00e9licatement fondue sur un verre orange transparent. La fleur, avec son c\u0153ur l\u00e9g\u00e8rement plus clair, semble \u00eatre d\u00e9licatement pos\u00e9e \u00e0 la pointe de la b\u00e9li\u00e8re, cr\u00e9ant une illusion charmante et captivante. La b\u00e9li\u00e8re, solidement soud\u00e9e \u00e0 l&#8217;arri\u00e8re, est fonctionnelle, permettant une suspension \u00e9l\u00e9gante de ce bijou unique. R\u00e9alis\u00e9 selon la technique Tiffany, ce pendentif est serti au cuivre, soud\u00e9 \u00e0 l&#8217;\u00e9tain et patin\u00e9 avec des nuances cuivr\u00e9es qui ajoutent une touche de chaleur et de caract\u00e8re.<\/p>\n<p>Caract\u00e9ristiques :<\/p>\n<ul>\n<li>Forme : carr\u00e9 aux bords irr\u00e9guliers et aux angles arrondis<\/li>\n<li>Couleurs : Jaune, orange<\/li>\n<li>Techniques : Tiffany, fusing<\/li>\n<li>Mat\u00e9riaux : Verre, cuivre, \u00e9tain, m\u00e9tal argent\u00e9<\/li>\n<li>Dimensions : hauteur : 4,5 cm, largeur : 3,5 cm<\/li>\n<\/ul>\n","protected":false},"excerpt":{"rendered":"<p>Pendentif avec un simple millefiori jaune sur fond orange transparent, mont\u00e9 en Tiffany<\/p>\n","protected":false},"featured_media":1840,"comment_status":"open","ping_status":"closed","template":"","meta":[],"product_brand":[],"product_cat":[182,181,28],"product_tag":[38,49,65,26,27],"class_list":{"0":"post-1893","1":"product","2":"type-product","3":"status-publish","4":"has-post-thumbnail","6":"product_cat-pendentif-fusing","7":"product_cat-pendentif-millefioris","8":"product_cat-pendentif-tiffany","9":"product_tag-fleur-soie-metal","10":"product_tag-fusing-verre","11":"product_tag-millefiori-verre","12":"product_tag-pendentif-verre","13":"product_tag-tiffany-verre","14":"pa_bijou-pendentif","16":"first","17":"instock","18":"purchasable","19":"product-type-simple"},"_links":{"self":[{"href":"https:\/\/art-bijoux.com\/en\/wp-json\/wp\/v2\/product\/1893","targetHints":{"allow":["GET"]}}],"collection":[{"href":"https:\/\/art-bijoux.com\/en\/wp-json\/wp\/v2\/product"}],"about":[{"href":"https:\/\/art-bijoux.com\/en\/wp-json\/wp\/v2\/types\/product"}],"replies":[{"embeddable":true,"href":"https:\/\/art-bijoux.com\/en\/wp-json\/wp\/v2\/comments?post=1893"}],"version-history":[{"count":0,"href":"https:\/\/art-bijoux.com\/en\/wp-json\/wp\/v2\/product\/1893\/revisions"}],"wp:featuredmedia":[{"embeddable":true,"href":"https:\/\/art-bijoux.com\/en\/wp-json\/wp\/v2\/media\/1840"}],"wp:attachment":[{"href":"https:\/\/art-bijoux.com\/en\/wp-json\/wp\/v2\/media?parent=1893"}],"wp:term":[{"taxonomy":"product_brand","embeddable":true,"href":"https:\/\/art-bijoux.com\/en\/wp-json\/wp\/v2\/product_brand?post=1893"},{"taxonomy":"product_cat","embeddable":true,"href":"https:\/\/art-bijoux.com\/en\/wp-json\/wp\/v2\/product_cat?post=1893"},{"taxonomy":"product_tag","embeddable":true,"href":"https:\/\/art-bijoux.com\/en\/wp-json\/wp\/v2\/product_tag?post=1893"}],"curies":[{"name":"wp","href":"https:\/\/api.w.org\/{rel}","templated":true}]}}