{"id":1895,"date":"2024-05-13T15:41:53","date_gmt":"2024-05-13T13:41:53","guid":{"rendered":"https:\/\/art-bijoux.com\/?post_type=product&#038;p=1895"},"modified":"2024-05-13T15:41:53","modified_gmt":"2024-05-13T13:41:53","slug":"pendentif-millefiori-bleu-sur-fond-orange-transparent","status":"publish","type":"product","link":"https:\/\/art-bijoux.com\/en\/boutique\/pendentif-millefiori-bleu-sur-fond-orange-transparent\/","title":{"rendered":"Pendentif Millefiori Bleu sur Fond Orange Transparent"},"content":{"rendered":"<figure id=\"attachment_1834\" aria-describedby=\"caption-attachment-1834\" style=\"width: 253px\" class=\"wp-caption alignleft\"><img fetchpriority=\"high\" decoding=\"async\" class=\"size-medium wp-image-1834\" src=\"https:\/\/art-bijoux.com\/wp-content\/uploads\/2024\/05\/millefioris-bleu-cercle-orange-253x300.webp\" alt=\"Pendentif millefiori bleu bord\u00e9 de blanc sur fond orange transparent, mont\u00e9 en Tiffany\" width=\"253\" height=\"300\" srcset=\"https:\/\/art-bijoux.com\/wp-content\/uploads\/2024\/05\/millefioris-bleu-cercle-orange-253x300.webp 253w, https:\/\/art-bijoux.com\/wp-content\/uploads\/2024\/05\/millefioris-bleu-cercle-orange-862x1024.webp 862w, https:\/\/art-bijoux.com\/wp-content\/uploads\/2024\/05\/millefioris-bleu-cercle-orange-768x912.webp 768w, https:\/\/art-bijoux.com\/wp-content\/uploads\/2024\/05\/millefioris-bleu-cercle-orange-1293x1536.webp 1293w, https:\/\/art-bijoux.com\/wp-content\/uploads\/2024\/05\/millefioris-bleu-cercle-orange-600x713.webp 600w, https:\/\/art-bijoux.com\/wp-content\/uploads\/2024\/05\/millefioris-bleu-cercle-orange.webp 1616w\" sizes=\"(max-width: 253px) 100vw, 253px\" \/><figcaption id=\"caption-attachment-1834\" class=\"wp-caption-text\">Pendentif millefiori bleu bord\u00e9 de blanc sur fond orange transparent, mont\u00e9 en Tiffany<\/figcaption><\/figure>\n<p>Ce pendentif exquis met en valeur un millefiori bleu d\u00e9licatement bord\u00e9 de blanc, fondu sur un verre orange transparent. La forme irr\u00e9guli\u00e8re du verre, \u00e9voquant un ovale aux angles arrondis, conf\u00e8re \u00e0 cette pi\u00e8ce une esth\u00e9tique unique et moderne. La b\u00e9li\u00e8re discr\u00e8te, solidement soud\u00e9e \u00e0 l&#8217;arri\u00e8re, permet une suspension facile et s\u00e9curis\u00e9e. R\u00e9alis\u00e9 selon la technique Tiffany, ce pendentif est finement serti au cuivre et m\u00e9ticuleusement meul\u00e9 \u00e0 l&#8217;\u00e9tain, ajoutant une touche d&#8217;artisanat et de sophistication \u00e0 son design.<\/p>\n<p>La patine vintage est en nuances de cuivre.<\/p>\n<p>Caract\u00e9ristiques :<\/p>\n<ul>\n<li>Forme : Ovale irr\u00e9gulier<\/li>\n<li>Couleurs : Bleu, blanc, orange<\/li>\n<li>Techniques : Tiffany et fusing<\/li>\n<li>Mat\u00e9riaux : Verre, cuivre, \u00e9tain, m\u00e9tal argent\u00e9<\/li>\n<li>Dimensions :<\/li>\n<\/ul>\n","protected":false},"excerpt":{"rendered":"<p>Pendentif millefiori bleu bord\u00e9 de blanc sur fond orange transparent, mont\u00e9 en Tiffany<\/p>\n","protected":false},"featured_media":1834,"comment_status":"open","ping_status":"closed","template":"","meta":[],"product_brand":[],"product_cat":[182,181,28],"product_tag":[38,49,65,26,27],"class_list":{"0":"post-1895","1":"product","2":"type-product","3":"status-publish","4":"has-post-thumbnail","6":"product_cat-pendentif-fusing","7":"product_cat-pendentif-millefioris","8":"product_cat-pendentif-tiffany","9":"product_tag-fleur-soie-metal","10":"product_tag-fusing-verre","11":"product_tag-millefiori-verre","12":"product_tag-pendentif-verre","13":"product_tag-tiffany-verre","14":"pa_bijou-pendentif","16":"first","17":"instock","18":"purchasable","19":"product-type-simple"},"_links":{"self":[{"href":"https:\/\/art-bijoux.com\/en\/wp-json\/wp\/v2\/product\/1895","targetHints":{"allow":["GET"]}}],"collection":[{"href":"https:\/\/art-bijoux.com\/en\/wp-json\/wp\/v2\/product"}],"about":[{"href":"https:\/\/art-bijoux.com\/en\/wp-json\/wp\/v2\/types\/product"}],"replies":[{"embeddable":true,"href":"https:\/\/art-bijoux.com\/en\/wp-json\/wp\/v2\/comments?post=1895"}],"version-history":[{"count":0,"href":"https:\/\/art-bijoux.com\/en\/wp-json\/wp\/v2\/product\/1895\/revisions"}],"wp:featuredmedia":[{"embeddable":true,"href":"https:\/\/art-bijoux.com\/en\/wp-json\/wp\/v2\/media\/1834"}],"wp:attachment":[{"href":"https:\/\/art-bijoux.com\/en\/wp-json\/wp\/v2\/media?parent=1895"}],"wp:term":[{"taxonomy":"product_brand","embeddable":true,"href":"https:\/\/art-bijoux.com\/en\/wp-json\/wp\/v2\/product_brand?post=1895"},{"taxonomy":"product_cat","embeddable":true,"href":"https:\/\/art-bijoux.com\/en\/wp-json\/wp\/v2\/product_cat?post=1895"},{"taxonomy":"product_tag","embeddable":true,"href":"https:\/\/art-bijoux.com\/en\/wp-json\/wp\/v2\/product_tag?post=1895"}],"curies":[{"name":"wp","href":"https:\/\/api.w.org\/{rel}","templated":true}]}}