{"id":1898,"date":"2024-05-13T16:08:08","date_gmt":"2024-05-13T14:08:08","guid":{"rendered":"https:\/\/art-bijoux.com\/?post_type=product&#038;p=1898"},"modified":"2024-05-13T16:08:53","modified_gmt":"2024-05-13T14:08:53","slug":"pendentif-millefiori-blanc-et-bleu-clair-sur-fond-orange-transparent","status":"publish","type":"product","link":"https:\/\/art-bijoux.com\/en\/boutique\/pendentif-millefiori-blanc-et-bleu-clair-sur-fond-orange-transparent\/","title":{"rendered":"Pendentif Millefiori Blanc et Bleu Clair sur Fond Orange Transparent"},"content":{"rendered":"<figure id=\"attachment_1820\" aria-describedby=\"caption-attachment-1820\" style=\"width: 276px\" class=\"wp-caption alignleft\"><img fetchpriority=\"high\" decoding=\"async\" class=\"size-medium wp-image-1820\" src=\"https:\/\/art-bijoux.com\/wp-content\/uploads\/2024\/05\/millefiori-blanc-bleu-carre_orange-276x300.webp\" alt=\"Pendentif compos\u00e9 d'un millefiori bleu et blanc sur verre orange transparent, mont\u00e9 selon la technique Tiffany\" width=\"276\" height=\"300\" srcset=\"https:\/\/art-bijoux.com\/wp-content\/uploads\/2024\/05\/millefiori-blanc-bleu-carre_orange-276x300.webp 276w, https:\/\/art-bijoux.com\/wp-content\/uploads\/2024\/05\/millefiori-blanc-bleu-carre_orange-942x1024.webp 942w, https:\/\/art-bijoux.com\/wp-content\/uploads\/2024\/05\/millefiori-blanc-bleu-carre_orange-768x835.webp 768w, https:\/\/art-bijoux.com\/wp-content\/uploads\/2024\/05\/millefiori-blanc-bleu-carre_orange-1413x1536.webp 1413w, https:\/\/art-bijoux.com\/wp-content\/uploads\/2024\/05\/millefiori-blanc-bleu-carre_orange-600x652.webp 600w, https:\/\/art-bijoux.com\/wp-content\/uploads\/2024\/05\/millefiori-blanc-bleu-carre_orange.webp 1766w\" sizes=\"(max-width: 276px) 100vw, 276px\" \/><figcaption id=\"caption-attachment-1820\" class=\"wp-caption-text\">Pendentif compos\u00e9 d&#8217;un millefiori bleu et blanc sur verre orange transparent, mont\u00e9 selon la technique Tiffany<\/figcaption><\/figure>\n<p>Ce pendentif exquis met en valeur un magnifique millefiori blanc et bleu clair, dont la forme d\u00e9licate est pr\u00e9serv\u00e9e avec \u00e9l\u00e9gance m\u00eame apr\u00e8s la fonte. Plac\u00e9 sur un fond de verre orange transparent, ce millefiori se distingue par sa d\u00e9coupe nette et pr\u00e9cise, cr\u00e9ant un contraste saisissant. La forme du verre, un carr\u00e9 aux angles arrondis, ajoute \u00e0 son charme, tandis que la b\u00e9li\u00e8re discr\u00e8te, solidement soud\u00e9e \u00e0 l&#8217;arri\u00e8re, offre une suspension s\u00e9curis\u00e9e tout en permettant \u00e0 la transparence du verre de s&#8217;exprimer. R\u00e9alis\u00e9 selon la technique Tiffany, ce pendentif est finement serti au cuivre et habilement soud\u00e9 \u00e0 l&#8217;\u00e9tain, avec une patine gris fonc\u00e9 qui ajoute une touche de sophistication \u00e0 son allure.<\/p>\n<p>Caract\u00e9ristiques :<\/p>\n<ul>\n<li>Forme : Carr\u00e9 aux angles arrondis<\/li>\n<li>Motif : Millefiori blanc et bleu clair<\/li>\n<li>Couleurs : Blanc, bleu clair, orange<\/li>\n<li>Techniques : Tiffany et fusing<\/li>\n<li>Mat\u00e9riaux : Verre, cuivre, \u00e9tain<\/li>\n<li>Dimensions : largeur : 4,3 cm, hauteur : 5,6 cm<\/li>\n<\/ul>\n","protected":false},"excerpt":{"rendered":"<p>Pendentif compos\u00e9 d&#8217;un millefiori bleu et blanc sur verre orange transparent, mont\u00e9 selon la technique Tiffany<\/p>\n","protected":false},"featured_media":1820,"comment_status":"open","ping_status":"closed","template":"","meta":[],"product_brand":[],"product_cat":[182,181,28],"product_tag":[38,49,65,26,27],"class_list":{"0":"post-1898","1":"product","2":"type-product","3":"status-publish","4":"has-post-thumbnail","6":"product_cat-pendentif-fusing","7":"product_cat-pendentif-millefioris","8":"product_cat-pendentif-tiffany","9":"product_tag-fleur-soie-metal","10":"product_tag-fusing-verre","11":"product_tag-millefiori-verre","12":"product_tag-pendentif-verre","13":"product_tag-tiffany-verre","14":"pa_bijou-pendentif","16":"first","17":"instock","18":"purchasable","19":"product-type-simple"},"_links":{"self":[{"href":"https:\/\/art-bijoux.com\/en\/wp-json\/wp\/v2\/product\/1898","targetHints":{"allow":["GET"]}}],"collection":[{"href":"https:\/\/art-bijoux.com\/en\/wp-json\/wp\/v2\/product"}],"about":[{"href":"https:\/\/art-bijoux.com\/en\/wp-json\/wp\/v2\/types\/product"}],"replies":[{"embeddable":true,"href":"https:\/\/art-bijoux.com\/en\/wp-json\/wp\/v2\/comments?post=1898"}],"version-history":[{"count":0,"href":"https:\/\/art-bijoux.com\/en\/wp-json\/wp\/v2\/product\/1898\/revisions"}],"wp:featuredmedia":[{"embeddable":true,"href":"https:\/\/art-bijoux.com\/en\/wp-json\/wp\/v2\/media\/1820"}],"wp:attachment":[{"href":"https:\/\/art-bijoux.com\/en\/wp-json\/wp\/v2\/media?parent=1898"}],"wp:term":[{"taxonomy":"product_brand","embeddable":true,"href":"https:\/\/art-bijoux.com\/en\/wp-json\/wp\/v2\/product_brand?post=1898"},{"taxonomy":"product_cat","embeddable":true,"href":"https:\/\/art-bijoux.com\/en\/wp-json\/wp\/v2\/product_cat?post=1898"},{"taxonomy":"product_tag","embeddable":true,"href":"https:\/\/art-bijoux.com\/en\/wp-json\/wp\/v2\/product_tag?post=1898"}],"curies":[{"name":"wp","href":"https:\/\/api.w.org\/{rel}","templated":true}]}}