{"id":1899,"date":"2024-05-13T16:20:48","date_gmt":"2024-05-13T14:20:48","guid":{"rendered":"https:\/\/art-bijoux.com\/?post_type=product&#038;p=1899"},"modified":"2024-05-13T16:20:48","modified_gmt":"2024-05-13T14:20:48","slug":"pendentif-double-millefiori-blanc-sur-fond-orange-transparent","status":"publish","type":"product","link":"https:\/\/art-bijoux.com\/en\/boutique\/pendentif-double-millefiori-blanc-sur-fond-orange-transparent\/","title":{"rendered":"Pendentif Double Millefiori Blanc sur Fond Orange Transparent"},"content":{"rendered":"<figure id=\"attachment_1806\" aria-describedby=\"caption-attachment-1806\" style=\"width: 278px\" class=\"wp-caption alignleft\"><img fetchpriority=\"high\" decoding=\"async\" class=\"size-medium wp-image-1806\" src=\"https:\/\/art-bijoux.com\/wp-content\/uploads\/2024\/05\/2-millefioris-blancs-carre-orange-278x300.webp\" alt=\"Pendentif compos\u00e9 de 2 millefioris blancs \u00e0 coeur bleu fonc\u00e9, fondus en diagonale sue un verre orange transparent\" width=\"278\" height=\"300\" srcset=\"https:\/\/art-bijoux.com\/wp-content\/uploads\/2024\/05\/2-millefioris-blancs-carre-orange-278x300.webp 278w, https:\/\/art-bijoux.com\/wp-content\/uploads\/2024\/05\/2-millefioris-blancs-carre-orange-950x1024.webp 950w, https:\/\/art-bijoux.com\/wp-content\/uploads\/2024\/05\/2-millefioris-blancs-carre-orange-768x827.webp 768w, https:\/\/art-bijoux.com\/wp-content\/uploads\/2024\/05\/2-millefioris-blancs-carre-orange-1426x1536.webp 1426w, https:\/\/art-bijoux.com\/wp-content\/uploads\/2024\/05\/2-millefioris-blancs-carre-orange-600x646.webp 600w, https:\/\/art-bijoux.com\/wp-content\/uploads\/2024\/05\/2-millefioris-blancs-carre-orange.webp 1782w\" sizes=\"(max-width: 278px) 100vw, 278px\" \/><figcaption id=\"caption-attachment-1806\" class=\"wp-caption-text\">Pendentif compos\u00e9 de 2 millefioris blancs \u00e0 coeur bleu fonc\u00e9, fondus en diagonale sue un verre orange transparent<\/figcaption><\/figure>\n<p>Ce ravissant pendentif pr\u00e9sente une composition d\u00e9licate, mettant en valeur deux millefioris blancs au c\u0153ur bleu fonc\u00e9, dispos\u00e9s en diagonale, dont la forme distincte est magnifiquement pr\u00e9serv\u00e9e. Fondus sur un verre orange transparent de forme carr\u00e9e aux angles arrondis, ces millefioris se d\u00e9tachent avec \u00e9l\u00e9gance, offrant un contraste subtil mais captivant. La b\u00e9li\u00e8re discr\u00e8te, solidement soud\u00e9e \u00e0 l&#8217;arri\u00e8re, assure une suspension s\u00e9curis\u00e9e, tout en laissant transpara\u00eetre la transparence du verre. R\u00e9alis\u00e9 selon la technique Tiffany, ce pendentif est finement serti au cuivre et habilement soud\u00e9 \u00e0 l&#8217;\u00e9tain, avec une patine gris fonc\u00e9 qui ajoute une touche de sophistication \u00e0 son allure. Quelques traces de colle peuvent \u00eatre observ\u00e9es, t\u00e9moignant du processus artisanal de fixation de la b\u00e9li\u00e8re.<\/p>\n<p>Caract\u00e9ristiques :<\/p>\n<ul>\n<li>Forme : Carr\u00e9 aux angles arrondis<\/li>\n<li>Motif : Double millefiori blanc au c\u0153ur bleu fonc\u00e9<\/li>\n<li>Couleurs : Blanc, bleu fonc\u00e9, orange<\/li>\n<li>Techniques : Tiffany et fusing<\/li>\n<li>Mat\u00e9riaux : Verre, cuivre, \u00e9tain, m\u00e9tal dor\u00e9<\/li>\n<li>Dimensions : hauteur : 4,9 cm, largeur : 3,8 cm<\/li>\n<\/ul>\n","protected":false},"excerpt":{"rendered":"<p>Pendentif compos\u00e9 de 2 millefioris blancs \u00e0 c\u0153ur bleu fonc\u00e9, fondus en diagonale sue un verre orange transparent<\/p>\n","protected":false},"featured_media":1806,"comment_status":"open","ping_status":"closed","template":"","meta":[],"product_brand":[],"product_cat":[182,181,28],"product_tag":[38,49,65,26,27],"class_list":{"0":"post-1899","1":"product","2":"type-product","3":"status-publish","4":"has-post-thumbnail","6":"product_cat-pendentif-fusing","7":"product_cat-pendentif-millefioris","8":"product_cat-pendentif-tiffany","9":"product_tag-fleur-soie-metal","10":"product_tag-fusing-verre","11":"product_tag-millefiori-verre","12":"product_tag-pendentif-verre","13":"product_tag-tiffany-verre","14":"pa_bijou-pendentif","16":"first","17":"instock","18":"purchasable","19":"product-type-simple"},"_links":{"self":[{"href":"https:\/\/art-bijoux.com\/en\/wp-json\/wp\/v2\/product\/1899","targetHints":{"allow":["GET"]}}],"collection":[{"href":"https:\/\/art-bijoux.com\/en\/wp-json\/wp\/v2\/product"}],"about":[{"href":"https:\/\/art-bijoux.com\/en\/wp-json\/wp\/v2\/types\/product"}],"replies":[{"embeddable":true,"href":"https:\/\/art-bijoux.com\/en\/wp-json\/wp\/v2\/comments?post=1899"}],"version-history":[{"count":0,"href":"https:\/\/art-bijoux.com\/en\/wp-json\/wp\/v2\/product\/1899\/revisions"}],"wp:featuredmedia":[{"embeddable":true,"href":"https:\/\/art-bijoux.com\/en\/wp-json\/wp\/v2\/media\/1806"}],"wp:attachment":[{"href":"https:\/\/art-bijoux.com\/en\/wp-json\/wp\/v2\/media?parent=1899"}],"wp:term":[{"taxonomy":"product_brand","embeddable":true,"href":"https:\/\/art-bijoux.com\/en\/wp-json\/wp\/v2\/product_brand?post=1899"},{"taxonomy":"product_cat","embeddable":true,"href":"https:\/\/art-bijoux.com\/en\/wp-json\/wp\/v2\/product_cat?post=1899"},{"taxonomy":"product_tag","embeddable":true,"href":"https:\/\/art-bijoux.com\/en\/wp-json\/wp\/v2\/product_tag?post=1899"}],"curies":[{"name":"wp","href":"https:\/\/api.w.org\/{rel}","templated":true}]}}