{"id":1900,"date":"2024-05-14T17:07:35","date_gmt":"2024-05-14T15:07:35","guid":{"rendered":"https:\/\/art-bijoux.com\/?post_type=product&#038;p=1900"},"modified":"2024-05-14T17:08:04","modified_gmt":"2024-05-14T15:08:04","slug":"pendentif-carre-avec-millefioris-orange-et-jaune-sur-fond-mauve-transparen","status":"publish","type":"product","link":"https:\/\/art-bijoux.com\/en\/boutique\/pendentif-carre-avec-millefioris-orange-et-jaune-sur-fond-mauve-transparen\/","title":{"rendered":"Pendentif Carr\u00e9 avec Millefioris Orange et Jaune sur Fond Mauve Transparen"},"content":{"rendered":"<figure id=\"attachment_1811\" aria-describedby=\"caption-attachment-1811\" style=\"width: 252px\" class=\"wp-caption alignleft\"><img fetchpriority=\"high\" decoding=\"async\" class=\"size-medium wp-image-1811\" src=\"https:\/\/art-bijoux.com\/wp-content\/uploads\/2024\/05\/2-millefioris-orange-violet-252x300.webp\" alt=\"Pendentif carr\u00e9 en verre mauve transparent avec 2 millefioris fondus, un millefiori jaune et un orange, mont\u00e9s en Tiffany\" width=\"252\" height=\"300\" srcset=\"https:\/\/art-bijoux.com\/wp-content\/uploads\/2024\/05\/2-millefioris-orange-violet-252x300.webp 252w, https:\/\/art-bijoux.com\/wp-content\/uploads\/2024\/05\/2-millefioris-orange-violet-859x1024.webp 859w, https:\/\/art-bijoux.com\/wp-content\/uploads\/2024\/05\/2-millefioris-orange-violet-768x915.webp 768w, https:\/\/art-bijoux.com\/wp-content\/uploads\/2024\/05\/2-millefioris-orange-violet-1289x1536.webp 1289w, https:\/\/art-bijoux.com\/wp-content\/uploads\/2024\/05\/2-millefioris-orange-violet-600x715.webp 600w, https:\/\/art-bijoux.com\/wp-content\/uploads\/2024\/05\/2-millefioris-orange-violet.webp 1617w\" sizes=\"(max-width: 252px) 100vw, 252px\" \/><figcaption id=\"caption-attachment-1811\" class=\"wp-caption-text\">Pendentif carr\u00e9 en verre mauve transparent avec 2 millefioris fondus, un millefiori jaune et un orange, mont\u00e9s en Tiffany<\/figcaption><\/figure>\n<p>Ce pendentif carr\u00e9 offre une combinaison vibrante de couleurs et de motifs, cr\u00e9ant une pi\u00e8ce aussi \u00e9l\u00e9gante que dynamique. Sur un fond de verre mauve transparent, deux millefioris aux teintes lumineuses d&#8217;orange et de jaune sont fondus avec soin, dispos\u00e9s en diagonale pour une esth\u00e9tique \u00e9quilibr\u00e9e et accrocheuse. La b\u00e9li\u00e8re discr\u00e8te, solidement soud\u00e9e \u00e0 l&#8217;arri\u00e8re, permet une suspension s\u00e9curis\u00e9e tout en pr\u00e9servant la transparence du verre. Inspir\u00e9s des c\u00e9l\u00e8bres verres de Murano en Italie, les millefioris ajoutent une touche d&#8217;artisanat raffin\u00e9 \u00e0 cette pi\u00e8ce unique. La patine subtile, dans des tons d&#8217;\u00e9tain et de cuivre, ajoute une dimension suppl\u00e9mentaire et vintage \u00e0 son charme.<\/p>\n<p>Caract\u00e9ristiques :<\/p>\n<ul>\n<li>Forme : Carr\u00e9<\/li>\n<li>Motif : Millefioris orange et jaune dispos\u00e9s en diagonale<\/li>\n<li>Couleurs : Mauve, orange, jaune<\/li>\n<li>Techniques : Fusing et Tiffany<\/li>\n<li>Mat\u00e9riaux : Verre, cuivre, \u00e9tain, m\u00e9tal argent\u00e9<\/li>\n<li>Dimensions : largeur : 4,2cm, hauteur : 5,5cm<\/li>\n<\/ul>\n","protected":false},"excerpt":{"rendered":"<p>Pendentif carr\u00e9 en verre mauve transparent avec 2 millefioris fondus, un millefiori jaune et un orange, mont\u00e9s en Tiffany<\/p>\n","protected":false},"featured_media":1811,"comment_status":"open","ping_status":"closed","template":"","meta":[],"product_brand":[],"product_cat":[182,181,28],"product_tag":[38,49,65,26,27],"class_list":{"0":"post-1900","1":"product","2":"type-product","3":"status-publish","4":"has-post-thumbnail","6":"product_cat-pendentif-fusing","7":"product_cat-pendentif-millefioris","8":"product_cat-pendentif-tiffany","9":"product_tag-fleur-soie-metal","10":"product_tag-fusing-verre","11":"product_tag-millefiori-verre","12":"product_tag-pendentif-verre","13":"product_tag-tiffany-verre","14":"pa_bijou-pendentif","16":"first","17":"instock","18":"purchasable","19":"product-type-simple"},"_links":{"self":[{"href":"https:\/\/art-bijoux.com\/en\/wp-json\/wp\/v2\/product\/1900","targetHints":{"allow":["GET"]}}],"collection":[{"href":"https:\/\/art-bijoux.com\/en\/wp-json\/wp\/v2\/product"}],"about":[{"href":"https:\/\/art-bijoux.com\/en\/wp-json\/wp\/v2\/types\/product"}],"replies":[{"embeddable":true,"href":"https:\/\/art-bijoux.com\/en\/wp-json\/wp\/v2\/comments?post=1900"}],"version-history":[{"count":0,"href":"https:\/\/art-bijoux.com\/en\/wp-json\/wp\/v2\/product\/1900\/revisions"}],"wp:featuredmedia":[{"embeddable":true,"href":"https:\/\/art-bijoux.com\/en\/wp-json\/wp\/v2\/media\/1811"}],"wp:attachment":[{"href":"https:\/\/art-bijoux.com\/en\/wp-json\/wp\/v2\/media?parent=1900"}],"wp:term":[{"taxonomy":"product_brand","embeddable":true,"href":"https:\/\/art-bijoux.com\/en\/wp-json\/wp\/v2\/product_brand?post=1900"},{"taxonomy":"product_cat","embeddable":true,"href":"https:\/\/art-bijoux.com\/en\/wp-json\/wp\/v2\/product_cat?post=1900"},{"taxonomy":"product_tag","embeddable":true,"href":"https:\/\/art-bijoux.com\/en\/wp-json\/wp\/v2\/product_tag?post=1900"}],"curies":[{"name":"wp","href":"https:\/\/api.w.org\/{rel}","templated":true}]}}