{"id":1901,"date":"2024-05-14T17:17:32","date_gmt":"2024-05-14T15:17:32","guid":{"rendered":"https:\/\/art-bijoux.com\/?post_type=product&#038;p=1901"},"modified":"2024-05-14T17:18:47","modified_gmt":"2024-05-14T15:18:47","slug":"pendentif-carre-avec-millefioris-bleus-et-blancs-sur-fond-mauve-transparent","status":"publish","type":"product","link":"https:\/\/art-bijoux.com\/en\/boutique\/pendentif-carre-avec-millefioris-bleus-et-blancs-sur-fond-mauve-transparent\/","title":{"rendered":"Pendentif Carr\u00e9 avec Millefioris Bleus et Blancs sur Fond Mauve Transparent"},"content":{"rendered":"<figure id=\"attachment_1816\" aria-describedby=\"caption-attachment-1816\" style=\"width: 269px\" class=\"wp-caption alignleft\"><img fetchpriority=\"high\" decoding=\"async\" class=\"size-medium wp-image-1816\" src=\"https:\/\/art-bijoux.com\/wp-content\/uploads\/2024\/05\/3-millefioris-verts-violet-269x300.webp\" alt=\"Carr\u00e9 de verre mauve transparent avec 3 millefioris bleu et blanc, mont\u00e9 en Tiffany\" width=\"269\" height=\"300\" srcset=\"https:\/\/art-bijoux.com\/wp-content\/uploads\/2024\/05\/3-millefioris-verts-violet-269x300.webp 269w, https:\/\/art-bijoux.com\/wp-content\/uploads\/2024\/05\/3-millefioris-verts-violet-919x1024.webp 919w, https:\/\/art-bijoux.com\/wp-content\/uploads\/2024\/05\/3-millefioris-verts-violet-768x856.webp 768w, https:\/\/art-bijoux.com\/wp-content\/uploads\/2024\/05\/3-millefioris-verts-violet-1378x1536.webp 1378w, https:\/\/art-bijoux.com\/wp-content\/uploads\/2024\/05\/3-millefioris-verts-violet-600x669.webp 600w, https:\/\/art-bijoux.com\/wp-content\/uploads\/2024\/05\/3-millefioris-verts-violet.webp 1729w\" sizes=\"(max-width: 269px) 100vw, 269px\" \/><figcaption id=\"caption-attachment-1816\" class=\"wp-caption-text\">Carr\u00e9 de verre mauve transparent avec 3 millefioris bleu et blanc, mont\u00e9 en Tiffany<\/figcaption><\/figure>\n<p>Ce pendentif carr\u00e9 incarne l&#8217;\u00e9l\u00e9gance et la sophistication avec son design raffin\u00e9 et ses d\u00e9tails exquis. Sur un fond de verre mauve transparent, trois millefioris d&#8217;un bleu turquoise, rehauss\u00e9s de contours blancs d\u00e9licats, sont soigneusement fondus pour former un triangle central captivant. Chaque millefiori, inspir\u00e9 des c\u00e9l\u00e8bres verres de Murano en Italie, apporte une richesse visuelle et une touche d&#8217;artisanat artisanal \u00e0 cette pi\u00e8ce remarquable. Une b\u00e9li\u00e8re discr\u00e8te est solidement soud\u00e9e \u00e0 l&#8217;arri\u00e8re, assurant une suspension s\u00e9curis\u00e9e tout en pr\u00e9servant la transparence du verre. La patine subtile, dans des tons d&#8217;\u00e9tain et de cuivre, ajoute une touche de sophistication suppl\u00e9mentaire \u00e0 cette cr\u00e9ation exceptionnelle, <strong>une des plus belles de cette collection.<\/strong><\/p>\n<p>Caract\u00e9ristiques :<\/p>\n<ul>\n<li>Forme : Carr\u00e9<\/li>\n<li>Motif : Trois millefioris bleus avec contours blancs dispos\u00e9s en triangle<\/li>\n<li>Couleurs : Mauve, bleu, blanc<\/li>\n<li>Techniques : Fusing et Tiffany<\/li>\n<li>Mat\u00e9riaux : Verre, cuivre, \u00e9tain, m\u00e9tal argent\u00e9<\/li>\n<li>Dimensions : largeur: 4,5cm, hauteur:5,5 cm<\/li>\n<\/ul>\n<p>&nbsp;<\/p>\n","protected":false},"excerpt":{"rendered":"<p>Carr\u00e9 de verre mauve transparent avec 3 millefioris bleu et blanc, mont\u00e9 en Tiffany<\/p>\n","protected":false},"featured_media":1816,"comment_status":"open","ping_status":"closed","template":"","meta":[],"product_brand":[],"product_cat":[182,181,28],"product_tag":[38,49,65,26,27],"class_list":{"0":"post-1901","1":"product","2":"type-product","3":"status-publish","4":"has-post-thumbnail","6":"product_cat-pendentif-fusing","7":"product_cat-pendentif-millefioris","8":"product_cat-pendentif-tiffany","9":"product_tag-fleur-soie-metal","10":"product_tag-fusing-verre","11":"product_tag-millefiori-verre","12":"product_tag-pendentif-verre","13":"product_tag-tiffany-verre","14":"pa_bijou-pendentif","16":"first","17":"instock","18":"purchasable","19":"product-type-simple"},"_links":{"self":[{"href":"https:\/\/art-bijoux.com\/en\/wp-json\/wp\/v2\/product\/1901","targetHints":{"allow":["GET"]}}],"collection":[{"href":"https:\/\/art-bijoux.com\/en\/wp-json\/wp\/v2\/product"}],"about":[{"href":"https:\/\/art-bijoux.com\/en\/wp-json\/wp\/v2\/types\/product"}],"replies":[{"embeddable":true,"href":"https:\/\/art-bijoux.com\/en\/wp-json\/wp\/v2\/comments?post=1901"}],"version-history":[{"count":0,"href":"https:\/\/art-bijoux.com\/en\/wp-json\/wp\/v2\/product\/1901\/revisions"}],"wp:featuredmedia":[{"embeddable":true,"href":"https:\/\/art-bijoux.com\/en\/wp-json\/wp\/v2\/media\/1816"}],"wp:attachment":[{"href":"https:\/\/art-bijoux.com\/en\/wp-json\/wp\/v2\/media?parent=1901"}],"wp:term":[{"taxonomy":"product_brand","embeddable":true,"href":"https:\/\/art-bijoux.com\/en\/wp-json\/wp\/v2\/product_brand?post=1901"},{"taxonomy":"product_cat","embeddable":true,"href":"https:\/\/art-bijoux.com\/en\/wp-json\/wp\/v2\/product_cat?post=1901"},{"taxonomy":"product_tag","embeddable":true,"href":"https:\/\/art-bijoux.com\/en\/wp-json\/wp\/v2\/product_tag?post=1901"}],"curies":[{"name":"wp","href":"https:\/\/api.w.org\/{rel}","templated":true}]}}