{"id":1903,"date":"2024-05-14T17:25:59","date_gmt":"2024-05-14T15:25:59","guid":{"rendered":"https:\/\/art-bijoux.com\/?post_type=product&#038;p=1903"},"modified":"2024-05-22T17:28:48","modified_gmt":"2024-05-22T15:28:48","slug":"pendentif-carre-avec-millefioris-bleus-et-eclat-de-verre-mauve","status":"publish","type":"product","link":"https:\/\/art-bijoux.com\/en\/boutique\/pendentif-carre-avec-millefioris-bleus-et-eclat-de-verre-mauve\/","title":{"rendered":"Pendentif Carr\u00e9 avec Millefioris Bleus et \u00c9clat de Verre Mauve"},"content":{"rendered":"<figure id=\"attachment_1831\" aria-describedby=\"caption-attachment-1831\" style=\"width: 267px\" class=\"wp-caption alignleft\"><img fetchpriority=\"high\" decoding=\"async\" class=\"size-medium wp-image-1831\" src=\"https:\/\/art-bijoux.com\/wp-content\/uploads\/2024\/05\/millefioris-2-vert-1-eclat-violet-267x300.webp\" alt=\"Pendentif carr\u00e9 avec 2 millefioris bleus et un \u00e9clat mauve, sur fond mauve transparent, mont\u00e9 en Tiffany\" width=\"267\" height=\"300\" srcset=\"https:\/\/art-bijoux.com\/wp-content\/uploads\/2024\/05\/millefioris-2-vert-1-eclat-violet-267x300.webp 267w, https:\/\/art-bijoux.com\/wp-content\/uploads\/2024\/05\/millefioris-2-vert-1-eclat-violet-912x1024.webp 912w, https:\/\/art-bijoux.com\/wp-content\/uploads\/2024\/05\/millefioris-2-vert-1-eclat-violet-768x862.webp 768w, https:\/\/art-bijoux.com\/wp-content\/uploads\/2024\/05\/millefioris-2-vert-1-eclat-violet-1368x1536.webp 1368w, https:\/\/art-bijoux.com\/wp-content\/uploads\/2024\/05\/millefioris-2-vert-1-eclat-violet-600x674.webp 600w, https:\/\/art-bijoux.com\/wp-content\/uploads\/2024\/05\/millefioris-2-vert-1-eclat-violet.webp 1716w\" sizes=\"(max-width: 267px) 100vw, 267px\" \/><figcaption id=\"caption-attachment-1831\" class=\"wp-caption-text\">Pendentif carr\u00e9 avec 2 millefioris bleus et un \u00e9clat mauve, sur fond mauve transparent, mont\u00e9 en Tiffany<\/figcaption><\/figure>\n<p>Ce pendentif carr\u00e9 offre une combinaison harmonieuse de couleurs et de textures, captivant le regard avec son design \u00e9l\u00e9gant. Sur un fond de verre mauve transparent, deux millefioris bleus, soulign\u00e9s de contours blancs subtils, ainsi qu&#8217;un \u00e9clat de verre mauve, sont soigneusement fondus pour cr\u00e9er une composition dynamique dispos\u00e9e en diagonale. Chaque millefiori, inspir\u00e9 des c\u00e9l\u00e8bres techniques de fabrication du verre de Murano en Italie, ajoute une touche de sophistication et de raffinement \u00e0 cette pi\u00e8ce. Une b\u00e9li\u00e8re en m\u00e9tal dor\u00e9, discr\u00e8te, est solidement soud\u00e9e \u00e0 l&#8217;arri\u00e8re, assurant une suspension s\u00e9curis\u00e9e du pendentif. La patine couleur cuivre apporte une chaleur suppl\u00e9mentaire \u00e0 l&#8217;ensemble, mettant en valeur les nuances riches du verre mauve.<\/p>\n<p>Caract\u00e9ristiques :<\/p>\n<ul>\n<li>Forme : Carr\u00e9<\/li>\n<li>Motif : Deux millefioris bleus avec contours blancs et un \u00e9clat de verre mauve, dispos\u00e9s en diagonale<\/li>\n<li>Couleurs : Mauve, bleu, blanc<\/li>\n<li>Techniques : Fusing, Tiffany<\/li>\n<li>Mat\u00e9riaux : Verre, cuivre, \u00e9tain, m\u00e9tal dor\u00e9<\/li>\n<li>Dimensions : hauteur : 5,3cm, largeur:4,5cm<\/li>\n<\/ul>\n","protected":false},"excerpt":{"rendered":"<p>Pendentif carr\u00e9 avec 2 millefioris bleus et un \u00e9clat mauve, sur fond mauve transparent, mont\u00e9 en Tiffany<\/p>\n","protected":false},"featured_media":1831,"comment_status":"open","ping_status":"closed","template":"","meta":[],"product_brand":[],"product_cat":[182,186,181,28],"product_tag":[38,49,65,26,27],"class_list":{"0":"post-1903","1":"product","2":"type-product","3":"status-publish","4":"has-post-thumbnail","6":"product_cat-pendentif-fusing","7":"product_cat-bijou-pendentif-fusing-tiffany","8":"product_cat-pendentif-millefioris","9":"product_cat-pendentif-tiffany","10":"product_tag-fleur-soie-metal","11":"product_tag-fusing-verre","12":"product_tag-millefiori-verre","13":"product_tag-pendentif-verre","14":"product_tag-tiffany-verre","15":"pa_bijou-pendentif","17":"first","18":"instock","19":"purchasable","20":"product-type-simple"},"_links":{"self":[{"href":"https:\/\/art-bijoux.com\/en\/wp-json\/wp\/v2\/product\/1903","targetHints":{"allow":["GET"]}}],"collection":[{"href":"https:\/\/art-bijoux.com\/en\/wp-json\/wp\/v2\/product"}],"about":[{"href":"https:\/\/art-bijoux.com\/en\/wp-json\/wp\/v2\/types\/product"}],"replies":[{"embeddable":true,"href":"https:\/\/art-bijoux.com\/en\/wp-json\/wp\/v2\/comments?post=1903"}],"version-history":[{"count":0,"href":"https:\/\/art-bijoux.com\/en\/wp-json\/wp\/v2\/product\/1903\/revisions"}],"wp:featuredmedia":[{"embeddable":true,"href":"https:\/\/art-bijoux.com\/en\/wp-json\/wp\/v2\/media\/1831"}],"wp:attachment":[{"href":"https:\/\/art-bijoux.com\/en\/wp-json\/wp\/v2\/media?parent=1903"}],"wp:term":[{"taxonomy":"product_brand","embeddable":true,"href":"https:\/\/art-bijoux.com\/en\/wp-json\/wp\/v2\/product_brand?post=1903"},{"taxonomy":"product_cat","embeddable":true,"href":"https:\/\/art-bijoux.com\/en\/wp-json\/wp\/v2\/product_cat?post=1903"},{"taxonomy":"product_tag","embeddable":true,"href":"https:\/\/art-bijoux.com\/en\/wp-json\/wp\/v2\/product_tag?post=1903"}],"curies":[{"name":"wp","href":"https:\/\/api.w.org\/{rel}","templated":true}]}}