{"id":1905,"date":"2024-05-14T17:40:17","date_gmt":"2024-05-14T15:40:17","guid":{"rendered":"https:\/\/art-bijoux.com\/?post_type=product&#038;p=1905"},"modified":"2024-05-22T17:27:42","modified_gmt":"2024-05-22T15:27:42","slug":"pendentif-carre-mauve-avec-millefioris-bleu-fonce-et-blanc","status":"publish","type":"product","link":"https:\/\/art-bijoux.com\/en\/boutique\/pendentif-carre-mauve-avec-millefioris-bleu-fonce-et-blanc\/","title":{"rendered":"Pendentif Carr\u00e9 Mauve avec Millefioris Bleu Fonc\u00e9 et Blanc"},"content":{"rendered":"<figure id=\"attachment_1808\" aria-describedby=\"caption-attachment-1808\" style=\"width: 271px\" class=\"wp-caption alignleft\"><img fetchpriority=\"high\" decoding=\"async\" class=\"size-medium wp-image-1808\" src=\"https:\/\/art-bijoux.com\/wp-content\/uploads\/2024\/05\/2-millefioris-bleu-violet-271x300.webp\" alt=\"Pendentif carr\u00e9 en verre mauve transparent avec 2 millefioris bleu et blanc, mont\u00e9 en Tiffany\" width=\"271\" height=\"300\" srcset=\"https:\/\/art-bijoux.com\/wp-content\/uploads\/2024\/05\/2-millefioris-bleu-violet-271x300.webp 271w, https:\/\/art-bijoux.com\/wp-content\/uploads\/2024\/05\/2-millefioris-bleu-violet-926x1024.webp 926w, https:\/\/art-bijoux.com\/wp-content\/uploads\/2024\/05\/2-millefioris-bleu-violet-768x849.webp 768w, https:\/\/art-bijoux.com\/wp-content\/uploads\/2024\/05\/2-millefioris-bleu-violet-1389x1536.webp 1389w, https:\/\/art-bijoux.com\/wp-content\/uploads\/2024\/05\/2-millefioris-bleu-violet-600x663.webp 600w, https:\/\/art-bijoux.com\/wp-content\/uploads\/2024\/05\/2-millefioris-bleu-violet.webp 1740w\" sizes=\"(max-width: 271px) 100vw, 271px\" \/><figcaption id=\"caption-attachment-1808\" class=\"wp-caption-text\">Pendentif carr\u00e9 en verre mauve transparent avec 2 millefioris bleu et blanc, mont\u00e9 en Tiffany<\/figcaption><\/figure>\n<p>Ce ravissant pendentif carr\u00e9 pr\u00e9sente une esth\u00e9tique \u00e9l\u00e9gante et raffin\u00e9e, mettant en valeur un jeu de contrastes subtils et captivants. Sur un fond de verre mauve transparent, deux millefioris sont habilement fondus, cr\u00e9ant une composition saisissante dispos\u00e9e en diagonale. Le bleu fonc\u00e9, rehauss\u00e9 de contours blancs d\u00e9licats, apporte une profondeur et une richesse visuelle \u00e0 l&#8217;ensemble. Inspir\u00e9s des traditions artisanales des ma\u00eetres verriers de Murano en Italie, ces millefioris conf\u00e8rent \u00e0 la pi\u00e8ce une aura d&#8217;authenticit\u00e9 et de prestige. Une b\u00e9li\u00e8re couleur argent\u00e9 discr\u00e8te est solidement soud\u00e9e \u00e0 l&#8217;arri\u00e8re, assurant une suspension s\u00e9curis\u00e9e du pendentif. La patine couleur grise ajoute une touche de modernit\u00e9 et d&#8217;\u00e9l\u00e9gance \u00e0 l&#8217;ensemble, mettant en valeur la beaut\u00e9 du verre mauve.<\/p>\n<p>Caract\u00e9ristiques :<\/p>\n<ul>\n<li>Forme : Carr\u00e9<\/li>\n<li>Motif : Deux millefioris bleu fonc\u00e9 avec des contours blancs, dispos\u00e9s en diagonale<\/li>\n<li>Couleurs : Mauve, bleu fonc\u00e9, blanc<\/li>\n<li>Techniques : Fusing et Tiffany<\/li>\n<li>Mat\u00e9riaux : Verre<\/li>\n<li>Dimensions : largeur : 3,8cm, hauteur: 4,7cm<\/li>\n<\/ul>\n","protected":false},"excerpt":{"rendered":"<p>Ce ravissant pendentif carr\u00e9 pr\u00e9sente une esth\u00e9tique \u00e9l\u00e9gante et raffin\u00e9e, mettant en valeur un jeu de contrastes subtils et captivants. Sur un fond de verre mauve transparent, deux millefioris sont habilement fondus, cr\u00e9ant une composition saisissante dispos\u00e9e en diagonale. Le bleu fonc\u00e9, rehauss\u00e9 de contours blancs d\u00e9licats, apporte une profondeur et une richesse visuelle \u00e0 [&hellip;]<\/p>\n","protected":false},"featured_media":1808,"comment_status":"open","ping_status":"closed","template":"","meta":[],"product_brand":[],"product_cat":[182,186,181,28],"product_tag":[38,49,65,26,27],"class_list":{"0":"post-1905","1":"product","2":"type-product","3":"status-publish","4":"has-post-thumbnail","6":"product_cat-pendentif-fusing","7":"product_cat-bijou-pendentif-fusing-tiffany","8":"product_cat-pendentif-millefioris","9":"product_cat-pendentif-tiffany","10":"product_tag-fleur-soie-metal","11":"product_tag-fusing-verre","12":"product_tag-millefiori-verre","13":"product_tag-pendentif-verre","14":"product_tag-tiffany-verre","15":"pa_bijou-pendentif","17":"first","18":"instock","19":"purchasable","20":"product-type-simple"},"_links":{"self":[{"href":"https:\/\/art-bijoux.com\/en\/wp-json\/wp\/v2\/product\/1905","targetHints":{"allow":["GET"]}}],"collection":[{"href":"https:\/\/art-bijoux.com\/en\/wp-json\/wp\/v2\/product"}],"about":[{"href":"https:\/\/art-bijoux.com\/en\/wp-json\/wp\/v2\/types\/product"}],"replies":[{"embeddable":true,"href":"https:\/\/art-bijoux.com\/en\/wp-json\/wp\/v2\/comments?post=1905"}],"version-history":[{"count":0,"href":"https:\/\/art-bijoux.com\/en\/wp-json\/wp\/v2\/product\/1905\/revisions"}],"wp:featuredmedia":[{"embeddable":true,"href":"https:\/\/art-bijoux.com\/en\/wp-json\/wp\/v2\/media\/1808"}],"wp:attachment":[{"href":"https:\/\/art-bijoux.com\/en\/wp-json\/wp\/v2\/media?parent=1905"}],"wp:term":[{"taxonomy":"product_brand","embeddable":true,"href":"https:\/\/art-bijoux.com\/en\/wp-json\/wp\/v2\/product_brand?post=1905"},{"taxonomy":"product_cat","embeddable":true,"href":"https:\/\/art-bijoux.com\/en\/wp-json\/wp\/v2\/product_cat?post=1905"},{"taxonomy":"product_tag","embeddable":true,"href":"https:\/\/art-bijoux.com\/en\/wp-json\/wp\/v2\/product_tag?post=1905"}],"curies":[{"name":"wp","href":"https:\/\/api.w.org\/{rel}","templated":true}]}}