{"id":1906,"date":"2024-05-14T17:48:31","date_gmt":"2024-05-14T15:48:31","guid":{"rendered":"https:\/\/art-bijoux.com\/?post_type=product&#038;p=1906"},"modified":"2024-05-22T17:27:07","modified_gmt":"2024-05-22T15:27:07","slug":"pendentif-carre-mauve-avec-millefioris-blanc-et-jaune","status":"publish","type":"product","link":"https:\/\/art-bijoux.com\/en\/boutique\/pendentif-carre-mauve-avec-millefioris-blanc-et-jaune\/","title":{"rendered":"Pendentif Carr\u00e9 Mauve avec Millefioris Blanc et Jaune"},"content":{"rendered":"<figure id=\"attachment_1804\" aria-describedby=\"caption-attachment-1804\" style=\"width: 298px\" class=\"wp-caption alignleft\"><img fetchpriority=\"high\" decoding=\"async\" class=\"size-medium wp-image-1804\" src=\"https:\/\/art-bijoux.com\/wp-content\/uploads\/2024\/05\/2-millefioris-blanc-jaune-carre-violet-298x300.webp\" alt=\"Pendentif mauve avec un millefiori blanc et un jaune, mont\u00e9 en Tiffany\" width=\"298\" height=\"300\" srcset=\"https:\/\/art-bijoux.com\/wp-content\/uploads\/2024\/05\/2-millefioris-blanc-jaune-carre-violet-298x300.webp 298w, https:\/\/art-bijoux.com\/wp-content\/uploads\/2024\/05\/2-millefioris-blanc-jaune-carre-violet-1019x1024.webp 1019w, https:\/\/art-bijoux.com\/wp-content\/uploads\/2024\/05\/2-millefioris-blanc-jaune-carre-violet-150x150.webp 150w, https:\/\/art-bijoux.com\/wp-content\/uploads\/2024\/05\/2-millefioris-blanc-jaune-carre-violet-768x772.webp 768w, https:\/\/art-bijoux.com\/wp-content\/uploads\/2024\/05\/2-millefioris-blanc-jaune-carre-violet-1528x1536.webp 1528w, https:\/\/art-bijoux.com\/wp-content\/uploads\/2024\/05\/2-millefioris-blanc-jaune-carre-violet-600x603.webp 600w, https:\/\/art-bijoux.com\/wp-content\/uploads\/2024\/05\/2-millefioris-blanc-jaune-carre-violet-100x100.webp 100w, https:\/\/art-bijoux.com\/wp-content\/uploads\/2024\/05\/2-millefioris-blanc-jaune-carre-violet.webp 1910w\" sizes=\"(max-width: 298px) 100vw, 298px\" \/><figcaption id=\"caption-attachment-1804\" class=\"wp-caption-text\">Pendentif mauve avec un millefiori blanc et un jaune, mont\u00e9 en Tiffany<\/figcaption><\/figure>\n<p>Ce pendentif carr\u00e9 aux angles arrondis incarne l&#8217;\u00e9l\u00e9gance et la finesse, offrant une fusion harmonieuse de couleurs vives et de d\u00e9tails d\u00e9licats. Sur un fond de verre mauve transparent, un millefiori blanc et un millefiori jaune sont artistiquement fondus, cr\u00e9ant une composition dynamique dispos\u00e9e en diagonale. Ces millefioris, inspir\u00e9s de l&#8217;artisanat traditionnel des ma\u00eetres verriers de Murano en Italie, apportent une touche d&#8217;authenticit\u00e9 et de sophistication \u00e0 l&#8217;ensemble. La b\u00e9li\u00e8re couleur argent\u00e9,\u00a0 soud\u00e9e \u00e0 l&#8217;arri\u00e8re, assure une suspension s\u00e9curis\u00e9e du pendentif, tandis que la patine couleur gris fonc\u00e9 ajoute une note d&#8217;\u00e9rosion. Mont\u00e9 selon la technique Tiffany, le pourtour du pendentif a \u00e9t\u00e9 serti de cuivre et meul\u00e9 \u00e0 l&#8217;\u00e9tain, offrant une finition soign\u00e9e et \u00e9l\u00e9gante.<\/p>\n<p>Caract\u00e9ristiques :<\/p>\n<ul>\n<li>Forme : Carr\u00e9 aux angles arrondis<\/li>\n<li>Motif : Un millefiori blanc et un millefiori jaune, dispos\u00e9s en diagonale<\/li>\n<li>Couleurs : Mauve, blanc, jaune<\/li>\n<li>Techniques : Fusing, Tiffany<\/li>\n<li>Mat\u00e9riaux : Verre, cuivre, \u00e9tain, m\u00e9tal argent\u00e9<\/li>\n<li>Dimensions : largeur : 3,7cm, hauteur : 4,6cm<\/li>\n<\/ul>\n","protected":false},"excerpt":{"rendered":"<p>Pendentif mauve avec un millefiori blanc et un jaune, mont\u00e9 en Tiffany<\/p>\n","protected":false},"featured_media":1804,"comment_status":"open","ping_status":"closed","template":"","meta":[],"product_brand":[],"product_cat":[182,186,181,28],"product_tag":[38,49,65,26,27],"class_list":{"0":"post-1906","1":"product","2":"type-product","3":"status-publish","4":"has-post-thumbnail","6":"product_cat-pendentif-fusing","7":"product_cat-bijou-pendentif-fusing-tiffany","8":"product_cat-pendentif-millefioris","9":"product_cat-pendentif-tiffany","10":"product_tag-fleur-soie-metal","11":"product_tag-fusing-verre","12":"product_tag-millefiori-verre","13":"product_tag-pendentif-verre","14":"product_tag-tiffany-verre","15":"pa_bijou-pendentif","17":"first","18":"instock","19":"purchasable","20":"product-type-simple"},"_links":{"self":[{"href":"https:\/\/art-bijoux.com\/en\/wp-json\/wp\/v2\/product\/1906","targetHints":{"allow":["GET"]}}],"collection":[{"href":"https:\/\/art-bijoux.com\/en\/wp-json\/wp\/v2\/product"}],"about":[{"href":"https:\/\/art-bijoux.com\/en\/wp-json\/wp\/v2\/types\/product"}],"replies":[{"embeddable":true,"href":"https:\/\/art-bijoux.com\/en\/wp-json\/wp\/v2\/comments?post=1906"}],"version-history":[{"count":0,"href":"https:\/\/art-bijoux.com\/en\/wp-json\/wp\/v2\/product\/1906\/revisions"}],"wp:featuredmedia":[{"embeddable":true,"href":"https:\/\/art-bijoux.com\/en\/wp-json\/wp\/v2\/media\/1804"}],"wp:attachment":[{"href":"https:\/\/art-bijoux.com\/en\/wp-json\/wp\/v2\/media?parent=1906"}],"wp:term":[{"taxonomy":"product_brand","embeddable":true,"href":"https:\/\/art-bijoux.com\/en\/wp-json\/wp\/v2\/product_brand?post=1906"},{"taxonomy":"product_cat","embeddable":true,"href":"https:\/\/art-bijoux.com\/en\/wp-json\/wp\/v2\/product_cat?post=1906"},{"taxonomy":"product_tag","embeddable":true,"href":"https:\/\/art-bijoux.com\/en\/wp-json\/wp\/v2\/product_tag?post=1906"}],"curies":[{"name":"wp","href":"https:\/\/api.w.org\/{rel}","templated":true}]}}