{"id":1907,"date":"2024-05-14T17:55:19","date_gmt":"2024-05-14T15:55:19","guid":{"rendered":"https:\/\/art-bijoux.com\/?post_type=product&#038;p=1907"},"modified":"2024-05-22T17:26:37","modified_gmt":"2024-05-22T15:26:37","slug":"pendentif-ovale-mauve-avec-millefiori-blanc-et-rose","status":"publish","type":"product","link":"https:\/\/art-bijoux.com\/en\/boutique\/pendentif-ovale-mauve-avec-millefiori-blanc-et-rose\/","title":{"rendered":"Pendentif Ovale Mauve avec Millefiori Blanc et Rose"},"content":{"rendered":"<figure id=\"attachment_1809\" aria-describedby=\"caption-attachment-1809\" style=\"width: 277px\" class=\"wp-caption alignleft\"><img fetchpriority=\"high\" decoding=\"async\" class=\"size-medium wp-image-1809\" src=\"https:\/\/art-bijoux.com\/wp-content\/uploads\/2024\/05\/2-millefioris-cercle-violet-277x300.webp\" alt=\"Pendentif mauve avec un millefiori rose et un blanc, mont\u00e9 en Tiffany\" width=\"277\" height=\"300\" srcset=\"https:\/\/art-bijoux.com\/wp-content\/uploads\/2024\/05\/2-millefioris-cercle-violet-277x300.webp 277w, https:\/\/art-bijoux.com\/wp-content\/uploads\/2024\/05\/2-millefioris-cercle-violet-945x1024.webp 945w, https:\/\/art-bijoux.com\/wp-content\/uploads\/2024\/05\/2-millefioris-cercle-violet-768x833.webp 768w, https:\/\/art-bijoux.com\/wp-content\/uploads\/2024\/05\/2-millefioris-cercle-violet-1417x1536.webp 1417w, https:\/\/art-bijoux.com\/wp-content\/uploads\/2024\/05\/2-millefioris-cercle-violet-600x650.webp 600w, https:\/\/art-bijoux.com\/wp-content\/uploads\/2024\/05\/2-millefioris-cercle-violet.webp 1771w\" sizes=\"(max-width: 277px) 100vw, 277px\" \/><figcaption id=\"caption-attachment-1809\" class=\"wp-caption-text\">Pendentif mauve avec un millefiori rose et un blanc, mont\u00e9 en Tiffany<\/figcaption><\/figure>\n<p>Ce pendentif ovale, d&#8217;une \u00e9l\u00e9gance intemporelle, \u00e9voque la d\u00e9licatesse et la beaut\u00e9 des motifs floraux. Sur un fond de verre mauve transparent, un millefiori blanc et un millefiori rose, \u00e9tir\u00e9s avec finesse par la fonte dans le four, captivent le regard par leur \u00e9clat et leur sophistication. Ces millefioris, inspir\u00e9s de l&#8217;artisanat exceptionnel des ma\u00eetres verriers de Murano en Italie, apportent une touche de raffinement \u00e0 l&#8217;ensemble. Une b\u00e9li\u00e8re couleur argent\u00e9, solidement soud\u00e9e \u00e0 l&#8217;arri\u00e8re, assure une fixation s\u00e9curis\u00e9e du pendentif, tandis que la patine couleur gris fonc\u00e9 conf\u00e8re une aura ancienne et \u00e9l\u00e9gante. Mont\u00e9 selon la technique Tiffany, le pourtour du pendentif a \u00e9t\u00e9 serti de cuivre et meul\u00e9 \u00e0 l&#8217;\u00e9tain, ajoutant une touche artisanale et soign\u00e9e \u00e0 son design.<\/p>\n<p>Caract\u00e9ristiques :<\/p>\n<ul>\n<li>Forme : Ovale<\/li>\n<li>Motif : Un millefiori blanc et un millefiori rose, \u00e9tir\u00e9s par la fonte dans le four<\/li>\n<li>Couleurs : Mauve, blanc, rose<\/li>\n<li>Techniques : Fusing, Tiffany<\/li>\n<li>Mat\u00e9riaux : Verre, cuivre, \u00e9tain, m\u00e9tal argent\u00e9<\/li>\n<li>Dimensions : largeur : 4,6cm, hauteur : 5,4cm<\/li>\n<\/ul>\n","protected":false},"excerpt":{"rendered":"<p>Pendentif mauve avec un millefiori rose et un blanc, mont\u00e9 en Tiffany<\/p>\n","protected":false},"featured_media":1809,"comment_status":"open","ping_status":"closed","template":"","meta":[],"product_brand":[],"product_cat":[182,186,181,28],"product_tag":[38,49,65,26,27],"class_list":{"0":"post-1907","1":"product","2":"type-product","3":"status-publish","4":"has-post-thumbnail","6":"product_cat-pendentif-fusing","7":"product_cat-bijou-pendentif-fusing-tiffany","8":"product_cat-pendentif-millefioris","9":"product_cat-pendentif-tiffany","10":"product_tag-fleur-soie-metal","11":"product_tag-fusing-verre","12":"product_tag-millefiori-verre","13":"product_tag-pendentif-verre","14":"product_tag-tiffany-verre","15":"pa_bijou-pendentif","17":"first","18":"instock","19":"purchasable","20":"product-type-simple"},"_links":{"self":[{"href":"https:\/\/art-bijoux.com\/en\/wp-json\/wp\/v2\/product\/1907","targetHints":{"allow":["GET"]}}],"collection":[{"href":"https:\/\/art-bijoux.com\/en\/wp-json\/wp\/v2\/product"}],"about":[{"href":"https:\/\/art-bijoux.com\/en\/wp-json\/wp\/v2\/types\/product"}],"replies":[{"embeddable":true,"href":"https:\/\/art-bijoux.com\/en\/wp-json\/wp\/v2\/comments?post=1907"}],"version-history":[{"count":0,"href":"https:\/\/art-bijoux.com\/en\/wp-json\/wp\/v2\/product\/1907\/revisions"}],"wp:featuredmedia":[{"embeddable":true,"href":"https:\/\/art-bijoux.com\/en\/wp-json\/wp\/v2\/media\/1809"}],"wp:attachment":[{"href":"https:\/\/art-bijoux.com\/en\/wp-json\/wp\/v2\/media?parent=1907"}],"wp:term":[{"taxonomy":"product_brand","embeddable":true,"href":"https:\/\/art-bijoux.com\/en\/wp-json\/wp\/v2\/product_brand?post=1907"},{"taxonomy":"product_cat","embeddable":true,"href":"https:\/\/art-bijoux.com\/en\/wp-json\/wp\/v2\/product_cat?post=1907"},{"taxonomy":"product_tag","embeddable":true,"href":"https:\/\/art-bijoux.com\/en\/wp-json\/wp\/v2\/product_tag?post=1907"}],"curies":[{"name":"wp","href":"https:\/\/api.w.org\/{rel}","templated":true}]}}