{"id":1908,"date":"2024-05-14T18:03:05","date_gmt":"2024-05-14T16:03:05","guid":{"rendered":"https:\/\/art-bijoux.com\/?post_type=product&#038;p=1908"},"modified":"2024-05-22T17:26:02","modified_gmt":"2024-05-22T15:26:02","slug":"pendentif-mauve-carre-irregulier-avec-millefioris-blancs-et-bleus","status":"publish","type":"product","link":"https:\/\/art-bijoux.com\/en\/boutique\/pendentif-mauve-carre-irregulier-avec-millefioris-blancs-et-bleus\/","title":{"rendered":"Pendentif Mauve Carr\u00e9 Irr\u00e9gulier avec Millefioris Blancs et Bleus"},"content":{"rendered":"<figure id=\"attachment_1810\" aria-describedby=\"caption-attachment-1810\" style=\"width: 274px\" class=\"wp-caption alignleft\"><img fetchpriority=\"high\" decoding=\"async\" class=\"size-medium wp-image-1810\" src=\"https:\/\/art-bijoux.com\/wp-content\/uploads\/2024\/05\/2-millefioris-medaillon-violet-274x300.webp\" alt=\"Pendentif carr\u00e9 avec deux millefioris blancs sur fond mauve, mont\u00e9 en Tiffany\" width=\"274\" height=\"300\" srcset=\"https:\/\/art-bijoux.com\/wp-content\/uploads\/2024\/05\/2-millefioris-medaillon-violet-274x300.webp 274w, https:\/\/art-bijoux.com\/wp-content\/uploads\/2024\/05\/2-millefioris-medaillon-violet-935x1024.webp 935w, https:\/\/art-bijoux.com\/wp-content\/uploads\/2024\/05\/2-millefioris-medaillon-violet-768x841.webp 768w, https:\/\/art-bijoux.com\/wp-content\/uploads\/2024\/05\/2-millefioris-medaillon-violet-1402x1536.webp 1402w, https:\/\/art-bijoux.com\/wp-content\/uploads\/2024\/05\/2-millefioris-medaillon-violet-600x657.webp 600w, https:\/\/art-bijoux.com\/wp-content\/uploads\/2024\/05\/2-millefioris-medaillon-violet.webp 1753w\" sizes=\"(max-width: 274px) 100vw, 274px\" \/><figcaption id=\"caption-attachment-1810\" class=\"wp-caption-text\">Pendentif carr\u00e9 avec deux millefioris blancs sur fond mauve, mont\u00e9 en Tiffany<\/figcaption><\/figure>\n<p>Ce pendentif carr\u00e9, d&#8217;une forme irr\u00e9guli\u00e8re aux angles arrondis, d\u00e9gage un charme singulier et contemporain. Sur un fond de verre mauve transparent, un petit millefiori blanc et un millefiori blanc aux contours bleus, \u00e9tir\u00e9s avec habilet\u00e9 par la fonte dans le four, captivent par leur d\u00e9licatesse et leur \u00e9clat. Inspir\u00e9s des magnifiques cr\u00e9ations des artisans verriers de Murano en Italie, ces millefioris conf\u00e8rent au pendentif une touche de sophistication et d&#8217;authenticit\u00e9. Une b\u00e9li\u00e8re couleur argent\u00e9, solidement soud\u00e9e \u00e0 l&#8217;arri\u00e8re, assure une fixation s\u00e9curis\u00e9e du pendentif, tandis que la patine couleur \u00e9tain fonc\u00e9 lui conf\u00e8re une \u00e9l\u00e9gance intemporelle. R\u00e9alis\u00e9 selon la technique Tiffany, le pourtour du pendentif a \u00e9t\u00e9 serti de cuivre et meul\u00e9 \u00e0 l&#8217;\u00e9tain, ajoutant une finition soign\u00e9e et artisanale \u00e0 son design.<\/p>\n<p>Caract\u00e9ristiques :<\/p>\n<ul>\n<li>Forme : Carr\u00e9 irr\u00e9gulier aux angles arrondis<\/li>\n<li>Motif : 1 petit millefiori blanc et 1 millefiori blanc aux contours bleus<\/li>\n<li>Couleurs : Mauve, blanc, bleu<\/li>\n<li>Techniques : Fusing, Tiffany<\/li>\n<li>Mat\u00e9riaux : Verre, cuivre, \u00e9tain, m\u00e9tal argent\u00e9<\/li>\n<li>Dimensions : largeur : 4,4cm, hauteur: 5,5cm<\/li>\n<\/ul>\n<p>&nbsp;<\/p>\n","protected":false},"excerpt":{"rendered":"<p>Pendentif carr\u00e9 avec deux millefioris blancs sur fond mauve, mont\u00e9 en Tiffany<\/p>\n","protected":false},"featured_media":1810,"comment_status":"open","ping_status":"closed","template":"","meta":[],"product_brand":[],"product_cat":[182,186,181,28],"product_tag":[38,49,65,26,27],"class_list":{"0":"post-1908","1":"product","2":"type-product","3":"status-publish","4":"has-post-thumbnail","6":"product_cat-pendentif-fusing","7":"product_cat-bijou-pendentif-fusing-tiffany","8":"product_cat-pendentif-millefioris","9":"product_cat-pendentif-tiffany","10":"product_tag-fleur-soie-metal","11":"product_tag-fusing-verre","12":"product_tag-millefiori-verre","13":"product_tag-pendentif-verre","14":"product_tag-tiffany-verre","15":"pa_bijou-pendentif","17":"first","18":"instock","19":"purchasable","20":"product-type-simple"},"_links":{"self":[{"href":"https:\/\/art-bijoux.com\/en\/wp-json\/wp\/v2\/product\/1908","targetHints":{"allow":["GET"]}}],"collection":[{"href":"https:\/\/art-bijoux.com\/en\/wp-json\/wp\/v2\/product"}],"about":[{"href":"https:\/\/art-bijoux.com\/en\/wp-json\/wp\/v2\/types\/product"}],"replies":[{"embeddable":true,"href":"https:\/\/art-bijoux.com\/en\/wp-json\/wp\/v2\/comments?post=1908"}],"version-history":[{"count":0,"href":"https:\/\/art-bijoux.com\/en\/wp-json\/wp\/v2\/product\/1908\/revisions"}],"wp:featuredmedia":[{"embeddable":true,"href":"https:\/\/art-bijoux.com\/en\/wp-json\/wp\/v2\/media\/1810"}],"wp:attachment":[{"href":"https:\/\/art-bijoux.com\/en\/wp-json\/wp\/v2\/media?parent=1908"}],"wp:term":[{"taxonomy":"product_brand","embeddable":true,"href":"https:\/\/art-bijoux.com\/en\/wp-json\/wp\/v2\/product_brand?post=1908"},{"taxonomy":"product_cat","embeddable":true,"href":"https:\/\/art-bijoux.com\/en\/wp-json\/wp\/v2\/product_cat?post=1908"},{"taxonomy":"product_tag","embeddable":true,"href":"https:\/\/art-bijoux.com\/en\/wp-json\/wp\/v2\/product_tag?post=1908"}],"curies":[{"name":"wp","href":"https:\/\/api.w.org\/{rel}","templated":true}]}}