{"id":1909,"date":"2024-05-14T18:12:37","date_gmt":"2024-05-14T16:12:37","guid":{"rendered":"https:\/\/art-bijoux.com\/?post_type=product&#038;p=1909"},"modified":"2024-05-22T17:25:14","modified_gmt":"2024-05-22T15:25:14","slug":"pendentif-cercle-irregulier-avec-millefiori-blanc-et-orange","status":"publish","type":"product","link":"https:\/\/art-bijoux.com\/en\/boutique\/pendentif-cercle-irregulier-avec-millefiori-blanc-et-orange\/","title":{"rendered":"Pendentif Cercle Irr\u00e9gulier avec Millefiori Blanc et Orange"},"content":{"rendered":"<figure id=\"attachment_1821\" aria-describedby=\"caption-attachment-1821\" style=\"width: 255px\" class=\"wp-caption alignleft\"><img fetchpriority=\"high\" decoding=\"async\" class=\"size-medium wp-image-1821\" src=\"https:\/\/art-bijoux.com\/wp-content\/uploads\/2024\/05\/millefiori-blanc-cercle-violet-255x300.webp\" alt=\"Ovale mauve avec millefioris blanc et orange, mont\u00e9 en Tiffany\" width=\"255\" height=\"300\" srcset=\"https:\/\/art-bijoux.com\/wp-content\/uploads\/2024\/05\/millefiori-blanc-cercle-violet-255x300.webp 255w, https:\/\/art-bijoux.com\/wp-content\/uploads\/2024\/05\/millefiori-blanc-cercle-violet-869x1024.webp 869w, https:\/\/art-bijoux.com\/wp-content\/uploads\/2024\/05\/millefiori-blanc-cercle-violet-768x905.webp 768w, https:\/\/art-bijoux.com\/wp-content\/uploads\/2024\/05\/millefiori-blanc-cercle-violet-1303x1536.webp 1303w, https:\/\/art-bijoux.com\/wp-content\/uploads\/2024\/05\/millefiori-blanc-cercle-violet-600x707.webp 600w, https:\/\/art-bijoux.com\/wp-content\/uploads\/2024\/05\/millefiori-blanc-cercle-violet.webp 1629w\" sizes=\"(max-width: 255px) 100vw, 255px\" \/><figcaption id=\"caption-attachment-1821\" class=\"wp-caption-text\">Ovale mauve avec millefioris blanc et orange, mont\u00e9 en Tiffany<\/figcaption><\/figure>\n<p>Ce pendentif pr\u00e9sente une esth\u00e9tique unique avec sa forme de cercle irr\u00e9gulier, \u00e9voquant une allure contemporaine et artistique. R\u00e9alis\u00e9 sur un fond de verre mauve transparent, un millefiori blanc et un millefiori orange ont \u00e9t\u00e9 subtilement absorb\u00e9s par la fonte dans le four, cr\u00e9ant un motif qui ne se livre pas au premier regard. L&#8217;orange se fond harmonieusement avec le fond mauve, tandis que les bords discrets du blanc ajoutent une subtilit\u00e9 \u00e0 l&#8217;ensemble. Inspir\u00e9s par l&#8217;artisanat raffin\u00e9 des verriers de Murano en Italie, ces millefioris apportent une touche de sophistication \u00e0 ce pendentif. Une b\u00e9li\u00e8re couleur argent\u00e9, solidement soud\u00e9e \u00e0 l&#8217;arri\u00e8re, assure une fixation s\u00e9curis\u00e9e, tandis que la patine couleur \u00e9tain et cuivre conf\u00e8re une allure \u00e9l\u00e9gante et intemporelle. R\u00e9alis\u00e9 selon la technique Tiffany, le pourtour du pendentif a \u00e9t\u00e9 serti de cuivre et meul\u00e9 \u00e0 l&#8217;\u00e9tain, ajoutant une finition artisanale et soign\u00e9e \u00e0 son design.<\/p>\n<p>Caract\u00e9ristiques :<\/p>\n<ul>\n<li>Forme : Cercle irr\u00e9gulier<\/li>\n<li>Motif : 1 millefiori blanc et 1 millefiori orange<\/li>\n<li>Couleurs : Mauve, blanc, orange<\/li>\n<li>Techniques : Fusing, Tiffany<\/li>\n<li>Mat\u00e9riaux : Verre, cuivre, \u00e9tain, m\u00e9tal argent\u00e9<\/li>\n<li>Dimensions : largeur : 3,4 cm, hauteur : 5,7 cm<\/li>\n<\/ul>\n","protected":false},"excerpt":{"rendered":"<p>Ovale mauve avec millefioris blanc et orange, mont\u00e9 en Tiffany<\/p>\n","protected":false},"featured_media":1821,"comment_status":"open","ping_status":"closed","template":"","meta":[],"product_brand":[],"product_cat":[182,186,181,28],"product_tag":[38,49,65,26,27],"class_list":{"0":"post-1909","1":"product","2":"type-product","3":"status-publish","4":"has-post-thumbnail","6":"product_cat-pendentif-fusing","7":"product_cat-bijou-pendentif-fusing-tiffany","8":"product_cat-pendentif-millefioris","9":"product_cat-pendentif-tiffany","10":"product_tag-fleur-soie-metal","11":"product_tag-fusing-verre","12":"product_tag-millefiori-verre","13":"product_tag-pendentif-verre","14":"product_tag-tiffany-verre","15":"pa_bijou-pendentif","17":"first","18":"instock","19":"purchasable","20":"product-type-simple"},"_links":{"self":[{"href":"https:\/\/art-bijoux.com\/en\/wp-json\/wp\/v2\/product\/1909","targetHints":{"allow":["GET"]}}],"collection":[{"href":"https:\/\/art-bijoux.com\/en\/wp-json\/wp\/v2\/product"}],"about":[{"href":"https:\/\/art-bijoux.com\/en\/wp-json\/wp\/v2\/types\/product"}],"replies":[{"embeddable":true,"href":"https:\/\/art-bijoux.com\/en\/wp-json\/wp\/v2\/comments?post=1909"}],"version-history":[{"count":0,"href":"https:\/\/art-bijoux.com\/en\/wp-json\/wp\/v2\/product\/1909\/revisions"}],"wp:featuredmedia":[{"embeddable":true,"href":"https:\/\/art-bijoux.com\/en\/wp-json\/wp\/v2\/media\/1821"}],"wp:attachment":[{"href":"https:\/\/art-bijoux.com\/en\/wp-json\/wp\/v2\/media?parent=1909"}],"wp:term":[{"taxonomy":"product_brand","embeddable":true,"href":"https:\/\/art-bijoux.com\/en\/wp-json\/wp\/v2\/product_brand?post=1909"},{"taxonomy":"product_cat","embeddable":true,"href":"https:\/\/art-bijoux.com\/en\/wp-json\/wp\/v2\/product_cat?post=1909"},{"taxonomy":"product_tag","embeddable":true,"href":"https:\/\/art-bijoux.com\/en\/wp-json\/wp\/v2\/product_tag?post=1909"}],"curies":[{"name":"wp","href":"https:\/\/api.w.org\/{rel}","templated":true}]}}