{"id":1910,"date":"2024-05-14T18:20:00","date_gmt":"2024-05-14T16:20:00","guid":{"rendered":"https:\/\/art-bijoux.com\/?post_type=product&#038;p=1910"},"modified":"2024-05-22T17:24:35","modified_gmt":"2024-05-22T15:24:35","slug":"pendentif-trapeze-mauve-irregulier-avec-millefiori-blanc-et-bleu","status":"publish","type":"product","link":"https:\/\/art-bijoux.com\/en\/boutique\/pendentif-trapeze-mauve-irregulier-avec-millefiori-blanc-et-bleu\/","title":{"rendered":"Pendentif Trap\u00e8ze Mauve Irr\u00e9gulier avec Millefiori Blanc et Bleu"},"content":{"rendered":"<figure id=\"attachment_1799\" aria-describedby=\"caption-attachment-1799\" style=\"width: 255px\" class=\"wp-caption alignleft\"><img fetchpriority=\"high\" decoding=\"async\" class=\"size-medium wp-image-1799\" src=\"https:\/\/art-bijoux.com\/wp-content\/uploads\/2024\/05\/1-millefioris-violet-violet-255x300.webp\" alt=\"Pendentif trap\u00e9zo\u00efdal avec un discret millefiori blanc et bleu, mont\u00e9 en Tiffany\" width=\"255\" height=\"300\" srcset=\"https:\/\/art-bijoux.com\/wp-content\/uploads\/2024\/05\/1-millefioris-violet-violet-255x300.webp 255w, https:\/\/art-bijoux.com\/wp-content\/uploads\/2024\/05\/1-millefioris-violet-violet-870x1024.webp 870w, https:\/\/art-bijoux.com\/wp-content\/uploads\/2024\/05\/1-millefioris-violet-violet-768x904.webp 768w, https:\/\/art-bijoux.com\/wp-content\/uploads\/2024\/05\/1-millefioris-violet-violet-1304x1536.webp 1304w, https:\/\/art-bijoux.com\/wp-content\/uploads\/2024\/05\/1-millefioris-violet-violet-600x706.webp 600w, https:\/\/art-bijoux.com\/wp-content\/uploads\/2024\/05\/1-millefioris-violet-violet.webp 1634w\" sizes=\"(max-width: 255px) 100vw, 255px\" \/><figcaption id=\"caption-attachment-1799\" class=\"wp-caption-text\">Pendentif trap\u00e9zo\u00efdal avec un discret millefiori blanc et bleu, mont\u00e9 en Tiffany<\/figcaption><\/figure>\n<p>Ce pendentif au charme singulier pr\u00e9sente une forme trap\u00e9zo\u00efdale irr\u00e9guli\u00e8re qui captive l&#8217;attention par son originalit\u00e9. R\u00e9alis\u00e9 sur un fond de verre mauve transparent, un millefiori blanc et bleu, centr\u00e9 avec soin, a \u00e9t\u00e9 d\u00e9licatement absorb\u00e9 par la fonte dans le four. Les bords rose, subtils et ton sur ton, se devinent \u00e0 peine, ajoutant une touche de myst\u00e8re \u00e0 ce pendentif. Inspir\u00e9s par l&#8217;artisanat d\u00e9licat des verriers de Murano en Italie, ces millefioris apportent une \u00e9l\u00e9gance subtile \u00e0 l&#8217;ensemble. Une b\u00e9li\u00e8re couleur argent\u00e9, solidement soud\u00e9e \u00e0 l&#8217;arri\u00e8re, assure une fixation fiable, tandis que la patine couleur \u00e9tain conf\u00e8re une finition sophistiqu\u00e9e. R\u00e9alis\u00e9 selon la technique Tiffany, le pourtour du pendentif a \u00e9t\u00e9 serti de cuivre et meul\u00e9 \u00e0 l&#8217;\u00e9tain, offrant une touche artisanale et \u00e9l\u00e9gante \u00e0 son design.<\/p>\n<p>Caract\u00e9ristiques :<\/p>\n<ul>\n<li>Forme : Trap\u00e8ze irr\u00e9gulier<\/li>\n<li>Motif : 1 millefiori blanc et bleu centr\u00e9<\/li>\n<li>Couleurs : Mauve, blanc, bleu, rose<\/li>\n<li>Techniques : Fusing, Tiffany<\/li>\n<li>Mat\u00e9riaux : Verre, cuivre, \u00e9tain, m\u00e9tal argent\u00e9<\/li>\n<li>Dimensions : largeur: 2,8cm, hauteur: 3,9cm<\/li>\n<\/ul>\n","protected":false},"excerpt":{"rendered":"<p>Pendentif trap\u00e9zo\u00efdal avec un discret millefiori blanc et bleu, mont\u00e9 en Tiffany<\/p>\n","protected":false},"featured_media":1799,"comment_status":"open","ping_status":"closed","template":"","meta":[],"product_brand":[],"product_cat":[182,186,181,28],"product_tag":[38,49,65,26,27],"class_list":{"0":"post-1910","1":"product","2":"type-product","3":"status-publish","4":"has-post-thumbnail","6":"product_cat-pendentif-fusing","7":"product_cat-bijou-pendentif-fusing-tiffany","8":"product_cat-pendentif-millefioris","9":"product_cat-pendentif-tiffany","10":"product_tag-fleur-soie-metal","11":"product_tag-fusing-verre","12":"product_tag-millefiori-verre","13":"product_tag-pendentif-verre","14":"product_tag-tiffany-verre","15":"pa_bijou-pendentif","17":"first","18":"instock","19":"purchasable","20":"product-type-simple"},"_links":{"self":[{"href":"https:\/\/art-bijoux.com\/en\/wp-json\/wp\/v2\/product\/1910","targetHints":{"allow":["GET"]}}],"collection":[{"href":"https:\/\/art-bijoux.com\/en\/wp-json\/wp\/v2\/product"}],"about":[{"href":"https:\/\/art-bijoux.com\/en\/wp-json\/wp\/v2\/types\/product"}],"replies":[{"embeddable":true,"href":"https:\/\/art-bijoux.com\/en\/wp-json\/wp\/v2\/comments?post=1910"}],"version-history":[{"count":0,"href":"https:\/\/art-bijoux.com\/en\/wp-json\/wp\/v2\/product\/1910\/revisions"}],"wp:featuredmedia":[{"embeddable":true,"href":"https:\/\/art-bijoux.com\/en\/wp-json\/wp\/v2\/media\/1799"}],"wp:attachment":[{"href":"https:\/\/art-bijoux.com\/en\/wp-json\/wp\/v2\/media?parent=1910"}],"wp:term":[{"taxonomy":"product_brand","embeddable":true,"href":"https:\/\/art-bijoux.com\/en\/wp-json\/wp\/v2\/product_brand?post=1910"},{"taxonomy":"product_cat","embeddable":true,"href":"https:\/\/art-bijoux.com\/en\/wp-json\/wp\/v2\/product_cat?post=1910"},{"taxonomy":"product_tag","embeddable":true,"href":"https:\/\/art-bijoux.com\/en\/wp-json\/wp\/v2\/product_tag?post=1910"}],"curies":[{"name":"wp","href":"https:\/\/api.w.org\/{rel}","templated":true}]}}