{"id":1914,"date":"2024-05-14T18:53:18","date_gmt":"2024-05-14T16:53:18","guid":{"rendered":"https:\/\/art-bijoux.com\/?post_type=product&#038;p=1914"},"modified":"2024-05-22T17:17:11","modified_gmt":"2024-05-22T15:17:11","slug":"pendentif-medaillon-mauve-avec-millefiori-jaune-et-rouge","status":"publish","type":"product","link":"https:\/\/art-bijoux.com\/en\/boutique\/pendentif-medaillon-mauve-avec-millefiori-jaune-et-rouge\/","title":{"rendered":"Pendentif M\u00e9daillon Mauve avec Millefiori Jaune et Rouge"},"content":{"rendered":"<figure id=\"attachment_1854\" aria-describedby=\"caption-attachment-1854\" style=\"width: 233px\" class=\"wp-caption alignleft\"><img fetchpriority=\"high\" decoding=\"async\" class=\"size-medium wp-image-1854\" src=\"https:\/\/art-bijoux.com\/wp-content\/uploads\/2024\/05\/millefiori_jaune-medaillon-violet-233x300.webp\" alt=\"Pendentif verre mauve transparent avec un millefiori jaune, mont\u00e9 en Tiffany\" width=\"233\" height=\"300\" srcset=\"https:\/\/art-bijoux.com\/wp-content\/uploads\/2024\/05\/millefiori_jaune-medaillon-violet-233x300.webp 233w, https:\/\/art-bijoux.com\/wp-content\/uploads\/2024\/05\/millefiori_jaune-medaillon-violet-795x1024.webp 795w, https:\/\/art-bijoux.com\/wp-content\/uploads\/2024\/05\/millefiori_jaune-medaillon-violet-768x990.webp 768w, https:\/\/art-bijoux.com\/wp-content\/uploads\/2024\/05\/millefiori_jaune-medaillon-violet-1192x1536.webp 1192w, https:\/\/art-bijoux.com\/wp-content\/uploads\/2024\/05\/millefiori_jaune-medaillon-violet-600x773.webp 600w, https:\/\/art-bijoux.com\/wp-content\/uploads\/2024\/05\/millefiori_jaune-medaillon-violet.webp 1490w\" sizes=\"(max-width: 233px) 100vw, 233px\" \/><figcaption id=\"caption-attachment-1854\" class=\"wp-caption-text\">Pendentif verre mauve transparent avec un millefiori jaune, mont\u00e9 en Tiffany<\/figcaption><\/figure>\n<p>Ce pendentif ovale, \u00e9voquant un m\u00e9daillon pr\u00e9cieux charg\u00e9 d&#8217;histoire, est une pi\u00e8ce d&#8217;exception qui allie \u00e9l\u00e9gance et raffinement. Sur un fond de verre mauve transparent, un millefiori jaune, avec un d\u00e9licat c\u0153ur rouge, d\u00e9ploie ses p\u00e9tales dans une composition d&#8217;une grande finesse. Inspir\u00e9s par les techniques traditionnelles des artisans verriers de Murano en Italie, ces millefioris apportent une touche de sophistication \u00e0 l&#8217;ensemble du bijou. Une b\u00e9li\u00e8re couleur argent\u00e9, discr\u00e8tement soud\u00e9e \u00e0 l&#8217;arri\u00e8re, assure une fixation s\u00e9curis\u00e9e tout en ajoutant une subtile note de brillance. La patine couleur cuivr\u00e9e conf\u00e8re une touche chaleureuse et lumineuse \u00e0 ce pendentif, lui donnant un caract\u00e8re unique. R\u00e9alis\u00e9 selon la technique Tiffany, le pourtour du m\u00e9daillon a \u00e9t\u00e9 serti de cuivre et meul\u00e9 \u00e0 l&#8217;\u00e9tain, mettant en valeur le travail minutieux et artisanal qui caract\u00e9rise chaque pi\u00e8ce.<\/p>\n<p>Caract\u00e9ristiques :<\/p>\n<ul>\n<li>Forme : Ovale (M\u00e9daillon)<\/li>\n<li>Motif : 1 millefiori jaune avec un c\u0153ur rouge<\/li>\n<li>Couleurs : Mauve, jaune, rouge<\/li>\n<li>Techniques : Fusing, Tiffany<\/li>\n<li>Mat\u00e9riaux : Verre, cuivre, \u00e9tain, m\u00e9tal argent\u00e9<\/li>\n<li>Dimensions : largeur : 2,8, hauteur : 4,2cm<\/li>\n<\/ul>\n","protected":false},"excerpt":{"rendered":"<p>Pendentif verre mauve transparent avec un millefiori jaune, mont\u00e9 en Tiffany<\/p>\n","protected":false},"featured_media":1854,"comment_status":"open","ping_status":"closed","template":"","meta":[],"product_brand":[],"product_cat":[182,186,181,28],"product_tag":[38,49,65,26,27],"class_list":{"0":"post-1914","1":"product","2":"type-product","3":"status-publish","4":"has-post-thumbnail","6":"product_cat-pendentif-fusing","7":"product_cat-bijou-pendentif-fusing-tiffany","8":"product_cat-pendentif-millefioris","9":"product_cat-pendentif-tiffany","10":"product_tag-fleur-soie-metal","11":"product_tag-fusing-verre","12":"product_tag-millefiori-verre","13":"product_tag-pendentif-verre","14":"product_tag-tiffany-verre","15":"pa_bijou-pendentif","17":"first","18":"instock","19":"purchasable","20":"product-type-simple"},"_links":{"self":[{"href":"https:\/\/art-bijoux.com\/en\/wp-json\/wp\/v2\/product\/1914","targetHints":{"allow":["GET"]}}],"collection":[{"href":"https:\/\/art-bijoux.com\/en\/wp-json\/wp\/v2\/product"}],"about":[{"href":"https:\/\/art-bijoux.com\/en\/wp-json\/wp\/v2\/types\/product"}],"replies":[{"embeddable":true,"href":"https:\/\/art-bijoux.com\/en\/wp-json\/wp\/v2\/comments?post=1914"}],"version-history":[{"count":0,"href":"https:\/\/art-bijoux.com\/en\/wp-json\/wp\/v2\/product\/1914\/revisions"}],"wp:featuredmedia":[{"embeddable":true,"href":"https:\/\/art-bijoux.com\/en\/wp-json\/wp\/v2\/media\/1854"}],"wp:attachment":[{"href":"https:\/\/art-bijoux.com\/en\/wp-json\/wp\/v2\/media?parent=1914"}],"wp:term":[{"taxonomy":"product_brand","embeddable":true,"href":"https:\/\/art-bijoux.com\/en\/wp-json\/wp\/v2\/product_brand?post=1914"},{"taxonomy":"product_cat","embeddable":true,"href":"https:\/\/art-bijoux.com\/en\/wp-json\/wp\/v2\/product_cat?post=1914"},{"taxonomy":"product_tag","embeddable":true,"href":"https:\/\/art-bijoux.com\/en\/wp-json\/wp\/v2\/product_tag?post=1914"}],"curies":[{"name":"wp","href":"https:\/\/api.w.org\/{rel}","templated":true}]}}