{"id":1917,"date":"2024-05-14T19:16:26","date_gmt":"2024-05-14T17:16:26","guid":{"rendered":"https:\/\/art-bijoux.com\/?post_type=product&#038;p=1917"},"modified":"2024-05-22T17:22:13","modified_gmt":"2024-05-22T15:22:13","slug":"pendentif-carre-bleu-avec-millefiori-rose","status":"publish","type":"product","link":"https:\/\/art-bijoux.com\/en\/boutique\/pendentif-carre-bleu-avec-millefiori-rose\/","title":{"rendered":"Pendentif Carr\u00e9 Bleu avec Millefiori Rose"},"content":{"rendered":"<figure id=\"attachment_1849\" aria-describedby=\"caption-attachment-1849\" style=\"width: 289px\" class=\"wp-caption alignleft\"><img fetchpriority=\"high\" decoding=\"async\" class=\"size-medium wp-image-1849\" src=\"https:\/\/art-bijoux.com\/wp-content\/uploads\/2024\/05\/Millefioris-rose-marbre-289x300.webp\" alt=\"Pendentif carr\u00e9 bleu et jaune avec un millefiori rose. Mont\u00e9 selon la technique Tiffany\" width=\"289\" height=\"300\" srcset=\"https:\/\/art-bijoux.com\/wp-content\/uploads\/2024\/05\/Millefioris-rose-marbre-289x300.webp 289w, https:\/\/art-bijoux.com\/wp-content\/uploads\/2024\/05\/Millefioris-rose-marbre-987x1024.webp 987w, https:\/\/art-bijoux.com\/wp-content\/uploads\/2024\/05\/Millefioris-rose-marbre-768x797.webp 768w, https:\/\/art-bijoux.com\/wp-content\/uploads\/2024\/05\/Millefioris-rose-marbre-1480x1536.webp 1480w, https:\/\/art-bijoux.com\/wp-content\/uploads\/2024\/05\/Millefioris-rose-marbre-600x623.webp 600w, https:\/\/art-bijoux.com\/wp-content\/uploads\/2024\/05\/Millefioris-rose-marbre.webp 1854w\" sizes=\"(max-width: 289px) 100vw, 289px\" \/><figcaption id=\"caption-attachment-1849\" class=\"wp-caption-text\">Pendentif carr\u00e9 bleu et jaune avec un millefiori rose. Mont\u00e9 selon la technique Tiffany<\/figcaption><\/figure>\n<p>Ce pendentif captivant, un carr\u00e9 aux angles arrondis, \u00e9voque les nuances envo\u00fbtantes d&#8217;un ciel cr\u00e9pusculaire. R\u00e9alis\u00e9 en verre bleu parsem\u00e9 de d\u00e9licates touches jaunes, il accueille en son centre un millefiori rose, tel un joyau \u00e9tincelant au c\u0153ur de l&#8217;azur. Une b\u00e9li\u00e8re argent\u00e9e discr\u00e8te, solidement soud\u00e9e \u00e0 l&#8217;arri\u00e8re, permet de suspendre cette pi\u00e8ce avec aisance et \u00e9l\u00e9gance. La patine couleur cuivr\u00e9e conf\u00e8re une chaleur subtile \u00e0 l&#8217;ensemble, accentuant ainsi la beaut\u00e9 et l&#8217;originalit\u00e9 de ce pendentif. Les millefioris, inspir\u00e9s des techniques ancestrales des ma\u00eetres verriers de Murano en Italie, ajoutent une touche de raffinement et d&#8217;exotisme. R\u00e9alis\u00e9 selon la technique Tiffany, le pourtour est habilement serti de cuivre et meul\u00e9 \u00e0 l&#8217;\u00e9tain, offrant un \u00e9crin de qualit\u00e9 artisanale \u00e0 cette \u0153uvre d&#8217;art verrier.<\/p>\n<p>Caract\u00e9ristiques :<\/p>\n<ul>\n<li>Forme : Carr\u00e9 aux angles arrondis<\/li>\n<li>Motif : Millefiori rose au centre, verre bleu parsem\u00e9 de touches jaunes<\/li>\n<li>Couleurs : Bleu, jaune, rose<\/li>\n<li>Techniques : Tiffany, fusing<\/li>\n<li>Mat\u00e9riaux : Verre, cuivre, \u00e9tain, m\u00e9tal argent\u00e9<\/li>\n<li>Dimensions : largeur : 3cm, hauteur : 3,3cm<\/li>\n<\/ul>\n","protected":false},"excerpt":{"rendered":"<p>Pendentif carr\u00e9 bleu et jaune avec un millefiori rose. Mont\u00e9 selon la technique Tiffany<\/p>\n","protected":false},"featured_media":1849,"comment_status":"open","ping_status":"closed","template":"","meta":[],"product_brand":[],"product_cat":[182,186,181,28],"product_tag":[38,49,65,26,27],"class_list":{"0":"post-1917","1":"product","2":"type-product","3":"status-publish","4":"has-post-thumbnail","6":"product_cat-pendentif-fusing","7":"product_cat-bijou-pendentif-fusing-tiffany","8":"product_cat-pendentif-millefioris","9":"product_cat-pendentif-tiffany","10":"product_tag-fleur-soie-metal","11":"product_tag-fusing-verre","12":"product_tag-millefiori-verre","13":"product_tag-pendentif-verre","14":"product_tag-tiffany-verre","15":"pa_bijou-pendentif","17":"first","18":"instock","19":"purchasable","20":"product-type-simple"},"_links":{"self":[{"href":"https:\/\/art-bijoux.com\/en\/wp-json\/wp\/v2\/product\/1917","targetHints":{"allow":["GET"]}}],"collection":[{"href":"https:\/\/art-bijoux.com\/en\/wp-json\/wp\/v2\/product"}],"about":[{"href":"https:\/\/art-bijoux.com\/en\/wp-json\/wp\/v2\/types\/product"}],"replies":[{"embeddable":true,"href":"https:\/\/art-bijoux.com\/en\/wp-json\/wp\/v2\/comments?post=1917"}],"version-history":[{"count":0,"href":"https:\/\/art-bijoux.com\/en\/wp-json\/wp\/v2\/product\/1917\/revisions"}],"wp:featuredmedia":[{"embeddable":true,"href":"https:\/\/art-bijoux.com\/en\/wp-json\/wp\/v2\/media\/1849"}],"wp:attachment":[{"href":"https:\/\/art-bijoux.com\/en\/wp-json\/wp\/v2\/media?parent=1917"}],"wp:term":[{"taxonomy":"product_brand","embeddable":true,"href":"https:\/\/art-bijoux.com\/en\/wp-json\/wp\/v2\/product_brand?post=1917"},{"taxonomy":"product_cat","embeddable":true,"href":"https:\/\/art-bijoux.com\/en\/wp-json\/wp\/v2\/product_cat?post=1917"},{"taxonomy":"product_tag","embeddable":true,"href":"https:\/\/art-bijoux.com\/en\/wp-json\/wp\/v2\/product_tag?post=1917"}],"curies":[{"name":"wp","href":"https:\/\/api.w.org\/{rel}","templated":true}]}}