{"id":1918,"date":"2024-05-14T19:23:14","date_gmt":"2024-05-14T17:23:14","guid":{"rendered":"https:\/\/art-bijoux.com\/?post_type=product&#038;p=1918"},"modified":"2024-05-22T17:21:31","modified_gmt":"2024-05-22T15:21:31","slug":"pendentif-rectangle-bleu-avec-millefioris-orange-et-jaune-et-breloque-chouette","status":"publish","type":"product","link":"https:\/\/art-bijoux.com\/en\/boutique\/pendentif-rectangle-bleu-avec-millefioris-orange-et-jaune-et-breloque-chouette\/","title":{"rendered":"Pendentif Rectangle Bleu avec Millefioris Orange et Jaune et Breloque Chouette"},"content":{"rendered":"<figure id=\"attachment_1819\" aria-describedby=\"caption-attachment-1819\" style=\"width: 280px\" class=\"wp-caption alignleft\"><img fetchpriority=\"high\" decoding=\"async\" class=\"size-medium wp-image-1819\" src=\"https:\/\/art-bijoux.com\/wp-content\/uploads\/2024\/05\/Chouette-marbre-280x300.webp\" alt=\"Pendentif bleu et jaune avec millefioris jaune et orange, mont\u00e9 en Tiffany, avec une breloque chouette\" width=\"280\" height=\"300\" srcset=\"https:\/\/art-bijoux.com\/wp-content\/uploads\/2024\/05\/Chouette-marbre-280x300.webp 280w, https:\/\/art-bijoux.com\/wp-content\/uploads\/2024\/05\/Chouette-marbre-957x1024.webp 957w, https:\/\/art-bijoux.com\/wp-content\/uploads\/2024\/05\/Chouette-marbre-768x822.webp 768w, https:\/\/art-bijoux.com\/wp-content\/uploads\/2024\/05\/Chouette-marbre-1436x1536.webp 1436w, https:\/\/art-bijoux.com\/wp-content\/uploads\/2024\/05\/Chouette-marbre-600x642.webp 600w, https:\/\/art-bijoux.com\/wp-content\/uploads\/2024\/05\/Chouette-marbre.webp 1801w\" sizes=\"(max-width: 280px) 100vw, 280px\" \/><figcaption id=\"caption-attachment-1819\" class=\"wp-caption-text\">Pendentif bleu et jaune avec millefioris jaune et orange, mont\u00e9 en Tiffany, avec une breloque chouette<\/figcaption><\/figure>\n<p>Ce pendentif exquis, fa\u00e7onn\u00e9 en un rectangle aux angles arrondis, \u00e9voque les teintes chatoyantes d&#8217;un cr\u00e9puscule estival. R\u00e9alis\u00e9 en verre bleu parsem\u00e9 de touches jaunes, il pr\u00e9sente en son centre un magnifique millefiori orange, vibrant de chaleur et de lumi\u00e8re, accompagn\u00e9 d&#8217;un millefiori jaune, tel deux soleils embrasant l&#8217;horizon. Une b\u00e9li\u00e8re argent\u00e9e, discr\u00e8te et solide, est habilement soud\u00e9e \u00e0 l&#8217;arri\u00e8re, offrant une touche d&#8217;\u00e9l\u00e9gance fonctionnelle \u00e0 cette pi\u00e8ce unique. La patine couleur cuivr\u00e9e souligne subtilement les d\u00e9tails et les contrastes, tandis qu&#8217;une breloque d\u00e9licate, repr\u00e9sentant une chouette, vient ajouter une touche de charme et de myst\u00e8re. Inspir\u00e9s des techniques ancestrales des ma\u00eetres verriers de Murano en Italie, les millefioris conf\u00e8rent \u00e0 ce pendentif une aura d&#8217;authenticit\u00e9 et de sophistication. Mont\u00e9 selon la technique Tiffany, le pourtour est orn\u00e9 d&#8217;un serti de cuivre, m\u00e9ticuleusement meul\u00e9 \u00e0 l&#8217;\u00e9tain, offrant une finition artisanale d&#8217;une qualit\u00e9 exceptionnelle.<\/p>\n<p>Caract\u00e9ristiques :<\/p>\n<ul>\n<li>Forme : Rectangle aux angles arrondis<\/li>\n<li>Motif : Millefioris orange et jaune au centre, verre bleu parsem\u00e9 de touches jaunes<\/li>\n<li>Couleurs : Bleu, jaune, orange<\/li>\n<li>Techniques : Tiffany et fusing<\/li>\n<li>Mat\u00e9riaux : Verre, cuivre, \u00e9tain, m\u00e9tal argent\u00e9<\/li>\n<li>Breloque : Chouette<\/li>\n<li>Dimensions : hauteur : 4cm, largeur : 3,7cm<\/li>\n<\/ul>\n","protected":false},"excerpt":{"rendered":"<p>Pendentif bleu et jaune avec millefioris jaune et orange, mont\u00e9 en Tiffany, avec une breloque chouette<\/p>\n","protected":false},"featured_media":1819,"comment_status":"open","ping_status":"closed","template":"","meta":[],"product_brand":[],"product_cat":[182,186,181,28],"product_tag":[29,38,49,65,26,27],"class_list":{"0":"post-1918","1":"product","2":"type-product","3":"status-publish","4":"has-post-thumbnail","6":"product_cat-pendentif-fusing","7":"product_cat-bijou-pendentif-fusing-tiffany","8":"product_cat-pendentif-millefioris","9":"product_cat-pendentif-tiffany","10":"product_tag-breloque-metal-pierre","11":"product_tag-fleur-soie-metal","12":"product_tag-fusing-verre","13":"product_tag-millefiori-verre","14":"product_tag-pendentif-verre","15":"product_tag-tiffany-verre","16":"pa_bijou-pendentif","17":"pa_breloque-chouette","19":"first","20":"instock","21":"purchasable","22":"product-type-simple"},"_links":{"self":[{"href":"https:\/\/art-bijoux.com\/en\/wp-json\/wp\/v2\/product\/1918","targetHints":{"allow":["GET"]}}],"collection":[{"href":"https:\/\/art-bijoux.com\/en\/wp-json\/wp\/v2\/product"}],"about":[{"href":"https:\/\/art-bijoux.com\/en\/wp-json\/wp\/v2\/types\/product"}],"replies":[{"embeddable":true,"href":"https:\/\/art-bijoux.com\/en\/wp-json\/wp\/v2\/comments?post=1918"}],"version-history":[{"count":0,"href":"https:\/\/art-bijoux.com\/en\/wp-json\/wp\/v2\/product\/1918\/revisions"}],"wp:featuredmedia":[{"embeddable":true,"href":"https:\/\/art-bijoux.com\/en\/wp-json\/wp\/v2\/media\/1819"}],"wp:attachment":[{"href":"https:\/\/art-bijoux.com\/en\/wp-json\/wp\/v2\/media?parent=1918"}],"wp:term":[{"taxonomy":"product_brand","embeddable":true,"href":"https:\/\/art-bijoux.com\/en\/wp-json\/wp\/v2\/product_brand?post=1918"},{"taxonomy":"product_cat","embeddable":true,"href":"https:\/\/art-bijoux.com\/en\/wp-json\/wp\/v2\/product_cat?post=1918"},{"taxonomy":"product_tag","embeddable":true,"href":"https:\/\/art-bijoux.com\/en\/wp-json\/wp\/v2\/product_tag?post=1918"}],"curies":[{"name":"wp","href":"https:\/\/api.w.org\/{rel}","templated":true}]}}