{"id":1919,"date":"2024-05-14T20:21:49","date_gmt":"2024-05-14T18:21:49","guid":{"rendered":"https:\/\/art-bijoux.com\/?post_type=product&#038;p=1919"},"modified":"2024-05-22T17:20:11","modified_gmt":"2024-05-22T15:20:11","slug":"1919","status":"publish","type":"product","link":"https:\/\/art-bijoux.com\/en\/boutique\/1919\/","title":{"rendered":"Pendentif en verre bleu et jaune avec une breloque Chouette"},"content":{"rendered":"<figure id=\"attachment_1818\" aria-describedby=\"caption-attachment-1818\" style=\"width: 250px\" class=\"wp-caption alignleft\"><img fetchpriority=\"high\" decoding=\"async\" class=\"size-medium wp-image-1818\" src=\"https:\/\/art-bijoux.com\/wp-content\/uploads\/2024\/05\/Choette-marbre-millefioris-blanc-250x300.webp\" alt=\"Pendentif bleu et jaune avec 2 millefioris blancs et une breloque chouette, mont\u00e9 en Tiffany\" width=\"250\" height=\"300\" srcset=\"https:\/\/art-bijoux.com\/wp-content\/uploads\/2024\/05\/Choette-marbre-millefioris-blanc-250x300.webp 250w, https:\/\/art-bijoux.com\/wp-content\/uploads\/2024\/05\/Choette-marbre-millefioris-blanc-852x1024.webp 852w, https:\/\/art-bijoux.com\/wp-content\/uploads\/2024\/05\/Choette-marbre-millefioris-blanc-768x923.webp 768w, https:\/\/art-bijoux.com\/wp-content\/uploads\/2024\/05\/Choette-marbre-millefioris-blanc-1278x1536.webp 1278w, https:\/\/art-bijoux.com\/wp-content\/uploads\/2024\/05\/Choette-marbre-millefioris-blanc-600x721.webp 600w, https:\/\/art-bijoux.com\/wp-content\/uploads\/2024\/05\/Choette-marbre-millefioris-blanc.webp 1603w\" sizes=\"(max-width: 250px) 100vw, 250px\" \/><figcaption id=\"caption-attachment-1818\" class=\"wp-caption-text\">Pendentif bleu et jaune avec 2 millefioris blancs et une breloque chouette, mont\u00e9 en Tiffany<\/figcaption><\/figure>\n<p>Ce ravissant pendentif, fa\u00e7onn\u00e9 en un rectangle aux angles arrondis, \u00e9voque la douceur d&#8217;une journ\u00e9e ensoleill\u00e9e. R\u00e9alis\u00e9 en verre bleu parsem\u00e9 de touches jaunes, il pr\u00e9sente en son centre deux millefioris blancs, dispos\u00e9s en diagonale telles des \u00e9toiles scintillantes dans un ciel d&#8217;\u00e9t\u00e9. Une b\u00e9li\u00e8re argent\u00e9e, discr\u00e8te et solide, est habilement soud\u00e9e \u00e0 l&#8217;arri\u00e8re, ajoutant une touche d&#8217;\u00e9l\u00e9gance et de fonctionnalit\u00e9 \u00e0 cette pi\u00e8ce unique. La patine couleur cuivr\u00e9e rehausse subtilement les d\u00e9tails et les contrastes, tandis qu&#8217;une breloque d\u00e9licate, repr\u00e9sentant une chouette, est suspendue \u00e0 l&#8217;avant gr\u00e2ce \u00e0 une courte cha\u00eenette, apportant une touche de charme et de myst\u00e8re. Inspir\u00e9s des techniques traditionnelles des ma\u00eetres verriers de Murano en Italie, les millefioris conf\u00e8rent \u00e0 ce pendentif une aura d&#8217;authenticit\u00e9 et de raffinement. Mont\u00e9 selon la technique Tiffany, le pourtour est orn\u00e9 d&#8217;un serti de cuivre, soigneusement meul\u00e9 \u00e0 l&#8217;\u00e9tain, offrant une finition artisanale d&#8217;une qualit\u00e9 remarquable.<\/p>\n<p>Caract\u00e9ristiques :<\/p>\n<ul>\n<li>Forme : Rectangle aux angles arrondis<\/li>\n<li>Motif : Deux millefioris blancs dispos\u00e9s en diagonale, verre bleu parsem\u00e9 de touches jaunes<\/li>\n<li>Couleurs : Bleu, jaune, blanc<\/li>\n<li>Technique : Tiffany<\/li>\n<li>Mat\u00e9riaux : Verre<\/li>\n<li>Breloque : Chouette<\/li>\n<li>Dimensions : largeur : 3cm, hauteur : 4,5cm<\/li>\n<\/ul>\n","protected":false},"excerpt":{"rendered":"<p>Pendentif bleu et jaune avec 2 millefioris blancs et une breloque chouette, mont\u00e9 en Tiffany<\/p>\n","protected":false},"featured_media":1818,"comment_status":"open","ping_status":"closed","template":"","meta":[],"product_brand":[],"product_cat":[176,182,186,181,28],"product_tag":[29,32,49,65,26,27],"class_list":{"0":"post-1919","1":"product","2":"type-product","3":"status-publish","4":"has-post-thumbnail","6":"product_cat-breloque-bijou-verre","7":"product_cat-pendentif-fusing","8":"product_cat-bijou-pendentif-fusing-tiffany","9":"product_cat-pendentif-millefioris","10":"product_cat-pendentif-tiffany","11":"product_tag-breloque-metal-pierre","12":"product_tag-chouette","13":"product_tag-fusing-verre","14":"product_tag-millefiori-verre","15":"product_tag-pendentif-verre","16":"product_tag-tiffany-verre","17":"pa_bijou-pendentif","18":"pa_breloque-chouette","20":"first","21":"instock","22":"purchasable","23":"product-type-simple"},"_links":{"self":[{"href":"https:\/\/art-bijoux.com\/en\/wp-json\/wp\/v2\/product\/1919","targetHints":{"allow":["GET"]}}],"collection":[{"href":"https:\/\/art-bijoux.com\/en\/wp-json\/wp\/v2\/product"}],"about":[{"href":"https:\/\/art-bijoux.com\/en\/wp-json\/wp\/v2\/types\/product"}],"replies":[{"embeddable":true,"href":"https:\/\/art-bijoux.com\/en\/wp-json\/wp\/v2\/comments?post=1919"}],"version-history":[{"count":1,"href":"https:\/\/art-bijoux.com\/en\/wp-json\/wp\/v2\/product\/1919\/revisions"}],"predecessor-version":[{"id":1964,"href":"https:\/\/art-bijoux.com\/en\/wp-json\/wp\/v2\/product\/1919\/revisions\/1964"}],"wp:featuredmedia":[{"embeddable":true,"href":"https:\/\/art-bijoux.com\/en\/wp-json\/wp\/v2\/media\/1818"}],"wp:attachment":[{"href":"https:\/\/art-bijoux.com\/en\/wp-json\/wp\/v2\/media?parent=1919"}],"wp:term":[{"taxonomy":"product_brand","embeddable":true,"href":"https:\/\/art-bijoux.com\/en\/wp-json\/wp\/v2\/product_brand?post=1919"},{"taxonomy":"product_cat","embeddable":true,"href":"https:\/\/art-bijoux.com\/en\/wp-json\/wp\/v2\/product_cat?post=1919"},{"taxonomy":"product_tag","embeddable":true,"href":"https:\/\/art-bijoux.com\/en\/wp-json\/wp\/v2\/product_tag?post=1919"}],"curies":[{"name":"wp","href":"https:\/\/api.w.org\/{rel}","templated":true}]}}