{"id":1921,"date":"2024-05-15T18:13:54","date_gmt":"2024-05-15T16:13:54","guid":{"rendered":"https:\/\/art-bijoux.com\/?post_type=product&#038;p=1921"},"modified":"2024-05-22T17:19:02","modified_gmt":"2024-05-22T15:19:02","slug":"pendentif-rectangle-bleu-et-jaune-avec-millefioris-orange-jaune-et-bleu","status":"publish","type":"product","link":"https:\/\/art-bijoux.com\/en\/boutique\/pendentif-rectangle-bleu-et-jaune-avec-millefioris-orange-jaune-et-bleu\/","title":{"rendered":"Pendentif Rectangle Bleu et jaune avec Millefioris Orange, Jaune et Bleu"},"content":{"rendered":"<figure id=\"attachment_1815\" aria-describedby=\"caption-attachment-1815\" style=\"width: 224px\" class=\"wp-caption alignleft\"><img fetchpriority=\"high\" decoding=\"async\" class=\"size-medium wp-image-1815\" src=\"https:\/\/art-bijoux.com\/wp-content\/uploads\/2024\/05\/3-millefioris-jaune-marbre-224x300.webp\" alt=\"Pendentif bleu parsem\u00e9 de jaune avec 3 millefioris fondus jaune, bleu et orange, mont\u00e9 en Tiffany\" width=\"224\" height=\"300\" srcset=\"https:\/\/art-bijoux.com\/wp-content\/uploads\/2024\/05\/3-millefioris-jaune-marbre-224x300.webp 224w, https:\/\/art-bijoux.com\/wp-content\/uploads\/2024\/05\/3-millefioris-jaune-marbre-765x1024.webp 765w, https:\/\/art-bijoux.com\/wp-content\/uploads\/2024\/05\/3-millefioris-jaune-marbre-768x1028.webp 768w, https:\/\/art-bijoux.com\/wp-content\/uploads\/2024\/05\/3-millefioris-jaune-marbre-1148x1536.webp 1148w, https:\/\/art-bijoux.com\/wp-content\/uploads\/2024\/05\/3-millefioris-jaune-marbre-600x803.webp 600w, https:\/\/art-bijoux.com\/wp-content\/uploads\/2024\/05\/3-millefioris-jaune-marbre.webp 1440w\" sizes=\"(max-width: 224px) 100vw, 224px\" \/><figcaption id=\"caption-attachment-1815\" class=\"wp-caption-text\">Pendentif bleu parsem\u00e9 de jaune avec 3 millefioris fondus jaune, bleu et orange, mont\u00e9 en Tiffany<\/figcaption><\/figure>\n<p>Ce pendentif captivant, fa\u00e7onn\u00e9 en un rectangle bleu parsem\u00e9 de touches jaunes, \u00e9voque la vivacit\u00e9 des couleurs d&#8217;un paysage ensoleill\u00e9. Au c\u0153ur de cette composition artistique, trois millefioris d&#8217;un \u00e9clatant orange, jaune et bleu ont \u00e9t\u00e9 harmonieusement fondus, dispos\u00e9s en un triangle pointe vers le haut, tel un soleil \u00e9clatant dans un ciel azur\u00e9. Une b\u00e9li\u00e8re argent\u00e9e, discr\u00e8te et robuste, a \u00e9t\u00e9 habilement soud\u00e9e \u00e0 l&#8217;arri\u00e8re, offrant une solution \u00e9l\u00e9gante pour suspendre ce bijou avec aisance. La patine couleur cuivr\u00e9e souligne avec d\u00e9licatesse les nuances et les d\u00e9tails de cette pi\u00e8ce unique. Inspir\u00e9s des c\u00e9l\u00e8bres verres de Murano en Italie, les millefioris ajoutent une touche d&#8217;authenticit\u00e9 et de sophistication \u00e0 ce pendentif. R\u00e9alis\u00e9 selon la technique Tiffany, le pourtour est orn\u00e9 d&#8217;un serti de cuivre, soigneusement meul\u00e9 \u00e0 l&#8217;\u00e9tain, offrant une finition artisanale d&#8217;une qualit\u00e9 remarquable.<\/p>\n<p>Caract\u00e9ristiques :<\/p>\n<ul>\n<li>Forme : Rectangle<\/li>\n<li>Motif : Trois millefioris (orange, jaune, bleu) dispos\u00e9s en triangle pointe vers le haut, verre bleu parsem\u00e9 de touches jaunes<\/li>\n<li>Couleurs : Bleu, jaune, orange, bleu<\/li>\n<li>Techniques : Tiffany et fusing<\/li>\n<li>Mat\u00e9riaux : Verre, cuivre, \u00e9tain, m\u00e9tal argent\u00e9<\/li>\n<li>Dimensions : hauteur : 5,6cm, largeur : 3,2 cm<\/li>\n<\/ul>\n","protected":false},"excerpt":{"rendered":"<p>Pendentif bleu parsem\u00e9 de jaune avec 3 millefioris fondus jaune, bleu et orange, mont\u00e9 en Tiffany<\/p>\n","protected":false},"featured_media":1815,"comment_status":"open","ping_status":"closed","template":"","meta":[],"product_brand":[],"product_cat":[182,186,181,28],"product_tag":[38,49,65,26,27],"class_list":{"0":"post-1921","1":"product","2":"type-product","3":"status-publish","4":"has-post-thumbnail","6":"product_cat-pendentif-fusing","7":"product_cat-bijou-pendentif-fusing-tiffany","8":"product_cat-pendentif-millefioris","9":"product_cat-pendentif-tiffany","10":"product_tag-fleur-soie-metal","11":"product_tag-fusing-verre","12":"product_tag-millefiori-verre","13":"product_tag-pendentif-verre","14":"product_tag-tiffany-verre","15":"pa_bijou-pendentif","16":"pa_breloque-chouette","18":"first","19":"instock","20":"purchasable","21":"product-type-simple"},"_links":{"self":[{"href":"https:\/\/art-bijoux.com\/en\/wp-json\/wp\/v2\/product\/1921","targetHints":{"allow":["GET"]}}],"collection":[{"href":"https:\/\/art-bijoux.com\/en\/wp-json\/wp\/v2\/product"}],"about":[{"href":"https:\/\/art-bijoux.com\/en\/wp-json\/wp\/v2\/types\/product"}],"replies":[{"embeddable":true,"href":"https:\/\/art-bijoux.com\/en\/wp-json\/wp\/v2\/comments?post=1921"}],"version-history":[{"count":0,"href":"https:\/\/art-bijoux.com\/en\/wp-json\/wp\/v2\/product\/1921\/revisions"}],"wp:featuredmedia":[{"embeddable":true,"href":"https:\/\/art-bijoux.com\/en\/wp-json\/wp\/v2\/media\/1815"}],"wp:attachment":[{"href":"https:\/\/art-bijoux.com\/en\/wp-json\/wp\/v2\/media?parent=1921"}],"wp:term":[{"taxonomy":"product_brand","embeddable":true,"href":"https:\/\/art-bijoux.com\/en\/wp-json\/wp\/v2\/product_brand?post=1921"},{"taxonomy":"product_cat","embeddable":true,"href":"https:\/\/art-bijoux.com\/en\/wp-json\/wp\/v2\/product_cat?post=1921"},{"taxonomy":"product_tag","embeddable":true,"href":"https:\/\/art-bijoux.com\/en\/wp-json\/wp\/v2\/product_tag?post=1921"}],"curies":[{"name":"wp","href":"https:\/\/api.w.org\/{rel}","templated":true}]}}