{"id":1924,"date":"2024-05-15T18:26:49","date_gmt":"2024-05-15T16:26:49","guid":{"rendered":"https:\/\/art-bijoux.com\/?post_type=product&#038;p=1924"},"modified":"2024-05-15T18:27:22","modified_gmt":"2024-05-15T16:27:22","slug":"pendentif-triangle-blanc-et-gris-avec-millefioris-bleus-et-blancs-et-breloque-plume","status":"publish","type":"product","link":"https:\/\/art-bijoux.com\/en\/boutique\/pendentif-triangle-blanc-et-gris-avec-millefioris-bleus-et-blancs-et-breloque-plume\/","title":{"rendered":"Pendentif Triangle Blanc et gris avec Millefioris Bleus et Blancs et Breloque Plume"},"content":{"rendered":"<figure id=\"attachment_1838\" aria-describedby=\"caption-attachment-1838\" style=\"width: 157px\" class=\"wp-caption alignleft\"><img decoding=\"async\" class=\"size-medium wp-image-1838\" src=\"https:\/\/art-bijoux.com\/wp-content\/uploads\/2024\/05\/Millefioris-gris-plume-157x300.webp\" alt=\"Pendentif triangulaire fond blanc et gris, 2 millefioris bleus et blancs fondus\" width=\"157\" height=\"300\" srcset=\"https:\/\/art-bijoux.com\/wp-content\/uploads\/2024\/05\/Millefioris-gris-plume-157x300.webp 157w, https:\/\/art-bijoux.com\/wp-content\/uploads\/2024\/05\/Millefioris-gris-plume-537x1024.webp 537w, https:\/\/art-bijoux.com\/wp-content\/uploads\/2024\/05\/Millefioris-gris-plume-768x1466.webp 768w, https:\/\/art-bijoux.com\/wp-content\/uploads\/2024\/05\/Millefioris-gris-plume-805x1536.webp 805w, https:\/\/art-bijoux.com\/wp-content\/uploads\/2024\/05\/Millefioris-gris-plume-600x1145.webp 600w, https:\/\/art-bijoux.com\/wp-content\/uploads\/2024\/05\/Millefioris-gris-plume.webp 1006w\" sizes=\"(max-width: 157px) 100vw, 157px\" \/><figcaption id=\"caption-attachment-1838\" class=\"wp-caption-text\">Pendentif triangulaire fond blanc et gris, 2 millefioris bleus et blancs fondus<\/figcaption><\/figure>\n<p>Ce pendentif d&#8217;une \u00e9l\u00e9gance raffin\u00e9e pr\u00e9sente un fond triangulaire blanc, d\u00e9licatement stri\u00e9 de nuances de gris, \u00e9voquant la douceur d&#8217;un ciel matinal embrum\u00e9. Au c\u0153ur de cette composition artistique, deux millefioris bleus et blancs, telles des \u00e9toiles scintillantes, ont \u00e9t\u00e9 fondus avec pr\u00e9cision, apportant une touche de couleur vive et contrast\u00e9e. Inspir\u00e9s des techniques des c\u00e9l\u00e8bres verriers de Murano, ces millefioris ajoutent une note d&#8217;authenticit\u00e9 et de finesse \u00e0 l&#8217;ensemble. Un anneau discret, pass\u00e9 \u00e0 travers un trou finement r\u00e9alis\u00e9 dans la partie sup\u00e9rieure du triangle, offre un support d\u00e9licat pour une petite breloque en forme de plume argent\u00e9e, ajoutant ainsi une touche de gr\u00e2ce suppl\u00e9mentaire \u00e0 ce bijou unique en son genre.<\/p>\n<p>Caract\u00e9ristiques :<\/p>\n<ul>\n<li>Forme : Triangle<\/li>\n<li>Motif : Deux millefioris bleus et blancs<\/li>\n<li>Couleurs : Blanc, gris, bleu<\/li>\n<li>Technique : Fusion de verre<\/li>\n<li>Mat\u00e9riaux : Verre<\/li>\n<li>Dimensions : hauteur : 6,8cm, largeur : 3cm<\/li>\n<\/ul>\n<p>&nbsp;<\/p>\n","protected":false},"excerpt":{"rendered":"<p>Pendentif triangulaire fond blanc et gris, 2 millefioris bleus et blancs fondus, une breloque petite plume argent\u00e9e<\/p>\n","protected":false},"featured_media":1838,"comment_status":"open","ping_status":"closed","template":"","meta":[],"product_brand":[],"product_cat":[182,181],"product_tag":[29,38,49,65],"class_list":{"0":"post-1924","1":"product","2":"type-product","3":"status-publish","4":"has-post-thumbnail","6":"product_cat-pendentif-fusing","7":"product_cat-pendentif-millefioris","8":"product_tag-breloque-metal-pierre","9":"product_tag-fleur-soie-metal","10":"product_tag-fusing-verre","11":"product_tag-millefiori-verre","12":"pa_bijou-pendentif","13":"pa_breloque-plumes","15":"first","16":"instock","17":"purchasable","18":"product-type-simple"},"_links":{"self":[{"href":"https:\/\/art-bijoux.com\/en\/wp-json\/wp\/v2\/product\/1924","targetHints":{"allow":["GET"]}}],"collection":[{"href":"https:\/\/art-bijoux.com\/en\/wp-json\/wp\/v2\/product"}],"about":[{"href":"https:\/\/art-bijoux.com\/en\/wp-json\/wp\/v2\/types\/product"}],"replies":[{"embeddable":true,"href":"https:\/\/art-bijoux.com\/en\/wp-json\/wp\/v2\/comments?post=1924"}],"version-history":[{"count":0,"href":"https:\/\/art-bijoux.com\/en\/wp-json\/wp\/v2\/product\/1924\/revisions"}],"wp:featuredmedia":[{"embeddable":true,"href":"https:\/\/art-bijoux.com\/en\/wp-json\/wp\/v2\/media\/1838"}],"wp:attachment":[{"href":"https:\/\/art-bijoux.com\/en\/wp-json\/wp\/v2\/media?parent=1924"}],"wp:term":[{"taxonomy":"product_brand","embeddable":true,"href":"https:\/\/art-bijoux.com\/en\/wp-json\/wp\/v2\/product_brand?post=1924"},{"taxonomy":"product_cat","embeddable":true,"href":"https:\/\/art-bijoux.com\/en\/wp-json\/wp\/v2\/product_cat?post=1924"},{"taxonomy":"product_tag","embeddable":true,"href":"https:\/\/art-bijoux.com\/en\/wp-json\/wp\/v2\/product_tag?post=1924"}],"curies":[{"name":"wp","href":"https:\/\/api.w.org\/{rel}","templated":true}]}}