{"id":1959,"date":"2024-05-17T15:07:29","date_gmt":"2024-05-17T13:07:29","guid":{"rendered":"https:\/\/art-bijoux.com\/?post_type=product&#038;p=1959"},"modified":"2024-05-17T15:07:29","modified_gmt":"2024-05-17T13:07:29","slug":"pendentif-verre-fusing-jaune-millefioris","status":"publish","type":"product","link":"https:\/\/art-bijoux.com\/en\/boutique\/pendentif-verre-fusing-jaune-millefioris\/","title":{"rendered":"Pendentif Rectangle Jaune avec Millefioris Orange et Bleu P\u00e2le"},"content":{"rendered":"<figure id=\"attachment_1848\" aria-describedby=\"caption-attachment-1848\" style=\"width: 272px\" class=\"wp-caption alignleft\"><img fetchpriority=\"high\" decoding=\"async\" class=\"size-medium wp-image-1848\" src=\"https:\/\/art-bijoux.com\/wp-content\/uploads\/2024\/05\/Millefioris-orange_blanc-sur-jaune-272x300.webp\" alt=\"Pendentif rectangulaire en verre jaune sur lequel un milefiori range et un bleu p\u00e2le sont fondus, un orifice au sommet permet de passe un anneau dor\u00e9\" width=\"272\" height=\"300\" srcset=\"https:\/\/art-bijoux.com\/wp-content\/uploads\/2024\/05\/Millefioris-orange_blanc-sur-jaune-272x300.webp 272w, https:\/\/art-bijoux.com\/wp-content\/uploads\/2024\/05\/Millefioris-orange_blanc-sur-jaune-927x1024.webp 927w, https:\/\/art-bijoux.com\/wp-content\/uploads\/2024\/05\/Millefioris-orange_blanc-sur-jaune-768x848.webp 768w, https:\/\/art-bijoux.com\/wp-content\/uploads\/2024\/05\/Millefioris-orange_blanc-sur-jaune-1391x1536.webp 1391w, https:\/\/art-bijoux.com\/wp-content\/uploads\/2024\/05\/Millefioris-orange_blanc-sur-jaune-600x662.webp 600w, https:\/\/art-bijoux.com\/wp-content\/uploads\/2024\/05\/Millefioris-orange_blanc-sur-jaune.webp 1739w\" sizes=\"(max-width: 272px) 100vw, 272px\" \/><figcaption id=\"caption-attachment-1848\" class=\"wp-caption-text\">Pendentif rectangulaire en verre jaune sur lequel un milefiori orange et un bleu p\u00e2le sont fondus, un orifice au sommet permet de passe un anneau dor\u00e9<\/figcaption><\/figure>\n<p>Ce pendentif rectangulaire en verre jaune \u00e9clatant est orn\u00e9 de deux millefioris distincts, chacun apportant sa propre touche de charme et de couleur. Un millefiori orange et un millefiori bleu p\u00e2le, rehauss\u00e9 d&#8217;un c\u0153ur bleu fonc\u00e9 et jaune, sont fondus sur la surface, cr\u00e9ant un design dynamique et raffin\u00e9. Inspir\u00e9s par les ma\u00eetres verriers de Murano en Italie, ces millefioris ajoutent une note d&#8217;\u00e9l\u00e9gance et de tradition \u00e0 ce bijou contemporain. Un petit orifice perc\u00e9 au sommet permet de passer un anneau dor\u00e9, ajoutant une touche finale sophistiqu\u00e9e. Les bords du rectangle ont \u00e9t\u00e9 soigneusement meul\u00e9s pour garantir une finition lisse et sans asp\u00e9rit\u00e9.<\/p>\n<p>Caract\u00e9ristiques :<\/p>\n<ul>\n<li>Forme : Rectangle<\/li>\n<li>Fond : Jaune<\/li>\n<li>Millefioris : Un orange, un bleu p\u00e2le avec c\u0153ur bleu fonc\u00e9 et jaune<\/li>\n<li>Technique : Fusion de verre<\/li>\n<li>Mat\u00e9riaux : Verre, m\u00e9tal dor\u00e9<\/li>\n<li>B\u00e9li\u00e8re : Anneau dor\u00e9<\/li>\n<li>Dimensions : hauteur : 4cm, largeur : 4,8cm<\/li>\n<\/ul>\n<p>&nbsp;<\/p>\n","protected":false},"excerpt":{"rendered":"<p>Pendentif rectangulaire en verre jaune sur lequel un milefiori range et un bleu p\u00e2le sont fondus, un orifice au sommet permet de passe un anneau dor\u00e9<\/p>\n","protected":false},"featured_media":1848,"comment_status":"open","ping_status":"closed","template":"","meta":[],"product_brand":[],"product_cat":[182,181],"product_tag":[38,49,65,26],"class_list":{"0":"post-1959","1":"product","2":"type-product","3":"status-publish","4":"has-post-thumbnail","6":"product_cat-pendentif-fusing","7":"product_cat-pendentif-millefioris","8":"product_tag-fleur-soie-metal","9":"product_tag-fusing-verre","10":"product_tag-millefiori-verre","11":"product_tag-pendentif-verre","12":"pa_bijou-pendentif","14":"first","15":"instock","16":"purchasable","17":"product-type-simple"},"_links":{"self":[{"href":"https:\/\/art-bijoux.com\/en\/wp-json\/wp\/v2\/product\/1959","targetHints":{"allow":["GET"]}}],"collection":[{"href":"https:\/\/art-bijoux.com\/en\/wp-json\/wp\/v2\/product"}],"about":[{"href":"https:\/\/art-bijoux.com\/en\/wp-json\/wp\/v2\/types\/product"}],"replies":[{"embeddable":true,"href":"https:\/\/art-bijoux.com\/en\/wp-json\/wp\/v2\/comments?post=1959"}],"version-history":[{"count":0,"href":"https:\/\/art-bijoux.com\/en\/wp-json\/wp\/v2\/product\/1959\/revisions"}],"wp:featuredmedia":[{"embeddable":true,"href":"https:\/\/art-bijoux.com\/en\/wp-json\/wp\/v2\/media\/1848"}],"wp:attachment":[{"href":"https:\/\/art-bijoux.com\/en\/wp-json\/wp\/v2\/media?parent=1959"}],"wp:term":[{"taxonomy":"product_brand","embeddable":true,"href":"https:\/\/art-bijoux.com\/en\/wp-json\/wp\/v2\/product_brand?post=1959"},{"taxonomy":"product_cat","embeddable":true,"href":"https:\/\/art-bijoux.com\/en\/wp-json\/wp\/v2\/product_cat?post=1959"},{"taxonomy":"product_tag","embeddable":true,"href":"https:\/\/art-bijoux.com\/en\/wp-json\/wp\/v2\/product_tag?post=1959"}],"curies":[{"name":"wp","href":"https:\/\/api.w.org\/{rel}","templated":true}]}}