{"id":1960,"date":"2024-05-17T15:20:48","date_gmt":"2024-05-17T13:20:48","guid":{"rendered":"https:\/\/art-bijoux.com\/?post_type=product&#038;p=1960"},"modified":"2024-07-01T11:04:58","modified_gmt":"2024-07-01T09:04:58","slug":"pendentif-jaune-en-forme-de-dent-avec-un-milleforis-orange-et-une-breloque-cuivree-en-forme-de-rose","status":"publish","type":"product","link":"https:\/\/art-bijoux.com\/en\/boutique\/pendentif-jaune-en-forme-de-dent-avec-un-milleforis-orange-et-une-breloque-cuivree-en-forme-de-rose\/","title":{"rendered":"Pendentif irr\u00e9gulier avec millefiori Orange et Breloque en Forme de Rose"},"content":{"rendered":"<figure id=\"attachment_1842\" aria-describedby=\"caption-attachment-1842\" style=\"width: 256px\" class=\"wp-caption alignleft\"><img fetchpriority=\"high\" decoding=\"async\" class=\"size-medium wp-image-1842\" src=\"https:\/\/art-bijoux.com\/wp-content\/uploads\/2024\/05\/Millefioris-jaune-rose-256x300.webp\" alt=\"Pendentif jaune avec un millefiori orange et une breloque cuivr\u00e9e en forme de rose\" width=\"256\" height=\"300\" srcset=\"https:\/\/art-bijoux.com\/wp-content\/uploads\/2024\/05\/Millefioris-jaune-rose-256x300.webp 256w, https:\/\/art-bijoux.com\/wp-content\/uploads\/2024\/05\/Millefioris-jaune-rose-875x1024.webp 875w, https:\/\/art-bijoux.com\/wp-content\/uploads\/2024\/05\/Millefioris-jaune-rose-768x899.webp 768w, https:\/\/art-bijoux.com\/wp-content\/uploads\/2024\/05\/Millefioris-jaune-rose-1313x1536.webp 1313w, https:\/\/art-bijoux.com\/wp-content\/uploads\/2024\/05\/Millefioris-jaune-rose-600x702.webp 600w, https:\/\/art-bijoux.com\/wp-content\/uploads\/2024\/05\/Millefioris-jaune-rose.webp 1641w\" sizes=\"(max-width: 256px) 100vw, 256px\" \/><figcaption id=\"caption-attachment-1842\" class=\"wp-caption-text\">Pendentif jaune avec un millefiori orange et une breloque cuivr\u00e9e en forme de rose<\/figcaption><\/figure>\n<p>Ce pendentif unique, jaune avec un milefiori orange fondu sur sa surface, est le rescap\u00e9 d&#8217;une pi\u00e8ce de verre qui a cass\u00e9 lors de la cuisson. Utilisant des verres r\u00e9cup\u00e9r\u00e9s de mes cr\u00e9ations de vitraux, chaque pi\u00e8ce a sa propre histoire et singularit\u00e9. Bien que ces verres ne soient pas con\u00e7us pour le fusing, ils apportent parfois de belles surprises. Dans un souci \u00e9cologique et pour minimiser les pertes, cette pi\u00e8ce a \u00e9t\u00e9 soigneusement meul\u00e9e et transform\u00e9e en un pendentif \u00e9l\u00e9gant. Une breloque cuivr\u00e9e en forme de rose a \u00e9t\u00e9 ajout\u00e9e, offrant une touche d\u00e9licate et artistique. Inspir\u00e9 par les verriers de Murano en Italie, ce pendentif est \u00e0 la fois un hommage \u00e0 l&#8217;art traditionnel et un exemple de recyclage cr\u00e9atif. Un petit orifice au sommet permet de passer un anneau dor\u00e9, et les bords ont \u00e9t\u00e9 soigneusement meul\u00e9s pour une finition douce et s\u00e9curis\u00e9e.<\/p>\n","protected":false},"excerpt":{"rendered":"<p>Pendentif en forme de dent avec un milleforis orange et une breloque cuivr\u00e9e en forme de rose<\/p>\n","protected":false},"featured_media":1842,"comment_status":"open","ping_status":"closed","template":"","meta":[],"product_brand":[],"product_cat":[176,182,181],"product_tag":[29,38,49,65,26],"class_list":{"0":"post-1960","1":"product","2":"type-product","3":"status-publish","4":"has-post-thumbnail","6":"product_cat-breloque-bijou-verre","7":"product_cat-pendentif-fusing","8":"product_cat-pendentif-millefioris","9":"product_tag-breloque-metal-pierre","10":"product_tag-fleur-soie-metal","11":"product_tag-fusing-verre","12":"product_tag-millefiori-verre","13":"product_tag-pendentif-verre","14":"pa_bijou-pendentif","15":"pa_breloque-fleur","17":"first","18":"instock","19":"purchasable","20":"product-type-simple"},"_links":{"self":[{"href":"https:\/\/art-bijoux.com\/en\/wp-json\/wp\/v2\/product\/1960","targetHints":{"allow":["GET"]}}],"collection":[{"href":"https:\/\/art-bijoux.com\/en\/wp-json\/wp\/v2\/product"}],"about":[{"href":"https:\/\/art-bijoux.com\/en\/wp-json\/wp\/v2\/types\/product"}],"replies":[{"embeddable":true,"href":"https:\/\/art-bijoux.com\/en\/wp-json\/wp\/v2\/comments?post=1960"}],"version-history":[{"count":0,"href":"https:\/\/art-bijoux.com\/en\/wp-json\/wp\/v2\/product\/1960\/revisions"}],"wp:featuredmedia":[{"embeddable":true,"href":"https:\/\/art-bijoux.com\/en\/wp-json\/wp\/v2\/media\/1842"}],"wp:attachment":[{"href":"https:\/\/art-bijoux.com\/en\/wp-json\/wp\/v2\/media?parent=1960"}],"wp:term":[{"taxonomy":"product_brand","embeddable":true,"href":"https:\/\/art-bijoux.com\/en\/wp-json\/wp\/v2\/product_brand?post=1960"},{"taxonomy":"product_cat","embeddable":true,"href":"https:\/\/art-bijoux.com\/en\/wp-json\/wp\/v2\/product_cat?post=1960"},{"taxonomy":"product_tag","embeddable":true,"href":"https:\/\/art-bijoux.com\/en\/wp-json\/wp\/v2\/product_tag?post=1960"}],"curies":[{"name":"wp","href":"https:\/\/api.w.org\/{rel}","templated":true}]}}