{"id":1961,"date":"2024-05-17T15:32:20","date_gmt":"2024-05-17T13:32:20","guid":{"rendered":"https:\/\/art-bijoux.com\/?post_type=product&#038;p=1961"},"modified":"2024-07-01T11:04:58","modified_gmt":"2024-07-01T09:04:58","slug":"pendentif-verre-jaune-millefiori-vermillon-breloque","status":"publish","type":"product","link":"https:\/\/art-bijoux.com\/en\/boutique\/pendentif-verre-jaune-millefiori-vermillon-breloque\/","title":{"rendered":"Pendentif de forme irr\u00e9guli\u00e8re Jaune avec Millefioris Vermillons et Breloque Feuille"},"content":{"rendered":"<figure id=\"attachment_1841\" aria-describedby=\"caption-attachment-1841\" style=\"width: 273px\" class=\"wp-caption alignleft\"><img fetchpriority=\"high\" decoding=\"async\" class=\"size-medium wp-image-1841\" src=\"https:\/\/art-bijoux.com\/wp-content\/uploads\/2024\/05\/Millefioris-jaune-feuille-273x300.webp\" alt=\"Pendentif de forme irr\u00e9guli\u00e8re en verre jaune avec 2 millefioris vermillons fondus et une breloque cuivr\u00e9e en forme de feuille \" width=\"273\" height=\"300\" srcset=\"https:\/\/art-bijoux.com\/wp-content\/uploads\/2024\/05\/Millefioris-jaune-feuille-273x300.webp 273w, https:\/\/art-bijoux.com\/wp-content\/uploads\/2024\/05\/Millefioris-jaune-feuille-933x1024.webp 933w, https:\/\/art-bijoux.com\/wp-content\/uploads\/2024\/05\/Millefioris-jaune-feuille-768x843.webp 768w, https:\/\/art-bijoux.com\/wp-content\/uploads\/2024\/05\/Millefioris-jaune-feuille-1400x1536.webp 1400w, https:\/\/art-bijoux.com\/wp-content\/uploads\/2024\/05\/Millefioris-jaune-feuille-600x658.webp 600w, https:\/\/art-bijoux.com\/wp-content\/uploads\/2024\/05\/Millefioris-jaune-feuille.webp 1750w\" sizes=\"(max-width: 273px) 100vw, 273px\" \/><figcaption id=\"caption-attachment-1841\" class=\"wp-caption-text\">Pendentif de forme irr\u00e9guli\u00e8re en verre jaune avec 2 millefioris vermillons fondus et une breloque cuivr\u00e9e en forme de feuille<\/figcaption><\/figure>\n<p>Ce pendentif unique est le rescap\u00e9 d&#8217;une pi\u00e8ce de verre jaune parsem\u00e9e de deux millefioris vermillons, qui a malheureusement cass\u00e9 lors de la cuisson. Utilisant des verres r\u00e9cup\u00e9r\u00e9s de mes cr\u00e9ations de vitraux, chaque bijou raconte sa propre histoire et pr\u00e9sente une singularit\u00e9 distincte. Bien que ces verres ne soient pas con\u00e7us pour le fusing, ils offrent parfois des surprises inattendues. Fid\u00e8le \u00e0 l&#8217;objectif \u00e9cologique de bijoux-art, visant \u00e0 minimiser les pertes, cette pi\u00e8ce a \u00e9t\u00e9 soigneusement meul\u00e9e et transform\u00e9e en un pendentif charmant. Une breloque cuivr\u00e9e en forme de feuille, \u00e9vid\u00e9e en son centre, a \u00e9t\u00e9 ajout\u00e9e, encadrant l&#8217;un des millefioris et ajoutant une touche artistique et d\u00e9licate. Inspir\u00e9s par les verriers de Murano en Italie, ces millefioris apportent une touche d&#8217;\u00e9l\u00e9gance et de tradition \u00e0 ce bijou contemporain. Un petit orifice au sommet permet de passer un anneau dor\u00e9, et les bords du pendentif ont \u00e9t\u00e9 soigneusement meul\u00e9s pour garantir une finition lisse et sans asp\u00e9rit\u00e9.<\/p>\n<p><strong>Caract\u00e9ristiques :<\/strong><\/p>\n<ul>\n<li>Forme : Irr\u00e9guli\u00e8re<\/li>\n<li>Fond : Jaune<\/li>\n<li>Millefioris : Deux vermillons<\/li>\n<li>Breloque : Feuille cuivr\u00e9e \u00e9vid\u00e9e<\/li>\n<li>Technique : Fusion de verre<\/li>\n<li>Mat\u00e9riaux : Verre, m\u00e9tal cuivr\u00e9<\/li>\n<li>Fixation: Anneau dor\u00e9<\/li>\n<li>Dimensions : hauteur : 4,2cm , largeur : 3,7cm<\/li>\n<\/ul>\n<p>Ce pendentif incarne l&#8217;esprit de la r\u00e9cup\u00e9ration cr\u00e9ative et de la durabilit\u00e9, tout en mettant en valeur l&#8217;art traditionnel du verre fondu inspir\u00e9 de Murano.<\/p>\n","protected":false},"excerpt":{"rendered":"<p>Pendentif de forme irr\u00e9guli\u00e8re en verre jaune avec 2 millefioris vermillons fondus et une breloque cuivr\u00e9e en forme de feuille<\/p>\n","protected":false},"featured_media":1841,"comment_status":"open","ping_status":"closed","template":"","meta":[],"product_brand":[],"product_cat":[176,182,181],"product_tag":[29,49,65],"class_list":{"0":"post-1961","1":"product","2":"type-product","3":"status-publish","4":"has-post-thumbnail","6":"product_cat-breloque-bijou-verre","7":"product_cat-pendentif-fusing","8":"product_cat-pendentif-millefioris","9":"product_tag-breloque-metal-pierre","10":"product_tag-fusing-verre","11":"product_tag-millefiori-verre","12":"pa_bijou-pendentif","13":"pa_breloque-feuilles-arbre","15":"first","16":"instock","17":"purchasable","18":"product-type-simple"},"_links":{"self":[{"href":"https:\/\/art-bijoux.com\/en\/wp-json\/wp\/v2\/product\/1961","targetHints":{"allow":["GET"]}}],"collection":[{"href":"https:\/\/art-bijoux.com\/en\/wp-json\/wp\/v2\/product"}],"about":[{"href":"https:\/\/art-bijoux.com\/en\/wp-json\/wp\/v2\/types\/product"}],"replies":[{"embeddable":true,"href":"https:\/\/art-bijoux.com\/en\/wp-json\/wp\/v2\/comments?post=1961"}],"version-history":[{"count":0,"href":"https:\/\/art-bijoux.com\/en\/wp-json\/wp\/v2\/product\/1961\/revisions"}],"wp:featuredmedia":[{"embeddable":true,"href":"https:\/\/art-bijoux.com\/en\/wp-json\/wp\/v2\/media\/1841"}],"wp:attachment":[{"href":"https:\/\/art-bijoux.com\/en\/wp-json\/wp\/v2\/media?parent=1961"}],"wp:term":[{"taxonomy":"product_brand","embeddable":true,"href":"https:\/\/art-bijoux.com\/en\/wp-json\/wp\/v2\/product_brand?post=1961"},{"taxonomy":"product_cat","embeddable":true,"href":"https:\/\/art-bijoux.com\/en\/wp-json\/wp\/v2\/product_cat?post=1961"},{"taxonomy":"product_tag","embeddable":true,"href":"https:\/\/art-bijoux.com\/en\/wp-json\/wp\/v2\/product_tag?post=1961"}],"curies":[{"name":"wp","href":"https:\/\/api.w.org\/{rel}","templated":true}]}}