{"id":1963,"date":"2024-05-17T17:25:25","date_gmt":"2024-05-17T15:25:25","guid":{"rendered":"https:\/\/art-bijoux.com\/?post_type=product&#038;p=1963"},"modified":"2024-05-17T17:26:45","modified_gmt":"2024-05-17T15:26:45","slug":"pendentif-verre-blanc-orange-verre-unique","status":"publish","type":"product","link":"https:\/\/art-bijoux.com\/en\/boutique\/pendentif-verre-blanc-orange-verre-unique\/","title":{"rendered":"Pendentif Carr\u00e9 en Verre Jaune avec Millefioris Blanc et Orange et Anneau Dor\u00e9"},"content":{"rendered":"<figure id=\"attachment_1832\" aria-describedby=\"caption-attachment-1832\" style=\"width: 257px\" class=\"wp-caption alignleft\"><img fetchpriority=\"high\" decoding=\"async\" class=\"size-medium wp-image-1832\" src=\"https:\/\/art-bijoux.com\/wp-content\/uploads\/2024\/05\/Millefioris-blanc-orange-sur-jaune-257x300.webp\" alt=\"Pendentif en verre jaune avec un millefiori blanc et un orange. Un anneau dor\u00e9 pour la fixation\" width=\"257\" height=\"300\" srcset=\"https:\/\/art-bijoux.com\/wp-content\/uploads\/2024\/05\/Millefioris-blanc-orange-sur-jaune-257x300.webp 257w, https:\/\/art-bijoux.com\/wp-content\/uploads\/2024\/05\/Millefioris-blanc-orange-sur-jaune-876x1024.webp 876w, https:\/\/art-bijoux.com\/wp-content\/uploads\/2024\/05\/Millefioris-blanc-orange-sur-jaune-768x897.webp 768w, https:\/\/art-bijoux.com\/wp-content\/uploads\/2024\/05\/Millefioris-blanc-orange-sur-jaune-1314x1536.webp 1314w, https:\/\/art-bijoux.com\/wp-content\/uploads\/2024\/05\/Millefioris-blanc-orange-sur-jaune-600x701.webp 600w, https:\/\/art-bijoux.com\/wp-content\/uploads\/2024\/05\/Millefioris-blanc-orange-sur-jaune.webp 1643w\" sizes=\"(max-width: 257px) 100vw, 257px\" \/><figcaption id=\"caption-attachment-1832\" class=\"wp-caption-text\">Pendentif en verre jaune avec un millefiori blanc et un orange. Un anneau dor\u00e9 pour la fixation<\/figcaption><\/figure>\n<p>Ce pendentif carr\u00e9 en verre jaune pr\u00e9sente deux millefioris, l&#8217;un blanc et l&#8217;autre orange, fondus discr\u00e8tement sur la surface et dispos\u00e9s en diagonale. Ces millefioris, inspir\u00e9s des verriers de Murano en Italie, ajoutent une touche de d\u00e9licatesse et d&#8217;\u00e9l\u00e9gance \u00e0 ce bijou. Un petit orifice perc\u00e9 en haut du pendentif a permis d&#8217;ins\u00e9rer un anneau dor\u00e9, ajoutant une finition raffin\u00e9e. Les bords du pendentif ont \u00e9t\u00e9 soigneusement meul\u00e9s pour assurer une surface lisse et agr\u00e9able au toucher.<\/p>\n<p><strong>Caract\u00e9ristiques :<\/strong><\/p>\n<ul>\n<li>Forme : Carr\u00e9<\/li>\n<li>Fond : Jaune<\/li>\n<li>Millefioris : Deux, blanc et orange<\/li>\n<li>Technique : Fusion de verre<\/li>\n<li>Mat\u00e9riaux : Verre, m\u00e9tal dor\u00e9<\/li>\n<li>Fixation : Anneau dor\u00e9<\/li>\n<li>Dimensions : largeur : 4,5cm, hauteur : 4cm<\/li>\n<\/ul>\n<p>Ce pendentif incarne l&#8217;art subtil du verre fusionn\u00e9, alliant des \u00e9l\u00e9ments traditionnels de Murano avec un design moderne. Un ajout unique et \u00e9l\u00e9gant \u00e0 toute collection de bijoux.<\/p>\n","protected":false},"excerpt":{"rendered":"<p>Pendentif en verre jaune avec un millefiori blanc et un orange. Un anneau dor\u00e9 pour la fixation<\/p>\n","protected":false},"featured_media":1832,"comment_status":"open","ping_status":"closed","template":"","meta":[],"product_brand":[],"product_cat":[182,181],"product_tag":[38,49,65,26],"class_list":{"0":"post-1963","1":"product","2":"type-product","3":"status-publish","4":"has-post-thumbnail","6":"product_cat-pendentif-fusing","7":"product_cat-pendentif-millefioris","8":"product_tag-fleur-soie-metal","9":"product_tag-fusing-verre","10":"product_tag-millefiori-verre","11":"product_tag-pendentif-verre","12":"pa_bijou-pendentif","14":"first","15":"instock","16":"purchasable","17":"product-type-simple"},"_links":{"self":[{"href":"https:\/\/art-bijoux.com\/en\/wp-json\/wp\/v2\/product\/1963","targetHints":{"allow":["GET"]}}],"collection":[{"href":"https:\/\/art-bijoux.com\/en\/wp-json\/wp\/v2\/product"}],"about":[{"href":"https:\/\/art-bijoux.com\/en\/wp-json\/wp\/v2\/types\/product"}],"replies":[{"embeddable":true,"href":"https:\/\/art-bijoux.com\/en\/wp-json\/wp\/v2\/comments?post=1963"}],"version-history":[{"count":0,"href":"https:\/\/art-bijoux.com\/en\/wp-json\/wp\/v2\/product\/1963\/revisions"}],"wp:featuredmedia":[{"embeddable":true,"href":"https:\/\/art-bijoux.com\/en\/wp-json\/wp\/v2\/media\/1832"}],"wp:attachment":[{"href":"https:\/\/art-bijoux.com\/en\/wp-json\/wp\/v2\/media?parent=1963"}],"wp:term":[{"taxonomy":"product_brand","embeddable":true,"href":"https:\/\/art-bijoux.com\/en\/wp-json\/wp\/v2\/product_brand?post=1963"},{"taxonomy":"product_cat","embeddable":true,"href":"https:\/\/art-bijoux.com\/en\/wp-json\/wp\/v2\/product_cat?post=1963"},{"taxonomy":"product_tag","embeddable":true,"href":"https:\/\/art-bijoux.com\/en\/wp-json\/wp\/v2\/product_tag?post=1963"}],"curies":[{"name":"wp","href":"https:\/\/api.w.org\/{rel}","templated":true}]}}