{"id":1966,"date":"2024-05-17T18:00:10","date_gmt":"2024-05-17T16:00:10","guid":{"rendered":"https:\/\/art-bijoux.com\/?post_type=product&#038;p=1966"},"modified":"2024-05-18T10:46:25","modified_gmt":"2024-05-18T08:46:25","slug":"1966","status":"publish","type":"product","link":"https:\/\/art-bijoux.com\/en\/boutique\/1966\/","title":{"rendered":"Pendentif triangulaire en verre bleu nuit avec un Millefiori jaune"},"content":{"rendered":"<figure id=\"attachment_1847\" aria-describedby=\"caption-attachment-1847\" style=\"width: 258px\" class=\"wp-caption alignleft\"><img fetchpriority=\"high\" decoding=\"async\" class=\"size-medium wp-image-1847\" src=\"https:\/\/art-bijoux.com\/wp-content\/uploads\/2024\/05\/Millefioris-orange-sur-triangle-marine-258x300.webp\" alt=\"Pendentif en verre bleu nuit triangulaire, un millefiori orange fondu en son centre\" width=\"258\" height=\"300\" srcset=\"https:\/\/art-bijoux.com\/wp-content\/uploads\/2024\/05\/Millefioris-orange-sur-triangle-marine-258x300.webp 258w, https:\/\/art-bijoux.com\/wp-content\/uploads\/2024\/05\/Millefioris-orange-sur-triangle-marine-600x697.webp 600w, https:\/\/art-bijoux.com\/wp-content\/uploads\/2024\/05\/Millefioris-orange-sur-triangle-marine.webp 689w\" sizes=\"(max-width: 258px) 100vw, 258px\" \/><figcaption id=\"caption-attachment-1847\" class=\"wp-caption-text\">Pendentif en verre bleu nuit triangulaire, un millefiori orange fondu en son centre<\/figcaption><\/figure>\n<p>Ce pendentif triangulaire en verre bleu nuit est rehauss\u00e9 d&#8217;un millefiori jaune d&#8217;or au c\u0153ur orange, fondu en son milieu, apportant une touche \u00e9clatante et unique. Les millefioris, inspir\u00e9s des verriers de Murano en Italie, conf\u00e8rent \u00e0 ce bijou une esth\u00e9tique raffin\u00e9e et artistique. Un petit orifice perc\u00e9 en haut du pendentif a permis d&#8217;ins\u00e9rer un anneau argent\u00e9, ajoutant une finition \u00e9l\u00e9gante. Les bords du pendentif ont \u00e9t\u00e9 soigneusement meul\u00e9s pour assurer une surface lisse et agr\u00e9able au toucher.<\/p>\n<p><strong>Caract\u00e9ristiques :<\/strong><\/p>\n<ul>\n<li>Forme : Triangle<\/li>\n<li>Fond : Bleu nuit<\/li>\n<li>Millefiori : Jaune d&#8217;or au c\u0153ur orange<\/li>\n<li>Technique : Fusion de verre<\/li>\n<li>Mat\u00e9riaux : Verre<\/li>\n<li>B\u00e9li\u00e8re : Anneau argent\u00e9<\/li>\n<li>Dimensions : largeur : 3,7cm, hauteur : 6cm<\/li>\n<\/ul>\n<p>Ce pendentif, avec son design captivant et ses d\u00e9tails minutieux, est un bijou exceptionnel qui allie l&#8217;\u00e9l\u00e9gance du verre fusionn\u00e9 aux traditions artisanales de Murano. Un accessoire parfait pour ceux qui appr\u00e9cient l&#8217;originalit\u00e9 et la beaut\u00e9 artisanale.<\/p>\n<p>&nbsp;<\/p>\n","protected":false},"excerpt":{"rendered":"<p>Ce pendentif triangulaire en verre bleu nuit est rehauss\u00e9 d&#8217;un millefiori jaune d&#8217;or au c\u0153ur orange, fondu en son milieu, apportant une touche \u00e9clatante et unique. Les millefioris, inspir\u00e9s des verriers de Murano en Italie, conf\u00e8rent \u00e0 ce bijou une esth\u00e9tique raffin\u00e9e et artistique. Un petit orifice perc\u00e9 en haut du pendentif a permis d&#8217;ins\u00e9rer [&hellip;]<\/p>\n","protected":false},"featured_media":1847,"comment_status":"open","ping_status":"closed","template":"","meta":[],"product_brand":[],"product_cat":[181,28],"product_tag":[38,49,65,26],"class_list":{"0":"post-1966","1":"product","2":"type-product","3":"status-publish","4":"has-post-thumbnail","6":"product_cat-pendentif-millefioris","7":"product_cat-pendentif-tiffany","8":"product_tag-fleur-soie-metal","9":"product_tag-fusing-verre","10":"product_tag-millefiori-verre","11":"product_tag-pendentif-verre","12":"pa_bijou-pendentif","14":"first","15":"instock","16":"purchasable","17":"product-type-simple"},"_links":{"self":[{"href":"https:\/\/art-bijoux.com\/en\/wp-json\/wp\/v2\/product\/1966","targetHints":{"allow":["GET"]}}],"collection":[{"href":"https:\/\/art-bijoux.com\/en\/wp-json\/wp\/v2\/product"}],"about":[{"href":"https:\/\/art-bijoux.com\/en\/wp-json\/wp\/v2\/types\/product"}],"replies":[{"embeddable":true,"href":"https:\/\/art-bijoux.com\/en\/wp-json\/wp\/v2\/comments?post=1966"}],"version-history":[{"count":1,"href":"https:\/\/art-bijoux.com\/en\/wp-json\/wp\/v2\/product\/1966\/revisions"}],"predecessor-version":[{"id":1970,"href":"https:\/\/art-bijoux.com\/en\/wp-json\/wp\/v2\/product\/1966\/revisions\/1970"}],"wp:featuredmedia":[{"embeddable":true,"href":"https:\/\/art-bijoux.com\/en\/wp-json\/wp\/v2\/media\/1847"}],"wp:attachment":[{"href":"https:\/\/art-bijoux.com\/en\/wp-json\/wp\/v2\/media?parent=1966"}],"wp:term":[{"taxonomy":"product_brand","embeddable":true,"href":"https:\/\/art-bijoux.com\/en\/wp-json\/wp\/v2\/product_brand?post=1966"},{"taxonomy":"product_cat","embeddable":true,"href":"https:\/\/art-bijoux.com\/en\/wp-json\/wp\/v2\/product_cat?post=1966"},{"taxonomy":"product_tag","embeddable":true,"href":"https:\/\/art-bijoux.com\/en\/wp-json\/wp\/v2\/product_tag?post=1966"}],"curies":[{"name":"wp","href":"https:\/\/api.w.org\/{rel}","templated":true}]}}