{"id":1967,"date":"2024-05-17T18:06:00","date_gmt":"2024-05-17T16:06:00","guid":{"rendered":"https:\/\/art-bijoux.com\/?post_type=product&#038;p=1967"},"modified":"2024-05-18T10:50:44","modified_gmt":"2024-05-18T08:50:44","slug":"pendentif-en-verre-bleu-nuit-avec-millefioris-beige-et-blanc","status":"publish","type":"product","link":"https:\/\/art-bijoux.com\/en\/boutique\/pendentif-en-verre-bleu-nuit-avec-millefioris-beige-et-blanc\/","title":{"rendered":"Pendentif en Verre Bleu nuit avec Millefioris beige et blanc"},"content":{"rendered":"<figure id=\"attachment_1853\" aria-describedby=\"caption-attachment-1853\" style=\"width: 300px\" class=\"wp-caption alignleft\"><img fetchpriority=\"high\" decoding=\"async\" class=\"size-medium wp-image-1853\" src=\"https:\/\/art-bijoux.com\/wp-content\/uploads\/2024\/05\/millefioris_blanc-orange-bleu-fonce-300x293.webp\" alt=\"Pendentif carr\u00e9 en verre bleu nuit avec un millefiori beige et un blanc\" width=\"300\" height=\"293\" srcset=\"https:\/\/art-bijoux.com\/wp-content\/uploads\/2024\/05\/millefioris_blanc-orange-bleu-fonce-300x293.webp 300w, https:\/\/art-bijoux.com\/wp-content\/uploads\/2024\/05\/millefioris_blanc-orange-bleu-fonce-1024x1001.webp 1024w, https:\/\/art-bijoux.com\/wp-content\/uploads\/2024\/05\/millefioris_blanc-orange-bleu-fonce-768x751.webp 768w, https:\/\/art-bijoux.com\/wp-content\/uploads\/2024\/05\/millefioris_blanc-orange-bleu-fonce-1536x1502.webp 1536w, https:\/\/art-bijoux.com\/wp-content\/uploads\/2024\/05\/millefioris_blanc-orange-bleu-fonce-600x587.webp 600w, https:\/\/art-bijoux.com\/wp-content\/uploads\/2024\/05\/millefioris_blanc-orange-bleu-fonce.webp 1924w\" sizes=\"(max-width: 300px) 100vw, 300px\" \/><figcaption id=\"caption-attachment-1853\" class=\"wp-caption-text\">Pendentif carr\u00e9 en verre bleu nuit avec un millefiori beige et un blanc<\/figcaption><\/figure>\n<p>Ce pendentif carr\u00e9 en verre bleu nuit est sublim\u00e9 par deux millefioris, un jaune beige et un blanc dont la fonte a cr\u00e9\u00e9 une ombre comme un \u00e9cho, ce qui donne l&#8217;impression qu&#8217;il avance vers le spectateur et va sortir du bijou. Ils sont dispos\u00e9s en diagonale. Les millefioris, inspir\u00e9s des verriers de Murano en Italie, ajoutent une touche artistique et \u00e9l\u00e9gante \u00e0 ce bijou. Un petit orifice perc\u00e9 en haut du pendentif a permis d&#8217;ins\u00e9rer un anneau argent\u00e9, offrant une finition raffin\u00e9e. Les bords du pendentif ont \u00e9t\u00e9 soigneusement meul\u00e9s pour garantir une surface lisse et agr\u00e9able au toucher.<\/p>\n<p><strong>Caract\u00e9ristiques :<\/strong><\/p>\n<ul>\n<li>Forme : Carr\u00e9<\/li>\n<li>Fond : Bleu nuit<\/li>\n<li>Millefioris : Jaune beige et blanc, dispos\u00e9s en diagonale<\/li>\n<li>Technique : Fusion de verre<\/li>\n<li>Mat\u00e9riaux : Verre<\/li>\n<li>Fixation : Anneau en m\u00e9tal argent\u00e9<\/li>\n<li>Dimensions : largeur : 3,7cm, hauteur : 3,5cm<\/li>\n<\/ul>\n<p>Ce pendentif, avec son design unique et ses millefioris d\u00e9licats, est un bijou exceptionnel qui combine l&#8217;\u00e9l\u00e9gance du verre fusionn\u00e9 avec l&#8217;artisanat traditionnel de Murano. Un accessoire parfait pour ceux qui recherchent un bijou original et sophistiqu\u00e9.<\/p>\n<p>&nbsp;<\/p>\n<p>&nbsp;<\/p>\n","protected":false},"excerpt":{"rendered":"<p>Pendentif carr\u00e9 en verre bleu nuit avec un millefiori beige et un blanc<\/p>\n","protected":false},"featured_media":1853,"comment_status":"open","ping_status":"closed","template":"","meta":[],"product_brand":[],"product_cat":[182,181],"product_tag":[38,49,65],"class_list":{"0":"post-1967","1":"product","2":"type-product","3":"status-publish","4":"has-post-thumbnail","6":"product_cat-pendentif-fusing","7":"product_cat-pendentif-millefioris","8":"product_tag-fleur-soie-metal","9":"product_tag-fusing-verre","10":"product_tag-millefiori-verre","11":"pa_bijou-pendentif","13":"first","14":"instock","15":"purchasable","16":"product-type-simple"},"_links":{"self":[{"href":"https:\/\/art-bijoux.com\/en\/wp-json\/wp\/v2\/product\/1967","targetHints":{"allow":["GET"]}}],"collection":[{"href":"https:\/\/art-bijoux.com\/en\/wp-json\/wp\/v2\/product"}],"about":[{"href":"https:\/\/art-bijoux.com\/en\/wp-json\/wp\/v2\/types\/product"}],"replies":[{"embeddable":true,"href":"https:\/\/art-bijoux.com\/en\/wp-json\/wp\/v2\/comments?post=1967"}],"version-history":[{"count":1,"href":"https:\/\/art-bijoux.com\/en\/wp-json\/wp\/v2\/product\/1967\/revisions"}],"predecessor-version":[{"id":1971,"href":"https:\/\/art-bijoux.com\/en\/wp-json\/wp\/v2\/product\/1967\/revisions\/1971"}],"wp:featuredmedia":[{"embeddable":true,"href":"https:\/\/art-bijoux.com\/en\/wp-json\/wp\/v2\/media\/1853"}],"wp:attachment":[{"href":"https:\/\/art-bijoux.com\/en\/wp-json\/wp\/v2\/media?parent=1967"}],"wp:term":[{"taxonomy":"product_brand","embeddable":true,"href":"https:\/\/art-bijoux.com\/en\/wp-json\/wp\/v2\/product_brand?post=1967"},{"taxonomy":"product_cat","embeddable":true,"href":"https:\/\/art-bijoux.com\/en\/wp-json\/wp\/v2\/product_cat?post=1967"},{"taxonomy":"product_tag","embeddable":true,"href":"https:\/\/art-bijoux.com\/en\/wp-json\/wp\/v2\/product_tag?post=1967"}],"curies":[{"name":"wp","href":"https:\/\/api.w.org\/{rel}","templated":true}]}}