{"id":1969,"date":"2024-05-17T18:16:06","date_gmt":"2024-05-17T16:16:06","guid":{"rendered":"https:\/\/art-bijoux.com\/?post_type=product&#038;p=1969"},"modified":"2024-05-18T11:01:18","modified_gmt":"2024-05-18T09:01:18","slug":"pendentif-en-verre-bleu-nuit-avec-1-millefiori-blanc-et-1-vermillon-avec-une-breloque-feuille","status":"publish","type":"product","link":"https:\/\/art-bijoux.com\/en\/boutique\/pendentif-en-verre-bleu-nuit-avec-1-millefiori-blanc-et-1-vermillon-avec-une-breloque-feuille\/","title":{"rendered":"Pendentif en verre bleu nuit avec 1 millefiori blanc et 1 vermillon, avec une breloque feuille"},"content":{"rendered":"<figure id=\"attachment_1835\" aria-describedby=\"caption-attachment-1835\" style=\"width: 197px\" class=\"wp-caption alignleft\"><img fetchpriority=\"high\" decoding=\"async\" class=\"size-medium wp-image-1835\" src=\"https:\/\/art-bijoux.com\/wp-content\/uploads\/2024\/05\/Millefioris-bleu-feuille-197x300.webp\" alt=\"Pendentif en verre bleu nuit avec 1 millefiori blanc et 1 orange, une breloque en forme de feuille\" width=\"197\" height=\"300\" srcset=\"https:\/\/art-bijoux.com\/wp-content\/uploads\/2024\/05\/Millefioris-bleu-feuille-197x300.webp 197w, https:\/\/art-bijoux.com\/wp-content\/uploads\/2024\/05\/Millefioris-bleu-feuille-673x1024.webp 673w, https:\/\/art-bijoux.com\/wp-content\/uploads\/2024\/05\/Millefioris-bleu-feuille-768x1169.webp 768w, https:\/\/art-bijoux.com\/wp-content\/uploads\/2024\/05\/Millefioris-bleu-feuille-1009x1536.webp 1009w, https:\/\/art-bijoux.com\/wp-content\/uploads\/2024\/05\/Millefioris-bleu-feuille-600x914.webp 600w, https:\/\/art-bijoux.com\/wp-content\/uploads\/2024\/05\/Millefioris-bleu-feuille.webp 1261w\" sizes=\"(max-width: 197px) 100vw, 197px\" \/><figcaption id=\"caption-attachment-1835\" class=\"wp-caption-text\">Pendentif en verre bleu nuit avec 1 millefiori blanc et 1 orange, une breloque en forme de feuille<\/figcaption><\/figure>\n<p>Ce pendentif se distingue par sa forme unique et ses d\u00e9tails raffin\u00e9s. R\u00e9alis\u00e9 en verre bleu nuit, il pr\u00e9sente un c\u00f4t\u00e9 sup\u00e9rieur coup\u00e9 en diagonale, cr\u00e9ant une asym\u00e9trie \u00e9l\u00e9gante. Sur sa surface, deux millefioris captivants sont dispos\u00e9s en diagonale : un millefiori vermillon avec un c\u0153ur jaune et un millefiori blanc, plus grand, aux p\u00e9tales sertis de gris avec un minuscule c\u0153ur bleu. Les millefioris, inspir\u00e9s des verriers de Murano en Italie, sont parfaitement fondus, ajoutant une touche artistique et color\u00e9e \u00e0 ce bijou.<\/p>\n<p>Un petit orifice perc\u00e9 en haut du pendentif permet d&#8217;ins\u00e9rer un anneau argent\u00e9, auquel est suspendue une d\u00e9licate breloque en forme de feuille d&#8217;arbre argent\u00e9. Les bords du pendentif ont \u00e9t\u00e9 soigneusement meul\u00e9s pour garantir une surface lisse et agr\u00e9able au toucher.<\/p>\n<p><strong>Caract\u00e9ristiques :<\/strong><\/p>\n<ul>\n<li>Forme : Rectangle avec c\u00f4t\u00e9 sup\u00e9rieur en diagonale<\/li>\n<li>Fond : Bleu nuit<\/li>\n<li>Millefioris : Vermillon au c\u0153ur jaune et blanc aux p\u00e9tales sertis de gris avec un c\u0153ur bleu, dispos\u00e9s en diagonale<\/li>\n<li>Technique : Fusion de verre<\/li>\n<li>Mat\u00e9riaux : Verre<\/li>\n<li>Fixation : Anneau argent\u00e9<\/li>\n<li>Breloque : Feuille d&#8217;arbre argent\u00e9<\/li>\n<li>Dimensions : largeur : 3,5cm, hauteur : 6,3cm<\/li>\n<\/ul>\n<p>Ce pendentif rectangulaire et asym\u00e9trique, avec ses millefioris artistiques et sa breloque \u00e9l\u00e9gante, est un bijou unique qui marie l&#8217;art du verre fusionn\u00e9 \u00e0 l&#8217;artisanat traditionnel de Murano. Id\u00e9al pour ceux qui recherchent un bijou \u00e0 la fois sophistiqu\u00e9 et distinctif.<\/p>\n<p>&nbsp;<\/p>\n","protected":false},"excerpt":{"rendered":"<p>Pendentif en verre bleu nuit avec 1 millefiori blanc et 1 orange, une breloque en forme de feuille<\/p>\n","protected":false},"featured_media":1835,"comment_status":"open","ping_status":"closed","template":"","meta":[],"product_brand":[],"product_cat":[182,181],"product_tag":[29,49,65,26],"class_list":{"0":"post-1969","1":"product","2":"type-product","3":"status-publish","4":"has-post-thumbnail","6":"product_cat-pendentif-fusing","7":"product_cat-pendentif-millefioris","8":"product_tag-breloque-metal-pierre","9":"product_tag-fusing-verre","10":"product_tag-millefiori-verre","11":"product_tag-pendentif-verre","13":"first","14":"instock","15":"purchasable","16":"product-type-simple"},"_links":{"self":[{"href":"https:\/\/art-bijoux.com\/en\/wp-json\/wp\/v2\/product\/1969","targetHints":{"allow":["GET"]}}],"collection":[{"href":"https:\/\/art-bijoux.com\/en\/wp-json\/wp\/v2\/product"}],"about":[{"href":"https:\/\/art-bijoux.com\/en\/wp-json\/wp\/v2\/types\/product"}],"replies":[{"embeddable":true,"href":"https:\/\/art-bijoux.com\/en\/wp-json\/wp\/v2\/comments?post=1969"}],"version-history":[{"count":1,"href":"https:\/\/art-bijoux.com\/en\/wp-json\/wp\/v2\/product\/1969\/revisions"}],"predecessor-version":[{"id":1973,"href":"https:\/\/art-bijoux.com\/en\/wp-json\/wp\/v2\/product\/1969\/revisions\/1973"}],"wp:featuredmedia":[{"embeddable":true,"href":"https:\/\/art-bijoux.com\/en\/wp-json\/wp\/v2\/media\/1835"}],"wp:attachment":[{"href":"https:\/\/art-bijoux.com\/en\/wp-json\/wp\/v2\/media?parent=1969"}],"wp:term":[{"taxonomy":"product_brand","embeddable":true,"href":"https:\/\/art-bijoux.com\/en\/wp-json\/wp\/v2\/product_brand?post=1969"},{"taxonomy":"product_cat","embeddable":true,"href":"https:\/\/art-bijoux.com\/en\/wp-json\/wp\/v2\/product_cat?post=1969"},{"taxonomy":"product_tag","embeddable":true,"href":"https:\/\/art-bijoux.com\/en\/wp-json\/wp\/v2\/product_tag?post=1969"}],"curies":[{"name":"wp","href":"https:\/\/api.w.org\/{rel}","templated":true}]}}