{"id":1974,"date":"2024-05-18T16:44:24","date_gmt":"2024-05-18T14:44:24","guid":{"rendered":"https:\/\/art-bijoux.com\/?post_type=product&#038;p=1974"},"modified":"2024-06-24T00:00:15","modified_gmt":"2024-06-23T22:00:15","slug":"pendentif-losange-bleu-avec-millefioris-clairs-et-breloque-marguerite-argentee","status":"publish","type":"product","link":"https:\/\/art-bijoux.com\/en\/boutique\/pendentif-losange-bleu-avec-millefioris-clairs-et-breloque-marguerite-argentee\/","title":{"rendered":"Pendentif Losange Bleu avec Millefioris Clairs et Breloque Marguerite Argent\u00e9e"},"content":{"rendered":"<figure id=\"attachment_1836\" aria-describedby=\"caption-attachment-1836\" style=\"width: 287px\" class=\"wp-caption alignleft\"><img fetchpriority=\"high\" decoding=\"async\" class=\"size-medium wp-image-1836\" src=\"https:\/\/art-bijoux.com\/wp-content\/uploads\/2024\/05\/Millefioris-bleu-marguerite-287x300.webp\" alt=\"Pendentif losange en verre bleu ciel avec 2 millefioris bleu p\u00e2le avec un c\u0153ur jaune\" width=\"287\" height=\"300\" srcset=\"https:\/\/art-bijoux.com\/wp-content\/uploads\/2024\/05\/Millefioris-bleu-marguerite-287x300.webp 287w, https:\/\/art-bijoux.com\/wp-content\/uploads\/2024\/05\/Millefioris-bleu-marguerite-981x1024.webp 981w, https:\/\/art-bijoux.com\/wp-content\/uploads\/2024\/05\/Millefioris-bleu-marguerite-768x802.webp 768w, https:\/\/art-bijoux.com\/wp-content\/uploads\/2024\/05\/Millefioris-bleu-marguerite-1471x1536.webp 1471w, https:\/\/art-bijoux.com\/wp-content\/uploads\/2024\/05\/Millefioris-bleu-marguerite-600x626.webp 600w, https:\/\/art-bijoux.com\/wp-content\/uploads\/2024\/05\/Millefioris-bleu-marguerite.webp 1839w\" sizes=\"(max-width: 287px) 100vw, 287px\" \/><figcaption id=\"caption-attachment-1836\" class=\"wp-caption-text\">Pendentif losange en verre bleu ciel avec 2 millefioris bleu p\u00e2le avec un c\u0153ur jaune et une breloque en forme de marguerite<\/figcaption><\/figure>\n<p>Ce pendentif en forme de losange, r\u00e9alis\u00e9 en verre bleu, est embelli par deux millefioris d\u00e9licats, chacun avec un c\u0153ur jaune vibrant. Les millefioris, inspir\u00e9s des verriers de Murano en Italie, sont fusionn\u00e9s avec soin sur la surface du verre, ajoutant une touche de couleur subtile et raffin\u00e9e.<\/p>\n<p>Un petit orifice perc\u00e9 en haut du pendentif permet d&#8217;ins\u00e9rer un anneau argent\u00e9. Cet anneau soutient \u00e9galement une charmante breloque en forme de marguerite \u00e0 5 p\u00e9tales en m\u00e9tal argent\u00e9, ajoutant une note florale et \u00e9l\u00e9gante au design global. Les bords du pendentif ont \u00e9t\u00e9 soigneusement meul\u00e9s pour assurer une finition douce et agr\u00e9able au toucher.<\/p>\n<p><strong>Caract\u00e9ristiques :<\/strong><\/p>\n<ul>\n<li>Forme : Losange<\/li>\n<li>Fond : Bleu<\/li>\n<li>Millefioris : Deux millefioris plus clairs avec un c\u0153ur jaune<\/li>\n<li>Technique : Fusion de verre<\/li>\n<li>Mat\u00e9riaux : Verre<\/li>\n<li>Fixation : Anneau argent\u00e9<\/li>\n<li>Breloque : Marguerite en m\u00e9tal argent\u00e9<\/li>\n<li>Dimensions : largeur : 5,5 cm, hauteur : 5,6cm<\/li>\n<\/ul>\n<p>Ce pendentif losange, avec ses millefioris inspir\u00e9s des verriers de Murano et sa d\u00e9licate breloque marguerite, est un bijou unique et \u00e9l\u00e9gant. Parfait pour ceux qui cherchent \u00e0 ajouter une touche artistique et florale \u00e0 leur collection de bijoux.<\/p>\n<p>&nbsp;<\/p>\n","protected":false},"excerpt":{"rendered":"<p>Pendentif losange en verre bleu ciel avec 2 millefioris bleu p\u00e2le avec un c\u0153ur jaune et une breloque en forme de marguerite en m\u00e9tal argent\u00e9<\/p>\n","protected":false},"featured_media":1836,"comment_status":"open","ping_status":"closed","template":"","meta":[],"product_brand":[],"product_cat":[176,182,181],"product_tag":[29,38,49,65,26],"class_list":{"0":"post-1974","1":"product","2":"type-product","3":"status-publish","4":"has-post-thumbnail","6":"product_cat-breloque-bijou-verre","7":"product_cat-pendentif-fusing","8":"product_cat-pendentif-millefioris","9":"product_tag-breloque-metal-pierre","10":"product_tag-fleur-soie-metal","11":"product_tag-fusing-verre","12":"product_tag-millefiori-verre","13":"product_tag-pendentif-verre","14":"pa_bijou-pendentif","15":"pa_breloque-fleur","17":"first","18":"instock","19":"taxable","20":"shipping-taxable","21":"purchasable","22":"product-type-simple"},"_links":{"self":[{"href":"https:\/\/art-bijoux.com\/en\/wp-json\/wp\/v2\/product\/1974","targetHints":{"allow":["GET"]}}],"collection":[{"href":"https:\/\/art-bijoux.com\/en\/wp-json\/wp\/v2\/product"}],"about":[{"href":"https:\/\/art-bijoux.com\/en\/wp-json\/wp\/v2\/types\/product"}],"replies":[{"embeddable":true,"href":"https:\/\/art-bijoux.com\/en\/wp-json\/wp\/v2\/comments?post=1974"}],"version-history":[{"count":0,"href":"https:\/\/art-bijoux.com\/en\/wp-json\/wp\/v2\/product\/1974\/revisions"}],"wp:featuredmedia":[{"embeddable":true,"href":"https:\/\/art-bijoux.com\/en\/wp-json\/wp\/v2\/media\/1836"}],"wp:attachment":[{"href":"https:\/\/art-bijoux.com\/en\/wp-json\/wp\/v2\/media?parent=1974"}],"wp:term":[{"taxonomy":"product_brand","embeddable":true,"href":"https:\/\/art-bijoux.com\/en\/wp-json\/wp\/v2\/product_brand?post=1974"},{"taxonomy":"product_cat","embeddable":true,"href":"https:\/\/art-bijoux.com\/en\/wp-json\/wp\/v2\/product_cat?post=1974"},{"taxonomy":"product_tag","embeddable":true,"href":"https:\/\/art-bijoux.com\/en\/wp-json\/wp\/v2\/product_tag?post=1974"}],"curies":[{"name":"wp","href":"https:\/\/api.w.org\/{rel}","templated":true}]}}