{"id":1975,"date":"2024-05-18T16:54:36","date_gmt":"2024-05-18T14:54:36","guid":{"rendered":"https:\/\/art-bijoux.com\/?post_type=product&#038;p=1975"},"modified":"2024-12-11T11:24:50","modified_gmt":"2024-12-11T10:24:50","slug":"pendentif-en-forme-de-losange-en-verre-transparent-avec-un-millefiori-bleu-monte-en-tiffany","status":"publish","type":"product","link":"https:\/\/art-bijoux.com\/en\/boutique\/pendentif-en-forme-de-losange-en-verre-transparent-avec-un-millefiori-bleu-monte-en-tiffany\/","title":{"rendered":"Pendentif Losange Transparent avec Millefiori Bleu Clair et C\u0153ur Rouge"},"content":{"rendered":"<figure id=\"attachment_1822\" aria-describedby=\"caption-attachment-1822\" style=\"width: 267px\" class=\"wp-caption alignleft\"><img fetchpriority=\"high\" decoding=\"async\" class=\"size-medium wp-image-1822\" src=\"https:\/\/art-bijoux.com\/wp-content\/uploads\/2024\/05\/Millefiori-bleu-losange-transparent-267x300.webp\" alt=\"Pendentif en forme de losange en verre transparent avec un millefiori bleu, mont\u00e9 en Tiffany\" width=\"267\" height=\"300\" srcset=\"https:\/\/art-bijoux.com\/wp-content\/uploads\/2024\/05\/Millefiori-bleu-losange-transparent-267x300.webp 267w, https:\/\/art-bijoux.com\/wp-content\/uploads\/2024\/05\/Millefiori-bleu-losange-transparent-600x675.webp 600w, https:\/\/art-bijoux.com\/wp-content\/uploads\/2024\/05\/Millefiori-bleu-losange-transparent.webp 711w\" sizes=\"(max-width: 267px) 100vw, 267px\" \/><figcaption id=\"caption-attachment-1822\" class=\"wp-caption-text\">Pendentif en forme de losange en verre transparent avec un millefiori bleu, mont\u00e9 en Tiffany<\/figcaption><\/figure>\n<p>Ce pendentif unique en forme de losange avec un angle tronqu\u00e9 est r\u00e9alis\u00e9 en verre transparent, qui permet de voir la couleur de vos v\u00eatements \u00e0 travers. Un millefiori bleu clair, orn\u00e9 d&#8217;un c\u0153ur rouge, est fusionn\u00e9 d\u00e9licatement sur sa surface, ajoutant une touche de couleur vive et artistique. Les millefioris sont inspir\u00e9s des verriers de Murano en Italie, renomm\u00e9s pour leur expertise et leur cr\u00e9ativit\u00e9 en mati\u00e8re de verre.<\/p>\n<p>Un anneau argent\u00e9 est soud\u00e9 au sommet, permettant de suspendre le pendentif facilement. Mont\u00e9 selon la technique Tiffany, le pendentif est serti de cuivre et soud\u00e9 \u00e0 l&#8217;\u00e9tain, garantissant une finition solide et durable.<\/p>\n<p><strong>Caract\u00e9ristiques :<\/strong><\/p>\n<ul>\n<li>Forme : Losange avec un angle tronqu\u00e9<\/li>\n<li>Fond : Verre transparent<\/li>\n<li>Millefiori : Un millefiori bleu clair avec un c\u0153ur rouge<\/li>\n<li>Technique : Fusion de verre et montage Tiffany<\/li>\n<li>Mat\u00e9riaux : Verre, cuivre, \u00e9tain<\/li>\n<li>Fixation : Anneau argent\u00e9 soud\u00e9<\/li>\n<li>Dimensions : largeur : 4,4cm, hauteur : 5,2cm<\/li>\n<\/ul>\n<p>Ce pendentif en losange transparent, avec son millefiori \u00e9clatant et son montage soign\u00e9, est une pi\u00e8ce \u00e9l\u00e9gante et artistique. Parfait pour ceux qui appr\u00e9cient l&#8217;artisanat raffin\u00e9 et les bijoux uniques.<\/p>\n<p>&nbsp;<\/p>\n","protected":false},"excerpt":{"rendered":"<p>Pendentif en forme de losange en verre transparent avec un millefiori bleu, mont\u00e9 en Tiffany<\/p>\n","protected":false},"featured_media":1822,"comment_status":"open","ping_status":"closed","template":"","meta":[],"product_brand":[],"product_cat":[182,186,181,28],"product_tag":[49,65,26,27],"class_list":{"0":"post-1975","1":"product","2":"type-product","3":"status-publish","4":"has-post-thumbnail","6":"product_cat-pendentif-fusing","7":"product_cat-bijou-pendentif-fusing-tiffany","8":"product_cat-pendentif-millefioris","9":"product_cat-pendentif-tiffany","10":"product_tag-fusing-verre","11":"product_tag-millefiori-verre","12":"product_tag-pendentif-verre","13":"product_tag-tiffany-verre","14":"pa_bijou-pendentif","16":"first","17":"outofstock","18":"purchasable","19":"product-type-simple"},"_links":{"self":[{"href":"https:\/\/art-bijoux.com\/en\/wp-json\/wp\/v2\/product\/1975","targetHints":{"allow":["GET"]}}],"collection":[{"href":"https:\/\/art-bijoux.com\/en\/wp-json\/wp\/v2\/product"}],"about":[{"href":"https:\/\/art-bijoux.com\/en\/wp-json\/wp\/v2\/types\/product"}],"replies":[{"embeddable":true,"href":"https:\/\/art-bijoux.com\/en\/wp-json\/wp\/v2\/comments?post=1975"}],"version-history":[{"count":0,"href":"https:\/\/art-bijoux.com\/en\/wp-json\/wp\/v2\/product\/1975\/revisions"}],"wp:featuredmedia":[{"embeddable":true,"href":"https:\/\/art-bijoux.com\/en\/wp-json\/wp\/v2\/media\/1822"}],"wp:attachment":[{"href":"https:\/\/art-bijoux.com\/en\/wp-json\/wp\/v2\/media?parent=1975"}],"wp:term":[{"taxonomy":"product_brand","embeddable":true,"href":"https:\/\/art-bijoux.com\/en\/wp-json\/wp\/v2\/product_brand?post=1975"},{"taxonomy":"product_cat","embeddable":true,"href":"https:\/\/art-bijoux.com\/en\/wp-json\/wp\/v2\/product_cat?post=1975"},{"taxonomy":"product_tag","embeddable":true,"href":"https:\/\/art-bijoux.com\/en\/wp-json\/wp\/v2\/product_tag?post=1975"}],"curies":[{"name":"wp","href":"https:\/\/api.w.org\/{rel}","templated":true}]}}