{"id":1976,"date":"2024-05-18T17:03:19","date_gmt":"2024-05-18T15:03:19","guid":{"rendered":"https:\/\/art-bijoux.com\/?post_type=product&#038;p=1976"},"modified":"2024-05-18T17:03:20","modified_gmt":"2024-05-18T15:03:20","slug":"pendentif-trapeze-en-verre-bleu-avec-millefioris","status":"publish","type":"product","link":"https:\/\/art-bijoux.com\/en\/boutique\/pendentif-trapeze-en-verre-bleu-avec-millefioris\/","title":{"rendered":"Pendentif Trap\u00e8ze en Verre Bleu avec Millefioris"},"content":{"rendered":"<figure id=\"attachment_1803\" aria-describedby=\"caption-attachment-1803\" style=\"width: 224px\" class=\"wp-caption alignleft\"><img fetchpriority=\"high\" decoding=\"async\" class=\"size-medium wp-image-1803\" src=\"https:\/\/art-bijoux.com\/wp-content\/uploads\/2024\/05\/2-Millefioris-blanc-bleu-224x300.webp\" alt=\"Pendentif en verre bleu avec deux millefioris bleus, mont\u00e9 en Tiffany, avec une b\u00e9li\u00e8re argent\u00e9e\" width=\"224\" height=\"300\" srcset=\"https:\/\/art-bijoux.com\/wp-content\/uploads\/2024\/05\/2-Millefioris-blanc-bleu-224x300.webp 224w, https:\/\/art-bijoux.com\/wp-content\/uploads\/2024\/05\/2-Millefioris-blanc-bleu-765x1024.webp 765w, https:\/\/art-bijoux.com\/wp-content\/uploads\/2024\/05\/2-Millefioris-blanc-bleu-768x1028.webp 768w, https:\/\/art-bijoux.com\/wp-content\/uploads\/2024\/05\/2-Millefioris-blanc-bleu-1148x1536.webp 1148w, https:\/\/art-bijoux.com\/wp-content\/uploads\/2024\/05\/2-Millefioris-blanc-bleu-600x803.webp 600w, https:\/\/art-bijoux.com\/wp-content\/uploads\/2024\/05\/2-Millefioris-blanc-bleu.webp 1438w\" sizes=\"(max-width: 224px) 100vw, 224px\" \/><figcaption id=\"caption-attachment-1803\" class=\"wp-caption-text\">Pendentif en verre bleu avec deux millefioris bleus, mont\u00e9 en Tiffany, avec une b\u00e9li\u00e8re argent\u00e9e<\/figcaption><\/figure>\n<p>Ce pendentif en forme de trap\u00e8ze est r\u00e9alis\u00e9 en verre bleu profond. Deux millefioris sont fusionn\u00e9s sur sa surface : l&#8217;un pr\u00e9sente des p\u00e9tales blancs et l&#8217;autre, plus petit, arbore un c\u0153ur jaune. Ces motifs d\u00e9licats et color\u00e9s sont inspir\u00e9s des verriers de Murano en Italie, r\u00e9put\u00e9s pour leur savoir-faire exceptionnel.<\/p>\n<p>Une b\u00e9li\u00e8re argent\u00e9e est solidement soud\u00e9e \u00e0 l&#8217;arri\u00e8re, permettant une suspension \u00e9l\u00e9gante. Le pendentif est mont\u00e9 selon la technique Tiffany, avec un sertissage en cuivre et une soudure \u00e0 l&#8217;\u00e9tain, assurant une finition durable et raffin\u00e9e.<\/p>\n<p><strong>Caract\u00e9ristiques :<\/strong><\/p>\n<ul>\n<li>Forme : Trap\u00e8ze<\/li>\n<li>Fond : Verre bleu<\/li>\n<li>Millefioris : Un millefiori bleu avec des p\u00e9tales blancs, et un millefiori plus petit avec un c\u0153ur jaune<\/li>\n<li>Technique : Fusion de verre et montage Tiffany<\/li>\n<li>Mat\u00e9riaux : Verre, cuivre, \u00e9tain<\/li>\n<li>B\u00e9li\u00e8re : Argent\u00e9e, soud\u00e9e \u00e0 l&#8217;arri\u00e8re<\/li>\n<li>Dimensions : largeur : 5,6cm, hauteur : 5,4cm<\/li>\n<\/ul>\n<p>Ce pendentif en trap\u00e8ze bleu, orn\u00e9 de millefioris aux d\u00e9tails subtils et color\u00e9s, est une pi\u00e8ce unique et \u00e9l\u00e9gante. Parfait pour les amateurs de bijoux artisanaux et artistiques, il t\u00e9moigne de l&#8217;excellence et de la cr\u00e9ativit\u00e9 des techniques verri\u00e8res traditionnelles.<\/p>\n","protected":false},"excerpt":{"rendered":"<p>Pendentif en verre bleu avec deux millefioris bleus, mont\u00e9 en Tiffany, avec une b\u00e9li\u00e8re argent\u00e9e<\/p>\n","protected":false},"featured_media":1803,"comment_status":"open","ping_status":"closed","template":"","meta":[],"product_brand":[],"product_cat":[182,181,28],"product_tag":[38,49,65,26,27],"class_list":{"0":"post-1976","1":"product","2":"type-product","3":"status-publish","4":"has-post-thumbnail","6":"product_cat-pendentif-fusing","7":"product_cat-pendentif-millefioris","8":"product_cat-pendentif-tiffany","9":"product_tag-fleur-soie-metal","10":"product_tag-fusing-verre","11":"product_tag-millefiori-verre","12":"product_tag-pendentif-verre","13":"product_tag-tiffany-verre","14":"pa_bijou-pendentif","16":"first","17":"instock","18":"purchasable","19":"product-type-simple"},"_links":{"self":[{"href":"https:\/\/art-bijoux.com\/en\/wp-json\/wp\/v2\/product\/1976","targetHints":{"allow":["GET"]}}],"collection":[{"href":"https:\/\/art-bijoux.com\/en\/wp-json\/wp\/v2\/product"}],"about":[{"href":"https:\/\/art-bijoux.com\/en\/wp-json\/wp\/v2\/types\/product"}],"replies":[{"embeddable":true,"href":"https:\/\/art-bijoux.com\/en\/wp-json\/wp\/v2\/comments?post=1976"}],"version-history":[{"count":0,"href":"https:\/\/art-bijoux.com\/en\/wp-json\/wp\/v2\/product\/1976\/revisions"}],"wp:featuredmedia":[{"embeddable":true,"href":"https:\/\/art-bijoux.com\/en\/wp-json\/wp\/v2\/media\/1803"}],"wp:attachment":[{"href":"https:\/\/art-bijoux.com\/en\/wp-json\/wp\/v2\/media?parent=1976"}],"wp:term":[{"taxonomy":"product_brand","embeddable":true,"href":"https:\/\/art-bijoux.com\/en\/wp-json\/wp\/v2\/product_brand?post=1976"},{"taxonomy":"product_cat","embeddable":true,"href":"https:\/\/art-bijoux.com\/en\/wp-json\/wp\/v2\/product_cat?post=1976"},{"taxonomy":"product_tag","embeddable":true,"href":"https:\/\/art-bijoux.com\/en\/wp-json\/wp\/v2\/product_tag?post=1976"}],"curies":[{"name":"wp","href":"https:\/\/api.w.org\/{rel}","templated":true}]}}