{"id":1978,"date":"2024-05-18T17:19:48","date_gmt":"2024-05-18T15:19:48","guid":{"rendered":"https:\/\/art-bijoux.com\/?post_type=product&#038;p=1978"},"modified":"2024-05-18T17:20:43","modified_gmt":"2024-05-18T15:20:43","slug":"pendentif-trapeze-blanc-et-gris-avec-millefioris-orange-et-bleu","status":"publish","type":"product","link":"https:\/\/art-bijoux.com\/en\/boutique\/pendentif-trapeze-blanc-et-gris-avec-millefioris-orange-et-bleu\/","title":{"rendered":"Pendentif Trap\u00e8ze Blanc et gris avec Millefioris Orange et Bleu"},"content":{"rendered":"<figure id=\"attachment_1839\" aria-describedby=\"caption-attachment-1839\" style=\"width: 218px\" class=\"wp-caption alignleft\"><img fetchpriority=\"high\" decoding=\"async\" class=\"size-medium wp-image-1839\" src=\"https:\/\/art-bijoux.com\/wp-content\/uploads\/2024\/05\/Millefioris-gris-rectangle-218x300.webp\" alt=\"Pendentif en forme de trap\u00e8ze en verre blanc stri\u00e9 de gris, 2 millefioris, un bleu et un orange, sont fondus \u00e0 la surface\" width=\"218\" height=\"300\" srcset=\"https:\/\/art-bijoux.com\/wp-content\/uploads\/2024\/05\/Millefioris-gris-rectangle-218x300.webp 218w, https:\/\/art-bijoux.com\/wp-content\/uploads\/2024\/05\/Millefioris-gris-rectangle-746x1024.webp 746w, https:\/\/art-bijoux.com\/wp-content\/uploads\/2024\/05\/Millefioris-gris-rectangle-768x1055.webp 768w, https:\/\/art-bijoux.com\/wp-content\/uploads\/2024\/05\/Millefioris-gris-rectangle-1118x1536.webp 1118w, https:\/\/art-bijoux.com\/wp-content\/uploads\/2024\/05\/Millefioris-gris-rectangle-600x824.webp 600w, https:\/\/art-bijoux.com\/wp-content\/uploads\/2024\/05\/Millefioris-gris-rectangle.webp 1398w\" sizes=\"(max-width: 218px) 100vw, 218px\" \/><figcaption id=\"caption-attachment-1839\" class=\"wp-caption-text\">Pendentif en forme de trap\u00e8ze en verre blanc stri\u00e9 de gris, 2 millefioris, un bleu et un orange, sont fondus \u00e0 la surface<\/figcaption><\/figure>\n<p>Ce pendentif en forme de trap\u00e8ze est confectionn\u00e9 en verre blanc orn\u00e9 de d\u00e9licates stries grises. \u00c0 sa surface, deux millefioris sont align\u00e9s verticalement : un millefiori orange et un millefiori bleu bord\u00e9 de jaune. Ces motifs color\u00e9s, inspir\u00e9s des verriers de Murano en Italie, ajoutent une touche artistique et vibrante au pendentif.<\/p>\n<p>Un petit orifice perc\u00e9 au sommet permet d&#8217;ins\u00e9rer un anneau argent\u00e9, facilitant la suspension du pendentif.<\/p>\n<p><strong>Caract\u00e9ristiques :<\/strong><\/p>\n<ul>\n<li>Forme : Trap\u00e8ze<\/li>\n<li>Fond : Verre blanc avec des stries grises<\/li>\n<li>Millefioris : Un orange et un bleu cern\u00e9 de jaune<\/li>\n<li>Technique : Fusion de verre<\/li>\n<li>Mat\u00e9riaux : Verre<\/li>\n<li>Fixation : Anneau en m\u00e9tal argent\u00e9 ins\u00e9r\u00e9 \u00e0 travers un orifice au sommet<\/li>\n<li>Dimensions : largeur : 3,7cm, hauteur : 3,1cm<\/li>\n<\/ul>\n<p>Ce pendentif trap\u00e9zo\u00efdal, embelli par des millefioris vibrants, est une pi\u00e8ce unique qui se distingue par son \u00e9l\u00e9gance et sa finesse. Parfait pour les amateurs de bijoux artisanaux et d&#8217;art verrier, il incarne le savoir-faire et la cr\u00e9ativit\u00e9 des traditions verri\u00e8res de Murano.<\/p>\n<p>&nbsp;<\/p>\n","protected":false},"excerpt":{"rendered":"<p>Pendentif en forme de trap\u00e8ze en verre blanc stri\u00e9 de gris, 2 millefioris, un bleu et un orange, sont fondus \u00e0 la surface, un anneau argent\u00e9 pour la fixation<\/p>\n","protected":false},"featured_media":1839,"comment_status":"open","ping_status":"closed","template":"","meta":[],"product_brand":[],"product_cat":[182,181],"product_tag":[38,49,65,26],"class_list":{"0":"post-1978","1":"product","2":"type-product","3":"status-publish","4":"has-post-thumbnail","6":"product_cat-pendentif-fusing","7":"product_cat-pendentif-millefioris","8":"product_tag-fleur-soie-metal","9":"product_tag-fusing-verre","10":"product_tag-millefiori-verre","11":"product_tag-pendentif-verre","12":"pa_bijou-pendentif","14":"first","15":"instock","16":"purchasable","17":"product-type-simple"},"_links":{"self":[{"href":"https:\/\/art-bijoux.com\/en\/wp-json\/wp\/v2\/product\/1978","targetHints":{"allow":["GET"]}}],"collection":[{"href":"https:\/\/art-bijoux.com\/en\/wp-json\/wp\/v2\/product"}],"about":[{"href":"https:\/\/art-bijoux.com\/en\/wp-json\/wp\/v2\/types\/product"}],"replies":[{"embeddable":true,"href":"https:\/\/art-bijoux.com\/en\/wp-json\/wp\/v2\/comments?post=1978"}],"version-history":[{"count":0,"href":"https:\/\/art-bijoux.com\/en\/wp-json\/wp\/v2\/product\/1978\/revisions"}],"wp:featuredmedia":[{"embeddable":true,"href":"https:\/\/art-bijoux.com\/en\/wp-json\/wp\/v2\/media\/1839"}],"wp:attachment":[{"href":"https:\/\/art-bijoux.com\/en\/wp-json\/wp\/v2\/media?parent=1978"}],"wp:term":[{"taxonomy":"product_brand","embeddable":true,"href":"https:\/\/art-bijoux.com\/en\/wp-json\/wp\/v2\/product_brand?post=1978"},{"taxonomy":"product_cat","embeddable":true,"href":"https:\/\/art-bijoux.com\/en\/wp-json\/wp\/v2\/product_cat?post=1978"},{"taxonomy":"product_tag","embeddable":true,"href":"https:\/\/art-bijoux.com\/en\/wp-json\/wp\/v2\/product_tag?post=1978"}],"curies":[{"name":"wp","href":"https:\/\/api.w.org\/{rel}","templated":true}]}}