{"id":1979,"date":"2024-05-18T17:28:48","date_gmt":"2024-05-18T15:28:48","guid":{"rendered":"https:\/\/art-bijoux.com\/?post_type=product&#038;p=1979"},"modified":"2024-05-18T17:28:48","modified_gmt":"2024-05-18T15:28:48","slug":"pendentif-carre-blanc-et-gris-avec-millefioris-bleus-et-blancs","status":"publish","type":"product","link":"https:\/\/art-bijoux.com\/en\/boutique\/pendentif-carre-blanc-et-gris-avec-millefioris-bleus-et-blancs\/","title":{"rendered":"Pendentif Carr\u00e9 Blanc et gris avec Millefioris Bleus et Blancs"},"content":{"rendered":"<figure id=\"attachment_1807\" aria-describedby=\"caption-attachment-1807\" style=\"width: 291px\" class=\"wp-caption alignleft\"><img fetchpriority=\"high\" decoding=\"async\" class=\"size-medium wp-image-1807\" src=\"https:\/\/art-bijoux.com\/wp-content\/uploads\/2024\/05\/2-millefioris-bleu-sur-gris-blanc-291x300.webp\" alt=\"Pendentif carr\u00e9 blanc stri\u00e9 de gris avec 2 millefioris blancs et bleus\" width=\"291\" height=\"300\" srcset=\"https:\/\/art-bijoux.com\/wp-content\/uploads\/2024\/05\/2-millefioris-bleu-sur-gris-blanc-291x300.webp 291w, https:\/\/art-bijoux.com\/wp-content\/uploads\/2024\/05\/2-millefioris-bleu-sur-gris-blanc-768x792.webp 768w, https:\/\/art-bijoux.com\/wp-content\/uploads\/2024\/05\/2-millefioris-bleu-sur-gris-blanc-600x619.webp 600w, https:\/\/art-bijoux.com\/wp-content\/uploads\/2024\/05\/2-millefioris-bleu-sur-gris-blanc.webp 776w\" sizes=\"(max-width: 291px) 100vw, 291px\" \/><figcaption id=\"caption-attachment-1807\" class=\"wp-caption-text\">Pendentif carr\u00e9 blanc stri\u00e9 de gris avec 2 millefioris blancs et bleus<\/figcaption><\/figure>\n<p>Ce pendentif \u00e9l\u00e9gant en forme de carr\u00e9 est fabriqu\u00e9 en verre blanc subtilement stri\u00e9 de gris. \u00c0 sa surface, deux millefioris bleus et blancs sont fondus et dispos\u00e9s en diagonale, cr\u00e9ant un contraste raffin\u00e9 et harmonieux. Ces millefioris, inspir\u00e9s des c\u00e9l\u00e8bres verriers de Murano en Italie, ajoutent une touche de sophistication artisanale \u00e0 cette pi\u00e8ce.<\/p>\n<p>Un petit orifice perc\u00e9 au sommet permet d&#8217;ins\u00e9rer un anneau argent\u00e9, rendant ce pendentif facile \u00e0 suspendre.<\/p>\n<p><strong>Caract\u00e9ristiques :<\/strong><\/p>\n<ul>\n<li>Forme : Carr\u00e9<\/li>\n<li>Fond : Verre blanc avec des stries grises<\/li>\n<li>Millefioris : Deux bleus et blancs, dispos\u00e9s en diagonale<\/li>\n<li>Technique : Fusion de verre<\/li>\n<li>Mat\u00e9riaux : Verre<\/li>\n<li>Fixation : Anneau en m\u00e9tal argent\u00e9 ins\u00e9r\u00e9 \u00e0 travers un orifice au sommet<\/li>\n<li>Dimensions : largeur : 3,6cm, hauteur : 3,4cm<\/li>\n<\/ul>\n<p>Ce pendentif carr\u00e9, embelli par des millefioris bleus et blancs dispos\u00e9s en diagonale, est une pi\u00e8ce unique qui se distingue par sa beaut\u00e9 et son \u00e9l\u00e9gance. Parfait pour les amateurs de bijoux artisanaux et d&#8217;art verrier, il incarne le savoir-faire et la cr\u00e9ativit\u00e9 des traditions verri\u00e8res de Murano.<\/p>\n<p>&nbsp;<\/p>\n","protected":false},"excerpt":{"rendered":"<p>Pendentif carr\u00e9 blanc stri\u00e9 de gris avec 2 millefioris blancs et bleus, un anneau argent\u00e9 pour la fixation<\/p>\n","protected":false},"featured_media":1807,"comment_status":"open","ping_status":"closed","template":"","meta":[],"product_brand":[],"product_cat":[181,28],"product_tag":[38,49,65,26],"class_list":{"0":"post-1979","1":"product","2":"type-product","3":"status-publish","4":"has-post-thumbnail","6":"product_cat-pendentif-millefioris","7":"product_cat-pendentif-tiffany","8":"product_tag-fleur-soie-metal","9":"product_tag-fusing-verre","10":"product_tag-millefiori-verre","11":"product_tag-pendentif-verre","12":"pa_bijou-pendentif","14":"first","15":"instock","16":"purchasable","17":"product-type-simple"},"yoast_head":"<!-- This site is optimized with the Yoast SEO plugin v27.4 - https:\/\/yoast.com\/product\/yoast-seo-wordpress\/ -->\n<title>Pendentif Carr\u00e9 Blanc et gris avec Millefioris Bleus et Blancs - art-bijoux<\/title>\n<meta name=\"description\" content=\"Pendentif carr\u00e9 blanc stri\u00e9 de gris avec 2 millefioris blancs et bleus en diagonale, un anneau en m\u00e9tal argent\u00e9 pour la fixation\" \/>\n<meta name=\"robots\" content=\"index, follow, max-snippet:-1, max-image-preview:large, max-video-preview:-1\" \/>\n<link rel=\"canonical\" href=\"https:\/\/art-bijoux.com\/boutique\/pendentif-carre-blanc-et-gris-avec-millefioris-bleus-et-blancs\/\" \/>\n<meta property=\"og:locale\" content=\"en_US\" \/>\n<meta property=\"og:type\" content=\"article\" \/>\n<meta property=\"og:title\" content=\"Pendentif Carr\u00e9 Blanc et gris avec Millefioris Bleus et Blancs - art-bijoux\" \/>\n<meta property=\"og:description\" content=\"Pendentif carr\u00e9 blanc stri\u00e9 de gris avec 2 millefioris blancs et bleus en diagonale, un anneau en m\u00e9tal argent\u00e9 pour la fixation\" \/>\n<meta property=\"og:url\" content=\"https:\/\/art-bijoux.com\/boutique\/pendentif-carre-blanc-et-gris-avec-millefioris-bleus-et-blancs\/\" \/>\n<meta property=\"og:site_name\" content=\"art-bijoux\" \/>\n<meta property=\"og:image\" content=\"https:\/\/art-bijoux.com\/wp-content\/uploads\/2024\/05\/2-millefioris-bleu-sur-gris-blanc.webp\" \/>\n\t<meta property=\"og:image:width\" content=\"776\" \/>\n\t<meta property=\"og:image:height\" content=\"800\" \/>\n\t<meta property=\"og:image:type\" content=\"image\/webp\" \/>\n<meta name=\"twitter:card\" content=\"summary_large_image\" \/>\n<meta name=\"twitter:label1\" content=\"Est. reading time\" \/>\n\t<meta name=\"twitter:data1\" content=\"2 minutes\" \/>\n<script type=\"application\/ld+json\" class=\"yoast-schema-graph\">{\"@context\":\"https:\\\/\\\/schema.org\",\"@graph\":[{\"@type\":\"WebPage\",\"@id\":\"https:\\\/\\\/art-bijoux.com\\\/boutique\\\/pendentif-carre-blanc-et-gris-avec-millefioris-bleus-et-blancs\\\/\",\"url\":\"https:\\\/\\\/art-bijoux.com\\\/boutique\\\/pendentif-carre-blanc-et-gris-avec-millefioris-bleus-et-blancs\\\/\",\"name\":\"Pendentif Carr\u00e9 Blanc et gris avec Millefioris Bleus et Blancs - art-bijoux\",\"isPartOf\":{\"@id\":\"https:\\\/\\\/art-bijoux.com\\\/#website\"},\"primaryImageOfPage\":{\"@id\":\"https:\\\/\\\/art-bijoux.com\\\/boutique\\\/pendentif-carre-blanc-et-gris-avec-millefioris-bleus-et-blancs\\\/#primaryimage\"},\"image\":{\"@id\":\"https:\\\/\\\/art-bijoux.com\\\/boutique\\\/pendentif-carre-blanc-et-gris-avec-millefioris-bleus-et-blancs\\\/#primaryimage\"},\"thumbnailUrl\":\"https:\\\/\\\/art-bijoux.com\\\/wp-content\\\/uploads\\\/2024\\\/05\\\/2-millefioris-bleu-sur-gris-blanc.webp\",\"datePublished\":\"2024-05-18T15:28:48+00:00\",\"description\":\"Pendentif carr\u00e9 blanc stri\u00e9 de gris avec 2 millefioris blancs et bleus en diagonale, un anneau en m\u00e9tal argent\u00e9 pour la fixation\",\"breadcrumb\":{\"@id\":\"https:\\\/\\\/art-bijoux.com\\\/boutique\\\/pendentif-carre-blanc-et-gris-avec-millefioris-bleus-et-blancs\\\/#breadcrumb\"},\"inLanguage\":\"en-US\",\"potentialAction\":[{\"@type\":\"ReadAction\",\"target\":[\"https:\\\/\\\/art-bijoux.com\\\/boutique\\\/pendentif-carre-blanc-et-gris-avec-millefioris-bleus-et-blancs\\\/\"]}]},{\"@type\":\"ImageObject\",\"inLanguage\":\"en-US\",\"@id\":\"https:\\\/\\\/art-bijoux.com\\\/boutique\\\/pendentif-carre-blanc-et-gris-avec-millefioris-bleus-et-blancs\\\/#primaryimage\",\"url\":\"https:\\\/\\\/art-bijoux.com\\\/wp-content\\\/uploads\\\/2024\\\/05\\\/2-millefioris-bleu-sur-gris-blanc.webp\",\"contentUrl\":\"https:\\\/\\\/art-bijoux.com\\\/wp-content\\\/uploads\\\/2024\\\/05\\\/2-millefioris-bleu-sur-gris-blanc.webp\",\"width\":776,\"height\":800,\"caption\":\"Pendentif carr\u00e9 blanc stri\u00e9 de gris avec 2 millefioris blancs et bleus\"},{\"@type\":\"BreadcrumbList\",\"@id\":\"https:\\\/\\\/art-bijoux.com\\\/boutique\\\/pendentif-carre-blanc-et-gris-avec-millefioris-bleus-et-blancs\\\/#breadcrumb\",\"itemListElement\":[{\"@type\":\"ListItem\",\"position\":1,\"name\":\"Accueil\",\"item\":\"https:\\\/\\\/art-bijoux.com\\\/en\\\/home\\\/\"},{\"@type\":\"ListItem\",\"position\":2,\"name\":\"Shop\",\"item\":\"https:\\\/\\\/art-bijoux.com\\\/en\\\/shop\\\/\"},{\"@type\":\"ListItem\",\"position\":3,\"name\":\"Pendentif Carr\u00e9 Blanc et gris avec Millefioris Bleus et Blancs\"}]},{\"@type\":\"WebSite\",\"@id\":\"https:\\\/\\\/art-bijoux.com\\\/#website\",\"url\":\"https:\\\/\\\/art-bijoux.com\\\/\",\"name\":\"art-bijoux\",\"description\":\"Osez porter \\\/ offrir un vitrail unique \u00e0 prix abordable\",\"publisher\":{\"@id\":\"https:\\\/\\\/art-bijoux.com\\\/#organization\"},\"potentialAction\":[{\"@type\":\"SearchAction\",\"target\":{\"@type\":\"EntryPoint\",\"urlTemplate\":\"https:\\\/\\\/art-bijoux.com\\\/?s={search_term_string}\"},\"query-input\":{\"@type\":\"PropertyValueSpecification\",\"valueRequired\":true,\"valueName\":\"search_term_string\"}}],\"inLanguage\":\"en-US\"},{\"@type\":\"Organization\",\"@id\":\"https:\\\/\\\/art-bijoux.com\\\/#organization\",\"name\":\"art-bijoux\",\"url\":\"https:\\\/\\\/art-bijoux.com\\\/\",\"logo\":{\"@type\":\"ImageObject\",\"inLanguage\":\"en-US\",\"@id\":\"https:\\\/\\\/art-bijoux.com\\\/#\\\/schema\\\/logo\\\/image\\\/\",\"url\":\"https:\\\/\\\/art-bijoux.com\\\/wp-content\\\/uploads\\\/2024\\\/06\\\/Art-Bijoux-Logo-Small.png\",\"contentUrl\":\"https:\\\/\\\/art-bijoux.com\\\/wp-content\\\/uploads\\\/2024\\\/06\\\/Art-Bijoux-Logo-Small.png\",\"width\":722,\"height\":137,\"caption\":\"art-bijoux\"},\"image\":{\"@id\":\"https:\\\/\\\/art-bijoux.com\\\/#\\\/schema\\\/logo\\\/image\\\/\"}}]}<\/script>\n<!-- \/ Yoast SEO plugin. -->","yoast_head_json":{"title":"Pendentif Carr\u00e9 Blanc et gris avec Millefioris Bleus et Blancs - art-bijoux","description":"Pendentif carr\u00e9 blanc stri\u00e9 de gris avec 2 millefioris blancs et bleus en diagonale, un anneau en m\u00e9tal argent\u00e9 pour la fixation","robots":{"index":"index","follow":"follow","max-snippet":"max-snippet:-1","max-image-preview":"max-image-preview:large","max-video-preview":"max-video-preview:-1"},"canonical":"https:\/\/art-bijoux.com\/boutique\/pendentif-carre-blanc-et-gris-avec-millefioris-bleus-et-blancs\/","og_locale":"en_US","og_type":"article","og_title":"Pendentif Carr\u00e9 Blanc et gris avec Millefioris Bleus et Blancs - art-bijoux","og_description":"Pendentif carr\u00e9 blanc stri\u00e9 de gris avec 2 millefioris blancs et bleus en diagonale, un anneau en m\u00e9tal argent\u00e9 pour la fixation","og_url":"https:\/\/art-bijoux.com\/boutique\/pendentif-carre-blanc-et-gris-avec-millefioris-bleus-et-blancs\/","og_site_name":"art-bijoux","og_image":[{"width":776,"height":800,"url":"https:\/\/art-bijoux.com\/wp-content\/uploads\/2024\/05\/2-millefioris-bleu-sur-gris-blanc.webp","type":"image\/webp"}],"twitter_card":"summary_large_image","twitter_misc":{"Est. reading time":"2 minutes"},"schema":{"@context":"https:\/\/schema.org","@graph":[{"@type":"WebPage","@id":"https:\/\/art-bijoux.com\/boutique\/pendentif-carre-blanc-et-gris-avec-millefioris-bleus-et-blancs\/","url":"https:\/\/art-bijoux.com\/boutique\/pendentif-carre-blanc-et-gris-avec-millefioris-bleus-et-blancs\/","name":"Pendentif Carr\u00e9 Blanc et gris avec Millefioris Bleus et Blancs - art-bijoux","isPartOf":{"@id":"https:\/\/art-bijoux.com\/#website"},"primaryImageOfPage":{"@id":"https:\/\/art-bijoux.com\/boutique\/pendentif-carre-blanc-et-gris-avec-millefioris-bleus-et-blancs\/#primaryimage"},"image":{"@id":"https:\/\/art-bijoux.com\/boutique\/pendentif-carre-blanc-et-gris-avec-millefioris-bleus-et-blancs\/#primaryimage"},"thumbnailUrl":"https:\/\/art-bijoux.com\/wp-content\/uploads\/2024\/05\/2-millefioris-bleu-sur-gris-blanc.webp","datePublished":"2024-05-18T15:28:48+00:00","description":"Pendentif carr\u00e9 blanc stri\u00e9 de gris avec 2 millefioris blancs et bleus en diagonale, un anneau en m\u00e9tal argent\u00e9 pour la fixation","breadcrumb":{"@id":"https:\/\/art-bijoux.com\/boutique\/pendentif-carre-blanc-et-gris-avec-millefioris-bleus-et-blancs\/#breadcrumb"},"inLanguage":"en-US","potentialAction":[{"@type":"ReadAction","target":["https:\/\/art-bijoux.com\/boutique\/pendentif-carre-blanc-et-gris-avec-millefioris-bleus-et-blancs\/"]}]},{"@type":"ImageObject","inLanguage":"en-US","@id":"https:\/\/art-bijoux.com\/boutique\/pendentif-carre-blanc-et-gris-avec-millefioris-bleus-et-blancs\/#primaryimage","url":"https:\/\/art-bijoux.com\/wp-content\/uploads\/2024\/05\/2-millefioris-bleu-sur-gris-blanc.webp","contentUrl":"https:\/\/art-bijoux.com\/wp-content\/uploads\/2024\/05\/2-millefioris-bleu-sur-gris-blanc.webp","width":776,"height":800,"caption":"Pendentif carr\u00e9 blanc stri\u00e9 de gris avec 2 millefioris blancs et bleus"},{"@type":"BreadcrumbList","@id":"https:\/\/art-bijoux.com\/boutique\/pendentif-carre-blanc-et-gris-avec-millefioris-bleus-et-blancs\/#breadcrumb","itemListElement":[{"@type":"ListItem","position":1,"name":"Accueil","item":"https:\/\/art-bijoux.com\/en\/home\/"},{"@type":"ListItem","position":2,"name":"Shop","item":"https:\/\/art-bijoux.com\/en\/shop\/"},{"@type":"ListItem","position":3,"name":"Pendentif Carr\u00e9 Blanc et gris avec Millefioris Bleus et Blancs"}]},{"@type":"WebSite","@id":"https:\/\/art-bijoux.com\/#website","url":"https:\/\/art-bijoux.com\/","name":"art-bijoux","description":"Osez porter \/ offrir un vitrail unique \u00e0 prix abordable","publisher":{"@id":"https:\/\/art-bijoux.com\/#organization"},"potentialAction":[{"@type":"SearchAction","target":{"@type":"EntryPoint","urlTemplate":"https:\/\/art-bijoux.com\/?s={search_term_string}"},"query-input":{"@type":"PropertyValueSpecification","valueRequired":true,"valueName":"search_term_string"}}],"inLanguage":"en-US"},{"@type":"Organization","@id":"https:\/\/art-bijoux.com\/#organization","name":"art-bijoux","url":"https:\/\/art-bijoux.com\/","logo":{"@type":"ImageObject","inLanguage":"en-US","@id":"https:\/\/art-bijoux.com\/#\/schema\/logo\/image\/","url":"https:\/\/art-bijoux.com\/wp-content\/uploads\/2024\/06\/Art-Bijoux-Logo-Small.png","contentUrl":"https:\/\/art-bijoux.com\/wp-content\/uploads\/2024\/06\/Art-Bijoux-Logo-Small.png","width":722,"height":137,"caption":"art-bijoux"},"image":{"@id":"https:\/\/art-bijoux.com\/#\/schema\/logo\/image\/"}}]}},"_links":{"self":[{"href":"https:\/\/art-bijoux.com\/en\/wp-json\/wp\/v2\/product\/1979","targetHints":{"allow":["GET"]}}],"collection":[{"href":"https:\/\/art-bijoux.com\/en\/wp-json\/wp\/v2\/product"}],"about":[{"href":"https:\/\/art-bijoux.com\/en\/wp-json\/wp\/v2\/types\/product"}],"replies":[{"embeddable":true,"href":"https:\/\/art-bijoux.com\/en\/wp-json\/wp\/v2\/comments?post=1979"}],"version-history":[{"count":0,"href":"https:\/\/art-bijoux.com\/en\/wp-json\/wp\/v2\/product\/1979\/revisions"}],"wp:featuredmedia":[{"embeddable":true,"href":"https:\/\/art-bijoux.com\/en\/wp-json\/wp\/v2\/media\/1807"}],"wp:attachment":[{"href":"https:\/\/art-bijoux.com\/en\/wp-json\/wp\/v2\/media?parent=1979"}],"wp:term":[{"taxonomy":"product_brand","embeddable":true,"href":"https:\/\/art-bijoux.com\/en\/wp-json\/wp\/v2\/product_brand?post=1979"},{"taxonomy":"product_cat","embeddable":true,"href":"https:\/\/art-bijoux.com\/en\/wp-json\/wp\/v2\/product_cat?post=1979"},{"taxonomy":"product_tag","embeddable":true,"href":"https:\/\/art-bijoux.com\/en\/wp-json\/wp\/v2\/product_tag?post=1979"}],"curies":[{"name":"wp","href":"https:\/\/api.w.org\/{rel}","templated":true}]}}