{"id":1980,"date":"2024-05-18T17:35:58","date_gmt":"2024-05-18T15:35:58","guid":{"rendered":"https:\/\/art-bijoux.com\/?post_type=product&#038;p=1980"},"modified":"2024-05-18T17:35:59","modified_gmt":"2024-05-18T15:35:59","slug":"pendentif-rectangle-blanc-et-gris-avec-millefiori-orange","status":"publish","type":"product","link":"https:\/\/art-bijoux.com\/en\/boutique\/pendentif-rectangle-blanc-et-gris-avec-millefiori-orange\/","title":{"rendered":"Pendentif Rectangle Blanc et gris avec Millefiori Orange"},"content":{"rendered":"<figure id=\"attachment_1800\" aria-describedby=\"caption-attachment-1800\" style=\"width: 246px\" class=\"wp-caption alignleft\"><img fetchpriority=\"high\" decoding=\"async\" class=\"size-medium wp-image-1800\" src=\"https:\/\/art-bijoux.com\/wp-content\/uploads\/2024\/05\/2-millefioris-orange-sur-gris-blanc-246x300.webp\" alt=\"Pendentif en verre blanc stri\u00e9 de gris avec un millefiori orange fondu \u00e0 sa surface et un anneau argent\u00e9 pour la fixation\" width=\"246\" height=\"300\" srcset=\"https:\/\/art-bijoux.com\/wp-content\/uploads\/2024\/05\/2-millefioris-orange-sur-gris-blanc-246x300.webp 246w, https:\/\/art-bijoux.com\/wp-content\/uploads\/2024\/05\/2-millefioris-orange-sur-gris-blanc-600x731.webp 600w, https:\/\/art-bijoux.com\/wp-content\/uploads\/2024\/05\/2-millefioris-orange-sur-gris-blanc.webp 657w\" sizes=\"(max-width: 246px) 100vw, 246px\" \/><figcaption id=\"caption-attachment-1800\" class=\"wp-caption-text\">Pendentif en verre blanc stri\u00e9 de gris avec un millefiori orange fondu \u00e0 sa surface et un anneau argent\u00e9 pour la fixation<\/figcaption><\/figure>\n<p>Ce pendentif raffin\u00e9 en forme de rectangle est confectionn\u00e9 en verre blanc orn\u00e9 de d\u00e9licates stries grises. Un millefiori orange, inspir\u00e9 par les c\u00e9l\u00e8bres verriers de Murano en Italie, est fondu \u00e0 la surface dans la partie basse, ajoutant une touche vive et color\u00e9e \u00e0 cette pi\u00e8ce \u00e9l\u00e9gante.<\/p>\n<p>Un petit orifice perc\u00e9 au sommet permet d&#8217;ins\u00e9rer un anneau argent\u00e9, facilitant la suspension de ce pendentif unique.<\/p>\n<p><strong>Caract\u00e9ristiques :<\/strong><\/p>\n<ul>\n<li>Forme : Rectangle<\/li>\n<li>Fond : Verre blanc avec des stries grises<\/li>\n<li>Millefiori : Un millefiori orange, situ\u00e9 dans la partie basse<\/li>\n<li>Technique : Fusion de verre<\/li>\n<li>Mat\u00e9riaux : Verre<\/li>\n<li>Fixation : Anneau en m\u00e9tal argent\u00e9 ins\u00e9r\u00e9 \u00e0 travers un orifice au sommet<\/li>\n<li>Dimensions : Largeur : 3,1cm, hauteur : 3,6cm<\/li>\n<\/ul>\n<p>Ce pendentif rectangulaire, orn\u00e9 d&#8217;un millefiori orange vibrant, est une pi\u00e8ce unique qui allie simplicit\u00e9 et \u00e9l\u00e9gance. Parfait pour les amateurs de bijoux artisanaux et de l&#8217;art du verre, il repr\u00e9sente le savoir-faire et la cr\u00e9ativit\u00e9 inspir\u00e9s par les ma\u00eetres verriers de Murano.<\/p>\n<p>&nbsp;<\/p>\n","protected":false},"excerpt":{"rendered":"<p>Pendentif en verre blanc stri\u00e9 de gris avec un millefiori orange fondu \u00e0 sa surface et un anneau argent\u00e9 pour la fixation<\/p>\n","protected":false},"featured_media":1800,"comment_status":"open","ping_status":"closed","template":"","meta":[],"product_brand":[],"product_cat":[182,181],"product_tag":[38,49,65,26],"class_list":{"0":"post-1980","1":"product","2":"type-product","3":"status-publish","4":"has-post-thumbnail","6":"product_cat-pendentif-fusing","7":"product_cat-pendentif-millefioris","8":"product_tag-fleur-soie-metal","9":"product_tag-fusing-verre","10":"product_tag-millefiori-verre","11":"product_tag-pendentif-verre","12":"pa_bijou-pendentif","14":"first","15":"instock","16":"purchasable","17":"product-type-simple"},"_links":{"self":[{"href":"https:\/\/art-bijoux.com\/en\/wp-json\/wp\/v2\/product\/1980","targetHints":{"allow":["GET"]}}],"collection":[{"href":"https:\/\/art-bijoux.com\/en\/wp-json\/wp\/v2\/product"}],"about":[{"href":"https:\/\/art-bijoux.com\/en\/wp-json\/wp\/v2\/types\/product"}],"replies":[{"embeddable":true,"href":"https:\/\/art-bijoux.com\/en\/wp-json\/wp\/v2\/comments?post=1980"}],"version-history":[{"count":0,"href":"https:\/\/art-bijoux.com\/en\/wp-json\/wp\/v2\/product\/1980\/revisions"}],"wp:featuredmedia":[{"embeddable":true,"href":"https:\/\/art-bijoux.com\/en\/wp-json\/wp\/v2\/media\/1800"}],"wp:attachment":[{"href":"https:\/\/art-bijoux.com\/en\/wp-json\/wp\/v2\/media?parent=1980"}],"wp:term":[{"taxonomy":"product_brand","embeddable":true,"href":"https:\/\/art-bijoux.com\/en\/wp-json\/wp\/v2\/product_brand?post=1980"},{"taxonomy":"product_cat","embeddable":true,"href":"https:\/\/art-bijoux.com\/en\/wp-json\/wp\/v2\/product_cat?post=1980"},{"taxonomy":"product_tag","embeddable":true,"href":"https:\/\/art-bijoux.com\/en\/wp-json\/wp\/v2\/product_tag?post=1980"}],"curies":[{"name":"wp","href":"https:\/\/api.w.org\/{rel}","templated":true}]}}