{"id":1981,"date":"2024-05-18T17:49:08","date_gmt":"2024-05-18T15:49:08","guid":{"rendered":"https:\/\/art-bijoux.com\/?post_type=product&#038;p=1981"},"modified":"2024-05-18T17:49:08","modified_gmt":"2024-05-18T15:49:08","slug":"pendentif-en-verre-rectangle-blanc-avec-millefiori-noir","status":"publish","type":"product","link":"https:\/\/art-bijoux.com\/en\/boutique\/pendentif-en-verre-rectangle-blanc-avec-millefiori-noir\/","title":{"rendered":"Pendentif en Verre Rectangle Blanc avec Millefiori Noir"},"content":{"rendered":"<figure id=\"attachment_1843\" aria-describedby=\"caption-attachment-1843\" style=\"width: 219px\" class=\"wp-caption alignleft\"><img fetchpriority=\"high\" decoding=\"async\" class=\"size-medium wp-image-1843\" src=\"https:\/\/art-bijoux.com\/wp-content\/uploads\/2024\/05\/millefioris-noir-sur-blanc-219x300.webp\" alt=\"Pendentif en verre opaque blanc avec un millefiori noir au c\u0153ur blanc\" width=\"219\" height=\"300\" srcset=\"https:\/\/art-bijoux.com\/wp-content\/uploads\/2024\/05\/millefioris-noir-sur-blanc-219x300.webp 219w, https:\/\/art-bijoux.com\/wp-content\/uploads\/2024\/05\/millefioris-noir-sur-blanc.webp 585w\" sizes=\"(max-width: 219px) 100vw, 219px\" \/><figcaption id=\"caption-attachment-1843\" class=\"wp-caption-text\">Pendentif en verre opaque blanc avec un millefiori noir au c\u0153ur blanc<\/figcaption><\/figure>\n<p>Ce pendentif \u00e9l\u00e9gant en forme de rectangle est r\u00e9alis\u00e9 en verre blanc pur. Au centre de cette pi\u00e8ce d\u00e9licate, un millefiori noir avec un c\u0153ur blanc est fondu \u00e0 la surface, cr\u00e9ant un contraste saisissant et raffin\u00e9. Les millefioris sont inspir\u00e9s par les c\u00e9l\u00e8bres verriers de Murano en Italie, apportant une touche d&#8217;art traditionnel \u00e0 ce bijou contemporain.<\/p>\n<p>Un petit orifice perc\u00e9 au sommet permet d&#8217;ins\u00e9rer un anneau dor\u00e9, parfait pour la suspension et ajoutant une touche de luxe \u00e0 l&#8217;ensemble.<\/p>\n<p><strong>Caract\u00e9ristiques :<\/strong><\/p>\n<ul>\n<li>Forme : Rectangle<\/li>\n<li>Fond : Verre blanc<\/li>\n<li>Millefiori : Un millefiori noir avec un c\u0153ur blanc, situ\u00e9 au centre<\/li>\n<li>Technique : Fusion de verre<\/li>\n<li>Mat\u00e9riaux : Verre<\/li>\n<li>Fixation : Anneau dor\u00e9 ins\u00e9r\u00e9 \u00e0 travers un orifice au sommet<\/li>\n<li>Dimensions : largeur : 2,7cm, hauteur : 3,4cm<\/li>\n<\/ul>\n<p>Ce pendentif rectangulaire, orn\u00e9 d&#8217;un millefiori noir au c\u0153ur blanc, est une pi\u00e8ce unique qui marie \u00e9l\u00e9gance et simplicit\u00e9. Parfait pour les amateurs de bijoux artisanaux et de l&#8217;art verrier, il repr\u00e9sente le savoir-faire et l&#8217;inspiration tir\u00e9s des ma\u00eetres verriers de Murano.<\/p>\n<p>&nbsp;<\/p>\n","protected":false},"excerpt":{"rendered":"<p>Pendentif en verre opaque blanc avec un millefiori noir au coeur blanc, un anneau dor\u00e9 pour la fixation<\/p>\n","protected":false},"featured_media":1843,"comment_status":"open","ping_status":"closed","template":"","meta":[],"product_brand":[],"product_cat":[182,181],"product_tag":[38,49,65,26],"class_list":{"0":"post-1981","1":"product","2":"type-product","3":"status-publish","4":"has-post-thumbnail","6":"product_cat-pendentif-fusing","7":"product_cat-pendentif-millefioris","8":"product_tag-fleur-soie-metal","9":"product_tag-fusing-verre","10":"product_tag-millefiori-verre","11":"product_tag-pendentif-verre","12":"pa_bijou-pendentif","14":"first","15":"instock","16":"purchasable","17":"product-type-simple"},"_links":{"self":[{"href":"https:\/\/art-bijoux.com\/en\/wp-json\/wp\/v2\/product\/1981","targetHints":{"allow":["GET"]}}],"collection":[{"href":"https:\/\/art-bijoux.com\/en\/wp-json\/wp\/v2\/product"}],"about":[{"href":"https:\/\/art-bijoux.com\/en\/wp-json\/wp\/v2\/types\/product"}],"replies":[{"embeddable":true,"href":"https:\/\/art-bijoux.com\/en\/wp-json\/wp\/v2\/comments?post=1981"}],"version-history":[{"count":0,"href":"https:\/\/art-bijoux.com\/en\/wp-json\/wp\/v2\/product\/1981\/revisions"}],"wp:featuredmedia":[{"embeddable":true,"href":"https:\/\/art-bijoux.com\/en\/wp-json\/wp\/v2\/media\/1843"}],"wp:attachment":[{"href":"https:\/\/art-bijoux.com\/en\/wp-json\/wp\/v2\/media?parent=1981"}],"wp:term":[{"taxonomy":"product_brand","embeddable":true,"href":"https:\/\/art-bijoux.com\/en\/wp-json\/wp\/v2\/product_brand?post=1981"},{"taxonomy":"product_cat","embeddable":true,"href":"https:\/\/art-bijoux.com\/en\/wp-json\/wp\/v2\/product_cat?post=1981"},{"taxonomy":"product_tag","embeddable":true,"href":"https:\/\/art-bijoux.com\/en\/wp-json\/wp\/v2\/product_tag?post=1981"}],"curies":[{"name":"wp","href":"https:\/\/api.w.org\/{rel}","templated":true}]}}