{"id":1982,"date":"2024-05-18T17:56:57","date_gmt":"2024-05-18T15:56:57","guid":{"rendered":"https:\/\/art-bijoux.com\/?post_type=product&#038;p=1982"},"modified":"2024-05-18T17:56:58","modified_gmt":"2024-05-18T15:56:58","slug":"pendentif-losange-blanc-avec-millefioris-vermillon-et-bleu","status":"publish","type":"product","link":"https:\/\/art-bijoux.com\/en\/boutique\/pendentif-losange-blanc-avec-millefioris-vermillon-et-bleu\/","title":{"rendered":"Pendentif Losange Blanc avec Millefioris Vermillon et Bleu"},"content":{"rendered":"<figure id=\"attachment_1844\" aria-describedby=\"caption-attachment-1844\" style=\"width: 247px\" class=\"wp-caption alignleft\"><img fetchpriority=\"high\" decoding=\"async\" class=\"size-medium wp-image-1844\" src=\"https:\/\/art-bijoux.com\/wp-content\/uploads\/2024\/05\/Millefioris-orange-bleu-sur-losange-blanc-247x300.webp\" alt=\"Pendentif en forme de losange en verre blanc avec deux millefioris, un rouge et un bleu et blanc\" width=\"247\" height=\"300\" srcset=\"https:\/\/art-bijoux.com\/wp-content\/uploads\/2024\/05\/Millefioris-orange-bleu-sur-losange-blanc-247x300.webp 247w, https:\/\/art-bijoux.com\/wp-content\/uploads\/2024\/05\/Millefioris-orange-bleu-sur-losange-blanc-600x728.webp 600w, https:\/\/art-bijoux.com\/wp-content\/uploads\/2024\/05\/Millefioris-orange-bleu-sur-losange-blanc.webp 659w\" sizes=\"(max-width: 247px) 100vw, 247px\" \/><figcaption id=\"caption-attachment-1844\" class=\"wp-caption-text\">Pendentif en forme de losange en verre blanc avec deux millefioris, un rouge et un bleu et blanc<\/figcaption><\/figure>\n<p>Ce magnifique pendentif en forme de losange est r\u00e9alis\u00e9 en verre blanc immacul\u00e9. Au centre de cette pi\u00e8ce, deux millefioris distincts sont fusionn\u00e9s \u00e0 la surface : l&#8217;un vermillon et l&#8217;autre bleu avec des p\u00e9tales blancs. Ces millefioris, inspir\u00e9s par les ma\u00eetres verriers de Murano en Italie, apportent une touche d&#8217;art traditionnel et de couleur \u00e0 ce bijou contemporain.<\/p>\n<p>Un orifice discret au sommet permet d&#8217;ins\u00e9rer un anneau dor\u00e9, parfait pour la suspension et ajoutant une \u00e9l\u00e9gante finition \u00e0 l&#8217;ensemble.<\/p>\n<p><strong>Caract\u00e9ristiques :<\/strong><\/p>\n<ul>\n<li>Forme : Losange<\/li>\n<li>Fond : Verre blanc<\/li>\n<li>Millefioris : Un millefiori vermillon et un millefiori bleu avec des p\u00e9tales blancs, situ\u00e9s au centre<\/li>\n<li>Technique : Fusion de verre<\/li>\n<li>Mat\u00e9riaux : Verre<\/li>\n<li>Fixation : Anneau dor\u00e9 ins\u00e9r\u00e9 \u00e0 travers un orifice au sommet<\/li>\n<li>Dimensions : Largeur : 3,8cm, hauteur : 3,9cm<\/li>\n<\/ul>\n<p>Ce pendentif en forme de losange, orn\u00e9 de millefioris vermillon et bleu, est une pi\u00e8ce unique qui combine harmonieusement simplicit\u00e9 et \u00e9clat. Id\u00e9al pour les amateurs de bijoux artisanaux et de l&#8217;art verrier, il repr\u00e9sente le savoir-faire et l&#8217;inspiration tir\u00e9s des c\u00e9l\u00e8bres verriers de Murano.<\/p>\n<p>&nbsp;<\/p>\n","protected":false},"excerpt":{"rendered":"<p>Pendentif en forme de losange en verre blanc avec deux millefioris, un rouge et un bleu et blanc, un anneau dor\u00e9 au sommet permet la fixation<\/p>\n","protected":false},"featured_media":1844,"comment_status":"open","ping_status":"closed","template":"","meta":[],"product_brand":[],"product_cat":[182,181],"product_tag":[38,49,65,26],"class_list":{"0":"post-1982","1":"product","2":"type-product","3":"status-publish","4":"has-post-thumbnail","6":"product_cat-pendentif-fusing","7":"product_cat-pendentif-millefioris","8":"product_tag-fleur-soie-metal","9":"product_tag-fusing-verre","10":"product_tag-millefiori-verre","11":"product_tag-pendentif-verre","12":"pa_bijou-pendentif","14":"first","15":"instock","16":"purchasable","17":"product-type-simple"},"_links":{"self":[{"href":"https:\/\/art-bijoux.com\/en\/wp-json\/wp\/v2\/product\/1982","targetHints":{"allow":["GET"]}}],"collection":[{"href":"https:\/\/art-bijoux.com\/en\/wp-json\/wp\/v2\/product"}],"about":[{"href":"https:\/\/art-bijoux.com\/en\/wp-json\/wp\/v2\/types\/product"}],"replies":[{"embeddable":true,"href":"https:\/\/art-bijoux.com\/en\/wp-json\/wp\/v2\/comments?post=1982"}],"version-history":[{"count":0,"href":"https:\/\/art-bijoux.com\/en\/wp-json\/wp\/v2\/product\/1982\/revisions"}],"wp:featuredmedia":[{"embeddable":true,"href":"https:\/\/art-bijoux.com\/en\/wp-json\/wp\/v2\/media\/1844"}],"wp:attachment":[{"href":"https:\/\/art-bijoux.com\/en\/wp-json\/wp\/v2\/media?parent=1982"}],"wp:term":[{"taxonomy":"product_brand","embeddable":true,"href":"https:\/\/art-bijoux.com\/en\/wp-json\/wp\/v2\/product_brand?post=1982"},{"taxonomy":"product_cat","embeddable":true,"href":"https:\/\/art-bijoux.com\/en\/wp-json\/wp\/v2\/product_cat?post=1982"},{"taxonomy":"product_tag","embeddable":true,"href":"https:\/\/art-bijoux.com\/en\/wp-json\/wp\/v2\/product_tag?post=1982"}],"curies":[{"name":"wp","href":"https:\/\/api.w.org\/{rel}","templated":true}]}}