{"id":1984,"date":"2024-05-20T12:33:06","date_gmt":"2024-05-20T10:33:06","guid":{"rendered":"https:\/\/art-bijoux.com\/?post_type=product&#038;p=1984"},"modified":"2024-05-20T12:33:06","modified_gmt":"2024-05-20T10:33:06","slug":"pendentif-parallelepipedique-blanc-avec-millefiori-noir-au-coeur-rouge","status":"publish","type":"product","link":"https:\/\/art-bijoux.com\/en\/boutique\/pendentif-parallelepipedique-blanc-avec-millefiori-noir-au-coeur-rouge\/","title":{"rendered":"Pendentif Parall\u00e9l\u00e9pip\u00e9dique Blanc avec Millefiori Noir au C\u0153ur Rouge"},"content":{"rendered":"<figure id=\"attachment_1824\" aria-describedby=\"caption-attachment-1824\" style=\"width: 239px\" class=\"wp-caption alignleft\"><img fetchpriority=\"high\" decoding=\"async\" class=\"size-medium wp-image-1824\" src=\"https:\/\/art-bijoux.com\/wp-content\/uploads\/2024\/05\/Millefiori-noir-sur-blanc-239x300.webp\" alt=\"Pendentif en verre blanc avec un millefiori noir au c\u0153ur rouge\" width=\"239\" height=\"300\" srcset=\"https:\/\/art-bijoux.com\/wp-content\/uploads\/2024\/05\/Millefiori-noir-sur-blanc-239x300.webp 239w, https:\/\/art-bijoux.com\/wp-content\/uploads\/2024\/05\/Millefiori-noir-sur-blanc-600x755.webp 600w, https:\/\/art-bijoux.com\/wp-content\/uploads\/2024\/05\/Millefiori-noir-sur-blanc.webp 636w\" sizes=\"(max-width: 239px) 100vw, 239px\" \/><figcaption id=\"caption-attachment-1824\" class=\"wp-caption-text\">Pendentif en verre blanc avec un millefiori noir au c\u0153ur rouge<\/figcaption><\/figure>\n<p>Ce pendentif \u00e9l\u00e9gant adopte une forme parall\u00e9l\u00e9pip\u00e9dique en verre blanc. Au centre, un millefiori noir avec un c\u0153ur rouge se d\u00e9tache, cr\u00e9ant un contraste saisissant et captivant. Inspir\u00e9 des techniques traditionnelles des verriers de Murano en Italie, ce millefiori apporte une touche d&#8217;authenticit\u00e9 et de raffinement \u00e0 ce bijou moderne.<\/p>\n<p>Un orifice discret au sommet du pendentif permet de passer un anneau dor\u00e9, id\u00e9al pour le suspendre \u00e0 une cha\u00eene ou \u00e0 un lacet, ajoutant une note de sophistication \u00e0 l&#8217;ensemble.<\/p>\n<p><strong>Caract\u00e9ristiques :<\/strong><\/p>\n<ul>\n<li>Forme : Parall\u00e9l\u00e9pip\u00e9dique<\/li>\n<li>Fond : Verre blanc<\/li>\n<li>Millefiori : Millefiori noir avec un c\u0153ur rouge, situ\u00e9 au centre<\/li>\n<li>Technique : Fusion de verre<\/li>\n<li>Mat\u00e9riaux : Verre<\/li>\n<li>Fixation : Anneau dor\u00e9 ins\u00e9r\u00e9 \u00e0 travers un orifice au sommet<\/li>\n<li>Dimensions : largeur : 4,2cm, hauteur : 4,8cm,<\/li>\n<\/ul>\n<p>Ce pendentif parall\u00e9l\u00e9pip\u00e9dique en verre blanc, orn\u00e9 d&#8217;un millefiori noir au c\u0153ur rouge, est une pi\u00e8ce unique qui allie modernit\u00e9 et tradition. Parfait pour les amateurs de bijoux artisanaux et de l&#8217;art verrier, il est con\u00e7u pour attirer les regards et compl\u00e9ter \u00e9l\u00e9gamment toute tenue.<\/p>\n<p>&nbsp;<\/p>\n","protected":false},"excerpt":{"rendered":"<p>Pendentif\u00a0 avec un millefiori noir au c\u0153ur rouge qui contraste sur le fond de verre blanc parall\u00e9l\u00e9pip\u00e9dique. Un anneau dor\u00e9 pour la suspension.<\/p>\n","protected":false},"featured_media":1824,"comment_status":"open","ping_status":"closed","template":"","meta":[],"product_brand":[],"product_cat":[182,181],"product_tag":[38,49,65,26],"class_list":{"0":"post-1984","1":"product","2":"type-product","3":"status-publish","4":"has-post-thumbnail","6":"product_cat-pendentif-fusing","7":"product_cat-pendentif-millefioris","8":"product_tag-fleur-soie-metal","9":"product_tag-fusing-verre","10":"product_tag-millefiori-verre","11":"product_tag-pendentif-verre","12":"pa_bijou-pendentif","14":"first","15":"instock","16":"purchasable","17":"product-type-simple"},"_links":{"self":[{"href":"https:\/\/art-bijoux.com\/en\/wp-json\/wp\/v2\/product\/1984","targetHints":{"allow":["GET"]}}],"collection":[{"href":"https:\/\/art-bijoux.com\/en\/wp-json\/wp\/v2\/product"}],"about":[{"href":"https:\/\/art-bijoux.com\/en\/wp-json\/wp\/v2\/types\/product"}],"replies":[{"embeddable":true,"href":"https:\/\/art-bijoux.com\/en\/wp-json\/wp\/v2\/comments?post=1984"}],"version-history":[{"count":0,"href":"https:\/\/art-bijoux.com\/en\/wp-json\/wp\/v2\/product\/1984\/revisions"}],"wp:featuredmedia":[{"embeddable":true,"href":"https:\/\/art-bijoux.com\/en\/wp-json\/wp\/v2\/media\/1824"}],"wp:attachment":[{"href":"https:\/\/art-bijoux.com\/en\/wp-json\/wp\/v2\/media?parent=1984"}],"wp:term":[{"taxonomy":"product_brand","embeddable":true,"href":"https:\/\/art-bijoux.com\/en\/wp-json\/wp\/v2\/product_brand?post=1984"},{"taxonomy":"product_cat","embeddable":true,"href":"https:\/\/art-bijoux.com\/en\/wp-json\/wp\/v2\/product_cat?post=1984"},{"taxonomy":"product_tag","embeddable":true,"href":"https:\/\/art-bijoux.com\/en\/wp-json\/wp\/v2\/product_tag?post=1984"}],"curies":[{"name":"wp","href":"https:\/\/api.w.org\/{rel}","templated":true}]}}