{"id":1985,"date":"2024-05-20T12:41:16","date_gmt":"2024-05-20T10:41:16","guid":{"rendered":"https:\/\/art-bijoux.com\/?post_type=product&#038;p=1985"},"modified":"2024-05-20T12:41:16","modified_gmt":"2024-05-20T10:41:16","slug":"pendentif-losange-irregulier-en-verre-blanc-avec-millefiori-bleu-cerne-de-blanc","status":"publish","type":"product","link":"https:\/\/art-bijoux.com\/en\/boutique\/pendentif-losange-irregulier-en-verre-blanc-avec-millefiori-bleu-cerne-de-blanc\/","title":{"rendered":"Pendentif Losange Irr\u00e9gulier en Verre Blanc avec Millefiori Bleu Cern\u00e9 de Blanc"},"content":{"rendered":"<figure id=\"attachment_1823\" aria-describedby=\"caption-attachment-1823\" style=\"width: 218px\" class=\"wp-caption alignleft\"><img fetchpriority=\"high\" decoding=\"async\" class=\"size-medium wp-image-1823\" src=\"https:\/\/art-bijoux.com\/wp-content\/uploads\/2024\/05\/millefiori-bleu-sur-losange-blanc-218x300.webp\" alt=\"Pendentif en verre blanc, de forme irr\u00e9guli\u00e8re, avec un millefiori bleu cern\u00e9 de blanc \u00e9tir\u00e9 par la fusion en forme de feuille \u00e9toil\u00e9e\" width=\"218\" height=\"300\" srcset=\"https:\/\/art-bijoux.com\/wp-content\/uploads\/2024\/05\/millefiori-bleu-sur-losange-blanc-218x300.webp 218w, https:\/\/art-bijoux.com\/wp-content\/uploads\/2024\/05\/millefiori-bleu-sur-losange-blanc.webp 582w\" sizes=\"(max-width: 218px) 100vw, 218px\" \/><figcaption id=\"caption-attachment-1823\" class=\"wp-caption-text\">Pendentif en verre blanc, de forme irr\u00e9guli\u00e8re, avec un millefiori bleu cern\u00e9 de blanc \u00e9tir\u00e9 par la fusion en forme de feuille \u00e9toil\u00e9e<\/figcaption><\/figure>\n<p>Ce pendentif unique est con\u00e7u en verre blanc et adopte une forme de losange irr\u00e9gulier, ajoutant une touche d&#8217;originalit\u00e9 \u00e0 ce bijou \u00e9l\u00e9gant. Au centre, un millefiori bleu cern\u00e9 de blanc, \u00e9tir\u00e9 par la fusion pour prendre la forme d&#8217;une feuille \u00e9toil\u00e9e, se d\u00e9marque par sa beaut\u00e9 et son allure artisanale. Ce millefiori s&#8217;inspire des techniques ancestrales des verriers de Murano en Italie, apportant ainsi une touche d&#8217;authenticit\u00e9 et de savoir-faire \u00e0 cette cr\u00e9ation contemporaine.<\/p>\n<p>Un orifice discret est perc\u00e9 au sommet du pendentif, permettant de passer un anneau dor\u00e9 pour une suspension facile et \u00e9l\u00e9gante, que ce soit sur une cha\u00eene ou un lacet.<\/p>\n<p><strong>Caract\u00e9ristiques :<\/strong><\/p>\n<ul>\n<li>Forme : Losange irr\u00e9gulier<\/li>\n<li>Fond : Verre blanc<\/li>\n<li>Millefiori : Millefiori bleu cern\u00e9 de blanc, \u00e9tir\u00e9 en forme de feuille \u00e9toil\u00e9e<\/li>\n<li>Technique : Fusion de verre<\/li>\n<li>Mat\u00e9riaux : Verre<\/li>\n<li>Fixation : Anneau en m\u00e9tal dor\u00e9 ins\u00e9r\u00e9 \u00e0 travers un orifice au sommet<\/li>\n<li>Dimensions : largeur : 3cm, hauteur : 3,3cm<\/li>\n<\/ul>\n<p>Ce pendentif en verre blanc en forme de losange irr\u00e9gulier, orn\u00e9 d&#8217;un millefiori bleu et blanc en forme de feuille \u00e9toil\u00e9e, est une pi\u00e8ce d&#8217;exception qui allie modernit\u00e9 et tradition. Parfait pour les amateurs de bijoux artisanaux et de l&#8217;art verrier, il est con\u00e7u pour attirer les regards et compl\u00e9ter \u00e9l\u00e9gamment toute tenue.<\/p>\n<p>&nbsp;<\/p>\n","protected":false},"excerpt":{"rendered":"<p>Pendentif en verre blanc, de forme irr\u00e9guli\u00e8re, avec un millefiori bleu cern\u00e9 de blanc \u00e9tir\u00e9 par la fusion en forme de feuille \u00e9toil\u00e9e<\/p>\n","protected":false},"featured_media":1823,"comment_status":"open","ping_status":"closed","template":"","meta":[],"product_brand":[],"product_cat":[182,181],"product_tag":[38,49,65,26],"class_list":{"0":"post-1985","1":"product","2":"type-product","3":"status-publish","4":"has-post-thumbnail","6":"product_cat-pendentif-fusing","7":"product_cat-pendentif-millefioris","8":"product_tag-fleur-soie-metal","9":"product_tag-fusing-verre","10":"product_tag-millefiori-verre","11":"product_tag-pendentif-verre","12":"pa_bijou-pendentif","14":"first","15":"instock","16":"purchasable","17":"product-type-simple"},"_links":{"self":[{"href":"https:\/\/art-bijoux.com\/en\/wp-json\/wp\/v2\/product\/1985","targetHints":{"allow":["GET"]}}],"collection":[{"href":"https:\/\/art-bijoux.com\/en\/wp-json\/wp\/v2\/product"}],"about":[{"href":"https:\/\/art-bijoux.com\/en\/wp-json\/wp\/v2\/types\/product"}],"replies":[{"embeddable":true,"href":"https:\/\/art-bijoux.com\/en\/wp-json\/wp\/v2\/comments?post=1985"}],"version-history":[{"count":0,"href":"https:\/\/art-bijoux.com\/en\/wp-json\/wp\/v2\/product\/1985\/revisions"}],"wp:featuredmedia":[{"embeddable":true,"href":"https:\/\/art-bijoux.com\/en\/wp-json\/wp\/v2\/media\/1823"}],"wp:attachment":[{"href":"https:\/\/art-bijoux.com\/en\/wp-json\/wp\/v2\/media?parent=1985"}],"wp:term":[{"taxonomy":"product_brand","embeddable":true,"href":"https:\/\/art-bijoux.com\/en\/wp-json\/wp\/v2\/product_brand?post=1985"},{"taxonomy":"product_cat","embeddable":true,"href":"https:\/\/art-bijoux.com\/en\/wp-json\/wp\/v2\/product_cat?post=1985"},{"taxonomy":"product_tag","embeddable":true,"href":"https:\/\/art-bijoux.com\/en\/wp-json\/wp\/v2\/product_tag?post=1985"}],"curies":[{"name":"wp","href":"https:\/\/api.w.org\/{rel}","templated":true}]}}