{"id":1987,"date":"2024-05-20T12:50:05","date_gmt":"2024-05-20T10:50:05","guid":{"rendered":"https:\/\/art-bijoux.com\/?post_type=product&#038;p=1987"},"modified":"2024-05-20T12:50:05","modified_gmt":"2024-05-20T10:50:05","slug":"pendentif-losange-irregulier-en-verre-blanc-avec-trois-millefioris-bleus","status":"publish","type":"product","link":"https:\/\/art-bijoux.com\/en\/boutique\/pendentif-losange-irregulier-en-verre-blanc-avec-trois-millefioris-bleus\/","title":{"rendered":"Pendentif Losange Irr\u00e9gulier en Verre Blanc avec Trois Millefioris Bleus"},"content":{"rendered":"<figure id=\"attachment_1813\" aria-describedby=\"caption-attachment-1813\" style=\"width: 201px\" class=\"wp-caption alignleft\"><img fetchpriority=\"high\" decoding=\"async\" class=\"size-medium wp-image-1813\" src=\"https:\/\/art-bijoux.com\/wp-content\/uploads\/2024\/05\/3-millefioris-bleu-losange-marine-201x300.webp\" alt=\"Pendentif en verre blanc en forme de losange irr\u00e9gulier, avec 3 millefioris bleus, deux avec un c\u0153ur jaune. Un anneau argent\u00e9 permet de le suspendre \u00e0 une cha\u00eene ou un lacet\" width=\"201\" height=\"300\" srcset=\"https:\/\/art-bijoux.com\/wp-content\/uploads\/2024\/05\/3-millefioris-bleu-losange-marine-201x300.webp 201w, https:\/\/art-bijoux.com\/wp-content\/uploads\/2024\/05\/3-millefioris-bleu-losange-marine.webp 537w\" sizes=\"(max-width: 201px) 100vw, 201px\" \/><figcaption id=\"caption-attachment-1813\" class=\"wp-caption-text\">Pendentif en verre blanc en forme de losange irr\u00e9gulier, avec 3 millefioris bleus, deux avec un c\u0153ur jaune. Un anneau argent\u00e9 permet de le suspendre \u00e0 une cha\u00eene ou un lacet<\/figcaption><\/figure>\n<div class=\"flex flex-grow flex-col max-w-full\">\n<div class=\"min-h-[20px] text-message flex flex-col items-start whitespace-pre-wrap break-words [.text-message+&amp;]:mt-5 juice:w-full juice:items-end overflow-x-auto gap-2\" dir=\"auto\" data-message-author-role=\"assistant\" data-message-id=\"eb42eb87-dc02-47ad-80dd-1333fb924a6c\">\n<div class=\"flex w-full flex-col gap-1 juice:empty:hidden juice:first:pt-[3px]\">\n<div class=\"markdown prose w-full break-words dark:prose-invert light\">\n<p>Ce pendentif raffin\u00e9 est fabriqu\u00e9 en verre blanc, fa\u00e7onn\u00e9 en un losange irr\u00e9gulier qui lui conf\u00e8re une allure unique et artistique. Trois millefioris bleus, dont deux avec un c\u0153ur jaune, sont dispos\u00e9s en triangle sur sa surface, apportant une touche de couleur et de sophistication. Ces millefioris, inspir\u00e9s des techniques ancestrales des verriers de Murano en Italie, ajoutent une dimension artisanale et authentique \u00e0 ce bijou.<\/p>\n<p>Un anneau argent\u00e9 est pass\u00e9 \u00e0 travers un orifice au sommet du pendentif, permettant de le suspendre ais\u00e9ment \u00e0 une cha\u00eene ou \u00e0 un lacet, pour un port \u00e9l\u00e9gant et polyvalent.<\/p>\n<p><strong>Caract\u00e9ristiques :<\/strong><\/p>\n<ul>\n<li>Forme : Losange irr\u00e9gulier<\/li>\n<li>Fond : Verre blanc<\/li>\n<li>Millefioris : Trois millefioris bleus, dont deux avec un c\u0153ur jaune, dispos\u00e9s en triangle<\/li>\n<li>Technique : Fusion de verre<\/li>\n<li>Mat\u00e9riaux : Verre<\/li>\n<li>Fixation : Anneau argent\u00e9 ins\u00e9r\u00e9 \u00e0 travers un orifice au sommet<\/li>\n<li>Dimensions : Largeur : 3,6cm, hauteur : 4cm<\/li>\n<\/ul>\n<p>Ce pendentif en verre blanc, d\u00e9cor\u00e9 de trois millefioris bleus et jaunes, est une pi\u00e8ce distinctive qui allie art et artisanat. Id\u00e9al pour les amateurs de bijoux uniques, il est con\u00e7u pour se d\u00e9marquer et compl\u00e9ter \u00e9l\u00e9gamment toute tenue, tout en c\u00e9l\u00e9brant l&#8217;h\u00e9ritage des verriers de Murano.<\/p>\n<\/div>\n<\/div>\n<\/div>\n<\/div>\n<div class=\"mt-1 flex gap-3 empty:hidden juice:-ml-3\">\n<div class=\"items-center justify-start rounded-xl p-1 flex\">\n<div class=\"flex items-center\"><button class=\"rounded-lg text-token-text-secondary hover:bg-token-main-surface-secondary\"><\/button><button class=\"rounded-lg text-token-text-secondary hover:bg-token-main-surface-secondary\"><\/button><\/p>\n<div class=\"flex\"><\/div>\n<div class=\"flex items-center pb-0.5 juice:pb-0\"><\/div>\n<\/div>\n<\/div>\n<\/div>\n<p>&nbsp;<\/p>\n","protected":false},"excerpt":{"rendered":"<p>Pendentif en verre blanc en forme de losange irr\u00e9gulier, avec 3 millefioris bleus, dont 2 avec le c\u0153ur jaune, sont dispos\u00e9s en triangle. Un anneau argent\u00e9 est pass\u00e9 dans un orifice au sommet.<\/p>\n","protected":false},"featured_media":1813,"comment_status":"open","ping_status":"closed","template":"","meta":[],"product_brand":[],"product_cat":[182,181],"product_tag":[38,49,65,26],"class_list":{"0":"post-1987","1":"product","2":"type-product","3":"status-publish","4":"has-post-thumbnail","6":"product_cat-pendentif-fusing","7":"product_cat-pendentif-millefioris","8":"product_tag-fleur-soie-metal","9":"product_tag-fusing-verre","10":"product_tag-millefiori-verre","11":"product_tag-pendentif-verre","12":"pa_bijou-pendentif","14":"first","15":"instock","16":"purchasable","17":"product-type-simple"},"_links":{"self":[{"href":"https:\/\/art-bijoux.com\/en\/wp-json\/wp\/v2\/product\/1987","targetHints":{"allow":["GET"]}}],"collection":[{"href":"https:\/\/art-bijoux.com\/en\/wp-json\/wp\/v2\/product"}],"about":[{"href":"https:\/\/art-bijoux.com\/en\/wp-json\/wp\/v2\/types\/product"}],"replies":[{"embeddable":true,"href":"https:\/\/art-bijoux.com\/en\/wp-json\/wp\/v2\/comments?post=1987"}],"version-history":[{"count":0,"href":"https:\/\/art-bijoux.com\/en\/wp-json\/wp\/v2\/product\/1987\/revisions"}],"wp:featuredmedia":[{"embeddable":true,"href":"https:\/\/art-bijoux.com\/en\/wp-json\/wp\/v2\/media\/1813"}],"wp:attachment":[{"href":"https:\/\/art-bijoux.com\/en\/wp-json\/wp\/v2\/media?parent=1987"}],"wp:term":[{"taxonomy":"product_brand","embeddable":true,"href":"https:\/\/art-bijoux.com\/en\/wp-json\/wp\/v2\/product_brand?post=1987"},{"taxonomy":"product_cat","embeddable":true,"href":"https:\/\/art-bijoux.com\/en\/wp-json\/wp\/v2\/product_cat?post=1987"},{"taxonomy":"product_tag","embeddable":true,"href":"https:\/\/art-bijoux.com\/en\/wp-json\/wp\/v2\/product_tag?post=1987"}],"curies":[{"name":"wp","href":"https:\/\/api.w.org\/{rel}","templated":true}]}}