{"id":1988,"date":"2024-05-20T12:56:35","date_gmt":"2024-05-20T10:56:35","guid":{"rendered":"https:\/\/art-bijoux.com\/?post_type=product&#038;p=1988"},"modified":"2024-05-20T12:56:35","modified_gmt":"2024-05-20T10:56:35","slug":"pendentif-triangulaire-en-verre-blanc-avec-deux-millefioris-bleus-et-blancs","status":"publish","type":"product","link":"https:\/\/art-bijoux.com\/en\/boutique\/pendentif-triangulaire-en-verre-blanc-avec-deux-millefioris-bleus-et-blancs\/","title":{"rendered":"Pendentif Triangulaire en Verre Blanc avec Deux Millefioris Bleus et Blancs"},"content":{"rendered":"<figure id=\"attachment_1812\" aria-describedby=\"caption-attachment-1812\" style=\"width: 207px\" class=\"wp-caption alignleft\"><img fetchpriority=\"high\" decoding=\"async\" class=\"size-medium wp-image-1812\" src=\"https:\/\/art-bijoux.com\/wp-content\/uploads\/2024\/05\/2-millefioris_bleu-sur-triangle-marine-207x300.webp\" alt=\"Pendentif triangulaire en verre blanc avec 2 millefioris bleus et blancs \u00e9tir\u00e9s par la fusion. Un anneau argent\u00e9 pass\u00e9 dans un orifice au sommet\" width=\"207\" height=\"300\" srcset=\"https:\/\/art-bijoux.com\/wp-content\/uploads\/2024\/05\/2-millefioris_bleu-sur-triangle-marine-207x300.webp 207w, https:\/\/art-bijoux.com\/wp-content\/uploads\/2024\/05\/2-millefioris_bleu-sur-triangle-marine.webp 551w\" sizes=\"(max-width: 207px) 100vw, 207px\" \/><figcaption id=\"caption-attachment-1812\" class=\"wp-caption-text\">Pendentif triangulaire en verre blanc avec 2 millefioris bleus et blancs \u00e9tir\u00e9s par la fusion. Un anneau argent\u00e9 pass\u00e9 dans un orifice au somme<\/figcaption><\/figure>\n<div class=\"flex flex-grow flex-col max-w-full\">\n<div class=\"min-h-[20px] text-message flex flex-col items-start whitespace-pre-wrap break-words [.text-message+&amp;]:mt-5 juice:w-full juice:items-end overflow-x-auto gap-2\" dir=\"auto\" data-message-author-role=\"assistant\" data-message-id=\"d12d7d15-c37c-499a-9cdc-8f1c91958103\">\n<div class=\"flex w-full flex-col gap-1 juice:empty:hidden juice:first:pt-[3px]\">\n<div class=\"markdown prose w-full break-words dark:prose-invert light\">\n<p>Ce pendentif \u00e9l\u00e9gant est fa\u00e7onn\u00e9 en verre blanc, prenant une forme triangulaire qui \u00e9voque la modernit\u00e9 et la simplicit\u00e9. Deux millefioris bleus aux p\u00e9tales blancs, \u00e9tir\u00e9s par la fusion, sont dispos\u00e9s sur sa surface, ajoutant une touche de d\u00e9licatesse et de complexit\u00e9 \u00e0 ce bijou unique. Ces millefioris, inspir\u00e9s des techniques traditionnelles des verriers de Murano en Italie, conf\u00e8rent une authenticit\u00e9 et une richesse visuelle au pendentif.<\/p>\n<p>Un orifice perc\u00e9 au sommet du pendentif permet de passer un anneau argent\u00e9, offrant une solution pratique pour suspendre le pendentif \u00e0 une cha\u00eene ou un lacet, assurant ainsi une portabilit\u00e9 facile et versatile.<\/p>\n<p><strong>Caract\u00e9ristiques :<\/strong><\/p>\n<ul>\n<li>Forme : Triangle<\/li>\n<li>Fond : Verre blanc<\/li>\n<li>Millefioris : Deux millefioris bleus et blancs, \u00e9tir\u00e9s par la fusion<\/li>\n<li>Technique : Fusion de verre<\/li>\n<li>Mat\u00e9riaux : Verre<\/li>\n<li>Fixation : Anneau en m\u00e9tal argent\u00e9 ins\u00e9r\u00e9 \u00e0 travers un orifice au sommet<\/li>\n<li>Dimensions : largeur : 3,9cm, hauteur : 7,1cm<\/li>\n<\/ul>\n<p>Ce pendentif triangulaire en verre blanc, orn\u00e9 de deux millefioris bleus et blancs, est une pi\u00e8ce distinctive qui allie simplicit\u00e9 et sophistication. Parfait pour les amateurs de bijoux artisanaux uniques, il c\u00e9l\u00e8bre l&#8217;h\u00e9ritage des verriers de Murano tout en apportant une touche contemporaine \u00e0 toute tenue.<\/p>\n<\/div>\n<\/div>\n<\/div>\n<\/div>\n<div class=\"mt-1 flex gap-3 empty:hidden juice:-ml-3\">\n<div class=\"items-center justify-start rounded-xl p-1 flex\">\n<div class=\"flex items-center\"><button class=\"rounded-lg text-token-text-secondary hover:bg-token-main-surface-secondary\"><\/button><button class=\"rounded-lg text-token-text-secondary hover:bg-token-main-surface-secondary\"><\/button><\/p>\n<div class=\"flex\"><\/div>\n<div class=\"flex items-center pb-0.5 juice:pb-0\"><\/div>\n<\/div>\n<\/div>\n<\/div>\n<p>&nbsp;<\/p>\n","protected":false},"excerpt":{"rendered":"<p>Pendentif triangulaire en verre blanc avec 2 millefioris bleus et blancs \u00e9tir\u00e9s par la fusion. Un anneau argent\u00e9 pass\u00e9 dans un orifice au somme<\/p>\n","protected":false},"featured_media":1812,"comment_status":"open","ping_status":"closed","template":"","meta":[],"product_brand":[],"product_cat":[182,181],"product_tag":[38,49,65,26],"class_list":{"0":"post-1988","1":"product","2":"type-product","3":"status-publish","4":"has-post-thumbnail","6":"product_cat-pendentif-fusing","7":"product_cat-pendentif-millefioris","8":"product_tag-fleur-soie-metal","9":"product_tag-fusing-verre","10":"product_tag-millefiori-verre","11":"product_tag-pendentif-verre","13":"first","14":"instock","15":"purchasable","16":"product-type-simple"},"_links":{"self":[{"href":"https:\/\/art-bijoux.com\/en\/wp-json\/wp\/v2\/product\/1988","targetHints":{"allow":["GET"]}}],"collection":[{"href":"https:\/\/art-bijoux.com\/en\/wp-json\/wp\/v2\/product"}],"about":[{"href":"https:\/\/art-bijoux.com\/en\/wp-json\/wp\/v2\/types\/product"}],"replies":[{"embeddable":true,"href":"https:\/\/art-bijoux.com\/en\/wp-json\/wp\/v2\/comments?post=1988"}],"version-history":[{"count":0,"href":"https:\/\/art-bijoux.com\/en\/wp-json\/wp\/v2\/product\/1988\/revisions"}],"wp:featuredmedia":[{"embeddable":true,"href":"https:\/\/art-bijoux.com\/en\/wp-json\/wp\/v2\/media\/1812"}],"wp:attachment":[{"href":"https:\/\/art-bijoux.com\/en\/wp-json\/wp\/v2\/media?parent=1988"}],"wp:term":[{"taxonomy":"product_brand","embeddable":true,"href":"https:\/\/art-bijoux.com\/en\/wp-json\/wp\/v2\/product_brand?post=1988"},{"taxonomy":"product_cat","embeddable":true,"href":"https:\/\/art-bijoux.com\/en\/wp-json\/wp\/v2\/product_cat?post=1988"},{"taxonomy":"product_tag","embeddable":true,"href":"https:\/\/art-bijoux.com\/en\/wp-json\/wp\/v2\/product_tag?post=1988"}],"curies":[{"name":"wp","href":"https:\/\/api.w.org\/{rel}","templated":true}]}}