{"id":2027,"date":"2024-05-21T13:36:16","date_gmt":"2024-05-21T11:36:16","guid":{"rendered":"https:\/\/art-bijoux.com\/?post_type=product&#038;p=2027"},"modified":"2024-06-06T13:42:26","modified_gmt":"2024-06-06T11:42:26","slug":"2027","status":"publish","type":"product","link":"https:\/\/art-bijoux.com\/en\/boutique\/2027\/","title":{"rendered":"Pendentif en Verre Bleu avec Breloque Cornet \u00e0 pistons"},"content":{"rendered":"<figure id=\"attachment_304\" aria-describedby=\"caption-attachment-304\" style=\"width: 227px\" class=\"wp-caption alignleft\"><img fetchpriority=\"high\" decoding=\"async\" class=\"size-medium wp-image-304\" src=\"https:\/\/art-bijoux.com\/wp-content\/uploads\/2024\/04\/Trombone-fond-bleu-227x300.webp\" alt=\"Pendentif en verre bleu avec 2 morceaux de verre de qualit\u00e9 Tiffany fondus et d\u00e9passant de la surface, Quelques \u00e9clats de feuille dor\u00e9e ont \u00e9t\u00e9 coll\u00e9s \u00e0 la surface. Une b\u00e9li\u00e8re dor\u00e9e soud\u00e9e \u00e0 l'arri\u00e8re a permis de passer une breloque en forme de cor de chasse. Ce bijou est mont\u00e9 selon la technique Tiffany, serti de cuivre, soud\u00e9 \u00e0 l'\u00e9tain et patin\u00e9 en nuances de cuivre ancien. \" width=\"227\" height=\"300\" srcset=\"https:\/\/art-bijoux.com\/wp-content\/uploads\/2024\/04\/Trombone-fond-bleu-227x300.webp 227w, https:\/\/art-bijoux.com\/wp-content\/uploads\/2024\/04\/Trombone-fond-bleu-600x791.webp 600w, https:\/\/art-bijoux.com\/wp-content\/uploads\/2024\/04\/Trombone-fond-bleu-776x1024.webp 776w, https:\/\/art-bijoux.com\/wp-content\/uploads\/2024\/04\/Trombone-fond-bleu-768x1013.webp 768w, https:\/\/art-bijoux.com\/wp-content\/uploads\/2024\/04\/Trombone-fond-bleu-1165x1536.webp 1165w, https:\/\/art-bijoux.com\/wp-content\/uploads\/2024\/04\/Trombone-fond-bleu.webp 1461w\" sizes=\"(max-width: 227px) 100vw, 227px\" \/><figcaption id=\"caption-attachment-304\" class=\"wp-caption-text\">Pendentif en verre bleu avec 2 morceaux de verre de qualit\u00e9 Tiffany fondus et d\u00e9passant de la surface, Quelques \u00e9clats de feuille dor\u00e9e ont \u00e9t\u00e9 coll\u00e9s \u00e0 la surface. Une b\u00e9li\u00e8re dor\u00e9e soud\u00e9e \u00e0 l&#8217;arri\u00e8re a permis de passer une breloque en forme de cor de chasse. Ce bijou est mont\u00e9 selon la technique Tiffany, serti de cuivre, soud\u00e9 \u00e0 l&#8217;\u00e9tain et patin\u00e9 en nuances de cuivre ancien.<\/figcaption><\/figure>\n<div class=\"flex flex-grow flex-col max-w-full\">\n<div class=\"min-h-[20px] text-message flex flex-col items-start whitespace-pre-wrap break-words [.text-message+&amp;]:mt-5 juice:w-full juice:items-end overflow-x-auto gap-2\" dir=\"auto\" data-message-author-role=\"assistant\" data-message-id=\"9513602f-bdac-4013-95d4-d7004281ada6\">\n<div class=\"flex w-full flex-col gap-1 juice:empty:hidden juice:first:pt-[3px]\">\n<div class=\"markdown prose w-full break-words dark:prose-invert light\">\n<p>Ce pendentif \u00e9l\u00e9gant et complexe se compose de verre bleu, enrichi de deux morceaux de verre de qualit\u00e9 Tiffany, l&#8217;un blanc et l&#8217;autre rose, de forme g\u00e9om\u00e9trique, qui d\u00e9passent d\u00e9licatement de la surface. Quelques \u00e9clats de feuille dor\u00e9e ont \u00e9t\u00e9 soigneusement coll\u00e9s \u00e0 la surface, ajoutant une touche de luxe et de brillance.<\/p>\n<p>Le bijou est mont\u00e9 selon la technique Tiffany, o\u00f9 il a \u00e9t\u00e9 serti de cuivre et soud\u00e9 \u00e0 l&#8217;\u00e9tain, puis patin\u00e9 en nuances de cuivre ancien, soulignant son caract\u00e8re artisanal et vintage. Une b\u00e9li\u00e8re dor\u00e9e, soud\u00e9e \u00e0 l&#8217;arri\u00e8re, permet de passer un anneau auquel est suspendue une charmante breloque en forme de cornet \u00e0 piston, ajoutant une note de fantaisie et d&#8217;\u00e9l\u00e9gance.<\/p>\n<p><strong>Caract\u00e9ristiques :<\/strong><\/p>\n<ul>\n<li>Forme : Pendentif en verre bleu<\/li>\n<li>Inclusions : Deux morceaux de verre Tiffany de forme g\u00e9om\u00e9trique (un blanc et un rose)<\/li>\n<li>D\u00e9corations : \u00c9clats de feuille dor\u00e9e coll\u00e9s \u00e0 la surface<\/li>\n<li>Technique : Mont\u00e9 en Tiffany, serti de cuivre, soud\u00e9 \u00e0 l&#8217;\u00e9tain<\/li>\n<li>Patine : Cuivre ancien<\/li>\n<li>B\u00e9li\u00e8re : M\u00e9tal dor\u00e9e, soud\u00e9e \u00e0 l&#8217;arri\u00e8re<\/li>\n<li>Breloque : En forme de cor de chasse, suspendue \u00e0 un anneau en m\u00e9tal dor\u00e9<\/li>\n<li>Dimensions : Largeur : 2,7cm , hauteur : 4,6cm<\/li>\n<\/ul>\n<p>Ce pendentif en verre bleu, orn\u00e9 de morceaux de verre Tiffany et de feuille dor\u00e9e, est une pi\u00e8ce unique qui allie artisanat traditionnel et design contemporain. Parfait pour les m\u00e9lomanes qui appr\u00e9cient les bijoux distinctifs et \u00e9l\u00e9gants, il ajoutera une touche de sophistication \u00e0 toute tenue.<\/p>\n<\/div>\n<\/div>\n<\/div>\n<\/div>\n<div class=\"mt-1 flex gap-3 empty:hidden juice:-ml-3\">\n<div class=\"items-center justify-start rounded-xl p-1 flex\">\n<div class=\"flex items-center\">\n<p>&nbsp;<\/p>\n<div class=\"flex\"><\/div>\n<div class=\"flex items-center pb-0.5 juice:pb-0\"><\/div>\n<\/div>\n<\/div>\n<\/div>\n<p>&nbsp;<\/p>\n","protected":false},"excerpt":{"rendered":"<p>Pendentif en verre bleu avec 2 morceaux de verre de qualit\u00e9 Tiffany fondus et d\u00e9passant de la surface, Quelques \u00e9clats de feuille dor\u00e9e ont \u00e9t\u00e9 coll\u00e9s \u00e0 la surface. Une b\u00e9li\u00e8re dor\u00e9e soud\u00e9e \u00e0 l&#8217;arri\u00e8re a permis de passer une breloque en forme de cor de chasse. Ce bijou est mont\u00e9 selon la technique Tiffany, serti de cuivre, soud\u00e9 \u00e0 l&#8217;\u00e9tain et patin\u00e9 en nuances de cuivre ancien.<\/p>\n","protected":false},"featured_media":304,"comment_status":"open","ping_status":"closed","template":"","meta":[],"product_brand":[],"product_cat":[176,182,28,187],"product_tag":[36,29,49,26,27],"class_list":{"0":"post-2027","1":"product","2":"type-product","3":"status-publish","4":"has-post-thumbnail","6":"product_cat-breloque-bijou-verre","7":"product_cat-pendentif-fusing","8":"product_cat-pendentif-tiffany","9":"product_cat-bijoux-homme","10":"product_tag-verre-abstrait","11":"product_tag-breloque-metal-pierre","12":"product_tag-fusing-verre","13":"product_tag-pendentif-verre","14":"product_tag-tiffany-verre","15":"pa_bijou-pendentif","16":"pa_breloque-instrument-musique","18":"first","19":"instock","20":"purchasable","21":"product-type-simple"},"_links":{"self":[{"href":"https:\/\/art-bijoux.com\/en\/wp-json\/wp\/v2\/product\/2027","targetHints":{"allow":["GET"]}}],"collection":[{"href":"https:\/\/art-bijoux.com\/en\/wp-json\/wp\/v2\/product"}],"about":[{"href":"https:\/\/art-bijoux.com\/en\/wp-json\/wp\/v2\/types\/product"}],"replies":[{"embeddable":true,"href":"https:\/\/art-bijoux.com\/en\/wp-json\/wp\/v2\/comments?post=2027"}],"version-history":[{"count":1,"href":"https:\/\/art-bijoux.com\/en\/wp-json\/wp\/v2\/product\/2027\/revisions"}],"predecessor-version":[{"id":2028,"href":"https:\/\/art-bijoux.com\/en\/wp-json\/wp\/v2\/product\/2027\/revisions\/2028"}],"wp:featuredmedia":[{"embeddable":true,"href":"https:\/\/art-bijoux.com\/en\/wp-json\/wp\/v2\/media\/304"}],"wp:attachment":[{"href":"https:\/\/art-bijoux.com\/en\/wp-json\/wp\/v2\/media?parent=2027"}],"wp:term":[{"taxonomy":"product_brand","embeddable":true,"href":"https:\/\/art-bijoux.com\/en\/wp-json\/wp\/v2\/product_brand?post=2027"},{"taxonomy":"product_cat","embeddable":true,"href":"https:\/\/art-bijoux.com\/en\/wp-json\/wp\/v2\/product_cat?post=2027"},{"taxonomy":"product_tag","embeddable":true,"href":"https:\/\/art-bijoux.com\/en\/wp-json\/wp\/v2\/product_tag?post=2027"}],"curies":[{"name":"wp","href":"https:\/\/api.w.org\/{rel}","templated":true}]}}