{"id":2029,"date":"2024-05-21T13:50:21","date_gmt":"2024-05-21T11:50:21","guid":{"rendered":"https:\/\/art-bijoux.com\/?post_type=product&#038;p=2029"},"modified":"2024-05-21T13:50:21","modified_gmt":"2024-05-21T11:50:21","slug":"pendentif-rectangulaire-en-verre-transparent-avec-eclats-de-vitrail","status":"publish","type":"product","link":"https:\/\/art-bijoux.com\/en\/boutique\/pendentif-rectangulaire-en-verre-transparent-avec-eclats-de-vitrail\/","title":{"rendered":"Pendentif Rectangulaire en Verre Transparent avec \u00c9clats de Vitrail"},"content":{"rendered":"<figure id=\"attachment_303\" aria-describedby=\"caption-attachment-303\" style=\"width: 241px\" class=\"wp-caption alignleft\"><img fetchpriority=\"high\" decoding=\"async\" class=\"size-medium wp-image-303\" src=\"https:\/\/art-bijoux.com\/wp-content\/uploads\/2024\/04\/triangle-rouge-encadre-bleu-jaune-241x300.webp\" alt=\"Pendentif en verre transparent avec des \u00e9clats de verre rouge et bleu fondus\" width=\"241\" height=\"300\" srcset=\"https:\/\/art-bijoux.com\/wp-content\/uploads\/2024\/04\/triangle-rouge-encadre-bleu-jaune-241x300.webp 241w, https:\/\/art-bijoux.com\/wp-content\/uploads\/2024\/04\/triangle-rouge-encadre-bleu-jaune-600x746.webp 600w, https:\/\/art-bijoux.com\/wp-content\/uploads\/2024\/04\/triangle-rouge-encadre-bleu-jaune-823x1024.webp 823w, https:\/\/art-bijoux.com\/wp-content\/uploads\/2024\/04\/triangle-rouge-encadre-bleu-jaune-768x955.webp 768w, https:\/\/art-bijoux.com\/wp-content\/uploads\/2024\/04\/triangle-rouge-encadre-bleu-jaune-1235x1536.webp 1235w, https:\/\/art-bijoux.com\/wp-content\/uploads\/2024\/04\/triangle-rouge-encadre-bleu-jaune.webp 1544w\" sizes=\"(max-width: 241px) 100vw, 241px\" \/><figcaption id=\"caption-attachment-303\" class=\"wp-caption-text\">Pendentif en verre transparent avec des \u00e9clats de verre rouge et bleu fondus<\/figcaption><\/figure>\n<p>Ce pendentif unique est confectionn\u00e9 en verre transparent, permettant subtilement de voir la couleur des v\u00eatements port\u00e9s en dessous, ajoutant une touche de personnalisation \u00e0 chaque tenue. Lors du fusing, des \u00e9clats de verre bleu et rouge, issus des chutes d&#8217;un grand vitrail, ont \u00e9t\u00e9 soigneusement fondus dans la surface du pendentif, cr\u00e9ant des motifs triangulaires color\u00e9s et dynamiques.<\/p>\n<p>Une b\u00e9li\u00e8re en m\u00e9tal argent\u00e9 a \u00e9t\u00e9 coll\u00e9e \u00e0 l&#8217;arri\u00e8re, assurant une fixation discr\u00e8te et \u00e9l\u00e9gante, permettant ainsi de porter ce bijou avec une cha\u00eene ou un lacet de votre choix.<\/p>\n<p><strong>Caract\u00e9ristiques :<\/strong><\/p>\n<ul>\n<li>Forme : Rectangulaire<\/li>\n<li>Mat\u00e9riau principal : Verre transparent<\/li>\n<li>D\u00e9corations : \u00c9clats de verre bleu et rouge fondus en motifs triangulaires<\/li>\n<li>Technique : Fusing<\/li>\n<li>B\u00e9li\u00e8re : M\u00e9tal argent\u00e9, coll\u00e9e \u00e0 l&#8217;arri\u00e8re<\/li>\n<li>Dimensions : Largeur : 2,8cm, hauteur : 4cm<\/li>\n<\/ul>\n<p>Ce pendentif rectangulaire en verre transparent, orn\u00e9 d&#8217;\u00e9clats color\u00e9s de vitrail, est une pi\u00e8ce artistique et versatile. Id\u00e9al pour ceux qui appr\u00e9cient les bijoux \u00e0 la fois subtils et expressifs, il ajoutera une note de modernit\u00e9 et d&#8217;\u00e9l\u00e9gance \u00e0 toute garde-robe.<\/p>\n<p>&nbsp;<\/p>\n","protected":false},"excerpt":{"rendered":"<p>Pendentif en verre transparent avec des \u00e9clats de verre rouge et bleu fondus, une b\u00e9li\u00e8re argent\u00e9e coll\u00e9e \u00e0 l&#8217;arri\u00e8re<\/p>\n","protected":false},"featured_media":303,"comment_status":"open","ping_status":"closed","template":"","meta":[],"product_brand":[],"product_cat":[182],"product_tag":[36,49,26],"class_list":{"0":"post-2029","1":"product","2":"type-product","3":"status-publish","4":"has-post-thumbnail","6":"product_cat-pendentif-fusing","7":"product_tag-verre-abstrait","8":"product_tag-fusing-verre","9":"product_tag-pendentif-verre","10":"pa_bijou-pendentif","12":"first","13":"instock","14":"purchasable","15":"product-type-simple"},"_links":{"self":[{"href":"https:\/\/art-bijoux.com\/en\/wp-json\/wp\/v2\/product\/2029","targetHints":{"allow":["GET"]}}],"collection":[{"href":"https:\/\/art-bijoux.com\/en\/wp-json\/wp\/v2\/product"}],"about":[{"href":"https:\/\/art-bijoux.com\/en\/wp-json\/wp\/v2\/types\/product"}],"replies":[{"embeddable":true,"href":"https:\/\/art-bijoux.com\/en\/wp-json\/wp\/v2\/comments?post=2029"}],"version-history":[{"count":0,"href":"https:\/\/art-bijoux.com\/en\/wp-json\/wp\/v2\/product\/2029\/revisions"}],"wp:featuredmedia":[{"embeddable":true,"href":"https:\/\/art-bijoux.com\/en\/wp-json\/wp\/v2\/media\/303"}],"wp:attachment":[{"href":"https:\/\/art-bijoux.com\/en\/wp-json\/wp\/v2\/media?parent=2029"}],"wp:term":[{"taxonomy":"product_brand","embeddable":true,"href":"https:\/\/art-bijoux.com\/en\/wp-json\/wp\/v2\/product_brand?post=2029"},{"taxonomy":"product_cat","embeddable":true,"href":"https:\/\/art-bijoux.com\/en\/wp-json\/wp\/v2\/product_cat?post=2029"},{"taxonomy":"product_tag","embeddable":true,"href":"https:\/\/art-bijoux.com\/en\/wp-json\/wp\/v2\/product_tag?post=2029"}],"curies":[{"name":"wp","href":"https:\/\/api.w.org\/{rel}","templated":true}]}}