{"id":2030,"date":"2024-05-21T14:01:25","date_gmt":"2024-05-21T12:01:25","guid":{"rendered":"https:\/\/art-bijoux.com\/?post_type=product&#038;p=2030"},"modified":"2025-06-15T16:28:23","modified_gmt":"2025-06-15T14:28:23","slug":"petit-pendentif-en-verre-fin-avec-eclats-blanc-et-un-rouge-une-beliere-argentee-collee-a-larriere","status":"publish","type":"product","link":"https:\/\/art-bijoux.com\/en\/boutique\/petit-pendentif-en-verre-fin-avec-eclats-blanc-et-un-rouge-une-beliere-argentee-collee-a-larriere\/","title":{"rendered":"Petit pendentif en verre fin avec \u00e9clats blanc et un rouge. Une b\u00e9li\u00e8re argent\u00e9e coll\u00e9e \u00e0 l&#8217;arri\u00e8re."},"content":{"rendered":"<figure id=\"attachment_302\" aria-describedby=\"caption-attachment-302\" style=\"width: 266px\" class=\"wp-caption alignleft\"><img fetchpriority=\"high\" decoding=\"async\" class=\"size-medium wp-image-302\" src=\"https:\/\/art-bijoux.com\/wp-content\/uploads\/2024\/04\/triangle-rouge-carre-blanc-266x300.webp\" alt=\"Petit pendentif en verre fin avec un \u00e9clat blanc et un rouge. Une b\u00e9li\u00e8re argent\u00e9e coll\u00e9e \u00e0 l'arri\u00e8re.\" width=\"266\" height=\"300\" srcset=\"https:\/\/art-bijoux.com\/wp-content\/uploads\/2024\/04\/triangle-rouge-carre-blanc-266x300.webp 266w, https:\/\/art-bijoux.com\/wp-content\/uploads\/2024\/04\/triangle-rouge-carre-blanc-600x676.webp 600w, https:\/\/art-bijoux.com\/wp-content\/uploads\/2024\/04\/triangle-rouge-carre-blanc-909x1024.webp 909w, https:\/\/art-bijoux.com\/wp-content\/uploads\/2024\/04\/triangle-rouge-carre-blanc-768x865.webp 768w, https:\/\/art-bijoux.com\/wp-content\/uploads\/2024\/04\/triangle-rouge-carre-blanc-1364x1536.webp 1364w, https:\/\/art-bijoux.com\/wp-content\/uploads\/2024\/04\/triangle-rouge-carre-blanc.webp 1705w\" sizes=\"(max-width: 266px) 100vw, 266px\" \/><figcaption id=\"caption-attachment-302\" class=\"wp-caption-text\">Petit pendentif en verre fin avec un \u00e9clat blanc et un rouge. Une b\u00e9li\u00e8re argent\u00e9e coll\u00e9e \u00e0 l&#8217;arri\u00e8re.<\/figcaption><\/figure>\n<div class=\"flex flex-grow flex-col max-w-full\">\n<div class=\"min-h-[20px] text-message flex flex-col items-start whitespace-pre-wrap break-words [.text-message+&amp;]:mt-5 juice:w-full juice:items-end overflow-x-auto gap-2\" dir=\"auto\" data-message-author-role=\"assistant\" data-message-id=\"29d377bb-3601-4328-87c4-96f5b0f63cc6\">\n<div class=\"flex w-full flex-col gap-1 juice:empty:hidden juice:first:pt-[3px]\">\n<div class=\"markdown prose w-full break-words dark:prose-invert light\">\n<p>Ce petit pendentif est r\u00e9alis\u00e9 en verre fin, offrant une \u00e9l\u00e9gance d\u00e9licate et l\u00e9g\u00e8re. Deux \u00e9clats de verre, l&#8217;un blanc et l&#8217;autre rouge, ont \u00e9t\u00e9 fondus dans la surface transparente du pendentif. Sous l&#8217;\u00e9clat rouge, une coulure de vernis a cr\u00e9\u00e9 une forme unique ressemblant \u00e0 une fl\u00e8che, ajoutant une touche distinctive et artistique \u00e0 la pi\u00e8ce.<\/p>\n<p>Le processus de meulage, n\u00e9cessaire pour coller la b\u00e9li\u00e8re, a laiss\u00e9 une l\u00e9g\u00e8re trace sur le c\u00f4t\u00e9 du pendentif, soulignant son caract\u00e8re artisanal et fait main. Une b\u00e9li\u00e8re argent\u00e9e a \u00e9t\u00e9 coll\u00e9e \u00e0 l&#8217;arri\u00e8re, permettant de porter ce bijou avec une cha\u00eene ou un lacet de votre choix.<\/p>\n<p><strong>Caract\u00e9ristiques :<\/strong><\/p>\n<ul>\n<li>Forme : Rectangulaire<\/li>\n<li>Mat\u00e9riau principal : Verre fin<\/li>\n<li>D\u00e9corations : \u00c9clat blanc et rouge fondus, avec une coulure de vernis en forme de fl\u00e8che<\/li>\n<li>Technique : Fusing et meulage<\/li>\n<li>B\u00e9li\u00e8re : M\u00e9tal argent\u00e9, coll\u00e9e \u00e0 l&#8217;arri\u00e8re<\/li>\n<li>Dimensions : largeur : 2,6cm, hauteur : 3,8cm<\/li>\n<\/ul>\n<p>Ce petit pendentif en verre fin, orn\u00e9 d&#8217;\u00e9clats de couleur et marqu\u00e9 par des d\u00e9tails artisanaux, est une pi\u00e8ce unique et charmante. Parfait pour ceux qui recherchent un bijou d\u00e9licat et empreint de caract\u00e8re, il ajoutera une touche subtile de sophistication \u00e0 toute tenue.<\/p>\n<\/div>\n<\/div>\n<\/div>\n<\/div>\n<div class=\"mt-1 flex gap-3 empty:hidden juice:-ml-3\">\n<div class=\"items-center justify-start rounded-xl p-1 flex\">\n<div class=\"flex items-center\">\n<p>&nbsp;<\/p>\n<div class=\"flex\"><\/div>\n<div class=\"flex items-center pb-0.5 juice:pb-0\"><\/div>\n<\/div>\n<\/div>\n<\/div>\n<p>&nbsp;<\/p>\n","protected":false},"excerpt":{"rendered":"<p>Petit pendentif en verre fin avec un \u00e9clat blanc et un rouge. Une b\u00e9li\u00e8re argent\u00e9e coll\u00e9e \u00e0 l&#8217;arri\u00e8re.<\/p>\n","protected":false},"featured_media":302,"comment_status":"open","ping_status":"closed","template":"","meta":[],"product_brand":[],"product_cat":[182],"product_tag":[36,49,26],"class_list":{"0":"post-2030","1":"product","2":"type-product","3":"status-publish","4":"has-post-thumbnail","6":"product_cat-pendentif-fusing","7":"product_tag-verre-abstrait","8":"product_tag-fusing-verre","9":"product_tag-pendentif-verre","10":"pa_bijou-pendentif","12":"first","13":"outofstock","14":"purchasable","15":"product-type-simple"},"yoast_head":"<!-- This site is optimized with the Yoast SEO plugin v27.4 - https:\/\/yoast.com\/product\/yoast-seo-wordpress\/ -->\n<title>Petit pendentif en verre fin avec \u00e9clats blanc et un rouge. Une b\u00e9li\u00e8re argent\u00e9e coll\u00e9e \u00e0 l&#039;arri\u00e8re. - art-bijoux<\/title>\n<meta name=\"description\" content=\"Petit pendentif en verre fin avec un \u00e9clat blanc et un rouge. Une b\u00e9li\u00e8re argent\u00e9e coll\u00e9e \u00e0 l&#039;arri\u00e8re.\" \/>\n<meta name=\"robots\" content=\"index, follow, max-snippet:-1, max-image-preview:large, max-video-preview:-1\" \/>\n<link rel=\"canonical\" href=\"https:\/\/art-bijoux.com\/en\/boutique\/petit-pendentif-en-verre-fin-avec-eclats-blanc-et-un-rouge-une-beliere-argentee-collee-a-larriere\/\" \/>\n<meta property=\"og:locale\" content=\"en_US\" \/>\n<meta property=\"og:type\" content=\"article\" \/>\n<meta property=\"og:title\" content=\"Petit pendentif en verre fin avec \u00e9clats blanc et un rouge. Une b\u00e9li\u00e8re argent\u00e9e coll\u00e9e \u00e0 l&#039;arri\u00e8re. - art-bijoux\" \/>\n<meta property=\"og:description\" content=\"Petit pendentif en verre fin avec un \u00e9clat blanc et un rouge. Une b\u00e9li\u00e8re argent\u00e9e coll\u00e9e \u00e0 l&#039;arri\u00e8re.\" \/>\n<meta property=\"og:url\" content=\"https:\/\/art-bijoux.com\/en\/boutique\/petit-pendentif-en-verre-fin-avec-eclats-blanc-et-un-rouge-une-beliere-argentee-collee-a-larriere\/\" \/>\n<meta property=\"og:site_name\" content=\"art-bijoux\" \/>\n<meta property=\"article:modified_time\" content=\"2025-06-15T14:28:23+00:00\" \/>\n<meta property=\"og:image\" content=\"https:\/\/art-bijoux.com\/wp-content\/uploads\/2024\/04\/triangle-rouge-carre-blanc.webp\" \/>\n\t<meta property=\"og:image:width\" content=\"1705\" \/>\n\t<meta property=\"og:image:height\" content=\"1920\" \/>\n\t<meta property=\"og:image:type\" content=\"image\/webp\" \/>\n<meta name=\"twitter:card\" content=\"summary_large_image\" \/>\n<meta name=\"twitter:label1\" content=\"Est. reading time\" \/>\n\t<meta name=\"twitter:data1\" content=\"2 minutes\" \/>\n<script type=\"application\/ld+json\" class=\"yoast-schema-graph\">{\"@context\":\"https:\\\/\\\/schema.org\",\"@graph\":[{\"@type\":\"WebPage\",\"@id\":\"https:\\\/\\\/art-bijoux.com\\\/en\\\/boutique\\\/petit-pendentif-en-verre-fin-avec-eclats-blanc-et-un-rouge-une-beliere-argentee-collee-a-larriere\\\/\",\"url\":\"https:\\\/\\\/art-bijoux.com\\\/en\\\/boutique\\\/petit-pendentif-en-verre-fin-avec-eclats-blanc-et-un-rouge-une-beliere-argentee-collee-a-larriere\\\/\",\"name\":\"Petit pendentif en verre fin avec \u00e9clats blanc et un rouge. Une b\u00e9li\u00e8re argent\u00e9e coll\u00e9e \u00e0 l'arri\u00e8re. - art-bijoux\",\"isPartOf\":{\"@id\":\"https:\\\/\\\/art-bijoux.com\\\/en\\\/#website\"},\"primaryImageOfPage\":{\"@id\":\"https:\\\/\\\/art-bijoux.com\\\/en\\\/boutique\\\/petit-pendentif-en-verre-fin-avec-eclats-blanc-et-un-rouge-une-beliere-argentee-collee-a-larriere\\\/#primaryimage\"},\"image\":{\"@id\":\"https:\\\/\\\/art-bijoux.com\\\/en\\\/boutique\\\/petit-pendentif-en-verre-fin-avec-eclats-blanc-et-un-rouge-une-beliere-argentee-collee-a-larriere\\\/#primaryimage\"},\"thumbnailUrl\":\"https:\\\/\\\/art-bijoux.com\\\/wp-content\\\/uploads\\\/2024\\\/04\\\/triangle-rouge-carre-blanc.webp\",\"datePublished\":\"2024-05-21T12:01:25+00:00\",\"dateModified\":\"2025-06-15T14:28:23+00:00\",\"description\":\"Petit pendentif en verre fin avec un \u00e9clat blanc et un rouge. Une b\u00e9li\u00e8re argent\u00e9e coll\u00e9e \u00e0 l'arri\u00e8re.\",\"breadcrumb\":{\"@id\":\"https:\\\/\\\/art-bijoux.com\\\/en\\\/boutique\\\/petit-pendentif-en-verre-fin-avec-eclats-blanc-et-un-rouge-une-beliere-argentee-collee-a-larriere\\\/#breadcrumb\"},\"inLanguage\":\"en-US\",\"potentialAction\":[{\"@type\":\"ReadAction\",\"target\":[\"https:\\\/\\\/art-bijoux.com\\\/en\\\/boutique\\\/petit-pendentif-en-verre-fin-avec-eclats-blanc-et-un-rouge-une-beliere-argentee-collee-a-larriere\\\/\"]}]},{\"@type\":\"ImageObject\",\"inLanguage\":\"en-US\",\"@id\":\"https:\\\/\\\/art-bijoux.com\\\/en\\\/boutique\\\/petit-pendentif-en-verre-fin-avec-eclats-blanc-et-un-rouge-une-beliere-argentee-collee-a-larriere\\\/#primaryimage\",\"url\":\"https:\\\/\\\/art-bijoux.com\\\/wp-content\\\/uploads\\\/2024\\\/04\\\/triangle-rouge-carre-blanc.webp\",\"contentUrl\":\"https:\\\/\\\/art-bijoux.com\\\/wp-content\\\/uploads\\\/2024\\\/04\\\/triangle-rouge-carre-blanc.webp\",\"width\":1705,\"height\":1920,\"caption\":\"Petit pendentif en verre fin avec un \u00e9clat blanc et un rouge. Une b\u00e9li\u00e8re argent\u00e9e coll\u00e9e \u00e0 l'arri\u00e8re.\"},{\"@type\":\"BreadcrumbList\",\"@id\":\"https:\\\/\\\/art-bijoux.com\\\/en\\\/boutique\\\/petit-pendentif-en-verre-fin-avec-eclats-blanc-et-un-rouge-une-beliere-argentee-collee-a-larriere\\\/#breadcrumb\",\"itemListElement\":[{\"@type\":\"ListItem\",\"position\":1,\"name\":\"Accueil\",\"item\":\"https:\\\/\\\/art-bijoux.com\\\/en\\\/home\\\/\"},{\"@type\":\"ListItem\",\"position\":2,\"name\":\"Shop\",\"item\":\"https:\\\/\\\/art-bijoux.com\\\/en\\\/shop\\\/\"},{\"@type\":\"ListItem\",\"position\":3,\"name\":\"Petit pendentif en verre fin avec \u00e9clats blanc et un rouge. Une b\u00e9li\u00e8re argent\u00e9e coll\u00e9e \u00e0 l&#8217;arri\u00e8re.\"}]},{\"@type\":\"WebSite\",\"@id\":\"https:\\\/\\\/art-bijoux.com\\\/en\\\/#website\",\"url\":\"https:\\\/\\\/art-bijoux.com\\\/en\\\/\",\"name\":\"art-bijoux\",\"description\":\"Osez porter \\\/ offrir un vitrail unique \u00e0 prix abordable\",\"publisher\":{\"@id\":\"https:\\\/\\\/art-bijoux.com\\\/en\\\/#organization\"},\"potentialAction\":[{\"@type\":\"SearchAction\",\"target\":{\"@type\":\"EntryPoint\",\"urlTemplate\":\"https:\\\/\\\/art-bijoux.com\\\/en\\\/?s={search_term_string}\"},\"query-input\":{\"@type\":\"PropertyValueSpecification\",\"valueRequired\":true,\"valueName\":\"search_term_string\"}}],\"inLanguage\":\"en-US\"},{\"@type\":\"Organization\",\"@id\":\"https:\\\/\\\/art-bijoux.com\\\/en\\\/#organization\",\"name\":\"art-bijoux\",\"url\":\"https:\\\/\\\/art-bijoux.com\\\/en\\\/\",\"logo\":{\"@type\":\"ImageObject\",\"inLanguage\":\"en-US\",\"@id\":\"https:\\\/\\\/art-bijoux.com\\\/en\\\/#\\\/schema\\\/logo\\\/image\\\/\",\"url\":\"https:\\\/\\\/art-bijoux.com\\\/wp-content\\\/uploads\\\/2024\\\/06\\\/Art-Bijoux-Logo-Small.png\",\"contentUrl\":\"https:\\\/\\\/art-bijoux.com\\\/wp-content\\\/uploads\\\/2024\\\/06\\\/Art-Bijoux-Logo-Small.png\",\"width\":722,\"height\":137,\"caption\":\"art-bijoux\"},\"image\":{\"@id\":\"https:\\\/\\\/art-bijoux.com\\\/en\\\/#\\\/schema\\\/logo\\\/image\\\/\"}}]}<\/script>\n<!-- \/ Yoast SEO plugin. -->","yoast_head_json":{"title":"Petit pendentif en verre fin avec \u00e9clats blanc et un rouge. Une b\u00e9li\u00e8re argent\u00e9e coll\u00e9e \u00e0 l'arri\u00e8re. - art-bijoux","description":"Petit pendentif en verre fin avec un \u00e9clat blanc et un rouge. Une b\u00e9li\u00e8re argent\u00e9e coll\u00e9e \u00e0 l'arri\u00e8re.","robots":{"index":"index","follow":"follow","max-snippet":"max-snippet:-1","max-image-preview":"max-image-preview:large","max-video-preview":"max-video-preview:-1"},"canonical":"https:\/\/art-bijoux.com\/en\/boutique\/petit-pendentif-en-verre-fin-avec-eclats-blanc-et-un-rouge-une-beliere-argentee-collee-a-larriere\/","og_locale":"en_US","og_type":"article","og_title":"Petit pendentif en verre fin avec \u00e9clats blanc et un rouge. Une b\u00e9li\u00e8re argent\u00e9e coll\u00e9e \u00e0 l'arri\u00e8re. - art-bijoux","og_description":"Petit pendentif en verre fin avec un \u00e9clat blanc et un rouge. Une b\u00e9li\u00e8re argent\u00e9e coll\u00e9e \u00e0 l'arri\u00e8re.","og_url":"https:\/\/art-bijoux.com\/en\/boutique\/petit-pendentif-en-verre-fin-avec-eclats-blanc-et-un-rouge-une-beliere-argentee-collee-a-larriere\/","og_site_name":"art-bijoux","article_modified_time":"2025-06-15T14:28:23+00:00","og_image":[{"width":1705,"height":1920,"url":"https:\/\/art-bijoux.com\/wp-content\/uploads\/2024\/04\/triangle-rouge-carre-blanc.webp","type":"image\/webp"}],"twitter_card":"summary_large_image","twitter_misc":{"Est. reading time":"2 minutes"},"schema":{"@context":"https:\/\/schema.org","@graph":[{"@type":"WebPage","@id":"https:\/\/art-bijoux.com\/en\/boutique\/petit-pendentif-en-verre-fin-avec-eclats-blanc-et-un-rouge-une-beliere-argentee-collee-a-larriere\/","url":"https:\/\/art-bijoux.com\/en\/boutique\/petit-pendentif-en-verre-fin-avec-eclats-blanc-et-un-rouge-une-beliere-argentee-collee-a-larriere\/","name":"Petit pendentif en verre fin avec \u00e9clats blanc et un rouge. Une b\u00e9li\u00e8re argent\u00e9e coll\u00e9e \u00e0 l'arri\u00e8re. - art-bijoux","isPartOf":{"@id":"https:\/\/art-bijoux.com\/en\/#website"},"primaryImageOfPage":{"@id":"https:\/\/art-bijoux.com\/en\/boutique\/petit-pendentif-en-verre-fin-avec-eclats-blanc-et-un-rouge-une-beliere-argentee-collee-a-larriere\/#primaryimage"},"image":{"@id":"https:\/\/art-bijoux.com\/en\/boutique\/petit-pendentif-en-verre-fin-avec-eclats-blanc-et-un-rouge-une-beliere-argentee-collee-a-larriere\/#primaryimage"},"thumbnailUrl":"https:\/\/art-bijoux.com\/wp-content\/uploads\/2024\/04\/triangle-rouge-carre-blanc.webp","datePublished":"2024-05-21T12:01:25+00:00","dateModified":"2025-06-15T14:28:23+00:00","description":"Petit pendentif en verre fin avec un \u00e9clat blanc et un rouge. Une b\u00e9li\u00e8re argent\u00e9e coll\u00e9e \u00e0 l'arri\u00e8re.","breadcrumb":{"@id":"https:\/\/art-bijoux.com\/en\/boutique\/petit-pendentif-en-verre-fin-avec-eclats-blanc-et-un-rouge-une-beliere-argentee-collee-a-larriere\/#breadcrumb"},"inLanguage":"en-US","potentialAction":[{"@type":"ReadAction","target":["https:\/\/art-bijoux.com\/en\/boutique\/petit-pendentif-en-verre-fin-avec-eclats-blanc-et-un-rouge-une-beliere-argentee-collee-a-larriere\/"]}]},{"@type":"ImageObject","inLanguage":"en-US","@id":"https:\/\/art-bijoux.com\/en\/boutique\/petit-pendentif-en-verre-fin-avec-eclats-blanc-et-un-rouge-une-beliere-argentee-collee-a-larriere\/#primaryimage","url":"https:\/\/art-bijoux.com\/wp-content\/uploads\/2024\/04\/triangle-rouge-carre-blanc.webp","contentUrl":"https:\/\/art-bijoux.com\/wp-content\/uploads\/2024\/04\/triangle-rouge-carre-blanc.webp","width":1705,"height":1920,"caption":"Petit pendentif en verre fin avec un \u00e9clat blanc et un rouge. Une b\u00e9li\u00e8re argent\u00e9e coll\u00e9e \u00e0 l'arri\u00e8re."},{"@type":"BreadcrumbList","@id":"https:\/\/art-bijoux.com\/en\/boutique\/petit-pendentif-en-verre-fin-avec-eclats-blanc-et-un-rouge-une-beliere-argentee-collee-a-larriere\/#breadcrumb","itemListElement":[{"@type":"ListItem","position":1,"name":"Accueil","item":"https:\/\/art-bijoux.com\/en\/home\/"},{"@type":"ListItem","position":2,"name":"Shop","item":"https:\/\/art-bijoux.com\/en\/shop\/"},{"@type":"ListItem","position":3,"name":"Petit pendentif en verre fin avec \u00e9clats blanc et un rouge. Une b\u00e9li\u00e8re argent\u00e9e coll\u00e9e \u00e0 l&#8217;arri\u00e8re."}]},{"@type":"WebSite","@id":"https:\/\/art-bijoux.com\/en\/#website","url":"https:\/\/art-bijoux.com\/en\/","name":"art-bijoux","description":"Osez porter \/ offrir un vitrail unique \u00e0 prix abordable","publisher":{"@id":"https:\/\/art-bijoux.com\/en\/#organization"},"potentialAction":[{"@type":"SearchAction","target":{"@type":"EntryPoint","urlTemplate":"https:\/\/art-bijoux.com\/en\/?s={search_term_string}"},"query-input":{"@type":"PropertyValueSpecification","valueRequired":true,"valueName":"search_term_string"}}],"inLanguage":"en-US"},{"@type":"Organization","@id":"https:\/\/art-bijoux.com\/en\/#organization","name":"art-bijoux","url":"https:\/\/art-bijoux.com\/en\/","logo":{"@type":"ImageObject","inLanguage":"en-US","@id":"https:\/\/art-bijoux.com\/en\/#\/schema\/logo\/image\/","url":"https:\/\/art-bijoux.com\/wp-content\/uploads\/2024\/06\/Art-Bijoux-Logo-Small.png","contentUrl":"https:\/\/art-bijoux.com\/wp-content\/uploads\/2024\/06\/Art-Bijoux-Logo-Small.png","width":722,"height":137,"caption":"art-bijoux"},"image":{"@id":"https:\/\/art-bijoux.com\/en\/#\/schema\/logo\/image\/"}}]}},"_links":{"self":[{"href":"https:\/\/art-bijoux.com\/en\/wp-json\/wp\/v2\/product\/2030","targetHints":{"allow":["GET"]}}],"collection":[{"href":"https:\/\/art-bijoux.com\/en\/wp-json\/wp\/v2\/product"}],"about":[{"href":"https:\/\/art-bijoux.com\/en\/wp-json\/wp\/v2\/types\/product"}],"replies":[{"embeddable":true,"href":"https:\/\/art-bijoux.com\/en\/wp-json\/wp\/v2\/comments?post=2030"}],"version-history":[{"count":0,"href":"https:\/\/art-bijoux.com\/en\/wp-json\/wp\/v2\/product\/2030\/revisions"}],"wp:featuredmedia":[{"embeddable":true,"href":"https:\/\/art-bijoux.com\/en\/wp-json\/wp\/v2\/media\/302"}],"wp:attachment":[{"href":"https:\/\/art-bijoux.com\/en\/wp-json\/wp\/v2\/media?parent=2030"}],"wp:term":[{"taxonomy":"product_brand","embeddable":true,"href":"https:\/\/art-bijoux.com\/en\/wp-json\/wp\/v2\/product_brand?post=2030"},{"taxonomy":"product_cat","embeddable":true,"href":"https:\/\/art-bijoux.com\/en\/wp-json\/wp\/v2\/product_cat?post=2030"},{"taxonomy":"product_tag","embeddable":true,"href":"https:\/\/art-bijoux.com\/en\/wp-json\/wp\/v2\/product_tag?post=2030"}],"curies":[{"name":"wp","href":"https:\/\/api.w.org\/{rel}","templated":true}]}}