{"id":2031,"date":"2024-05-21T14:13:45","date_gmt":"2024-05-21T12:13:45","guid":{"rendered":"https:\/\/art-bijoux.com\/?post_type=product&#038;p=2031"},"modified":"2024-12-20T21:13:20","modified_gmt":"2024-12-20T20:13:20","slug":"pendentif-rectangulaire-en-verre-transparent-avec-eclats-triangulaires-rouge-et-bleu","status":"publish","type":"product","link":"https:\/\/art-bijoux.com\/en\/boutique\/pendentif-rectangulaire-en-verre-transparent-avec-eclats-triangulaires-rouge-et-bleu\/","title":{"rendered":"Pendentif Rectangulaire en Verre Transparent avec \u00c9clats Triangulaires rouge et bleu"},"content":{"rendered":"<figure id=\"attachment_301\" aria-describedby=\"caption-attachment-301\" style=\"width: 236px\" class=\"wp-caption alignleft\"><img fetchpriority=\"high\" decoding=\"async\" class=\"size-medium wp-image-301\" src=\"https:\/\/art-bijoux.com\/wp-content\/uploads\/2024\/04\/triangle-rouge_eclat-bleu-blanc-236x300.webp\" alt=\"Pendentif rectangulaire en verre transparent avec 3 \u00e9clats triangulaires, un rouge plus gros que le bleu et le transparent. Une b\u00e9li\u00e8re argent\u00e9e coll\u00e9e \u00e0 l'arri\u00e8re\" width=\"236\" height=\"300\" srcset=\"https:\/\/art-bijoux.com\/wp-content\/uploads\/2024\/04\/triangle-rouge_eclat-bleu-blanc-236x300.webp 236w, https:\/\/art-bijoux.com\/wp-content\/uploads\/2024\/04\/triangle-rouge_eclat-bleu-blanc-600x764.webp 600w, https:\/\/art-bijoux.com\/wp-content\/uploads\/2024\/04\/triangle-rouge_eclat-bleu-blanc-804x1024.webp 804w, https:\/\/art-bijoux.com\/wp-content\/uploads\/2024\/04\/triangle-rouge_eclat-bleu-blanc-768x978.webp 768w, https:\/\/art-bijoux.com\/wp-content\/uploads\/2024\/04\/triangle-rouge_eclat-bleu-blanc-1206x1536.webp 1206w, https:\/\/art-bijoux.com\/wp-content\/uploads\/2024\/04\/triangle-rouge_eclat-bleu-blanc.webp 1508w\" sizes=\"(max-width: 236px) 100vw, 236px\" \/><figcaption id=\"caption-attachment-301\" class=\"wp-caption-text\">Pendentif rectangulaire en verre transparent avec 3 \u00e9clats triangulaires, un rouge plus gros que le bleu et le transparent. Une b\u00e9li\u00e8re argent\u00e9e coll\u00e9e \u00e0 l&#8217;arri\u00e8re<\/figcaption><\/figure>\n<div class=\"flex flex-grow flex-col max-w-full\">\n<div class=\"min-h-[20px] text-message flex flex-col items-start whitespace-pre-wrap break-words [.text-message+&amp;]:mt-5 juice:w-full juice:items-end overflow-x-auto gap-2\" dir=\"auto\" data-message-author-role=\"assistant\" data-message-id=\"babbbea7-2551-4229-a68d-abbc0a32eaff\">\n<div class=\"flex w-full flex-col gap-1 juice:empty:hidden juice:first:pt-[3px]\">\n<div class=\"markdown prose w-full break-words dark:prose-invert light\">\n<p>Ce pendentif rectangulaire est r\u00e9alis\u00e9 en verre l\u00e9ger et transparent, offrant une vue subtile des v\u00eatements port\u00e9s en dessous, cr\u00e9ant un effet de superposition unique. Trois \u00e9clats triangulaires, r\u00e9cup\u00e9r\u00e9s des chutes de verre d&#8217;un grand vitrail, ont \u00e9t\u00e9 habilement fondus dans le pendentif. Les \u00e9clats sont de tailles et couleurs vari\u00e9es : un rouge plus gros, un bleu et un transparent, formant un motif g\u00e9om\u00e9trique attrayant.<\/p>\n<p>Une b\u00e9li\u00e8re argent\u00e9e, coll\u00e9e \u00e0 l&#8217;arri\u00e8re, permet de porter ce bijou avec une cha\u00eene ou un lacet, ajoutant une touche d&#8217;\u00e9l\u00e9gance discr\u00e8te \u00e0 votre look.<\/p>\n<p><strong>Caract\u00e9ristiques :<\/strong><\/p>\n<ul>\n<li>Forme : Rectangulaire<\/li>\n<li>Mat\u00e9riau principal : Verre l\u00e9ger et transparent<\/li>\n<li>D\u00e9corations : Trois \u00e9clats triangulaires fondus (rouge, bleu, et transparent)<\/li>\n<li>Technique : Fusing<\/li>\n<li>B\u00e9li\u00e8re : M\u00e9tal argent\u00e9, coll\u00e9e \u00e0 l&#8217;arri\u00e8re<\/li>\n<li>Dimensions : largeur : 2,8cm, hauteur : 4,2cm<\/li>\n<\/ul>\n<p>Ce pendentif rectangulaire, avec ses \u00e9clats triangulaires color\u00e9s et son design transparent, est une pi\u00e8ce unique qui met en valeur l&#8217;art de la r\u00e9cup\u00e9ration et du recyclage des mat\u00e9riaux de verrerie. Parfait pour ceux qui appr\u00e9cient les bijoux artisanaux et \u00e9cologiques, il apporte une touche moderne et \u00e9l\u00e9gante \u00e0 toute tenue.<\/p>\n<\/div>\n<\/div>\n<\/div>\n<\/div>\n<div class=\"mt-1 flex gap-3 empty:hidden juice:-ml-3\">\n<div class=\"items-center justify-start rounded-xl p-1 flex\">\n<div class=\"flex items-center\">\n<p>&nbsp;<\/p>\n<div class=\"flex\"><\/div>\n<div class=\"flex items-center pb-0.5 juice:pb-0\"><\/div>\n<\/div>\n<\/div>\n<\/div>\n","protected":false},"excerpt":{"rendered":"<p>Pendentif rectangulaire en verre transparent avec 3 \u00e9clats triangulaires, un rouge plus gros que le bleu et le transparent. Une b\u00e9li\u00e8re argent\u00e9e coll\u00e9e \u00e0 l&#8217;arri\u00e8re<\/p>\n","protected":false},"featured_media":301,"comment_status":"open","ping_status":"closed","template":"","meta":[],"product_brand":[],"product_cat":[182],"product_tag":[36,49,26],"class_list":{"0":"post-2031","1":"product","2":"type-product","3":"status-publish","4":"has-post-thumbnail","6":"product_cat-pendentif-fusing","7":"product_tag-verre-abstrait","8":"product_tag-fusing-verre","9":"product_tag-pendentif-verre","10":"pa_bijou-pendentif","12":"first","13":"outofstock","14":"purchasable","15":"product-type-simple"},"yoast_head":"<!-- This site is optimized with the Yoast SEO plugin v27.4 - https:\/\/yoast.com\/product\/yoast-seo-wordpress\/ -->\n<title>Pendentif Rectangulaire en Verre Transparent avec \u00c9clats Triangulaires rouge et bleu - art-bijoux<\/title>\n<meta name=\"description\" content=\"Pendentif rectangulaire en verre transparent avec 3 \u00e9clats triangulaires, un rouge plus gros que le bleu et le transparent. Une b\u00e9li\u00e8re argent\u00e9e coll\u00e9e \u00e0 l&#039;arri\u00e8re\" \/>\n<meta name=\"robots\" content=\"index, follow, max-snippet:-1, max-image-preview:large, max-video-preview:-1\" \/>\n<link rel=\"canonical\" href=\"https:\/\/art-bijoux.com\/en\/boutique\/pendentif-rectangulaire-en-verre-transparent-avec-eclats-triangulaires-rouge-et-bleu\/\" \/>\n<meta property=\"og:locale\" content=\"en_US\" \/>\n<meta property=\"og:type\" content=\"article\" \/>\n<meta property=\"og:title\" content=\"Pendentif Rectangulaire en Verre Transparent avec \u00c9clats Triangulaires rouge et bleu - art-bijoux\" \/>\n<meta property=\"og:description\" content=\"Pendentif rectangulaire en verre transparent avec 3 \u00e9clats triangulaires, un rouge plus gros que le bleu et le transparent. Une b\u00e9li\u00e8re argent\u00e9e coll\u00e9e \u00e0 l&#039;arri\u00e8re\" \/>\n<meta property=\"og:url\" content=\"https:\/\/art-bijoux.com\/en\/boutique\/pendentif-rectangulaire-en-verre-transparent-avec-eclats-triangulaires-rouge-et-bleu\/\" \/>\n<meta property=\"og:site_name\" content=\"art-bijoux\" \/>\n<meta property=\"article:modified_time\" content=\"2024-12-20T20:13:20+00:00\" \/>\n<meta property=\"og:image\" content=\"https:\/\/art-bijoux.com\/wp-content\/uploads\/2024\/04\/triangle-rouge_eclat-bleu-blanc.webp\" \/>\n\t<meta property=\"og:image:width\" content=\"1508\" \/>\n\t<meta property=\"og:image:height\" content=\"1920\" \/>\n\t<meta property=\"og:image:type\" content=\"image\/webp\" \/>\n<meta name=\"twitter:card\" content=\"summary_large_image\" \/>\n<meta name=\"twitter:label1\" content=\"Est. reading time\" \/>\n\t<meta name=\"twitter:data1\" content=\"2 minutes\" \/>\n<script type=\"application\/ld+json\" class=\"yoast-schema-graph\">{\"@context\":\"https:\\\/\\\/schema.org\",\"@graph\":[{\"@type\":\"WebPage\",\"@id\":\"https:\\\/\\\/art-bijoux.com\\\/en\\\/boutique\\\/pendentif-rectangulaire-en-verre-transparent-avec-eclats-triangulaires-rouge-et-bleu\\\/\",\"url\":\"https:\\\/\\\/art-bijoux.com\\\/en\\\/boutique\\\/pendentif-rectangulaire-en-verre-transparent-avec-eclats-triangulaires-rouge-et-bleu\\\/\",\"name\":\"Pendentif Rectangulaire en Verre Transparent avec \u00c9clats Triangulaires rouge et bleu - art-bijoux\",\"isPartOf\":{\"@id\":\"https:\\\/\\\/art-bijoux.com\\\/en\\\/#website\"},\"primaryImageOfPage\":{\"@id\":\"https:\\\/\\\/art-bijoux.com\\\/en\\\/boutique\\\/pendentif-rectangulaire-en-verre-transparent-avec-eclats-triangulaires-rouge-et-bleu\\\/#primaryimage\"},\"image\":{\"@id\":\"https:\\\/\\\/art-bijoux.com\\\/en\\\/boutique\\\/pendentif-rectangulaire-en-verre-transparent-avec-eclats-triangulaires-rouge-et-bleu\\\/#primaryimage\"},\"thumbnailUrl\":\"https:\\\/\\\/art-bijoux.com\\\/wp-content\\\/uploads\\\/2024\\\/04\\\/triangle-rouge_eclat-bleu-blanc.webp\",\"datePublished\":\"2024-05-21T12:13:45+00:00\",\"dateModified\":\"2024-12-20T20:13:20+00:00\",\"description\":\"Pendentif rectangulaire en verre transparent avec 3 \u00e9clats triangulaires, un rouge plus gros que le bleu et le transparent. Une b\u00e9li\u00e8re argent\u00e9e coll\u00e9e \u00e0 l'arri\u00e8re\",\"breadcrumb\":{\"@id\":\"https:\\\/\\\/art-bijoux.com\\\/en\\\/boutique\\\/pendentif-rectangulaire-en-verre-transparent-avec-eclats-triangulaires-rouge-et-bleu\\\/#breadcrumb\"},\"inLanguage\":\"en-US\",\"potentialAction\":[{\"@type\":\"ReadAction\",\"target\":[\"https:\\\/\\\/art-bijoux.com\\\/en\\\/boutique\\\/pendentif-rectangulaire-en-verre-transparent-avec-eclats-triangulaires-rouge-et-bleu\\\/\"]}]},{\"@type\":\"ImageObject\",\"inLanguage\":\"en-US\",\"@id\":\"https:\\\/\\\/art-bijoux.com\\\/en\\\/boutique\\\/pendentif-rectangulaire-en-verre-transparent-avec-eclats-triangulaires-rouge-et-bleu\\\/#primaryimage\",\"url\":\"https:\\\/\\\/art-bijoux.com\\\/wp-content\\\/uploads\\\/2024\\\/04\\\/triangle-rouge_eclat-bleu-blanc.webp\",\"contentUrl\":\"https:\\\/\\\/art-bijoux.com\\\/wp-content\\\/uploads\\\/2024\\\/04\\\/triangle-rouge_eclat-bleu-blanc.webp\",\"width\":1508,\"height\":1920,\"caption\":\"Pendentif rectangulaire en verre transparent avec 3 \u00e9clats triangulaires, un rouge plus gros que le bleu et le transparent. Une b\u00e9li\u00e8re argent\u00e9e coll\u00e9e \u00e0 l'arri\u00e8re\"},{\"@type\":\"BreadcrumbList\",\"@id\":\"https:\\\/\\\/art-bijoux.com\\\/en\\\/boutique\\\/pendentif-rectangulaire-en-verre-transparent-avec-eclats-triangulaires-rouge-et-bleu\\\/#breadcrumb\",\"itemListElement\":[{\"@type\":\"ListItem\",\"position\":1,\"name\":\"Accueil\",\"item\":\"https:\\\/\\\/art-bijoux.com\\\/en\\\/home\\\/\"},{\"@type\":\"ListItem\",\"position\":2,\"name\":\"Shop\",\"item\":\"https:\\\/\\\/art-bijoux.com\\\/en\\\/shop\\\/\"},{\"@type\":\"ListItem\",\"position\":3,\"name\":\"Pendentif Rectangulaire en Verre Transparent avec \u00c9clats Triangulaires rouge et bleu\"}]},{\"@type\":\"WebSite\",\"@id\":\"https:\\\/\\\/art-bijoux.com\\\/en\\\/#website\",\"url\":\"https:\\\/\\\/art-bijoux.com\\\/en\\\/\",\"name\":\"art-bijoux\",\"description\":\"Osez porter \\\/ offrir un vitrail unique \u00e0 prix abordable\",\"publisher\":{\"@id\":\"https:\\\/\\\/art-bijoux.com\\\/en\\\/#organization\"},\"potentialAction\":[{\"@type\":\"SearchAction\",\"target\":{\"@type\":\"EntryPoint\",\"urlTemplate\":\"https:\\\/\\\/art-bijoux.com\\\/en\\\/?s={search_term_string}\"},\"query-input\":{\"@type\":\"PropertyValueSpecification\",\"valueRequired\":true,\"valueName\":\"search_term_string\"}}],\"inLanguage\":\"en-US\"},{\"@type\":\"Organization\",\"@id\":\"https:\\\/\\\/art-bijoux.com\\\/en\\\/#organization\",\"name\":\"art-bijoux\",\"url\":\"https:\\\/\\\/art-bijoux.com\\\/en\\\/\",\"logo\":{\"@type\":\"ImageObject\",\"inLanguage\":\"en-US\",\"@id\":\"https:\\\/\\\/art-bijoux.com\\\/en\\\/#\\\/schema\\\/logo\\\/image\\\/\",\"url\":\"https:\\\/\\\/art-bijoux.com\\\/wp-content\\\/uploads\\\/2024\\\/06\\\/Art-Bijoux-Logo-Small.png\",\"contentUrl\":\"https:\\\/\\\/art-bijoux.com\\\/wp-content\\\/uploads\\\/2024\\\/06\\\/Art-Bijoux-Logo-Small.png\",\"width\":722,\"height\":137,\"caption\":\"art-bijoux\"},\"image\":{\"@id\":\"https:\\\/\\\/art-bijoux.com\\\/en\\\/#\\\/schema\\\/logo\\\/image\\\/\"}}]}<\/script>\n<!-- \/ Yoast SEO plugin. -->","yoast_head_json":{"title":"Pendentif Rectangulaire en Verre Transparent avec \u00c9clats Triangulaires rouge et bleu - art-bijoux","description":"Pendentif rectangulaire en verre transparent avec 3 \u00e9clats triangulaires, un rouge plus gros que le bleu et le transparent. Une b\u00e9li\u00e8re argent\u00e9e coll\u00e9e \u00e0 l'arri\u00e8re","robots":{"index":"index","follow":"follow","max-snippet":"max-snippet:-1","max-image-preview":"max-image-preview:large","max-video-preview":"max-video-preview:-1"},"canonical":"https:\/\/art-bijoux.com\/en\/boutique\/pendentif-rectangulaire-en-verre-transparent-avec-eclats-triangulaires-rouge-et-bleu\/","og_locale":"en_US","og_type":"article","og_title":"Pendentif Rectangulaire en Verre Transparent avec \u00c9clats Triangulaires rouge et bleu - art-bijoux","og_description":"Pendentif rectangulaire en verre transparent avec 3 \u00e9clats triangulaires, un rouge plus gros que le bleu et le transparent. Une b\u00e9li\u00e8re argent\u00e9e coll\u00e9e \u00e0 l'arri\u00e8re","og_url":"https:\/\/art-bijoux.com\/en\/boutique\/pendentif-rectangulaire-en-verre-transparent-avec-eclats-triangulaires-rouge-et-bleu\/","og_site_name":"art-bijoux","article_modified_time":"2024-12-20T20:13:20+00:00","og_image":[{"width":1508,"height":1920,"url":"https:\/\/art-bijoux.com\/wp-content\/uploads\/2024\/04\/triangle-rouge_eclat-bleu-blanc.webp","type":"image\/webp"}],"twitter_card":"summary_large_image","twitter_misc":{"Est. reading time":"2 minutes"},"schema":{"@context":"https:\/\/schema.org","@graph":[{"@type":"WebPage","@id":"https:\/\/art-bijoux.com\/en\/boutique\/pendentif-rectangulaire-en-verre-transparent-avec-eclats-triangulaires-rouge-et-bleu\/","url":"https:\/\/art-bijoux.com\/en\/boutique\/pendentif-rectangulaire-en-verre-transparent-avec-eclats-triangulaires-rouge-et-bleu\/","name":"Pendentif Rectangulaire en Verre Transparent avec \u00c9clats Triangulaires rouge et bleu - art-bijoux","isPartOf":{"@id":"https:\/\/art-bijoux.com\/en\/#website"},"primaryImageOfPage":{"@id":"https:\/\/art-bijoux.com\/en\/boutique\/pendentif-rectangulaire-en-verre-transparent-avec-eclats-triangulaires-rouge-et-bleu\/#primaryimage"},"image":{"@id":"https:\/\/art-bijoux.com\/en\/boutique\/pendentif-rectangulaire-en-verre-transparent-avec-eclats-triangulaires-rouge-et-bleu\/#primaryimage"},"thumbnailUrl":"https:\/\/art-bijoux.com\/wp-content\/uploads\/2024\/04\/triangle-rouge_eclat-bleu-blanc.webp","datePublished":"2024-05-21T12:13:45+00:00","dateModified":"2024-12-20T20:13:20+00:00","description":"Pendentif rectangulaire en verre transparent avec 3 \u00e9clats triangulaires, un rouge plus gros que le bleu et le transparent. Une b\u00e9li\u00e8re argent\u00e9e coll\u00e9e \u00e0 l'arri\u00e8re","breadcrumb":{"@id":"https:\/\/art-bijoux.com\/en\/boutique\/pendentif-rectangulaire-en-verre-transparent-avec-eclats-triangulaires-rouge-et-bleu\/#breadcrumb"},"inLanguage":"en-US","potentialAction":[{"@type":"ReadAction","target":["https:\/\/art-bijoux.com\/en\/boutique\/pendentif-rectangulaire-en-verre-transparent-avec-eclats-triangulaires-rouge-et-bleu\/"]}]},{"@type":"ImageObject","inLanguage":"en-US","@id":"https:\/\/art-bijoux.com\/en\/boutique\/pendentif-rectangulaire-en-verre-transparent-avec-eclats-triangulaires-rouge-et-bleu\/#primaryimage","url":"https:\/\/art-bijoux.com\/wp-content\/uploads\/2024\/04\/triangle-rouge_eclat-bleu-blanc.webp","contentUrl":"https:\/\/art-bijoux.com\/wp-content\/uploads\/2024\/04\/triangle-rouge_eclat-bleu-blanc.webp","width":1508,"height":1920,"caption":"Pendentif rectangulaire en verre transparent avec 3 \u00e9clats triangulaires, un rouge plus gros que le bleu et le transparent. Une b\u00e9li\u00e8re argent\u00e9e coll\u00e9e \u00e0 l'arri\u00e8re"},{"@type":"BreadcrumbList","@id":"https:\/\/art-bijoux.com\/en\/boutique\/pendentif-rectangulaire-en-verre-transparent-avec-eclats-triangulaires-rouge-et-bleu\/#breadcrumb","itemListElement":[{"@type":"ListItem","position":1,"name":"Accueil","item":"https:\/\/art-bijoux.com\/en\/home\/"},{"@type":"ListItem","position":2,"name":"Shop","item":"https:\/\/art-bijoux.com\/en\/shop\/"},{"@type":"ListItem","position":3,"name":"Pendentif Rectangulaire en Verre Transparent avec \u00c9clats Triangulaires rouge et bleu"}]},{"@type":"WebSite","@id":"https:\/\/art-bijoux.com\/en\/#website","url":"https:\/\/art-bijoux.com\/en\/","name":"art-bijoux","description":"Osez porter \/ offrir un vitrail unique \u00e0 prix abordable","publisher":{"@id":"https:\/\/art-bijoux.com\/en\/#organization"},"potentialAction":[{"@type":"SearchAction","target":{"@type":"EntryPoint","urlTemplate":"https:\/\/art-bijoux.com\/en\/?s={search_term_string}"},"query-input":{"@type":"PropertyValueSpecification","valueRequired":true,"valueName":"search_term_string"}}],"inLanguage":"en-US"},{"@type":"Organization","@id":"https:\/\/art-bijoux.com\/en\/#organization","name":"art-bijoux","url":"https:\/\/art-bijoux.com\/en\/","logo":{"@type":"ImageObject","inLanguage":"en-US","@id":"https:\/\/art-bijoux.com\/en\/#\/schema\/logo\/image\/","url":"https:\/\/art-bijoux.com\/wp-content\/uploads\/2024\/06\/Art-Bijoux-Logo-Small.png","contentUrl":"https:\/\/art-bijoux.com\/wp-content\/uploads\/2024\/06\/Art-Bijoux-Logo-Small.png","width":722,"height":137,"caption":"art-bijoux"},"image":{"@id":"https:\/\/art-bijoux.com\/en\/#\/schema\/logo\/image\/"}}]}},"_links":{"self":[{"href":"https:\/\/art-bijoux.com\/en\/wp-json\/wp\/v2\/product\/2031","targetHints":{"allow":["GET"]}}],"collection":[{"href":"https:\/\/art-bijoux.com\/en\/wp-json\/wp\/v2\/product"}],"about":[{"href":"https:\/\/art-bijoux.com\/en\/wp-json\/wp\/v2\/types\/product"}],"replies":[{"embeddable":true,"href":"https:\/\/art-bijoux.com\/en\/wp-json\/wp\/v2\/comments?post=2031"}],"version-history":[{"count":0,"href":"https:\/\/art-bijoux.com\/en\/wp-json\/wp\/v2\/product\/2031\/revisions"}],"wp:featuredmedia":[{"embeddable":true,"href":"https:\/\/art-bijoux.com\/en\/wp-json\/wp\/v2\/media\/301"}],"wp:attachment":[{"href":"https:\/\/art-bijoux.com\/en\/wp-json\/wp\/v2\/media?parent=2031"}],"wp:term":[{"taxonomy":"product_brand","embeddable":true,"href":"https:\/\/art-bijoux.com\/en\/wp-json\/wp\/v2\/product_brand?post=2031"},{"taxonomy":"product_cat","embeddable":true,"href":"https:\/\/art-bijoux.com\/en\/wp-json\/wp\/v2\/product_cat?post=2031"},{"taxonomy":"product_tag","embeddable":true,"href":"https:\/\/art-bijoux.com\/en\/wp-json\/wp\/v2\/product_tag?post=2031"}],"curies":[{"name":"wp","href":"https:\/\/api.w.org\/{rel}","templated":true}]}}