{"id":2033,"date":"2024-05-21T15:17:21","date_gmt":"2024-05-21T13:17:21","guid":{"rendered":"https:\/\/art-bijoux.com\/?post_type=product&#038;p=2033"},"modified":"2024-06-06T13:42:16","modified_gmt":"2024-06-06T11:42:16","slug":"pendentif-triangulaire-en-verre-transparent-avec-larme-bleue-et-breloque-guitare","status":"publish","type":"product","link":"https:\/\/art-bijoux.com\/en\/boutique\/pendentif-triangulaire-en-verre-transparent-avec-larme-bleue-et-breloque-guitare\/","title":{"rendered":"Pendentif Triangulaire en Verre Transparent avec Larme Bleue et Breloque Guitare"},"content":{"rendered":"<figure id=\"attachment_300\" aria-describedby=\"caption-attachment-300\" style=\"width: 174px\" class=\"wp-caption alignleft\"><img fetchpriority=\"high\" decoding=\"async\" class=\"size-medium wp-image-300\" src=\"https:\/\/art-bijoux.com\/wp-content\/uploads\/2024\/04\/triangle-larme-bleue-guitare-174x300.webp\" alt=\"Pendentif triangulaire en verre transparent fondu avec une larme bleue. Un anneau argent\u00e9 pass\u00e9 dans un orifice au sommet a permis de suspendre une breloque en forme de guitare\" width=\"174\" height=\"300\" srcset=\"https:\/\/art-bijoux.com\/wp-content\/uploads\/2024\/04\/triangle-larme-bleue-guitare-174x300.webp 174w, https:\/\/art-bijoux.com\/wp-content\/uploads\/2024\/04\/triangle-larme-bleue-guitare-600x1032.webp 600w, https:\/\/art-bijoux.com\/wp-content\/uploads\/2024\/04\/triangle-larme-bleue-guitare-595x1024.webp 595w, https:\/\/art-bijoux.com\/wp-content\/uploads\/2024\/04\/triangle-larme-bleue-guitare-768x1321.webp 768w, https:\/\/art-bijoux.com\/wp-content\/uploads\/2024\/04\/triangle-larme-bleue-guitare-893x1536.webp 893w, https:\/\/art-bijoux.com\/wp-content\/uploads\/2024\/04\/triangle-larme-bleue-guitare.webp 1116w\" sizes=\"(max-width: 174px) 100vw, 174px\" \/><figcaption id=\"caption-attachment-300\" class=\"wp-caption-text\">Pendentif triangulaire en verre transparent fondu avec une larme bleue. Un anneau argent\u00e9 pass\u00e9 dans un orifice au sommet a permis de suspendre une breloque en forme de guitare<\/figcaption><\/figure>\n<p>Ce pendentif triangulaire est confectionn\u00e9 en verre transparent, subtilement opacifi\u00e9 par la cuisson, ce qui lui conf\u00e8re une texture douce et d\u00e9licate. En son centre, une larme bleue intense est fusionn\u00e9e, laissant voir un trait de crayon blanc n\u00e9cessaire \u00e0 la r\u00e9alisation du vitrail originel, cr\u00e9ant un point focal vibrant et captivant.<\/p>\n<p>Un orifice au sommet du pendentif permet de passer un anneau argent\u00e9, auquel est suspendue une breloque en forme de guitare, faisant de ce bijou un choix id\u00e9al pour les m\u00e9lomanes et les amateurs de musique.<\/p>\n<p><strong>Caract\u00e9ristiques :<\/strong><\/p>\n<ul>\n<li>Forme : Triangulaire<\/li>\n<li>Mat\u00e9riau principal : Verre transparent, l\u00e9g\u00e8rement opacifi\u00e9<\/li>\n<li>D\u00e9coration : Larme bleue intense fusionn\u00e9e<\/li>\n<li>Technique : Fusing<\/li>\n<li>Fixation : Anneau en m\u00e9tal argent\u00e9 avec breloque en forme de guitare<\/li>\n<li>Dimensions : largeur : 1,9cm, hauteur : 4,3cm, \u00e9paisseur du verre : 4mm<\/li>\n<\/ul>\n<p>Ce pendentif triangulaire, avec sa larme bleue intense et sa breloque guitare, est parfait pour ceux qui souhaitent exprimer leur passion pour la musique tout en portant une pi\u00e8ce unique et \u00e9l\u00e9gante. Sa transparence opacifi\u00e9e ajoute une touche de myst\u00e8re et de sophistication, faisant de ce bijou un accessoire remarquable pour toute occasion.<\/p>\n","protected":false},"excerpt":{"rendered":"<p>Pendentif triangulaire en verre transparent fondu avec une larme bleue. Un anneau argent\u00e9 pass\u00e9 dans un orifice au sommet a permis de suspendre une breloque en forme de guitare<\/p>\n","protected":false},"featured_media":300,"comment_status":"open","ping_status":"closed","template":"","meta":[],"product_brand":[],"product_cat":[176,182,187],"product_tag":[36,29,49,26],"class_list":{"0":"post-2033","1":"product","2":"type-product","3":"status-publish","4":"has-post-thumbnail","6":"product_cat-breloque-bijou-verre","7":"product_cat-pendentif-fusing","8":"product_cat-bijoux-homme","9":"product_tag-verre-abstrait","10":"product_tag-breloque-metal-pierre","11":"product_tag-fusing-verre","12":"product_tag-pendentif-verre","13":"pa_bijou-pendentif","14":"pa_breloque-instrument-musique","16":"first","17":"instock","18":"purchasable","19":"product-type-simple"},"_links":{"self":[{"href":"https:\/\/art-bijoux.com\/en\/wp-json\/wp\/v2\/product\/2033","targetHints":{"allow":["GET"]}}],"collection":[{"href":"https:\/\/art-bijoux.com\/en\/wp-json\/wp\/v2\/product"}],"about":[{"href":"https:\/\/art-bijoux.com\/en\/wp-json\/wp\/v2\/types\/product"}],"replies":[{"embeddable":true,"href":"https:\/\/art-bijoux.com\/en\/wp-json\/wp\/v2\/comments?post=2033"}],"version-history":[{"count":0,"href":"https:\/\/art-bijoux.com\/en\/wp-json\/wp\/v2\/product\/2033\/revisions"}],"wp:featuredmedia":[{"embeddable":true,"href":"https:\/\/art-bijoux.com\/en\/wp-json\/wp\/v2\/media\/300"}],"wp:attachment":[{"href":"https:\/\/art-bijoux.com\/en\/wp-json\/wp\/v2\/media?parent=2033"}],"wp:term":[{"taxonomy":"product_brand","embeddable":true,"href":"https:\/\/art-bijoux.com\/en\/wp-json\/wp\/v2\/product_brand?post=2033"},{"taxonomy":"product_cat","embeddable":true,"href":"https:\/\/art-bijoux.com\/en\/wp-json\/wp\/v2\/product_cat?post=2033"},{"taxonomy":"product_tag","embeddable":true,"href":"https:\/\/art-bijoux.com\/en\/wp-json\/wp\/v2\/product_tag?post=2033"}],"curies":[{"name":"wp","href":"https:\/\/api.w.org\/{rel}","templated":true}]}}