{"id":2035,"date":"2024-05-21T15:49:08","date_gmt":"2024-05-21T13:49:08","guid":{"rendered":"https:\/\/art-bijoux.com\/?post_type=product&#038;p=2035"},"modified":"2025-05-11T19:44:34","modified_gmt":"2025-05-11T17:44:34","slug":"pendentif-en-verre-transparent-avec-un-eclat-rouge-et-un-blau-fondus","status":"publish","type":"product","link":"https:\/\/art-bijoux.com\/en\/boutique\/pendentif-en-verre-transparent-avec-un-eclat-rouge-et-un-blau-fondus\/","title":{"rendered":"Pendentif en verre transparent avec un \u00e9clat rouge et un bleu fondus"},"content":{"rendered":"<figure id=\"attachment_298\" aria-describedby=\"caption-attachment-298\" style=\"width: 300px\" class=\"wp-caption alignleft\"><img fetchpriority=\"high\" decoding=\"async\" class=\"size-medium wp-image-298\" src=\"https:\/\/art-bijoux.com\/wp-content\/uploads\/2024\/04\/triangle-blleu-rouge-300x250.webp\" alt=\"Pendentif en forme de triangle au sommet tronqu\u00e9 en verre transparent avec un \u00e9clat bleu et un rouge fondus\" width=\"300\" height=\"250\" srcset=\"https:\/\/art-bijoux.com\/wp-content\/uploads\/2024\/04\/triangle-blleu-rouge-300x250.webp 300w, https:\/\/art-bijoux.com\/wp-content\/uploads\/2024\/04\/triangle-blleu-rouge-600x499.webp 600w, https:\/\/art-bijoux.com\/wp-content\/uploads\/2024\/04\/triangle-blleu-rouge-1024x852.webp 1024w, https:\/\/art-bijoux.com\/wp-content\/uploads\/2024\/04\/triangle-blleu-rouge-768x639.webp 768w, https:\/\/art-bijoux.com\/wp-content\/uploads\/2024\/04\/triangle-blleu-rouge-1536x1278.webp 1536w, https:\/\/art-bijoux.com\/wp-content\/uploads\/2024\/04\/triangle-blleu-rouge.webp 1920w\" sizes=\"(max-width: 300px) 100vw, 300px\" \/><figcaption id=\"caption-attachment-298\" class=\"wp-caption-text\">Pendentif en forme de triangle au sommet tronqu\u00e9 en verre transparent avec un \u00e9clat bleu et un rouge fondus<\/figcaption><\/figure>\n<p>Ce pendentif en forme de triangle au haut tronqu\u00e9 est r\u00e9alis\u00e9 en verre l\u00e9ger et transparent, offrant une vue subtile des v\u00eatements port\u00e9s en dessous, cr\u00e9ant un effet de superposition unique. Deux \u00e9clats quadrilat\u00e8res, un rouge et un bleu, r\u00e9cup\u00e9r\u00e9s des chutes de verre d&#8217;un grand vitrail, ont \u00e9t\u00e9 habilement fondus dans le pendentif,\u00a0 formant un motif g\u00e9om\u00e9trique attrayant.<\/p>\n<p>Une b\u00e9li\u00e8re argent\u00e9e, coll\u00e9e \u00e0 l&#8217;arri\u00e8re, permet de porter ce bijou avec une cha\u00eene ou un lacet, ajoutant une touche d&#8217;\u00e9l\u00e9gance discr\u00e8te \u00e0 votre look.<\/p>\n<p><strong>Caract\u00e9ristiques :<\/strong><\/p>\n<ul>\n<li>Forme : Triangle tronqu\u00e9<\/li>\n<li>Mat\u00e9riau principal : Verre l\u00e9ger et transparent<\/li>\n<li>D\u00e9corations : Deux \u00e9clats triangulaires fondus (rouge et bleu)<\/li>\n<li>Technique : Fusing<\/li>\n<li>B\u00e9li\u00e8re : M\u00e9tal argent\u00e9, coll\u00e9e \u00e0 l&#8217;arri\u00e8re<\/li>\n<li>Dimensions : Largeur : 4cm, hauteur : 5,6cm<\/li>\n<\/ul>\n<p>Ce pendentif en forme de quadrilat\u00e8re, avec ses \u00e9clats aux formes g\u00e9om\u00e9triques color\u00e9es et son design transparent, est une pi\u00e8ce unique qui met en valeur l&#8217;art de la r\u00e9cup\u00e9ration et du recyclage des mat\u00e9riaux de verrerie. Parfait pour ceux qui appr\u00e9cient les bijoux artisanaux et \u00e9cologiques, il apporte une touche moderne et \u00e9l\u00e9gante \u00e0 toute tenue.<\/p>\n","protected":false},"excerpt":{"rendered":"<p>Pendentif en forme de triangle au sommet tronqu\u00e9 en verre transparent avec un \u00e9clat bleu et un rouge fondus<\/p>\n","protected":false},"featured_media":298,"comment_status":"open","ping_status":"closed","template":"","meta":[],"product_brand":[],"product_cat":[182],"product_tag":[36,49,26],"class_list":{"0":"post-2035","1":"product","2":"type-product","3":"status-publish","4":"has-post-thumbnail","6":"product_cat-pendentif-fusing","7":"product_tag-verre-abstrait","8":"product_tag-fusing-verre","9":"product_tag-pendentif-verre","10":"pa_bijou-pendentif","12":"first","13":"instock","14":"purchasable","15":"product-type-simple"},"_links":{"self":[{"href":"https:\/\/art-bijoux.com\/en\/wp-json\/wp\/v2\/product\/2035","targetHints":{"allow":["GET"]}}],"collection":[{"href":"https:\/\/art-bijoux.com\/en\/wp-json\/wp\/v2\/product"}],"about":[{"href":"https:\/\/art-bijoux.com\/en\/wp-json\/wp\/v2\/types\/product"}],"replies":[{"embeddable":true,"href":"https:\/\/art-bijoux.com\/en\/wp-json\/wp\/v2\/comments?post=2035"}],"version-history":[{"count":0,"href":"https:\/\/art-bijoux.com\/en\/wp-json\/wp\/v2\/product\/2035\/revisions"}],"wp:featuredmedia":[{"embeddable":true,"href":"https:\/\/art-bijoux.com\/en\/wp-json\/wp\/v2\/media\/298"}],"wp:attachment":[{"href":"https:\/\/art-bijoux.com\/en\/wp-json\/wp\/v2\/media?parent=2035"}],"wp:term":[{"taxonomy":"product_brand","embeddable":true,"href":"https:\/\/art-bijoux.com\/en\/wp-json\/wp\/v2\/product_brand?post=2035"},{"taxonomy":"product_cat","embeddable":true,"href":"https:\/\/art-bijoux.com\/en\/wp-json\/wp\/v2\/product_cat?post=2035"},{"taxonomy":"product_tag","embeddable":true,"href":"https:\/\/art-bijoux.com\/en\/wp-json\/wp\/v2\/product_tag?post=2035"}],"curies":[{"name":"wp","href":"https:\/\/api.w.org\/{rel}","templated":true}]}}