{"id":2037,"date":"2024-05-21T16:06:42","date_gmt":"2024-05-21T14:06:42","guid":{"rendered":"https:\/\/art-bijoux.com\/?post_type=product&#038;p=2037"},"modified":"2024-12-20T21:08:11","modified_gmt":"2024-12-20T20:08:11","slug":"pendentif-en-verre-transparent-avec-un-eclat-bleu-et-un-rouge","status":"publish","type":"product","link":"https:\/\/art-bijoux.com\/en\/boutique\/pendentif-en-verre-transparent-avec-un-eclat-bleu-et-un-rouge\/","title":{"rendered":"Pendentif en Verre Transparent avec un \u00e9clat Bleu et un Rouge"},"content":{"rendered":"<figure id=\"attachment_296\" aria-describedby=\"caption-attachment-296\" style=\"width: 261px\" class=\"wp-caption alignleft\"><img fetchpriority=\"high\" decoding=\"async\" class=\"size-medium wp-image-296\" src=\"https:\/\/art-bijoux.com\/wp-content\/uploads\/2024\/04\/triangle-bleu-rond-rouge-1-261x300.webp\" alt=\"Pendentif rectangulaire en verre transparent avec un \u00e9clat triangulaire bleu et un cercle rouge. Une b\u00e9li\u00e8re argent\u00e9e est coll\u00e9e \u00e0 l'arri\u00e8re\" width=\"261\" height=\"300\" srcset=\"https:\/\/art-bijoux.com\/wp-content\/uploads\/2024\/04\/triangle-bleu-rond-rouge-1-261x300.webp 261w, https:\/\/art-bijoux.com\/wp-content\/uploads\/2024\/04\/triangle-bleu-rond-rouge-1-600x691.webp 600w, https:\/\/art-bijoux.com\/wp-content\/uploads\/2024\/04\/triangle-bleu-rond-rouge-1-890x1024.webp 890w, https:\/\/art-bijoux.com\/wp-content\/uploads\/2024\/04\/triangle-bleu-rond-rouge-1-768x884.webp 768w, https:\/\/art-bijoux.com\/wp-content\/uploads\/2024\/04\/triangle-bleu-rond-rouge-1-1334x1536.webp 1334w, https:\/\/art-bijoux.com\/wp-content\/uploads\/2024\/04\/triangle-bleu-rond-rouge-1.webp 1668w\" sizes=\"(max-width: 261px) 100vw, 261px\" \/><figcaption id=\"caption-attachment-296\" class=\"wp-caption-text\">Pendentif rectangulaire en verre transparent avec un \u00e9clat triangulaire bleu et un cercle rouge. Une b\u00e9li\u00e8re argent\u00e9e est coll\u00e9e \u00e0 l&#8217;arri\u00e8re<\/figcaption><\/figure>\n<p>Ce pendentif rectangulaire est r\u00e9alis\u00e9 en verre l\u00e9ger et transparent, offrant une vue subtile des v\u00eatements port\u00e9s en dessous, cr\u00e9ant un effet de superposition unique. Deux \u00e9clats, un rouge circulaire et un bleu triangulaire, r\u00e9cup\u00e9r\u00e9s des chutes de verre d&#8217;un grand vitrail, ont \u00e9t\u00e9 habilement fondus dans la surface et forment un motif g\u00e9om\u00e9trique attrayant.<\/p>\n<p>Une b\u00e9li\u00e8re argent\u00e9e, solidement coll\u00e9e \u00e0 l&#8217;arri\u00e8re, permet de porter ce bijou avec une cha\u00eene ou un lacet, ajoutant une touche d&#8217;\u00e9l\u00e9gance discr\u00e8te \u00e0 votre look.<\/p>\n<p><strong>Caract\u00e9ristiques :<\/strong><\/p>\n<ul>\n<li>Forme : Rectangulaire<\/li>\n<li>Mat\u00e9riau principal : Verre l\u00e9ger et transparent<\/li>\n<li>D\u00e9corations : Deux \u00e9clats fondus (rouge et bleu)<\/li>\n<li>Technique : Fusing<\/li>\n<li>B\u00e9li\u00e8re : M\u00e9tal argent\u00e9, coll\u00e9e \u00e0 l&#8217;arri\u00e8re<\/li>\n<li>Dimensions : Largeur : 2,4cm, hauteur : 4cm<\/li>\n<\/ul>\n<p>Ce pendentif rectangulaire, avec ses \u00e9clats color\u00e9s et son design transparent, est une pi\u00e8ce unique qui met en valeur l&#8217;art de la r\u00e9cup\u00e9ration et du recyclage des mat\u00e9riaux de verrerie. Parfait pour ceux qui appr\u00e9cient les bijoux artisanaux et \u00e9cologiques, il apporte une touche moderne et \u00e9l\u00e9gante \u00e0 toute tenue.<\/p>\n<p>&nbsp;<\/p>\n","protected":false},"excerpt":{"rendered":"<p>Pendentif rectangulaire en verre transparent avec un \u00e9clat triangulaire bleu et un cercle rouge. Une b\u00e9li\u00e8re argent\u00e9e est coll\u00e9e \u00e0 l&#8217;arri\u00e8re<\/p>\n","protected":false},"featured_media":296,"comment_status":"open","ping_status":"closed","template":"","meta":[],"product_brand":[],"product_cat":[182],"product_tag":[36,49,26],"class_list":{"0":"post-2037","1":"product","2":"type-product","3":"status-publish","4":"has-post-thumbnail","6":"product_cat-pendentif-fusing","7":"product_tag-verre-abstrait","8":"product_tag-fusing-verre","9":"product_tag-pendentif-verre","10":"pa_bijou-pendentif","12":"first","13":"outofstock","14":"purchasable","15":"product-type-simple"},"_links":{"self":[{"href":"https:\/\/art-bijoux.com\/en\/wp-json\/wp\/v2\/product\/2037","targetHints":{"allow":["GET"]}}],"collection":[{"href":"https:\/\/art-bijoux.com\/en\/wp-json\/wp\/v2\/product"}],"about":[{"href":"https:\/\/art-bijoux.com\/en\/wp-json\/wp\/v2\/types\/product"}],"replies":[{"embeddable":true,"href":"https:\/\/art-bijoux.com\/en\/wp-json\/wp\/v2\/comments?post=2037"}],"version-history":[{"count":0,"href":"https:\/\/art-bijoux.com\/en\/wp-json\/wp\/v2\/product\/2037\/revisions"}],"wp:featuredmedia":[{"embeddable":true,"href":"https:\/\/art-bijoux.com\/en\/wp-json\/wp\/v2\/media\/296"}],"wp:attachment":[{"href":"https:\/\/art-bijoux.com\/en\/wp-json\/wp\/v2\/media?parent=2037"}],"wp:term":[{"taxonomy":"product_brand","embeddable":true,"href":"https:\/\/art-bijoux.com\/en\/wp-json\/wp\/v2\/product_brand?post=2037"},{"taxonomy":"product_cat","embeddable":true,"href":"https:\/\/art-bijoux.com\/en\/wp-json\/wp\/v2\/product_cat?post=2037"},{"taxonomy":"product_tag","embeddable":true,"href":"https:\/\/art-bijoux.com\/en\/wp-json\/wp\/v2\/product_tag?post=2037"}],"curies":[{"name":"wp","href":"https:\/\/api.w.org\/{rel}","templated":true}]}}