{"id":2046,"date":"2024-05-21T17:55:41","date_gmt":"2024-05-21T15:55:41","guid":{"rendered":"https:\/\/art-bijoux.com\/?post_type=product&#038;p=2046"},"modified":"2024-06-06T13:41:42","modified_gmt":"2024-06-06T11:41:42","slug":"2046","status":"publish","type":"product","link":"https:\/\/art-bijoux.com\/en\/boutique\/2046\/","title":{"rendered":"Pendentif Allong\u00e9 en Verre Transparent avec une Breloque Scie"},"content":{"rendered":"<figure id=\"attachment_286\" aria-describedby=\"caption-attachment-286\" style=\"width: 143px\" class=\"wp-caption alignleft\"><img decoding=\"async\" class=\"size-medium wp-image-286\" src=\"https:\/\/art-bijoux.com\/wp-content\/uploads\/2024\/04\/rectangle-larme-bleue-scie-143x300.webp\" alt=\"Pendentif de forme allong\u00e9e, en verre transparent d\u00e9poli par la fusion, avec une larme bleue. Un orifice au sommet a permis de passer un anneau argent\u00e9, auquel une breloque en forme de scie est accroch\u00e9e.\" width=\"143\" height=\"300\" srcset=\"https:\/\/art-bijoux.com\/wp-content\/uploads\/2024\/04\/rectangle-larme-bleue-scie-143x300.webp 143w, https:\/\/art-bijoux.com\/wp-content\/uploads\/2024\/04\/rectangle-larme-bleue-scie-600x1263.webp 600w, https:\/\/art-bijoux.com\/wp-content\/uploads\/2024\/04\/rectangle-larme-bleue-scie-486x1024.webp 486w, https:\/\/art-bijoux.com\/wp-content\/uploads\/2024\/04\/rectangle-larme-bleue-scie-768x1617.webp 768w, https:\/\/art-bijoux.com\/wp-content\/uploads\/2024\/04\/rectangle-larme-bleue-scie-730x1536.webp 730w, https:\/\/art-bijoux.com\/wp-content\/uploads\/2024\/04\/rectangle-larme-bleue-scie.webp 912w\" sizes=\"(max-width: 143px) 100vw, 143px\" \/><figcaption id=\"caption-attachment-286\" class=\"wp-caption-text\">Pendentif de forme allong\u00e9e, en verre transparent d\u00e9poli par la fusion, avec une larme bleue. Un orifice au sommet a permis de passer un anneau argent\u00e9, auquel une breloque en forme de scie est accroch\u00e9e.<\/figcaption><\/figure>\n<p>Ce pendentif, vertical, est confectionn\u00e9 en verre transparent, subtilement opacifi\u00e9 par la cuisson, ce qui lui conf\u00e8re une texture douce et d\u00e9licate. En son centre, une larme bleue intense est fusionn\u00e9e, cr\u00e9ant un point focal vibrant et captivant. On voit encore le trait blanc qui a permis de dessiner la pi\u00e8ce du grand vitrail originel.<\/p>\n<p>Un orifice au sommet du pendentif permet de passer un anneau argent\u00e9, auquel est suspendue une breloque en forme de scie, faisant de ce bijou un choix id\u00e9al pour les professionnels du b\u00e2timent et les bricoleurs.<\/p>\n<p><strong>Caract\u00e9ristiques :<\/strong><\/p>\n<ul>\n<li>Forme : Allong\u00e9e<\/li>\n<li>Mat\u00e9riau principal : Verre transparent, l\u00e9g\u00e8rement opacifi\u00e9<\/li>\n<li>D\u00e9coration : Larme bleue intense fusionn\u00e9e<\/li>\n<li>Technique : Fusing<\/li>\n<li>B\u00e9li\u00e8re : Anneau argent\u00e9 avec breloque en forme de scie<\/li>\n<li>Dimensions : Largeur : 1,2cm,\u00a0 hauteur : 3,9cm<\/li>\n<\/ul>\n<p>Ce pendentif de forme verticale, avec sa larme bleue intense et sa breloque scie, est parfait pour ceux qui souhaitent exprimer leur passion pour la travail artisanal bien fait, tout en portant une pi\u00e8ce unique et \u00e9l\u00e9gante. Sa transparence opacifi\u00e9e ajoute une touche de myst\u00e8re et de sophistication, faisant de ce bijou un accessoire remarquable pour toute occasion.<\/p>\n<p>&nbsp;<\/p>\n","protected":false},"excerpt":{"rendered":"<p>Pendentif de forme allong\u00e9e, en verre transparent d\u00e9poli par la fusion, avec une larme bleue. Un orifice au sommet a permis de passer un anneau argent\u00e9, auquel une breloque en forme de scie est accroch\u00e9e.<\/p>\n","protected":false},"featured_media":286,"comment_status":"open","ping_status":"closed","template":"","meta":[],"product_brand":[],"product_cat":[176,182,187],"product_tag":[36,29,49],"class_list":{"0":"post-2046","1":"product","2":"type-product","3":"status-publish","4":"has-post-thumbnail","6":"product_cat-breloque-bijou-verre","7":"product_cat-pendentif-fusing","8":"product_cat-bijoux-homme","9":"product_tag-verre-abstrait","10":"product_tag-breloque-metal-pierre","11":"product_tag-fusing-verre","12":"pa_bijou-pendentif","13":"pa_breloque-outils","15":"first","16":"instock","17":"purchasable","18":"product-type-simple"},"_links":{"self":[{"href":"https:\/\/art-bijoux.com\/en\/wp-json\/wp\/v2\/product\/2046","targetHints":{"allow":["GET"]}}],"collection":[{"href":"https:\/\/art-bijoux.com\/en\/wp-json\/wp\/v2\/product"}],"about":[{"href":"https:\/\/art-bijoux.com\/en\/wp-json\/wp\/v2\/types\/product"}],"replies":[{"embeddable":true,"href":"https:\/\/art-bijoux.com\/en\/wp-json\/wp\/v2\/comments?post=2046"}],"version-history":[{"count":0,"href":"https:\/\/art-bijoux.com\/en\/wp-json\/wp\/v2\/product\/2046\/revisions"}],"wp:featuredmedia":[{"embeddable":true,"href":"https:\/\/art-bijoux.com\/en\/wp-json\/wp\/v2\/media\/286"}],"wp:attachment":[{"href":"https:\/\/art-bijoux.com\/en\/wp-json\/wp\/v2\/media?parent=2046"}],"wp:term":[{"taxonomy":"product_brand","embeddable":true,"href":"https:\/\/art-bijoux.com\/en\/wp-json\/wp\/v2\/product_brand?post=2046"},{"taxonomy":"product_cat","embeddable":true,"href":"https:\/\/art-bijoux.com\/en\/wp-json\/wp\/v2\/product_cat?post=2046"},{"taxonomy":"product_tag","embeddable":true,"href":"https:\/\/art-bijoux.com\/en\/wp-json\/wp\/v2\/product_tag?post=2046"}],"curies":[{"name":"wp","href":"https:\/\/api.w.org\/{rel}","templated":true}]}}